{"id":1487,"date":"2023-06-21T08:38:29","date_gmt":"2023-06-21T08:38:29","guid":{"rendered":"https:\/\/www.appyweb.es\/diccionario\/?page_id=1487"},"modified":"2024-04-02T09:44:58","modified_gmt":"2024-04-02T09:44:58","slug":"experiencia-de-usuario","status":"publish","type":"page","link":"https:\/\/www.appyweb.es\/diccionario\/experiencia-de-usuario\/","title":{"rendered":"Experiencia de usuario"},"content":{"rendered":"<p><img loading=\"lazy\" decoding=\"async\" class=\"alignnone wp-image-12902\" src=\"https:\/\/www.appyweb.es\/diccionario\/wp-content\/uploads\/2024\/04\/Experienciadeusuario-300x180.jpg\" alt=\"Experiencia de usuario\" width=\"982\" height=\"589\" srcset=\"https:\/\/www.appyweb.es\/diccionario\/wp-content\/uploads\/2024\/04\/Experienciadeusuario-300x180.jpg 300w, https:\/\/www.appyweb.es\/diccionario\/wp-content\/uploads\/2024\/04\/Experienciadeusuario-768x461.jpg 768w, https:\/\/www.appyweb.es\/diccionario\/wp-content\/uploads\/2024\/04\/Experienciadeusuario.jpg 1000w\" sizes=\"auto, (max-width: 982px) 100vw, 982px\" \/><\/p>\n<p>Es la percepci\u00f3n que \u00e9ste tiene al momento de navegar por un sitio web o aplicaci\u00f3n, en este sentido, cuando se habla de <strong>experiencia de usuario o UX se involucran estrategias de dise\u00f1o web,<\/strong> que buscan facilitar la navegaci\u00f3n y la intuici\u00f3n de la plataforma.<\/p>\n<h2>\u00bfQu\u00e9 es la experiencia de usuario?<\/h2>\n<p>Es todo lo que experimenta el visitante mientras utiliza una plataforma en Internet, por lo tanto, es un <a href=\"https:\/\/www.appyweb.es\/diseno-web\/\">elemento imprescindible para el dise\u00f1o web<\/a>, ya que se busca <strong>que la navegaci\u00f3n sea lo m\u00e1s f\u00e1cil e intuitiva posible<\/strong>. De forma que el visitante se sienta c\u00f3modo al momento realizar diferentes tareas en el sitio web.<\/p>\n<p>Optimizar la experiencia de usuario (tambi\u00e9n conocida por sus siglas en ingl\u00e9s, UX) es una estrategia importante cuando se trata de posicionamiento web, ya que el algoritmo de Google lo tiene en cuenta al momento de indexar una plataforma, evalu\u00e1ndolo positivamente para el posicionamiento en la p\u00e1gina de resultados de b\u00fasqueda.<\/p>\n<h2>\u00bfPara qu\u00e9 sirve?<\/h2>\n<p>Su funci\u00f3n principal es <strong>garantizar que el usuario pueda navegar f\u00e1cilmente dentro de la plataforma<\/strong>, teniendo en cuenta diferentes factores como puede ser el aspecto, los elementos visuales, dise\u00f1o gr\u00e1fico, la <a href=\"https:\/\/www.appyweb.es\/optimizacion-velocidad-web\/\">velocidad de carga y otras herramientas avanzadas<\/a> de navegaci\u00f3n, como puede ser la implementaci\u00f3n de chat bots.<\/p>\n<p>Igualmente, como se mencion\u00f3 anteriormente, tienen una funci\u00f3n importante cuando se trata de posicionamiento web, esto se eval\u00faa seg\u00fan la cantidad de tiempo que pasan los visitantes en un sitio web. Mientras m\u00e1s tiempo naveguen, significa que tienen una mejor experiencia, por lo que el buscador lo posicionar\u00e1 mejor en la p\u00e1gina de resultados de b\u00fasqueda.<\/p>\n<h2>\u00bfC\u00f3mo mejorar la experiencia de usuario?<\/h2>\n<ul>\n<li>Optimizar la funci\u00f3n de b\u00fasqueda de productos dentro de la p\u00e1gina utilizando herramientas de filtros.<\/li>\n<li>Agrupar los contenidos por categor\u00edas, es una estrategia esencial para la organizaci\u00f3n de blogs.<\/li>\n<li>Ofrecer opci\u00f3n de guardar favoritos, tanto para compras como para contenidos en el sitio.<\/li>\n<li><strong>Utilizar m\u00e9todos de pago online f\u00e1ciles y r\u00e1pidos<\/strong>.<\/li>\n<li>Implementar una p\u00e1gina de preguntas y respuestas.<\/li>\n<li>Adaptar el sitio web a un <em>dise\u00f1o responsivo<\/em>, es decir, que cuente con adaptabilidad a diferentes dispositivos m\u00f3viles.<\/li>\n<li>Mejorar la velocidad de carga de p\u00e1gina.<\/li>\n<\/ul>\n<h2>Ejemplos de dise\u00f1o UX<\/h2>\n<p>Uno de los <strong>mejores ejemplos de UX design actualmente<\/strong> es la plataforma de comunicaci\u00f3n de Skype, de hecho, ha sido analizada como una de las mejores, tanto en su dise\u00f1o para escritorio como en su dise\u00f1o para m\u00f3vil. Sus funcionalidades incluyen la mejora de la navegaci\u00f3n a trav\u00e9s de un sistema de prioridad para el usuario, aparte, la plataforma es m\u00e1s intuitiva y natural.<\/p>\n<p><script type=\"application\/ld+json\">{\"@context\":\"https:\/\/schema.org\",\"@type\":\"FAQPage\",\"mainEntity\":[ \n{\"@type\":\"Question\",\"name\":\"\u00bfQu\u00e9 es la experiencia de usuario?\",\"acceptedAnswer\":{\"@type\":\"Answer\",\"text\":\"<\/p>\n<p>Es todo lo que experimenta el visitante mientras utiliza una plataforma en Internet, por lo tanto, es un <a href='https:\/\/www.appyweb.es\/diseno-web\/'>elemento imprescindible para el dise\u00f1o web<\/a>, ya que se busca <strong>que la navegaci\u00f3n sea lo m\u00e1s f\u00e1cil e intuitiva posible<\/strong>. De forma que el visitante se sienta c\u00f3modo al momento realizar diferentes tareas en el sitio web.<\/p>\n<p>Optimizar la experiencia de usuario (tambi\u00e9n conocida por sus siglas en ingl\u00e9s, UX) es una estrategia importante cuando se trata de posicionamiento web, ya que el algoritmo de Google lo tiene en cuenta al momento de indexar una plataforma, evalu\u00e1ndolo positivamente para el posicionamiento en la p\u00e1gina de resultados de b\u00fasqueda.<\/p>\n<p>\"}},\n{\"@type\":\"Question\",\"name\":\"\u00bfPara qu\u00e9 sirve?\",\"acceptedAnswer\":{\"@type\":\"Answer\",\"text\":\"<\/p>\n<p>Su funci\u00f3n principal es <strong>garantizar que el usuario pueda navegar f\u00e1cilmente dentro de la plataforma<\/strong>, teniendo en cuenta diferentes factores como puede ser el aspecto, los elementos visuales, dise\u00f1o gr\u00e1fico, la <a href='https:\/\/www.appyweb.es\/optimizacion-velocidad-web\/'>velocidad de carga y otras herramientas avanzadas<\/a> de navegaci\u00f3n, como puede ser la implementaci\u00f3n de chat bots.<\/p>\n<p>Igualmente, como se mencion\u00f3 anteriormente, tienen una funci\u00f3n importante cuando se trata de posicionamiento web, esto se eval\u00faa seg\u00fan la cantidad de tiempo que pasan los visitantes en un sitio web. Mientras m\u00e1s tiempo naveguen, significa que tienen una mejor experiencia, por lo que el buscador lo posicionar\u00e1 mejor en la p\u00e1gina de resultados de b\u00fasqueda.<\/p>\n<p>\"}},\n{\"@type\":\"Question\",\"name\":\"\u00bfC\u00f3mo mejorar la experiencia de usuario?\",\"acceptedAnswer\":{\"@type\":\"Answer\",\"text\":\"<\/p>\n<\/p>\n<\/p>\n<\/p>\n<\/p>\n<ul>\n<\/p>\n<\/p>\n<\/p>\n<\/p>\n<li>Optimizar la funci\u00f3n de b\u00fasqueda de productos dentro de la p\u00e1gina utilizando herramientas de filtros.<\/li>\n<\/p>\n<\/p>\n<\/p>\n<\/p>\n<\/p>\n<\/p>\n<\/p>\n<li>Agrupar los contenidos por categor\u00edas, es una estrategia esencial para la organizaci\u00f3n de blogs.<\/li>\n<\/p>\n<\/p>\n<\/p>\n<\/p>\n<\/p>\n<\/p>\n<\/p>\n<li>Ofrecer opci\u00f3n de guardar favoritos, tanto para compras como para contenidos en el sitio.<\/li>\n<\/p>\n<\/p>\n<\/p>\n<\/p>\n<\/p>\n<\/p>\n<\/p>\n<li><strong>Utilizar m\u00e9todos de pago online f\u00e1ciles y r\u00e1pidos<\/strong>.<\/li>\n<\/p>\n<\/p>\n<\/p>\n<\/p>\n<\/p>\n<\/p>\n<\/p>\n<li>Implementar una p\u00e1gina de preguntas y respuestas.<\/li>\n<\/p>\n<\/p>\n<\/p>\n<\/p>\n<\/p>\n<\/p>\n<\/p>\n<li>Adaptar el sitio web a un <em>dise\u00f1o responsivo<\/em>, es decir, que cuente con adaptabilidad a diferentes dispositivos m\u00f3viles.<\/li>\n<\/p>\n<\/p>\n<\/p>\n<\/p>\n<\/p>\n<\/p>\n<\/p>\n<li>Mejorar la velocidad de carga de p\u00e1gina.<\/li>\n<\/p>\n<\/p>\n<\/p>\n<\/ul>\n<\/p>\n<\/p>\n<\/p>\n<p>\"}},\n{\"@type\":\"Question\",\"name\":\"Ejemplos de dise\u00f1o UX\",\"acceptedAnswer\":{\"@type\":\"Answer\",\"text\":\"<\/p>\n<p>Uno de los <strong>mejores ejemplos de UX design actualmente<\/strong> es la plataforma de comunicaci\u00f3n de Skype, de hecho, ha sido analizada como una de las mejores, tanto en su dise\u00f1o para escritorio como en su dise\u00f1o para m\u00f3vil. Sus funcionalidades incluyen la mejora de la navegaci\u00f3n a trav\u00e9s de un sistema de prioridad para el usuario, aparte, la plataforma es m\u00e1s intuitiva y natural.<\/p>\n<p>\"}}\n]}<\/script><\/p>\n<h2>M\u00e1s informaci\u00f3n sobre experiencia de usuario<\/h2>\n<p>\u00bfQuieres optimizar la UX de tu sitio o tu aplicaci\u00f3n? Seguramente necesitar\u00e1s ayuda extra, aqu\u00ed tienes un par de enlaces que te pueden ayudar a informarte en el proceso.<\/p>\n<ul>\n<li><a href=\"https:\/\/www.appyweb.es\/beneficios-agencia-de-marketing-online\/\">Beneficios al contratar un experto en marketing online<\/a><\/li>\n<li><a href=\"https:\/\/qpasa.com\/actualidad\/5-razones-porque-ux-es-tan-importante-para-el-desarrollo-de-un-producto\/\" rel=\"nofollow noopener\" target=\"_blank\">5 razones porque UX es tan importante para el desarrollo de un producto<\/a><\/li>\n<\/ul>\n<p>&nbsp;<\/p>\n","protected":false},"excerpt":{"rendered":"<p>Es la percepci\u00f3n que \u00e9ste tiene al momento de navegar por un sitio web o aplicaci\u00f3n, en este sentido, cuando se habla de experiencia de usuario o UX se involucran estrategias de dise\u00f1o web, que buscan facilitar la navegaci\u00f3n y la intuici\u00f3n de la plataforma. \u00bfQu\u00e9 es la experiencia de usuario? Es todo lo que [&hellip;]<\/p>\n","protected":false},"author":1,"featured_media":12902,"parent":0,"menu_order":0,"comment_status":"closed","ping_status":"closed","template":"","meta":{"inline_featured_image":false,"footnotes":""},"class_list":["post-1487","page","type-page","status-publish","has-post-thumbnail","hentry"],"_links":{"self":[{"href":"https:\/\/www.appyweb.es\/diccionario\/wp-json\/wp\/v2\/pages\/1487","targetHints":{"allow":["GET"]}}],"collection":[{"href":"https:\/\/www.appyweb.es\/diccionario\/wp-json\/wp\/v2\/pages"}],"about":[{"href":"https:\/\/www.appyweb.es\/diccionario\/wp-json\/wp\/v2\/types\/page"}],"author":[{"embeddable":true,"href":"https:\/\/www.appyweb.es\/diccionario\/wp-json\/wp\/v2\/users\/1"}],"replies":[{"embeddable":true,"href":"https:\/\/www.appyweb.es\/diccionario\/wp-json\/wp\/v2\/comments?post=1487"}],"version-history":[{"count":8,"href":"https:\/\/www.appyweb.es\/diccionario\/wp-json\/wp\/v2\/pages\/1487\/revisions"}],"predecessor-version":[{"id":12905,"href":"https:\/\/www.appyweb.es\/diccionario\/wp-json\/wp\/v2\/pages\/1487\/revisions\/12905"}],"wp:featuredmedia":[{"embeddable":true,"href":"https:\/\/www.appyweb.es\/diccionario\/wp-json\/wp\/v2\/media\/12902"}],"wp:attachment":[{"href":"https:\/\/www.appyweb.es\/diccionario\/wp-json\/wp\/v2\/media?parent=1487"}],"curies":[{"name":"wp","href":"https:\/\/api.w.org\/{rel}","templated":true}]}}