{"id":1510,"date":"2023-06-21T08:44:22","date_gmt":"2023-06-21T08:44:22","guid":{"rendered":"https:\/\/www.appyweb.es\/diccionario\/?page_id=1510"},"modified":"2024-04-02T09:59:18","modified_gmt":"2024-04-02T09:59:18","slug":"experto-en-seo","status":"publish","type":"page","link":"https:\/\/www.appyweb.es\/diccionario\/experto-en-seo\/","title":{"rendered":"Experto en SEO"},"content":{"rendered":"<h1><img loading=\"lazy\" decoding=\"async\" class=\"alignnone  wp-image-12920\" src=\"https:\/\/www.appyweb.es\/diccionario\/wp-content\/uploads\/2024\/04\/ExpertoEnSEO-300x180.jpg\" alt=\"Experto en SEO\" width=\"975\" height=\"585\" srcset=\"https:\/\/www.appyweb.es\/diccionario\/wp-content\/uploads\/2024\/04\/ExpertoEnSEO-300x180.jpg 300w, https:\/\/www.appyweb.es\/diccionario\/wp-content\/uploads\/2024\/04\/ExpertoEnSEO-768x461.jpg 768w, https:\/\/www.appyweb.es\/diccionario\/wp-content\/uploads\/2024\/04\/ExpertoEnSEO.jpg 1000w\" sizes=\"auto, (max-width: 975px) 100vw, 975px\" \/><\/h1>\n<p>Es un profesional que se encarga de la optimizaci\u00f3n de sitios web para buscadores, es decir, todas las estrategias de posicionamiento que le permitir\u00e1 a dicho sitio tener una mejor posici\u00f3n en la p\u00e1gina de resultados de Google. <strong>Un experto en SEO debe tener una larga experiencia en la aplicaci\u00f3n de estas t\u00e9cnicas<\/strong>, as\u00ed como informarse de forma constante de acuerdo a las actualizaciones de los algoritmos.<\/p>\n<h2>\u00bfQu\u00e9 es un experto en SEO?<\/h2>\n<p>Como se mencion\u00f3 anteriormente, se trata de un profesional que se encarga de la optimizaci\u00f3n de los sitios web, su trabajo consiste en la <a href=\"https:\/\/www.appyweb.es\/auditoria-seo\/\">implementaci\u00f3n de una auditor\u00eda SEO<\/a> para analizar y verificar <strong>cu\u00e1l es el estado de la plataforma frente a los buscadores<\/strong>. De esta forma, es m\u00e1s f\u00e1cil verificar cu\u00e1les son las estrategias que est\u00e1n funcionando y cu\u00e1les hay que reemplazar o modificar.<\/p>\n<p>Tambi\u00e9n suele ser conocido bajo el nombre de consultor , ya que puede generar toda una estrategia personalizada para ayudar a una empresa a <strong>alcanzar objetivos de posicionamiento frente a la competencia m\u00e1s ruda<\/strong>. Tambi\u00e9n hay que destacar que todas las tareas que desempe\u00f1a est\u00e1n dirigidas a objetivos org\u00e1nicos, es decir, que no se especializa en estrategias de anuncios de pago.<\/p>\n<h2>\u00bfPara qu\u00e9 sirve?<\/h2>\n<p>Su funci\u00f3n principal es la de <strong>optimizar y mejorar el posicionamiento de un sitio web<\/strong>, tiene un valor especial dentro de las empresas, ya que con estos cambios es posible generar un mayor tr\u00e1fico de usuarios en Internet, especialmente desde buscadores como Google. Si logra <a href=\"https:\/\/www.appyweb.es\/posicionamiento-web\/\">posicionar dicho sitio web en la primera p\u00e1gina de resultados<\/a> puede atraer hasta un 95% m\u00e1s de nuevos visitantes.<\/p>\n<p>Sin embargo, tambi\u00e9n tiene la tarea de modificar el dise\u00f1o y la experiencia del cliente, para cumplir con las expectativas del buscador durante la indexaci\u00f3n. Los algoritmos de los buscadores suelen realizar una evaluaci\u00f3n donde verifican las palabras clave, la estructura de enlaces o URL, metadescripciones, relaci\u00f3n de la b\u00fasqueda con el texto, entre otros aspectos importantes para determinar cu\u00e1l debe ser la posici\u00f3n de esa p\u00e1gina web.<\/p>\n<h2>Funciones del experto en SEO<\/h2>\n<ul>\n<li><strong>Estudio de palabras clave<\/strong>: Tambi\u00e9n conocido como keywords research, consiste en analizar la efectividad de las palabras claves que est\u00e1 utilizando el sitio web dentro del buscador.<\/li>\n<li><strong>Optimiza de la estructura del sitio<\/strong>: Esto lo hace con ayuda de un dise\u00f1ador web, permite registrar el contenido de forma que se sea m\u00e1s intuitivo para los usuarios.<\/li>\n<li><strong>Mejora los contenidos<\/strong>: Uno de los aspectos m\u00e1s importantes para posicionar, es la calidad de los contenidos en la p\u00e1gina, se deben aplicar ciertas estrategias de valor en la redacci\u00f3n del formato del mismo.<\/li>\n<li><strong>Creaci\u00f3n de estrategias de link building<\/strong>: Consiste en la construcci\u00f3n de enlaces para mejorar la autoridad del sitio web en buscadores.<\/li>\n<li><strong>Estudio a la competencia<\/strong>: Tambi\u00e9n debe <strong>encargarse de estudiar las tendencias producidas entre los competidores<\/strong> que est\u00e1n generando buenos resultados para posicionar.<\/li>\n<li><strong>Monitorizaci\u00f3n de las estrategias<\/strong>: Realiza informes de los resultados obtenidos por las t\u00e9cnicas aplicadas, las compara con los resultados anteriores y busca mejorar las para el futuro.<\/li>\n<\/ul>\n<h2>\u00bfC\u00f3mo ser un experto SEO?<\/h2>\n<p>Como se mencion\u00f3 anteriormente, es una profesi\u00f3n que requiere de gran experiencia y formaci\u00f3n, por lo tanto, se recomienda que al momento de contratar se verifique <strong>una formaci\u00f3n de pregrado en publicidad\/marketing, periodismo o inform\u00e1tica<\/strong>. Las especializaciones se pueden conseguir a trav\u00e9s de cursos y masters para la implementaci\u00f3n de estrategias de posicionamiento y otras pr\u00e1cticas esenciales.<\/p>\n<p>En el mismo sentido, debe tener habilidades para la producci\u00f3n de piezas publicitarias en Internet, <strong>conocimientos inform\u00e1ticos para llevar a cabo los cambios t\u00e9cnicos<\/strong> y de anal\u00edtica para verificar que todas las estrategias sean estudiadas correctamente.<\/p>\n<p><script type=\"application\/ld+json\">{\"@context\":\"https:\/\/schema.org\",\"@type\":\"FAQPage\",\"mainEntity\":[ \n{\"@type\":\"Question\",\"name\":\"\u00bfQu\u00e9 es un experto en SEO?\",\"acceptedAnswer\":{\"@type\":\"Answer\",\"text\":\"<\/p>\n<p>Como se mencion\u00f3 anteriormente, se trata de un profesional que se encarga de la optimizaci\u00f3n de los sitios web, su trabajo consiste en la <a href='https:\/\/www.appyweb.es\/auditoria-seo\/'>implementaci\u00f3n de una auditor\u00eda SEO<\/a> para analizar y verificar <strong>cu\u00e1l es el estado de la plataforma frente a los buscadores<\/strong>. De esta forma, es m\u00e1s f\u00e1cil verificar cu\u00e1les son las estrategias que est\u00e1n funcionando y cu\u00e1les hay que reemplazar o modificar.<\/p>\n<p>Tambi\u00e9n suele ser conocido bajo el nombre de consultor , ya que puede generar toda una estrategia personalizada para ayudar a una empresa a <strong>alcanzar objetivos de posicionamiento frente a la competencia m\u00e1s ruda<\/strong>. Tambi\u00e9n hay que destacar que todas las tareas que desempe\u00f1a est\u00e1n dirigidas a objetivos org\u00e1nicos, es decir, que no se especializa en estrategias de anuncios de pago.<\/p>\n<p>\"}},\n{\"@type\":\"Question\",\"name\":\"\u00bfPara qu\u00e9 sirve?\",\"acceptedAnswer\":{\"@type\":\"Answer\",\"text\":\"<\/p>\n<p>Su funci\u00f3n principal es la de <strong>optimizar y mejorar el posicionamiento de un sitio web<\/strong>, tiene un valor especial dentro de las empresas, ya que con estos cambios es posible generar un mayor tr\u00e1fico de usuarios en Internet, especialmente desde buscadores como Google. Si logra <a href='https:\/\/www.appyweb.es\/posicionamiento-web\/'>posicionar dicho sitio web  en la primera p\u00e1gina de resultados<\/a> puede atraer hasta un 95% m\u00e1s de nuevos visitantes.<\/p>\n<p>Sin embargo, tambi\u00e9n tiene la tarea de modificar el dise\u00f1o y la experiencia del cliente, para cumplir con las expectativas del buscador durante la indexaci\u00f3n. Los algoritmos de los buscadores suelen realizar una evaluaci\u00f3n donde verifican las palabras clave, la estructura de enlaces o URL, metadescripciones, relaci\u00f3n de la b\u00fasqueda con el texto, entre otros aspectos importantes para determinar cu\u00e1l debe ser la posici\u00f3n de esa p\u00e1gina web.<\/p>\n<p>\"}},\n{\"@type\":\"Question\",\"name\":\"Funciones del experto en SEO\",\"acceptedAnswer\":{\"@type\":\"Answer\",\"text\":\"<\/p>\n<\/p>\n<\/p>\n<ul>\n<\/p>\n<\/p>\n<li><strong>Estudio de palabras clave<\/strong>: Tambi\u00e9n conocido como keywords research, consiste en analizar la efectividad de las palabras claves que est\u00e1 utilizando el sitio web dentro del buscador.<\/li>\n<\/p>\n<\/p>\n<\/p>\n<li><strong>Optimiza de la estructura del sitio<\/strong>: Esto lo hace con ayuda de un dise\u00f1ador web, permite registrar el contenido de forma que se sea m\u00e1s intuitivo para los usuarios.<\/li>\n<\/p>\n<\/p>\n<\/p>\n<li><strong>Mejora los contenidos<\/strong>: Uno de los aspectos m\u00e1s importantes para posicionar, es la calidad de los contenidos en la p\u00e1gina, se deben aplicar ciertas estrategias de valor en la redacci\u00f3n del formato del mismo.<\/li>\n<\/p>\n<\/p>\n<\/p>\n<li><strong>Creaci\u00f3n de estrategias de link building<\/strong>: Consiste en la construcci\u00f3n de enlaces para mejorar la autoridad del sitio web en buscadores.<\/li>\n<\/p>\n<\/p>\n<\/p>\n<li><strong>Estudio a la competencia<\/strong>: Tambi\u00e9n debe <strong>encargarse de estudiar las tendencias producidas entre los competidores<\/strong> que est\u00e1n generando buenos resultados para posicionar.<\/li>\n<\/p>\n<\/p>\n<\/p>\n<li><strong>Monitorizaci\u00f3n de las estrategias<\/strong>: Realiza informes de los resultados obtenidos por las t\u00e9cnicas aplicadas, las compara con los resultados anteriores y busca mejorar las para el futuro.<\/li>\n<\/p>\n<\/ul>\n<\/p>\n<p>\"}},\n{\"@type\":\"Question\",\"name\":\"\u00bfC\u00f3mo ser un experto SEO?\",\"acceptedAnswer\":{\"@type\":\"Answer\",\"text\":\"<\/p>\n<p>Como se mencion\u00f3 anteriormente, es una profesi\u00f3n que requiere de gran experiencia y formaci\u00f3n, por lo tanto, se recomienda que al momento de contratar se verifique <strong>una formaci\u00f3n de pregrado en publicidad\/marketing, periodismo o inform\u00e1tica<\/strong>. Las especializaciones se pueden conseguir a trav\u00e9s de cursos y masters para la implementaci\u00f3n de estrategias de posicionamiento y otras pr\u00e1cticas esenciales.<\/p>\n<p>En el mismo sentido, debe tener habilidades para la producci\u00f3n de piezas publicitarias en Internet, <strong>conocimientos inform\u00e1ticos para llevar a cabo los cambios t\u00e9cnicos<\/strong> y de anal\u00edtica para verificar que todas las estrategias sean estudiadas correctamente.<\/p>\n<p>\"}}\n]}<\/script><\/p>\n<h2>M\u00e1s informaci\u00f3n sobre experto en SEO<\/h2>\n<p>Aunque este especialista abarca todas las t\u00e9cnicas b\u00e1sicas para el posicionamiento, <strong>debes tener en cuenta la contrataci\u00f3n de otros profesionales<\/strong>, como el auditor o el analista SEO. A continuaci\u00f3n, tienes un par de enlaces que te pueden ayudar a tener un punto de vista de las mejores estrategias aplicadas por ellos, as\u00ed como la definici\u00f3n de un analista de optimizaci\u00f3n para buscadores.<\/p>\n<ul>\n<li><a href=\"https:\/\/www.appyweb.es\/diccionario\/analista-seo\/\">\u00bfQu\u00e9 es el Analista SEO y para qu\u00e9 sirve?<\/a><\/li>\n<li><a href=\"https:\/\/www.puromarketing.com\/8\/34372\/especialistas-seo-creen-creacion-contenidos-mejor-tecnica-linkbuilding.html\" rel=\"nofollow noopener\" target=\"_blank\">Los especialistas en SEO creen que la creaci\u00f3n de contenidos como mejor t\u00e9cnica de linkbuilding<\/a><\/li>\n<\/ul>\n<p>&nbsp;<\/p>\n","protected":false},"excerpt":{"rendered":"<p>Es un profesional que se encarga de la optimizaci\u00f3n de sitios web para buscadores, es decir, todas las estrategias de posicionamiento que le permitir\u00e1 a dicho sitio tener una mejor posici\u00f3n en la p\u00e1gina de resultados de Google. Un experto en SEO debe tener una larga experiencia en la aplicaci\u00f3n de estas t\u00e9cnicas, as\u00ed como [&hellip;]<\/p>\n","protected":false},"author":1,"featured_media":12920,"parent":0,"menu_order":0,"comment_status":"closed","ping_status":"closed","template":"","meta":{"inline_featured_image":false,"footnotes":""},"class_list":["post-1510","page","type-page","status-publish","has-post-thumbnail","hentry"],"_links":{"self":[{"href":"https:\/\/www.appyweb.es\/diccionario\/wp-json\/wp\/v2\/pages\/1510","targetHints":{"allow":["GET"]}}],"collection":[{"href":"https:\/\/www.appyweb.es\/diccionario\/wp-json\/wp\/v2\/pages"}],"about":[{"href":"https:\/\/www.appyweb.es\/diccionario\/wp-json\/wp\/v2\/types\/page"}],"author":[{"embeddable":true,"href":"https:\/\/www.appyweb.es\/diccionario\/wp-json\/wp\/v2\/users\/1"}],"replies":[{"embeddable":true,"href":"https:\/\/www.appyweb.es\/diccionario\/wp-json\/wp\/v2\/comments?post=1510"}],"version-history":[{"count":6,"href":"https:\/\/www.appyweb.es\/diccionario\/wp-json\/wp\/v2\/pages\/1510\/revisions"}],"predecessor-version":[{"id":12922,"href":"https:\/\/www.appyweb.es\/diccionario\/wp-json\/wp\/v2\/pages\/1510\/revisions\/12922"}],"wp:featuredmedia":[{"embeddable":true,"href":"https:\/\/www.appyweb.es\/diccionario\/wp-json\/wp\/v2\/media\/12920"}],"wp:attachment":[{"href":"https:\/\/www.appyweb.es\/diccionario\/wp-json\/wp\/v2\/media?parent=1510"}],"curies":[{"name":"wp","href":"https:\/\/api.w.org\/{rel}","templated":true}]}}