{"id":152,"date":"2023-06-19T13:36:11","date_gmt":"2023-06-19T13:36:11","guid":{"rendered":"https:\/\/www.appyweb.es\/diccionario\/?page_id=152"},"modified":"2024-02-19T09:49:54","modified_gmt":"2024-02-19T09:49:54","slug":"api","status":"publish","type":"page","link":"https:\/\/www.appyweb.es\/diccionario\/api\/","title":{"rendered":"API"},"content":{"rendered":"<p><img loading=\"lazy\" decoding=\"async\" class=\"wp-image-11165 \" src=\"https:\/\/www.appyweb.es\/diccionario\/wp-content\/uploads\/2024\/02\/25001336_7027179_11zon-300x300.jpg\" alt=\"Definici\u00f3n de API en el Diccionario Online\" width=\"870\" height=\"870\" srcset=\"https:\/\/www.appyweb.es\/diccionario\/wp-content\/uploads\/2024\/02\/25001336_7027179_11zon-300x300.jpg 300w, https:\/\/www.appyweb.es\/diccionario\/wp-content\/uploads\/2024\/02\/25001336_7027179_11zon-1024x1024.jpg 1024w, https:\/\/www.appyweb.es\/diccionario\/wp-content\/uploads\/2024\/02\/25001336_7027179_11zon-150x150.jpg 150w, https:\/\/www.appyweb.es\/diccionario\/wp-content\/uploads\/2024\/02\/25001336_7027179_11zon-768x768.jpg 768w, https:\/\/www.appyweb.es\/diccionario\/wp-content\/uploads\/2024\/02\/25001336_7027179_11zon.jpg 1428w\" sizes=\"auto, (max-width: 870px) 100vw, 870px\" \/><\/p>\n<p>As\u00ed como existen los c\u00f3digos que permiten la comunicaci\u00f3n humano-software, tambi\u00e9n existen algunas aplicaciones que\u00a0<strong>permiten la ejecuci\u00f3n de relaciones entre m\u00e1quinas o programas<\/strong>.<br \/>\nEsto es importante para llevar a cabo procesos automatizados y facilitar esa interacci\u00f3n, API re\u00fane un conjunto de funciones para esas interfaces.<\/p>\n<h2>\u00bfQu\u00e9 es API?<\/h2>\n<p>El significado de sus siglas en ingl\u00e9s es Application Programming Interface, en espa\u00f1ol significa Interfaz de Programaci\u00f3n de Aplicaciones.<br \/>\nHace referencia a un conjunto de c\u00f3digos que se puede utilizar para que <strong>varias aplicaciones puedan interactuar entre ellas.<\/strong><\/p>\n<p>Esa interacci\u00f3n solo se aplica dentro del ambiente de software.<br \/>\nEs un componente necesario en la actualidad, por la importancia de establecer interacciones entre diversas plataformas digitales, que bien pueden estar relacionadas o no.<\/p>\n<h2>\u00bfPara qu\u00e9 sirve una API?<\/h2>\n<p>Sirve para conectar servicios entre la DB (base de datos) con la web en el front del cliente, estas se utilizan cada vez m\u00e1s en proyectos web de medio grandes, aparte, <strong>ofrece una soluci\u00f3n de seguridad extra<\/strong> en comparaci\u00f3n a c\u00f3mo se conectaba el front del cliente con la base de datos del sistema en el pasado.<\/p>\n<p>Estos c\u00f3digos deben ser programados bajo un lenguaje espec\u00edfico, con detalles y especificaciones \u00fanicas y diferentes entre s\u00ed, esto se debe realizar durante cualquier <a href=\"https:\/\/www.appyweb.es\/diseno-web\/\">proyecto de redise\u00f1o web<\/a>.<br \/>\nCada programaci\u00f3n debe tener toda la documentaci\u00f3n espec\u00edfica para permitir su utilizaci\u00f3n posterior (manuales, tutoriales, normativa, reglas) para que funcione adecuadamente en la interfaz.<\/p>\n<h2>Importancia de la API<\/h2>\n<p><strong>Sin el conjunto de estos c\u00f3digos no se pudiera establecer la interfaz adecuada para permitir la comunicaci\u00f3n entre dos aplicaciones.<\/strong><\/p>\n<p>A nivel empresarial resulta ser de gran importancia, especialmente durante un proyecto de desarrollo de app, porque permite un mejor control de la inversi\u00f3n en desarrollo, tambi\u00e9n se puede establecer una mejor conexi\u00f3n de talento humano, innovar o automatizar procesos.<\/p>\n<h2>Tipos de APIs<\/h2>\n<p>A nivel del ambiente de programaci\u00f3n se puede dise\u00f1ar numerosas interfaces de programaci\u00f3n y aplicaci\u00f3n, <strong>se clasifican dependiendo del objetivo que se quiera alcanzar.<\/strong><br \/>\nExistentes variaciones de servicios digitales, basadas en bibliotecas, basadas en clases, de funciones de sistemas operativos y m\u00e1s.<\/p>\n<p>Al momento de elegir el dise\u00f1o de una interfaz, el programador debe tener en cuenta un equilibrio entre eficiencia, simplicidad y flexibilidad.<br \/>\nTodo acorde a los objetivos de interacci\u00f3n que se requieren en el proyecto.<\/p>\n<h2>M\u00e1s informaci\u00f3n sobre API<\/h2>\n<pre class=\"prism undefined-numbers lang-html\" data-lang=\"HTML\"><code><\/code><\/pre>\n<ul>\n<li><a href=\"https:\/\/www.appyweb.es\/diccionario\/api-rest\/\">\u00bfQu\u00e9 es una API REST y para qu\u00e9 sirve?<\/a><\/li>\n<li><a href=\"https:\/\/es.wikipedia.org\/wiki\/Interfaz_de_programaci%C3%B3n_de_aplicaciones#Ejemplos_de_interfaces_de_programaci%C3%B3n\" rel=\"nofollow noopener\" target=\"_blank\">Ejemplos de interfaces de programaci\u00f3n<\/a>.<\/li>\n<\/ul>\n","protected":false},"excerpt":{"rendered":"<p>As\u00ed como existen los c\u00f3digos que permiten la comunicaci\u00f3n humano-software, tambi\u00e9n existen algunas aplicaciones que\u00a0permiten la ejecuci\u00f3n de relaciones entre m\u00e1quinas o programas. Esto es importante para llevar a cabo procesos automatizados y facilitar esa interacci\u00f3n, API re\u00fane un conjunto de funciones para esas interfaces. \u00bfQu\u00e9 es API? El significado de sus siglas en ingl\u00e9s [&hellip;]<\/p>\n","protected":false},"author":1,"featured_media":11165,"parent":0,"menu_order":0,"comment_status":"closed","ping_status":"closed","template":"","meta":{"inline_featured_image":false,"footnotes":""},"class_list":["post-152","page","type-page","status-publish","has-post-thumbnail","hentry"],"_links":{"self":[{"href":"https:\/\/www.appyweb.es\/diccionario\/wp-json\/wp\/v2\/pages\/152","targetHints":{"allow":["GET"]}}],"collection":[{"href":"https:\/\/www.appyweb.es\/diccionario\/wp-json\/wp\/v2\/pages"}],"about":[{"href":"https:\/\/www.appyweb.es\/diccionario\/wp-json\/wp\/v2\/types\/page"}],"author":[{"embeddable":true,"href":"https:\/\/www.appyweb.es\/diccionario\/wp-json\/wp\/v2\/users\/1"}],"replies":[{"embeddable":true,"href":"https:\/\/www.appyweb.es\/diccionario\/wp-json\/wp\/v2\/comments?post=152"}],"version-history":[{"count":8,"href":"https:\/\/www.appyweb.es\/diccionario\/wp-json\/wp\/v2\/pages\/152\/revisions"}],"predecessor-version":[{"id":11244,"href":"https:\/\/www.appyweb.es\/diccionario\/wp-json\/wp\/v2\/pages\/152\/revisions\/11244"}],"wp:featuredmedia":[{"embeddable":true,"href":"https:\/\/www.appyweb.es\/diccionario\/wp-json\/wp\/v2\/media\/11165"}],"wp:attachment":[{"href":"https:\/\/www.appyweb.es\/diccionario\/wp-json\/wp\/v2\/media?parent=152"}],"curies":[{"name":"wp","href":"https:\/\/api.w.org\/{rel}","templated":true}]}}