{"id":15214,"date":"2024-04-17T08:05:46","date_gmt":"2024-04-17T08:05:46","guid":{"rendered":"https:\/\/www.appyweb.es\/diccionario\/?page_id=15214"},"modified":"2024-04-17T08:05:55","modified_gmt":"2024-04-17T08:05:55","slug":"unancor","status":"publish","type":"page","link":"https:\/\/www.appyweb.es\/diccionario\/unancor\/","title":{"rendered":"Unancor"},"content":{"rendered":"<figure id=\"attachment_15217\" aria-describedby=\"caption-attachment-15217\" style=\"width: 978px\" class=\"wp-caption alignnone\"><img loading=\"lazy\" decoding=\"async\" class=\" wp-image-15217\" src=\"https:\/\/www.appyweb.es\/diccionario\/wp-content\/uploads\/2024\/04\/unancor-300x180.jpg\" alt=\"Unancor\" width=\"978\" height=\"587\" srcset=\"https:\/\/www.appyweb.es\/diccionario\/wp-content\/uploads\/2024\/04\/unancor-300x180.jpg 300w, https:\/\/www.appyweb.es\/diccionario\/wp-content\/uploads\/2024\/04\/unancor-768x461.jpg 768w, https:\/\/www.appyweb.es\/diccionario\/wp-content\/uploads\/2024\/04\/unancor.jpg 1000w\" sizes=\"auto, (max-width: 978px) 100vw, 978px\" \/><figcaption id=\"caption-attachment-15217\" class=\"wp-caption-text\">\u00a1Aumenta tus ingresos con Unancor! \u00danete a nuestro programa de afiliados y gana el 12 % de la primera recarga de tus referidos.<\/figcaption><\/figure>\n<h2 class=\"markdown__heading\">\u00a1Gana dinero con Unancor!<\/h2>\n<p>Comparte tu enlace de afiliado y gana el 12 % de la primera recarga que realicen<\/p>\n<h4 class=\"markdown__heading\">Informaci\u00f3n sobre el enlace<\/h4>\n<p>Comparte tu enlace de afiliado (a trav\u00e9s de tu blog o RR.SS.))<\/p>\n<p><strong>Crea tu cuenta<\/strong> aqu\u00ed: <a class=\"theme markdown__link\" href=\"https:\/\/app.unancor.com\/?aff=2d2e3c0a-4682-11ee-9885-0e52f3fe678a\" target=\"_blank\" rel=\"noopener noreferrer nofollow\">https:\/\/app.unancor.com?aff=2d2e3c0a-4682-11ee-9885-0e52f3fe678a<\/a><\/p>\n<h4 class=\"markdown__heading\">Condiciones del servicio<\/h4>\n<ul class=\"markdown__list\">\n<li>Conseguir\u00e1s el 12% de las primeras recargas de todos tus afiliados.<\/li>\n<li>Tus afiliados deben de darse de alta con tu enlace.<\/li>\n<li>Debes tener un m\u00ednimo de 200 euros de ingreso en plataforma como anunciante o tener medios como editor para poder cobrar las comisiones.<\/li>\n<\/ul>\n<h4 class=\"markdown__heading\">C\u00f3mo cobrar mis comisiones<\/h4>\n<ul class=\"markdown__list\">\n<li>Env\u00eda una factura.<\/li>\n<li>Proceder\u00e1n a pagar en un plazo m\u00e1ximo de 15 d\u00edas<\/li>\n<\/ul>\n<h3>\u00bfQu\u00e9 es Unancor?<\/h3>\n<p>Unancor es una plataforma que te permite ganar dinero de forma sencilla y transparente a trav\u00e9s de su programa de afiliados. Al compartir tu enlace de afiliado en tu blog o redes sociales, tendr\u00e1s la oportunidad de obtener ingresos adicionales.<\/p>\n<h3>\u00bfC\u00f3mo funciona?<\/h3>\n<p>Es f\u00e1cil. Simplemente crea tu cuenta en Unancor utilizando este enlace personalizado: https:\/\/app.unancor.com?aff=2d2e3c0a-4682-11ee-9885-0e52f3fe678a y empieza a compartirlo con tus seguidores y amigos. Por cada persona que se registre utilizando tu enlace y realice una recarga, \u00a1ganar\u00e1s el 12% de esa primera recarga!<\/p>\n<p>Condiciones del servicio<\/p>\n<p>Para asegurarte de recibir tus comisiones, hay algunas condiciones que debes tener en cuenta:<\/p>\n<ul>\n<li>Obtendr\u00e1s el 12% de las primeras recargas de todos tus afiliados.<\/li>\n<li>Tus referidos deben registrarse utilizando tu enlace de afiliado.<\/li>\n<li>Debes tener un m\u00ednimo de 200 euros de ingreso en la plataforma como anunciante o disponer de medios como editor para poder cobrar las comisiones.<br \/>\n<h3>\u00bfC\u00f3mo cobrar tus comisiones?<\/h3>\n<p>Cobrar tus comisiones es r\u00e1pido y sencillo:<\/li>\n<li>Env\u00eda una factura detallando tus ganancias.<\/li>\n<li>El equipo de Unancor proceder\u00e1 a realizar el pago en un plazo m\u00e1ximo de 15 d\u00edas, garantizando un proceso eficiente y transparente.No pierdas la oportunidad de aumentar tus ingresos con Unancor. \u00a1Reg\u00edstrate hoy mismo y comienza a ganar dinero compartiendo tu enlace de afiliado!\n<p><script type=\"application\/ld+json\">{\"@context\":\"https:\/\/schema.org\",\"@type\":\"FAQPage\",\"mainEntity\":[ \n{\"@type\":\"Question\",\"name\":\"\u00bfQu\u00e9 es Unancor?\",\"acceptedAnswer\":{\"@type\":\"Answer\",\"text\":\"Unancor es una plataforma que te permite ganar dinero de forma sencilla y transparente a trav\u00e9s de su programa de afiliados. Al compartir tu enlace de afiliado en tu blog o redes sociales, tendr\u00e1s la oportunidad de obtener ingresos adicionales.\"}},\n{\"@type\":\"Question\",\"name\":\"\u00bfC\u00f3mo funciona?\",\"acceptedAnswer\":{\"@type\":\"Answer\",\"text\":\"Es f\u00e1cil. Simplemente crea tu cuenta en Unancor utilizando este enlace personalizado: https:\/\/app.unancor.com?aff=2d2e3c0a-4682-11ee-9885-0e52f3fe678a y empieza a compartirlo con tus seguidores y amigos. Por cada persona que se registre utilizando tu enlace y realice una recarga, \u00a1ganar\u00e1s el 12% de esa primera recarga!<\/p>\n<p>Condiciones del servicio<\/p>\n<p>Para asegurarte de recibir tus comisiones, hay algunas condiciones que debes tener en cuenta:<\/p>\n<p>Obtendr\u00e1s el 12% de las primeras recargas de todos tus afiliados.\nTus referidos deben registrarse utilizando tu enlace de afiliado.\nDebes tener un m\u00ednimo de 200 euros de ingreso en la plataforma como anunciante o disponer de medios como editor para poder cobrar las comisiones.\"}},\n{\"@type\":\"Question\",\"name\":\"\u00bfC\u00f3mo cobrar tus comisiones?\",\"acceptedAnswer\":{\"@type\":\"Answer\",\"text\":\"Cobrar tus comisiones es r\u00e1pido y sencillo:<\/p>\n<p>Env\u00eda una factura detallando tus ganancias.\nEl equipo de Unancor proceder\u00e1 a realizar el pago en un plazo m\u00e1ximo de 15 d\u00edas, garantizando un proceso eficiente y transparente.\nNo pierdas la oportunidad de aumentar tus ingresos con Unancor. \u00a1Reg\u00edstrate hoy mismo y comienza a ganar dinero compartiendo tu enlace de afiliado!<\/p>\n<p>\"}}\n]}<\/script><\/li>\n<\/ul>\n","protected":false},"excerpt":{"rendered":"<p>\u00a1Gana dinero con Unancor! Comparte tu enlace de afiliado y gana el 12 % de la primera recarga que realicen Informaci\u00f3n sobre el enlace Comparte tu enlace de afiliado (a trav\u00e9s de tu blog o RR.SS.)) Crea tu cuenta aqu\u00ed: https:\/\/app.unancor.com?aff=2d2e3c0a-4682-11ee-9885-0e52f3fe678a Condiciones del servicio Conseguir\u00e1s el 12% de las primeras recargas de todos tus afiliados. [&hellip;]<\/p>\n","protected":false},"author":3,"featured_media":15217,"parent":0,"menu_order":0,"comment_status":"closed","ping_status":"closed","template":"","meta":{"inline_featured_image":false,"footnotes":""},"class_list":["post-15214","page","type-page","status-publish","has-post-thumbnail","hentry"],"_links":{"self":[{"href":"https:\/\/www.appyweb.es\/diccionario\/wp-json\/wp\/v2\/pages\/15214","targetHints":{"allow":["GET"]}}],"collection":[{"href":"https:\/\/www.appyweb.es\/diccionario\/wp-json\/wp\/v2\/pages"}],"about":[{"href":"https:\/\/www.appyweb.es\/diccionario\/wp-json\/wp\/v2\/types\/page"}],"author":[{"embeddable":true,"href":"https:\/\/www.appyweb.es\/diccionario\/wp-json\/wp\/v2\/users\/3"}],"replies":[{"embeddable":true,"href":"https:\/\/www.appyweb.es\/diccionario\/wp-json\/wp\/v2\/comments?post=15214"}],"version-history":[{"count":2,"href":"https:\/\/www.appyweb.es\/diccionario\/wp-json\/wp\/v2\/pages\/15214\/revisions"}],"predecessor-version":[{"id":15219,"href":"https:\/\/www.appyweb.es\/diccionario\/wp-json\/wp\/v2\/pages\/15214\/revisions\/15219"}],"wp:featuredmedia":[{"embeddable":true,"href":"https:\/\/www.appyweb.es\/diccionario\/wp-json\/wp\/v2\/media\/15217"}],"wp:attachment":[{"href":"https:\/\/www.appyweb.es\/diccionario\/wp-json\/wp\/v2\/media?parent=15214"}],"curies":[{"name":"wp","href":"https:\/\/api.w.org\/{rel}","templated":true}]}}