{"id":1524,"date":"2023-06-21T08:49:43","date_gmt":"2023-06-21T08:49:43","guid":{"rendered":"https:\/\/www.appyweb.es\/diccionario\/?page_id=1524"},"modified":"2024-04-02T10:07:37","modified_gmt":"2024-04-02T10:07:37","slug":"extensiones-de-anuncios","status":"publish","type":"page","link":"https:\/\/www.appyweb.es\/diccionario\/extensiones-de-anuncios\/","title":{"rendered":"Extensiones de anuncios"},"content":{"rendered":"<h1><img loading=\"lazy\" decoding=\"async\" class=\"alignnone  wp-image-12935\" src=\"https:\/\/www.appyweb.es\/diccionario\/wp-content\/uploads\/2024\/04\/ExtensionesDeAnuncios-300x180.jpg\" alt=\"Extensiones de anuncios\" width=\"972\" height=\"583\" srcset=\"https:\/\/www.appyweb.es\/diccionario\/wp-content\/uploads\/2024\/04\/ExtensionesDeAnuncios-300x180.jpg 300w, https:\/\/www.appyweb.es\/diccionario\/wp-content\/uploads\/2024\/04\/ExtensionesDeAnuncios-768x461.jpg 768w, https:\/\/www.appyweb.es\/diccionario\/wp-content\/uploads\/2024\/04\/ExtensionesDeAnuncios.jpg 1000w\" sizes=\"auto, (max-width: 972px) 100vw, 972px\" \/><\/h1>\n<p>Se trata de una funcionalidad en la herramienta de Google Ads que permite a\u00f1adir m\u00e1s informaci\u00f3n sobre una empresa o sobre un producto, entre algunos datos que se incluyen en las extensiones de anuncios pueden ser la direcci\u00f3n de la tienda f\u00edsica, la clasificaci\u00f3n de la misma Google My Business, enlaces a sitios web, n\u00famero telef\u00f3nico, entre otros.<\/p>\n<h2>\u00bfQu\u00e9 son las extensiones de anuncios?<\/h2>\n<p>Es una configuraci\u00f3n disponible en el editor de Google Ads que le permite a una empresa a\u00f1adir informaci\u00f3n relevante sobre su empresa. <strong>El usuario puede tener acceso a estos datos desde el anuncio<\/strong>, de forma que le permitir\u00e1 conocer un poco m\u00e1s en empresa y proceder con la compra. Es por esto que tambi\u00e9n es una herramienta indispensable cuando se trata de <a href=\"https:\/\/www.appyweb.es\/marketing-de-atraccion\/\">marketing de atracci\u00f3n en buscadores<\/a>, ya que aumenta la tasa de clics y mejora el engagement con los usuarios.<\/p>\n<p>Existen muchos formatos o datos que se pueden incluir dentro de esta secci\u00f3n, como pueden ser los botones de llamada, incluyendo el n\u00famero de tel\u00e9fono, informaci\u00f3n sobre la localizaci\u00f3n de la tienda, v\u00ednculos a secciones del sitio web, descripciones adicionales, entre otras.<\/p>\n<h2>\u00bfPara qu\u00e9 sirven?<\/h2>\n<p>En la herramienta se pueden utilizar diferentes tipos de extensiones al momento de <a href=\"https:\/\/www.appyweb.es\/campanas-google-adwords\/\">realizar esta optimizaci\u00f3n SEM<\/a>, de esta forma, las empresas <strong>pueden seleccionar las m\u00e1s relevantes para alcanzar sus objetivos de negocio<\/strong>, que bien pueden ser aumentar la tasa de clics, la tasa de conversiones o de visualizaci\u00f3n. B\u00e1sicamente, funciona para aumentar la efectividad de los ads de texto.<\/p>\n<p>Al mismo tiempo, suele ser una configuraci\u00f3n ideal <strong>al momento de a\u00f1adir mayor valor al contenido de la campa\u00f1a<\/strong>, de esta forma tienen mayor importancia y visibilidad en la p\u00e1gina de resultados de b\u00fasqueda, en comparaci\u00f3n con las campa\u00f1as que no cuentan con estos recursos. As\u00ed, tambi\u00e9n son una herramienta ideal para ofrecer otras formas de interacci\u00f3n con los usuarios y as\u00ed ellos puedan elegir la m\u00e1s conveniente.<\/p>\n<h2>\u00bfC\u00f3mo funcionan las extensiones de anuncios?<\/h2>\n<p>Estos elementos requieren de una configuraci\u00f3n manual por parte del propietario de la campa\u00f1a, sin embargo, en algunas ocasiones el mismo sistema de <strong>Google Ads a\u00f1ade estos elementos de forma autom\u00e1tica<\/strong>. Por ejemplo, cuando puede predecir cu\u00e1l es el rendimiento de la campa\u00f1a. En este caso no es necesario realizar ning\u00fan tipo de configuraci\u00f3n, as\u00ed que la herramienta no mostrar\u00e1 las opciones de crear nuevas extensiones de anuncio.<\/p>\n<p>En este sentido, si has configurado tu <em>ad<\/em> para la configuraci\u00f3n manual, tienes que saber qu\u00e9 se trata de una funcionalidad gratis, esto no aumentar\u00e1 el precio de los clics y se cobrar\u00e1n como siempre. Sin embargo, la herramienta ha indicado que si un usuario hace clic en el bot\u00f3n de llamada o en el de descarga de la aplicaci\u00f3n se cobra un clic adicional.<\/p>\n<h2>\u00bfPor qu\u00e9 las extensiones de anuncios no se muestran?<\/h2>\n<p>La herramienta tambi\u00e9n ha anunciado que <strong>es posible que las extensiones no se muestren en todos los casos<\/strong>, de hecho, tiene dos condicionales. Para esto, el primero debe mostrar que estos elementos pueden mejorar el rendimiento del ad y cuando dicha campa\u00f1a tiene una posici\u00f3n y un ranking altos.<\/p>\n<p>Por lo tanto, incluso si el anunciante ha a\u00f1adido esta configuraci\u00f3n es posible que no se muestren en la p\u00e1gina de resultados.<\/p>\n<p><script type=\"application\/ld+json\">{\"@context\":\"https:\/\/schema.org\",\"@type\":\"FAQPage\",\"mainEntity\":[ \n{\"@type\":\"Question\",\"name\":\"\u00bfQu\u00e9 son las extensiones de anuncios?\",\"acceptedAnswer\":{\"@type\":\"Answer\",\"text\":\"<\/p>\n<p>Es una configuraci\u00f3n disponible en el editor de Google Ads que le permite a una empresa a\u00f1adir informaci\u00f3n relevante sobre su empresa. <strong>El usuario puede tener acceso a estos datos desde el anuncio<\/strong>, de forma que le permitir\u00e1 conocer un poco m\u00e1s en empresa y proceder con la compra. Es por esto que tambi\u00e9n es una herramienta indispensable cuando se trata de <a href='https:\/\/www.appyweb.es\/marketing-de-atraccion\/'>marketing de atracci\u00f3n en buscadores<\/a>, ya que aumenta la tasa de clics y mejora el engagement con los usuarios.<\/p>\n<p>Existen muchos formatos o datos que se pueden incluir dentro de esta secci\u00f3n, como pueden ser los botones de llamada, incluyendo el n\u00famero de tel\u00e9fono, informaci\u00f3n sobre la localizaci\u00f3n de la tienda, v\u00ednculos a secciones del sitio web, descripciones adicionales, entre otras.<\/p>\n<p>\"}},\n{\"@type\":\"Question\",\"name\":\"\u00bfPara qu\u00e9 sirven?\",\"acceptedAnswer\":{\"@type\":\"Answer\",\"text\":\"<\/p>\n<p>En la herramienta se pueden utilizar diferentes tipos de extensiones al momento de <a href='https:\/\/www.appyweb.es\/campanas-google-adwords\/'>realizar esta optimizaci\u00f3n SEM<\/a>, de esta forma, las empresas <strong>pueden seleccionar las m\u00e1s relevantes para alcanzar sus objetivos de negocio<\/strong>, que bien pueden ser aumentar la tasa de clics, la tasa de conversiones o de visualizaci\u00f3n. B\u00e1sicamente, funciona para aumentar la efectividad de los ads de texto.<\/p>\n<p>Al mismo tiempo, suele ser una configuraci\u00f3n ideal <strong>al momento de a\u00f1adir mayor valor al contenido de la campa\u00f1a<\/strong>, de esta forma tienen mayor importancia y visibilidad en la p\u00e1gina de resultados de b\u00fasqueda, en comparaci\u00f3n con las campa\u00f1as que no cuentan con estos recursos. As\u00ed, tambi\u00e9n son una herramienta ideal para ofrecer otras formas de interacci\u00f3n con los usuarios y as\u00ed ellos puedan elegir la m\u00e1s conveniente.<\/p>\n<p>\"}},\n{\"@type\":\"Question\",\"name\":\"\u00bfC\u00f3mo funcionan las extensiones de anuncios?\",\"acceptedAnswer\":{\"@type\":\"Answer\",\"text\":\"<\/p>\n<p>Estos elementos requieren de una configuraci\u00f3n manual por parte del propietario de la campa\u00f1a, sin embargo, en algunas ocasiones el mismo sistema de <strong>Google Ads a\u00f1ade estos elementos de forma autom\u00e1tica<\/strong>. Por ejemplo, cuando puede predecir cu\u00e1l es el rendimiento de la campa\u00f1a. En este caso no es necesario realizar ning\u00fan tipo de configuraci\u00f3n, as\u00ed que la herramienta no mostrar\u00e1 las opciones de crear nuevas extensiones de anuncio.<\/p>\n<p>En este sentido, si has configurado tu <em>ad<\/em> para la configuraci\u00f3n manual, tienes que saber qu\u00e9 se trata de una funcionalidad gratis, esto no aumentar\u00e1 el precio de los clics y se cobrar\u00e1n como siempre. Sin embargo, la herramienta ha indicado que si un usuario hace clic en el bot\u00f3n de llamada o en el de descarga de la aplicaci\u00f3n se cobra un clic adicional.<\/p>\n<p>\"}},\n{\"@type\":\"Question\",\"name\":\"\u00bfPor qu\u00e9 las extensiones de anuncios no se muestran?\",\"acceptedAnswer\":{\"@type\":\"Answer\",\"text\":\"<\/p>\n<p>La herramienta tambi\u00e9n ha anunciado que <strong>es posible que las extensiones no se muestren en todos los casos<\/strong>, de hecho, tiene dos condicionales. Para esto, el primero debe mostrar que estos elementos pueden mejorar el rendimiento del ad y cuando dicha campa\u00f1a tiene una posici\u00f3n y un ranking altos.<\/p>\n<p>Por lo tanto, incluso si el anunciante ha a\u00f1adido esta configuraci\u00f3n es posible que no se muestren en la p\u00e1gina de resultados.<\/p>\n<p>\"}}\n]}<\/script><\/p>\n<h2>M\u00e1s informaci\u00f3n sobre extensiones de anuncios<\/h2>\n<p>Si crees tus campa\u00f1as en Google Ads est\u00e1n preparadas para generar m\u00e1s clics, entonces aqu\u00ed tienes un par de enlaces que pueden <strong>ayudarte a optimizar tus resultados de campa\u00f1as SEM <\/strong>y mejorar el rendimiento para mostrar las extensiones.<\/p>\n<ul>\n<li><a href=\"https:\/\/www.appyweb.es\/los-mejores-consejos-tus-campanas-google-adwords\/\">Los mejores consejos para tus campa\u00f1as en Google Adwords<\/a><\/li>\n<li><a href=\"https:\/\/support.google.com\/google-ads\/answer\/1704420\" rel=\"nofollow noopener\" target=\"_blank\">C\u00f3mo hacer que las extensiones tengan m\u00e1s probabilidades de mostrarse<\/a><\/li>\n<\/ul>\n<p>&nbsp;<\/p>\n","protected":false},"excerpt":{"rendered":"<p>Se trata de una funcionalidad en la herramienta de Google Ads que permite a\u00f1adir m\u00e1s informaci\u00f3n sobre una empresa o sobre un producto, entre algunos datos que se incluyen en las extensiones de anuncios pueden ser la direcci\u00f3n de la tienda f\u00edsica, la clasificaci\u00f3n de la misma Google My Business, enlaces a sitios web, n\u00famero [&hellip;]<\/p>\n","protected":false},"author":1,"featured_media":12935,"parent":0,"menu_order":0,"comment_status":"closed","ping_status":"closed","template":"","meta":{"inline_featured_image":false,"footnotes":""},"class_list":["post-1524","page","type-page","status-publish","has-post-thumbnail","hentry"],"_links":{"self":[{"href":"https:\/\/www.appyweb.es\/diccionario\/wp-json\/wp\/v2\/pages\/1524","targetHints":{"allow":["GET"]}}],"collection":[{"href":"https:\/\/www.appyweb.es\/diccionario\/wp-json\/wp\/v2\/pages"}],"about":[{"href":"https:\/\/www.appyweb.es\/diccionario\/wp-json\/wp\/v2\/types\/page"}],"author":[{"embeddable":true,"href":"https:\/\/www.appyweb.es\/diccionario\/wp-json\/wp\/v2\/users\/1"}],"replies":[{"embeddable":true,"href":"https:\/\/www.appyweb.es\/diccionario\/wp-json\/wp\/v2\/comments?post=1524"}],"version-history":[{"count":6,"href":"https:\/\/www.appyweb.es\/diccionario\/wp-json\/wp\/v2\/pages\/1524\/revisions"}],"predecessor-version":[{"id":12936,"href":"https:\/\/www.appyweb.es\/diccionario\/wp-json\/wp\/v2\/pages\/1524\/revisions\/12936"}],"wp:featuredmedia":[{"embeddable":true,"href":"https:\/\/www.appyweb.es\/diccionario\/wp-json\/wp\/v2\/media\/12935"}],"wp:attachment":[{"href":"https:\/\/www.appyweb.es\/diccionario\/wp-json\/wp\/v2\/media?parent=1524"}],"curies":[{"name":"wp","href":"https:\/\/api.w.org\/{rel}","templated":true}]}}