{"id":1548,"date":"2023-06-21T09:00:46","date_gmt":"2023-06-21T09:00:46","guid":{"rendered":"https:\/\/www.appyweb.es\/diccionario\/?page_id=1548"},"modified":"2024-04-02T10:28:02","modified_gmt":"2024-04-02T10:28:02","slug":"f-commerce","status":"publish","type":"page","link":"https:\/\/www.appyweb.es\/diccionario\/f-commerce\/","title":{"rendered":"F-Commerce"},"content":{"rendered":"<h1><img loading=\"lazy\" decoding=\"async\" class=\"alignnone  wp-image-12958\" src=\"https:\/\/www.appyweb.es\/diccionario\/wp-content\/uploads\/2024\/04\/F-Commerce-300x180.jpg\" alt=\"F-Commerce\" width=\"970\" height=\"582\" srcset=\"https:\/\/www.appyweb.es\/diccionario\/wp-content\/uploads\/2024\/04\/F-Commerce-300x180.jpg 300w, https:\/\/www.appyweb.es\/diccionario\/wp-content\/uploads\/2024\/04\/F-Commerce-768x461.jpg 768w, https:\/\/www.appyweb.es\/diccionario\/wp-content\/uploads\/2024\/04\/F-Commerce.jpg 1000w\" sizes=\"auto, (max-width: 970px) 100vw, 970px\" \/><\/h1>\n<p>Hace referencia a todas las t\u00e9cnicas de marketing o e-commerce que son llevadas a cabo a trav\u00e9s de Facebook. El t\u00e9rmino de f<strong>-commerce surgi\u00f3 de las posibilidades del gran mercado que capta esta red social<\/strong>, de esta forma se han logrado capitalizar algunos procesos y obtener grandes beneficios para las empresas.<\/p>\n<h2>\u00bfQu\u00e9 es f-commerce?<\/h2>\n<p>Son todos los negocios comercializados a trav\u00e9s Facebook, <strong>puede ser a trav\u00e9s de promoci\u00f3n en el marketplace<\/strong>, por la gesti\u00f3n de una p\u00e1gina de empresa, la contrataci\u00f3n de <a href=\"https:\/\/www.appyweb.es\/campanas-facebook-ads\/\">anuncios de pago o Facebook Ads<\/a>, entre otros. Este concepto empez\u00f3 a utilizarse en 2011 con la implementaci\u00f3n del primer sistema de compras dentro de la red social.<\/p>\n<p>Asimismo, con esta nueva modificaci\u00f3n tambi\u00e9n se incluye la posibilidad de insertar aplicaciones de empresa. Actualmente, es un sistema de negocio utilizado por peque\u00f1as empresas que cuentan con un bajo presupuesto para dise\u00f1ar una tienda online, por lo que pueden comercializar a trav\u00e9s de esta plataforma.<\/p>\n<h2>\u00bfPara qu\u00e9 sirve?<\/h2>\n<p>El uso de F-Commerce es realizar cualquier acci\u00f3n comercial a trav\u00e9s de la red de Facebook. Para esto dispone de un sistema conocido como marketplace, all\u00ed se puede <strong>vender cualquier tipo de producto sin pagar por publicidad<\/strong>. En \u00e9ste se pueden publicar fotograf\u00edas, rangos de precio, localizaci\u00f3n, entre otros.<\/p>\n<p>Como se mencion\u00f3 anteriormente, es una gran oportunidad para empezar a comercializar desde cero o cuando se trata de un modelo de negocio C2C o consumidor a consumidor. Por lo que no ser\u00e1 necesario implementar un gran <a href=\"https:\/\/www.appyweb.es\/diseno-web\/\">presupuesto en el desarrollo de un sitio web<\/a>. Sin embargo, hay que mencionar que las actualizaciones m\u00e1s recientes de este algoritmo <strong>permiten darle prioridad a las publicaciones de comercio localizadas<\/strong>, por lo que no suele ser una gran opci\u00f3n para globalizar una marca.<\/p>\n<h2>\u00bfC\u00f3mo vender en Facebook?<\/h2>\n<p>Aunque naturalmente en las empresas suelen tener presencia en esta red social, se debe hacer una diferencia entre el rol publicitario, social y comercial. En este sentido, la m\u00e1s popular es <strong>desarrollar aplicaciones que permitan hacer una compra a un click de distancia<\/strong> desde la p\u00e1gina de empresa. Algunas sugerencias adicionales son las siguientes.<\/p>\n<ul>\n<li>Es importante subir buenas fotograf\u00edas del producto.<\/li>\n<li>A\u00f1adir el precio o el rango de precio apropiado.<\/li>\n<li><strong>Incluir palabras clave en la descripci\u00f3n del producto<\/strong>.<\/li>\n<li>Ofrecer varios m\u00e9todos de pago.<\/li>\n<li>Impulsar las publicaciones con anuncios.<\/li>\n<\/ul>\n<h2>Ejemplos<\/h2>\n<p>Son muchas las empresas que se destacan por hacer comercio a trav\u00e9s de Facebook, una de las m\u00e1s importantes es Starbucks. Con ayuda de este sistema, desarroll\u00f3 una aplicaci\u00f3n capaz de enviar una tarjeta de regalo virtual a un amigo de Facebook en su cumplea\u00f1os. A esta funcionalidad tambi\u00e9n se le conoce como e-gift.<\/p>\n<p><script type=\"application\/ld+json\">{\"@context\":\"https:\/\/schema.org\",\"@type\":\"FAQPage\",\"mainEntity\":[ \n{\"@type\":\"Question\",\"name\":\"\u00bfQu\u00e9 es f-commerce?\",\"acceptedAnswer\":{\"@type\":\"Answer\",\"text\":\"<\/p>\n<p>Son todos los negocios comercializados a trav\u00e9s Facebook, <strong>puede ser a trav\u00e9s de promoci\u00f3n en el marketplace<\/strong>, por la gesti\u00f3n de una p\u00e1gina de empresa, la contrataci\u00f3n de <a href='https:\/\/www.appyweb.es\/campanas-facebook-ads\/'>anuncios de pago o Facebook Ads<\/a>, entre otros. Este concepto empez\u00f3 a utilizarse en 2011 con la implementaci\u00f3n del primer sistema de compras dentro de la red social.<\/p>\n<p>Asimismo, con esta nueva modificaci\u00f3n tambi\u00e9n se incluye la posibilidad de insertar aplicaciones de empresa. Actualmente, es un sistema de negocio utilizado por peque\u00f1as empresas que cuentan con un bajo presupuesto para dise\u00f1ar una tienda online, por lo que pueden comercializar a trav\u00e9s de esta plataforma.<\/p>\n<p>\"}},\n{\"@type\":\"Question\",\"name\":\"\u00bfPara qu\u00e9 sirve?\",\"acceptedAnswer\":{\"@type\":\"Answer\",\"text\":\"<\/p>\n<p>El uso de F-Commerce es realizar cualquier acci\u00f3n comercial a trav\u00e9s de la red de Facebook. Para esto dispone de un sistema conocido como marketplace, all\u00ed se puede <strong>vender cualquier tipo de producto sin pagar por publicidad<\/strong>. En \u00e9ste se pueden publicar fotograf\u00edas, rangos de precio, localizaci\u00f3n, entre otros.<\/p>\n<p>Como se mencion\u00f3 anteriormente, es una gran oportunidad para empezar a comercializar desde cero o cuando se trata de un modelo de negocio C2C o consumidor a consumidor. Por lo que no ser\u00e1 necesario implementar un gran <a href='https:\/\/www.appyweb.es\/diseno-web\/'>presupuesto en el desarrollo de un sitio web<\/a>. Sin embargo, hay que mencionar que las actualizaciones m\u00e1s recientes de este algoritmo <strong>permiten darle prioridad a las publicaciones de comercio localizadas<\/strong>, por lo que no suele ser una gran opci\u00f3n para globalizar una marca.<\/p>\n<p>\"}},\n{\"@type\":\"Question\",\"name\":\"\u00bfC\u00f3mo vender en Facebook?\",\"acceptedAnswer\":{\"@type\":\"Answer\",\"text\":\"<\/p>\n<p>Aunque naturalmente en las empresas suelen tener presencia en esta red social, se debe hacer una diferencia entre el rol publicitario, social y comercial. En este sentido, la m\u00e1s popular es <strong>desarrollar aplicaciones que permitan hacer una compra a un click de distancia<\/strong> desde la p\u00e1gina de empresa. Algunas sugerencias adicionales son las siguientes.<\/p>\n<\/p>\n<\/p>\n<ul>\n<\/p>\n<\/p>\n<li>Es importante subir buenas fotograf\u00edas del producto.<\/li>\n<\/p>\n<\/p>\n<\/p>\n<li>A\u00f1adir el precio o el rango de precio apropiado.<\/li>\n<\/p>\n<\/p>\n<\/p>\n<li><strong>Incluir palabras clave en la descripci\u00f3n del producto<\/strong>.<\/li>\n<\/p>\n<\/p>\n<\/p>\n<li>Ofrecer varios m\u00e9todos de pago.<\/li>\n<\/p>\n<\/p>\n<\/p>\n<li>Impulsar las publicaciones con anuncios.<\/li>\n<\/p>\n<\/ul>\n<\/p>\n<p>\"}},\n{\"@type\":\"Question\",\"name\":\"Ejemplos\",\"acceptedAnswer\":{\"@type\":\"Answer\",\"text\":\"<\/p>\n<p>Son muchas las empresas que se destacan por hacer comercio a trav\u00e9s de Facebook, una de las m\u00e1s importantes es Starbucks. Con ayuda de este sistema, desarroll\u00f3 una aplicaci\u00f3n capaz de enviar una tarjeta de regalo virtual a un amigo de Facebook en su cumplea\u00f1os. A esta funcionalidad tambi\u00e9n se le conoce como e-gift.<\/p>\n<p>\"}}\n]}<\/script><\/p>\n<h2>M\u00e1s informaci\u00f3n sobre f-commerce<\/h2>\n<p>Puede que tener una tienda online en Facebook sea tan f\u00e1cil como publicar, sin embargo, todav\u00eda existen otros aspectos que debes tener en cuenta para <strong>posicionar mejor tu marca en el marketplace<\/strong>. Aqu\u00ed tienes un par de enlaces que te ayudar\u00e1n a obtener m\u00e1s informaci\u00f3n.<\/p>\n<ul>\n<li><a href=\"https:\/\/www.appyweb.es\/crear-una-cuenta-facebook-una-fanpage-negocio\/\">C\u00f3mo crear una cuenta de Facebook para tu negocio<\/a><\/li>\n<li><a href=\"https:\/\/www.puromarketing.com\/76\/12225\/commerce-funciona-realmente-comercio-electronico-traves-facebook.html\" rel=\"nofollow noopener\" target=\"_blank\">F-commerce \u00bfFunciona realmente el comercio electr\u00f3nico a trav\u00e9s de Facebook?<\/a><\/li>\n<\/ul>\n<p>&nbsp;<\/p>\n","protected":false},"excerpt":{"rendered":"<p>Hace referencia a todas las t\u00e9cnicas de marketing o e-commerce que son llevadas a cabo a trav\u00e9s de Facebook. El t\u00e9rmino de f-commerce surgi\u00f3 de las posibilidades del gran mercado que capta esta red social, de esta forma se han logrado capitalizar algunos procesos y obtener grandes beneficios para las empresas. \u00bfQu\u00e9 es f-commerce? Son [&hellip;]<\/p>\n","protected":false},"author":1,"featured_media":12958,"parent":0,"menu_order":0,"comment_status":"closed","ping_status":"closed","template":"","meta":{"inline_featured_image":false,"footnotes":""},"class_list":["post-1548","page","type-page","status-publish","has-post-thumbnail","hentry"],"_links":{"self":[{"href":"https:\/\/www.appyweb.es\/diccionario\/wp-json\/wp\/v2\/pages\/1548","targetHints":{"allow":["GET"]}}],"collection":[{"href":"https:\/\/www.appyweb.es\/diccionario\/wp-json\/wp\/v2\/pages"}],"about":[{"href":"https:\/\/www.appyweb.es\/diccionario\/wp-json\/wp\/v2\/types\/page"}],"author":[{"embeddable":true,"href":"https:\/\/www.appyweb.es\/diccionario\/wp-json\/wp\/v2\/users\/1"}],"replies":[{"embeddable":true,"href":"https:\/\/www.appyweb.es\/diccionario\/wp-json\/wp\/v2\/comments?post=1548"}],"version-history":[{"count":6,"href":"https:\/\/www.appyweb.es\/diccionario\/wp-json\/wp\/v2\/pages\/1548\/revisions"}],"predecessor-version":[{"id":12960,"href":"https:\/\/www.appyweb.es\/diccionario\/wp-json\/wp\/v2\/pages\/1548\/revisions\/12960"}],"wp:featuredmedia":[{"embeddable":true,"href":"https:\/\/www.appyweb.es\/diccionario\/wp-json\/wp\/v2\/media\/12958"}],"wp:attachment":[{"href":"https:\/\/www.appyweb.es\/diccionario\/wp-json\/wp\/v2\/media?parent=1548"}],"curies":[{"name":"wp","href":"https:\/\/api.w.org\/{rel}","templated":true}]}}