{"id":155,"date":"2023-06-19T13:37:17","date_gmt":"2023-06-19T13:37:17","guid":{"rendered":"https:\/\/www.appyweb.es\/diccionario\/?page_id=155"},"modified":"2024-02-19T09:58:45","modified_gmt":"2024-02-19T09:58:45","slug":"api-rest","status":"publish","type":"page","link":"https:\/\/www.appyweb.es\/diccionario\/api-rest\/","title":{"rendered":"API REST"},"content":{"rendered":"<p><img loading=\"lazy\" decoding=\"async\" class=\" wp-image-8311 aligncenter\" src=\"https:\/\/www.appyweb.es\/diccionario\/wp-content\/uploads\/2023\/08\/API-res-significado-300x266.jpg\" alt=\"\" width=\"700\" height=\"620\" srcset=\"https:\/\/www.appyweb.es\/diccionario\/wp-content\/uploads\/2023\/08\/API-res-significado-300x266.jpg 300w, https:\/\/www.appyweb.es\/diccionario\/wp-content\/uploads\/2023\/08\/API-res-significado-1024x907.jpg 1024w, https:\/\/www.appyweb.es\/diccionario\/wp-content\/uploads\/2023\/08\/API-res-significado-768x681.jpg 768w, https:\/\/www.appyweb.es\/diccionario\/wp-content\/uploads\/2023\/08\/API-res-significado.jpg 1080w\" sizes=\"auto, (max-width: 700px) 100vw, 700px\" \/><\/p>\n<p>En el \u00e1mbito de la programaci\u00f3n en inform\u00e1tica, el\u00a0<strong>desarrollo de las API Rest como apoyo para las comunicaciones e interacciones entre software<\/strong>, resulta ser una tem\u00e1tica interesante para comprender\u00a0c\u00f3mo interactuar entre aplicaciones o sitios web. \u00bfQuieres saber m\u00e1s sobre ellas? Sigue leyendo.<\/p>\n<h2><span id=\"%F0%9F%93%8C%C2%BFQue_es_API_Rest\" class=\"ez-toc-section\"><\/span>\u00bfQu\u00e9 es API Rest?<\/h2>\n<p>Corresponde a la abreviatura de\u00a0<em>Representational State Transfer<\/em>\u00a0o transferencia del estado representacional, es un tipo de API de servicios digitales.<br \/>\nSu tarea principal es\u00a0<strong>facilitar el intercambio de informaci\u00f3n y datos<\/strong>\u00a0entre un servicio online a trav\u00e9s de una direcci\u00f3n URL y una aplicaci\u00f3n.<\/p>\n<p>Corresponde a la arquitectura de un software utilizado para sistemas de hipermedia a nivel de la World Wide Web.<br \/>\nEstas utilizan el protocolo de HTTP, m\u00e1s espec\u00edficamente forman un conjunto de restricciones que permite crear esa arquitectura de software para\u00a0<a href=\"https:\/\/www.appyweb.es\/diseno-web\/\">dise\u00f1ar aplicaciones online<\/a>\u00a0respetando la estructura HTTP.<\/p>\n<p><span id=\"%F0%9F%93%8C%C2%BFPara_que_sirve_API_Rest\" class=\"ez-toc-section\"><\/span>\u00bfPara qu\u00e9 sirve API Rest?<\/p>\n<p>Permiten la\u00a0<strong>introducci\u00f3n de nuevas funcionalidades o servicios de otros sitios online<\/strong>\u00a0para lograr a\u00f1adir valor agregado a los productos y servicios que se ofrecen, o bien a la calidad de navegaci\u00f3n en el sitio principal.<\/p>\n<h2><span id=\"%F0%9F%93%8CImportancia_de_utilizar_API_Rest\" class=\"ez-toc-section\"><\/span>Importancia de utilizar API Rest<\/h2>\n<p>Muchas organizaciones reconocidas a nivel mundial las est\u00e1n utilizando desde hace tiempo para\u00a0<strong>obtener ventajas de comunicaci\u00f3n\u00a0<\/strong>y aumentar\u00a0<a href=\"https:\/\/www.appyweb.es\/desarrollo-app\/\">los beneficios de las aplicaciones digitales<\/a>. Entre los cuales se pueden mencionar:<\/p>\n<ul>\n<li>Permiten la reestructuraci\u00f3n interna en la empresa para ofrecer apoyo a nuevos proyectos.<\/li>\n<li>Disminuye los costes del mantenimiento, aumentando as\u00ed la\u00a0<strong>rapidez de los procesos operativos<\/strong>\u00a0que permitan la transformaci\u00f3n digital de la organizaci\u00f3n.<\/li>\n<li>Genera oportunidades para atraer a nuevos clientes, fortalecer la fidelidad de los existentes y hacer nuevas alianzas con otras organizaciones.<\/li>\n<\/ul>\n<h2><span id=\"%F0%9F%93%8CMas_informacion_de_API_Rest\" class=\"ez-toc-section\"><\/span>M\u00e1s informaci\u00f3n de API Rest<\/h2>\n<ul>\n<li><a href=\"https:\/\/www.appyweb.es\/diccionario\/api\/\">\u00bfQu\u00e9 es una API y para qu\u00e9 sirve?<\/a><\/li>\n<li><a href=\"https:\/\/es.wikipedia.org\/wiki\/Transferencia_de_Estado_Representacional#Implementaciones_p%C3%BAblicas\" rel=\"nofollow noopener\" target=\"_blank\">Implementaciones p\u00fablicas de API Rest<\/a>.<\/li>\n<\/ul>\n<p>&nbsp;<\/p>\n","protected":false},"excerpt":{"rendered":"<p>En el \u00e1mbito de la programaci\u00f3n en inform\u00e1tica, el\u00a0desarrollo de las API Rest como apoyo para las comunicaciones e interacciones entre software, resulta ser una tem\u00e1tica interesante para comprender\u00a0c\u00f3mo interactuar entre aplicaciones o sitios web. \u00bfQuieres saber m\u00e1s sobre ellas? Sigue leyendo. \u00bfQu\u00e9 es API Rest? Corresponde a la abreviatura de\u00a0Representational State Transfer\u00a0o transferencia del [&hellip;]<\/p>\n","protected":false},"author":1,"featured_media":8311,"parent":0,"menu_order":0,"comment_status":"closed","ping_status":"closed","template":"","meta":{"inline_featured_image":false,"footnotes":""},"class_list":["post-155","page","type-page","status-publish","has-post-thumbnail","hentry"],"_links":{"self":[{"href":"https:\/\/www.appyweb.es\/diccionario\/wp-json\/wp\/v2\/pages\/155","targetHints":{"allow":["GET"]}}],"collection":[{"href":"https:\/\/www.appyweb.es\/diccionario\/wp-json\/wp\/v2\/pages"}],"about":[{"href":"https:\/\/www.appyweb.es\/diccionario\/wp-json\/wp\/v2\/types\/page"}],"author":[{"embeddable":true,"href":"https:\/\/www.appyweb.es\/diccionario\/wp-json\/wp\/v2\/users\/1"}],"replies":[{"embeddable":true,"href":"https:\/\/www.appyweb.es\/diccionario\/wp-json\/wp\/v2\/comments?post=155"}],"version-history":[{"count":9,"href":"https:\/\/www.appyweb.es\/diccionario\/wp-json\/wp\/v2\/pages\/155\/revisions"}],"predecessor-version":[{"id":11245,"href":"https:\/\/www.appyweb.es\/diccionario\/wp-json\/wp\/v2\/pages\/155\/revisions\/11245"}],"wp:featuredmedia":[{"embeddable":true,"href":"https:\/\/www.appyweb.es\/diccionario\/wp-json\/wp\/v2\/media\/8311"}],"wp:attachment":[{"href":"https:\/\/www.appyweb.es\/diccionario\/wp-json\/wp\/v2\/media?parent=155"}],"curies":[{"name":"wp","href":"https:\/\/api.w.org\/{rel}","templated":true}]}}