{"id":1582,"date":"2023-06-21T09:16:27","date_gmt":"2023-06-21T09:16:27","guid":{"rendered":"https:\/\/www.appyweb.es\/diccionario\/?page_id=1582"},"modified":"2024-04-02T11:03:58","modified_gmt":"2024-04-02T11:03:58","slug":"fake-news","status":"publish","type":"page","link":"https:\/\/www.appyweb.es\/diccionario\/fake-news\/","title":{"rendered":"Fake news"},"content":{"rendered":"<h1><img loading=\"lazy\" decoding=\"async\" class=\"alignnone  wp-image-12989\" src=\"https:\/\/www.appyweb.es\/diccionario\/wp-content\/uploads\/2024\/04\/FakeNews-300x180.jpg\" alt=\"Fake news\" width=\"1152\" height=\"691\" srcset=\"https:\/\/www.appyweb.es\/diccionario\/wp-content\/uploads\/2024\/04\/FakeNews-300x180.jpg 300w, https:\/\/www.appyweb.es\/diccionario\/wp-content\/uploads\/2024\/04\/FakeNews-768x461.jpg 768w, https:\/\/www.appyweb.es\/diccionario\/wp-content\/uploads\/2024\/04\/FakeNews.jpg 1000w\" sizes=\"auto, (max-width: 1152px) 100vw, 1152px\" \/><\/h1>\n<p>Los fake news o noticias falsas son la principal causa de desinformaci\u00f3n en el mundo, creadas por especulaciones para difundir el caos. Normalmente, <strong>las fake news contienen temas sacados de proporci\u00f3n para el p\u00fablico<\/strong>, incluso algunas teor\u00edas indican que su finalidad es manipular la opini\u00f3n p\u00fablica, especialmente durante eventos electorales.<\/p>\n<h2>\u00bfQu\u00e9 es Fake News?<\/h2>\n<p>Es un t\u00e9rmino anglosaj\u00f3n que se traduce literalmente como <em>noticias falsas<\/em>, tienen la finalidad de <strong>motivar la desinformaci\u00f3n, exagerar un hecho o manipular su contexto<\/strong>. Es un fen\u00f3meno que surgi\u00f3 a partir de la confianza que tienen los usuarios en la informaci\u00f3n que se genera en Internet, aunque la ingenuidad tambi\u00e9n juega su papel. Es por eso que es necesario confirmar con medios de alta relevancia, ya que suelen filtrar y confirmar los datos antes de difundir.<\/p>\n<p>Tambi\u00e9n son considerados como <em>bulo<\/em> u hoax, es decir, informaci\u00f3n falsa generada para que parezca que es real, de esta forma, es <strong>m\u00e1s f\u00e1cil para los usuarios de Internet interpretarlas como verdad<\/strong>. En ocasiones, algunos medios fraudulentos generan datos poco espec\u00edficos o exagerados para incrementar el tr\u00e1fico web. Se podr\u00eda decir que son elementos poco \u00e9ticos <a href=\"https:\/\/www.appyweb.es\/marketing-de-atraccion\/\">para hacer marketing de atracci\u00f3n<\/a>.<\/p>\n<h2>Origen de las Fake News<\/h2>\n<p>Las noticias falsas tuvieron muy poca distribuci\u00f3n en la \u00e9poca previa a los medios de comunicaci\u00f3n de masas, aunque bien se presentaban con frecuencia cuando se trataba de supersticiones, por ejemplo, con el descubrimiento de Am\u00e9rica se difundi\u00f3 el rumor de una ciudad m\u00edtica hecha de oro, que m\u00e1s tarde se conocer\u00eda como El Dorado. M\u00e1s adelante, <strong>incluso los medios de comunicaci\u00f3n m\u00e1s importantes alentar\u00edan rumores<\/strong> como la aparici\u00f3n de extraterrestres en la luna, publicado por The New York Sun en 1835.<\/p>\n<p>Con la aparici\u00f3n de la radio y la TV se empezaron a utilizar para comercializar un producto o bien para desprestigiar a una marca, tal como se vio en la guerra de las gaseosas Coca-Cola y Pepsi. Pero, fue la propaganda Nazi que <strong>desarroll\u00f3 las t\u00e9cnicas de difusi\u00f3n de noticias falsas m\u00e1s avanzadas del siglo pasado<\/strong>, que insistir\u00edan en desprestigiar a los jud\u00edos como el mal principal de las dificultades de la sociedad alemana.<\/p>\n<h2>\u00bfPara qu\u00e9 sirve?<\/h2>\n<p>Es dif\u00edcil determinar un objetivo real m\u00e1s all\u00e1 de la desinformaci\u00f3n, sin embargo, profesionales como Eliot Higgins han definido una metodolog\u00eda para <strong>definir la motivaci\u00f3n de los creadores de Fake News<\/strong>. \u00c9sta comprende una lista de cuatro aspectos, tambi\u00e9n conocidos como las 4 P, pasi\u00f3n o fanatismo, pol\u00edtica, propaganda y pago. Aunque, Claire Wardle a\u00f1adir\u00eda otras m\u00e1s como las siguientes.<\/p>\n<ul>\n<li>Periodismo deficiente.<\/li>\n<li>Parodias.<\/li>\n<li>Provocaci\u00f3n.<\/li>\n<li>Partidismo.<\/li>\n<li>Provecho econ\u00f3mico.<\/li>\n<li>Influencia.<\/li>\n<li>Poder.<\/li>\n<\/ul>\n<h2>Ejemplos de Fake News<\/h2>\n<p>Como se mencion\u00f3 en la introducci\u00f3n, las noticias falsas son m\u00e1s propensas a <strong>utilizarse para generar una manipulaci\u00f3n de la opini\u00f3n p\u00fablica<\/strong>, generalmente para beneficio pol\u00edtico durante elecciones generales. El ejemplo m\u00e1s com\u00fan es el de las elecciones presidenciales en Estados Unidos, desde el 2016 \u00e9stas se han visto con mayor frecuencia, buscando desprestigiar a un pol\u00edtico u otro para alterar la opini\u00f3n de los votantes.<\/p>\n<p>Otro ejemplo fuera de la pol\u00edtica se gener\u00f3 con la pandemia de Covid del 2019-2020, se generaron millones de noticias falsas referente a c\u00f3mo actuaba el virus, vertientes que fueron <a href=\"https:\/\/www.appyweb.es\/marketing-de-contenidos\/\">aprovechadas para generar marketing de contenidos<\/a> de poco valor, incluso de cara a las elecciones presidenciales en EEUU de noviembre 2020.<\/p>\n<p><script type=\"application\/ld+json\">{\"@context\":\"https:\/\/schema.org\",\"@type\":\"FAQPage\",\"mainEntity\":[ \n{\"@type\":\"Question\",\"name\":\"\u00bfQu\u00e9 es Fake News?\",\"acceptedAnswer\":{\"@type\":\"Answer\",\"text\":\"<\/p>\n<p>Es un t\u00e9rmino anglosaj\u00f3n que se traduce literalmente como <em>noticias falsas<\/em>, tienen la finalidad de <strong>motivar la desinformaci\u00f3n, exagerar un hecho o manipular su contexto<\/strong>. Es un fen\u00f3meno que surgi\u00f3 a partir de la confianza que tienen los usuarios en la informaci\u00f3n que se genera en Internet, aunque la ingenuidad tambi\u00e9n juega su papel. Es por eso que es necesario confirmar con medios de alta relevancia, ya que suelen filtrar y confirmar los datos antes de difundir.<\/p>\n<p>Tambi\u00e9n son considerados como <em>bulo<\/em> u hoax, es decir, informaci\u00f3n falsa generada para que parezca que es real, de esta forma, es <strong>m\u00e1s f\u00e1cil para los usuarios de Internet interpretarlas como verdad<\/strong>. En ocasiones, algunos medios fraudulentos generan datos poco espec\u00edficos o exagerados para incrementar el tr\u00e1fico web. Se podr\u00eda decir que son elementos poco \u00e9ticos <a href='https:\/\/www.appyweb.es\/marketing-de-atraccion\/'>para hacer marketing de atracci\u00f3n<\/a>.<\/p>\n<p>\"}},\n{\"@type\":\"Question\",\"name\":\"Origen de las Fake News\",\"acceptedAnswer\":{\"@type\":\"Answer\",\"text\":\"<\/p>\n<p>Las noticias falsas tuvieron muy poca distribuci\u00f3n en la \u00e9poca previa a los medios de comunicaci\u00f3n de masas, aunque bien se presentaban con frecuencia cuando se trataba de supersticiones, por ejemplo, con el descubrimiento de Am\u00e9rica se difundi\u00f3 el rumor de una ciudad m\u00edtica hecha de oro, que m\u00e1s tarde se conocer\u00eda como El Dorado. M\u00e1s adelante, <strong>incluso los medios de comunicaci\u00f3n m\u00e1s importantes alentar\u00edan rumores<\/strong> como la aparici\u00f3n de extraterrestres en la luna, publicado por The New York Sun en 1835.<\/p>\n<p>Con la aparici\u00f3n de la radio y la TV se empezaron a utilizar para comercializar un producto o bien para desprestigiar a una marca, tal como se vio en la guerra de las gaseosas Coca-Cola y Pepsi. Pero, fue la propaganda Nazi que <strong>desarroll\u00f3 las t\u00e9cnicas de difusi\u00f3n de noticias falsas m\u00e1s avanzadas del siglo pasado<\/strong>, que insistir\u00edan en desprestigiar a los jud\u00edos como el mal principal de las dificultades de la sociedad alemana.<\/p>\n<p>\"}},\n{\"@type\":\"Question\",\"name\":\"\u00bfPara qu\u00e9 sirve?\",\"acceptedAnswer\":{\"@type\":\"Answer\",\"text\":\"<\/p>\n<p>Es dif\u00edcil determinar un objetivo real m\u00e1s all\u00e1 de la desinformaci\u00f3n, sin embargo, profesionales como Eliot Higgins han definido una metodolog\u00eda para <strong>definir la motivaci\u00f3n de los creadores de Fake News<\/strong>. \u00c9sta comprende una lista de cuatro aspectos, tambi\u00e9n conocidos como las 4 P, pasi\u00f3n o fanatismo, pol\u00edtica, propaganda y pago. Aunque, Claire Wardle a\u00f1adir\u00eda otras m\u00e1s como las siguientes.<\/p>\n<\/p>\n<\/p>\n<ul>\n<\/p>\n<\/p>\n<li>Periodismo deficiente.<\/li>\n<\/p>\n<\/p>\n<\/p>\n<li>Parodias.<\/li>\n<\/p>\n<\/p>\n<\/p>\n<li>Provocaci\u00f3n.<\/li>\n<\/p>\n<\/p>\n<\/p>\n<li>Partidismo.<\/li>\n<\/p>\n<\/p>\n<\/p>\n<li>Provecho econ\u00f3mico.<\/li>\n<\/p>\n<\/p>\n<\/p>\n<li>Influencia.<\/li>\n<\/p>\n<\/p>\n<\/p>\n<li>Poder.<\/li>\n<\/p>\n<\/ul>\n<\/p>\n<p>\"}},\n{\"@type\":\"Question\",\"name\":\"Ejemplos de Fake News\",\"acceptedAnswer\":{\"@type\":\"Answer\",\"text\":\"<\/p>\n<p>Como se mencion\u00f3 en la introducci\u00f3n, las noticias falsas son m\u00e1s propensas a <strong>utilizarse para generar una manipulaci\u00f3n de la opini\u00f3n p\u00fablica<\/strong>, generalmente para beneficio pol\u00edtico durante elecciones generales. El ejemplo m\u00e1s com\u00fan es el de las elecciones presidenciales en Estados Unidos, desde el 2016 \u00e9stas se han visto con mayor frecuencia, buscando desprestigiar a un pol\u00edtico u otro para alterar la opini\u00f3n de los votantes.<\/p>\n<p>Otro ejemplo fuera de la pol\u00edtica se gener\u00f3 con la pandemia de Covid del 2019-2020, se generaron millones de noticias falsas referente a c\u00f3mo actuaba el virus, vertientes que fueron <a href='https:\/\/www.appyweb.es\/marketing-de-contenidos\/'>aprovechadas para generar marketing de contenidos<\/a> de poco valor, incluso de cara a las elecciones presidenciales en EEUU de noviembre 2020.<\/p>\n<p>\"}}\n]}<\/script><\/p>\n<h2>M\u00e1s informaci\u00f3n sobre Fake News<\/h2>\n<p>\u00bfSab\u00edas que <strong>tu competencia puede generar fake news para desprestigiar tu marca<\/strong>? Aqu\u00ed tienes un par de enlaces que te ayudar\u00e1 a entenderlas mejor y c\u00f3mo hacer frente a una posible crisis online que se generan a partir de ellas.<\/p>\n<ul>\n<li><a href=\"https:\/\/www.appyweb.es\/gestionar-manera-adecuada-crisis-online\/\">C\u00f3mo gestionar de manera adecuada una crisis online<\/a><\/li>\n<li><a href=\"https:\/\/es.wikipedia.org\/wiki\/Fake_news#C%C3%B3mo_se_propagan_y_se_vuelven_virales_las_noticias_falsas\" rel=\"nofollow noopener\" target=\"_blank\">C\u00f3mo se propagan y se vuelven virales las noticias falsas<\/a><\/li>\n<\/ul>\n<p>&nbsp;<\/p>\n","protected":false},"excerpt":{"rendered":"<p>Los fake news o noticias falsas son la principal causa de desinformaci\u00f3n en el mundo, creadas por especulaciones para difundir el caos. Normalmente, las fake news contienen temas sacados de proporci\u00f3n para el p\u00fablico, incluso algunas teor\u00edas indican que su finalidad es manipular la opini\u00f3n p\u00fablica, especialmente durante eventos electorales. \u00bfQu\u00e9 es Fake News? Es [&hellip;]<\/p>\n","protected":false},"author":1,"featured_media":12989,"parent":0,"menu_order":0,"comment_status":"closed","ping_status":"closed","template":"","meta":{"inline_featured_image":false,"footnotes":""},"class_list":["post-1582","page","type-page","status-publish","has-post-thumbnail","hentry"],"_links":{"self":[{"href":"https:\/\/www.appyweb.es\/diccionario\/wp-json\/wp\/v2\/pages\/1582","targetHints":{"allow":["GET"]}}],"collection":[{"href":"https:\/\/www.appyweb.es\/diccionario\/wp-json\/wp\/v2\/pages"}],"about":[{"href":"https:\/\/www.appyweb.es\/diccionario\/wp-json\/wp\/v2\/types\/page"}],"author":[{"embeddable":true,"href":"https:\/\/www.appyweb.es\/diccionario\/wp-json\/wp\/v2\/users\/1"}],"replies":[{"embeddable":true,"href":"https:\/\/www.appyweb.es\/diccionario\/wp-json\/wp\/v2\/comments?post=1582"}],"version-history":[{"count":6,"href":"https:\/\/www.appyweb.es\/diccionario\/wp-json\/wp\/v2\/pages\/1582\/revisions"}],"predecessor-version":[{"id":12990,"href":"https:\/\/www.appyweb.es\/diccionario\/wp-json\/wp\/v2\/pages\/1582\/revisions\/12990"}],"wp:featuredmedia":[{"embeddable":true,"href":"https:\/\/www.appyweb.es\/diccionario\/wp-json\/wp\/v2\/media\/12989"}],"wp:attachment":[{"href":"https:\/\/www.appyweb.es\/diccionario\/wp-json\/wp\/v2\/media?parent=1582"}],"curies":[{"name":"wp","href":"https:\/\/api.w.org\/{rel}","templated":true}]}}