{"id":1597,"date":"2023-06-21T09:22:37","date_gmt":"2023-06-21T09:22:37","guid":{"rendered":"https:\/\/www.appyweb.es\/diccionario\/?page_id=1597"},"modified":"2024-04-02T11:33:15","modified_gmt":"2024-04-02T11:33:15","slug":"faqs","status":"publish","type":"page","link":"https:\/\/www.appyweb.es\/diccionario\/faqs\/","title":{"rendered":"FAQS"},"content":{"rendered":"<h1><img loading=\"lazy\" decoding=\"async\" class=\"alignnone  wp-image-13013\" src=\"https:\/\/www.appyweb.es\/diccionario\/wp-content\/uploads\/2024\/04\/FAQS-300x180.jpg\" alt=\"FAQS\" width=\"1112\" height=\"667\" srcset=\"https:\/\/www.appyweb.es\/diccionario\/wp-content\/uploads\/2024\/04\/FAQS-300x180.jpg 300w, https:\/\/www.appyweb.es\/diccionario\/wp-content\/uploads\/2024\/04\/FAQS-768x461.jpg 768w, https:\/\/www.appyweb.es\/diccionario\/wp-content\/uploads\/2024\/04\/FAQS.jpg 1000w\" sizes=\"auto, (max-width: 1112px) 100vw, 1112px\" \/><\/h1>\n<p>Son contenidos que indican preguntas frecuentes con sus respectivas respuestas, <strong>los faqs suelen disponerse en forma de lista<\/strong> con ayuda de un formato schema para optimizar el posicionamiento web.<\/p>\n<h2>\u00bfQu\u00e9 son los faqs?<\/h2>\n<p>Es una secci\u00f3n que <a href=\"https:\/\/www.appyweb.es\/diseno-web\/\">se utiliza con frecuencia en el dise\u00f1o de sitios web<\/a>, en ella se estructuran una lista de preguntas m\u00e1s frecuentes que se hacen sobre un tema en particular, el t\u00e9rmino proviene de la abreviaci\u00f3n de <em>Frecuently Asked Questions<\/em>. De esta forma, el usuario puede encontrar m\u00e1s r\u00e1pido el contenido que le interesa o bien responder a todas las posibles preguntas del tema, sin tener que recurrir a otra p\u00e1gina.<\/p>\n<p>En este sentido, <strong>el uso de los faqs es favorable para mejorar la experiencia del usuario<\/strong>, lo que significa que puede ser una se\u00f1al positiva de SEO para el posicionamiento en buscadores como Google. Como se mencion\u00f3 al principio, al utilizar un c\u00f3digo schema estructural el algoritmo puede interpretarlo como un sitio de gran usabilidad.<\/p>\n<h2>Origen<\/h2>\n<p>El origen de este formato de contenido tiene sus ra\u00edces en la literatura, uno de los primeros escritores en utilizarlo fue Matthew Hopkins en su obra El descubrimiento de las brujas en 1647. M\u00e1s adelante, despu\u00e9s del desarrollo de Internet, las PPFF (sus siglas en espa\u00f1ol) <strong>se utilizaron en una lista de correos de la Nasa durante los a\u00f1os 80<\/strong> para responder las preguntas de los usuarios.<\/p>\n<p>Actualmente, son utilizados en sitios web de productos y servicios para responder preguntas b\u00e1sicas sobre lo que ofrecen. Tambi\u00e9n se puede ver un ejemplo de este formato constantemente en las SERP\\&#8217;s o p\u00e1ginas de resultados de b\u00fasqueda, ya que el algoritmo de Google tiene una funcionalidad que indica <em>Preguntas Relacionadas<\/em>, un listado de ellas dispuestas en lista y conectan con sitios web posicionados.<\/p>\n<h2>\u00bfC\u00f3mo hacer un faq?<\/h2>\n<p>Existen dos formas de hacerlo, todo depender\u00e1 de los objetivos del SEO del sitio en cuesti\u00f3n, la primera es creando una p\u00e1gina con la URL \u00abpreguntas frecuentes\u00bb y a\u00f1adir una estructura de headers, donde las preguntas se etiquetar\u00edan con H2. <strong>Este m\u00e9todo permite indexar la p\u00e1gina de forma tradicional como contenido<\/strong>, no como una estructura de preguntas.<\/p>\n<p>La segunda forma es utilizando un <em>c\u00f3digo schema<\/em>, consiste en transformar el contenido ya redactado y generar un c\u00f3digo HTML que indicar\u00e1 la lista de preguntas con el formato adecuado, aparte, se genera un men\u00fa de enlaces. Esta es una se\u00f1al m\u00e1s positiva para el algoritmo, aparte, se puede hacer de forma autom\u00e1tica utilizando un generador de schema. Aqu\u00ed tienes algunas recomendaciones al momento de redactar.<\/p>\n<ul>\n<li>Contesta a la pregunta de forma directa, no hagas introducciones a menos que sea para entrar en contexto.<\/li>\n<li>Deben ser preguntas densas, no afirmaciones o negaciones, nunca empieces por \u00bfes cierto que&#8230;? o \u00bfes verdad que&#8230;?<\/li>\n<li><strong>No insertes demasiadas preguntas, sobre todo en tiendas online.<\/strong><\/li>\n<li>Las respuestas deben ser concisas y no tan largas.<\/li>\n<\/ul>\n<h2>Ejemplo de faqs<\/h2>\n<p>Por ejemplo, un sitio web de agencia de viajes que ofrece una promoci\u00f3n para ir a Par\u00eds puede a\u00f1adir una lista de preguntas as\u00ed.<\/p>\n<ul>\n<li>\u00bfSe necesita visa para ir a Par\u00eds?<\/li>\n<li>\u00bfCu\u00e1les son los m\u00e9todos de pago?<\/li>\n<li>\u00bfCu\u00e1ntos d\u00edas puedo estar como turista en Francia?<\/li>\n<\/ul>\n<p><script type=\"application\/ld+json\">{\"@context\":\"https:\/\/schema.org\",\"@type\":\"FAQPage\",\"mainEntity\":[ \n{\"@type\":\"Question\",\"name\":\"\u00bfQu\u00e9 son los faqs?\",\"acceptedAnswer\":{\"@type\":\"Answer\",\"text\":\"<\/p>\n<p>Es una secci\u00f3n que <a href='https:\/\/www.appyweb.es\/diseno-web\/'>se utiliza con frecuencia en el dise\u00f1o de sitios web<\/a>, en ella se estructuran una lista de preguntas m\u00e1s frecuentes que se hacen sobre un tema en particular, el t\u00e9rmino proviene de la abreviaci\u00f3n de <em>Frecuently Asked Questions<\/em>. De esta forma, el usuario puede encontrar m\u00e1s r\u00e1pido el contenido que le interesa o bien responder a todas las posibles preguntas del tema, sin tener que recurrir a otra p\u00e1gina.<\/p>\n<p>En este sentido, <strong>el uso de los faqs es favorable para mejorar la experiencia del usuario<\/strong>, lo que significa que puede ser una se\u00f1al positiva de SEO para el posicionamiento en buscadores como Google. Como se mencion\u00f3 al principio, al utilizar un c\u00f3digo schema estructural el algoritmo puede interpretarlo como un sitio de gran usabilidad.<\/p>\n<p>\"}},\n{\"@type\":\"Question\",\"name\":\"Origen\",\"acceptedAnswer\":{\"@type\":\"Answer\",\"text\":\"<\/p>\n<p>El origen de este formato de contenido tiene sus ra\u00edces en la literatura, uno de los primeros escritores en utilizarlo fue Matthew Hopkins en su obra El descubrimiento de las brujas en 1647. M\u00e1s adelante, despu\u00e9s del desarrollo de Internet, las PPFF (sus siglas en espa\u00f1ol) <strong>se utilizaron en una lista de correos de la Nasa durante los a\u00f1os 80<\/strong> para responder las preguntas de los usuarios.<\/p>\n<p>Actualmente, son utilizados en sitios web de productos y servicios para responder preguntas b\u00e1sicas sobre lo que ofrecen. Tambi\u00e9n se puede ver un ejemplo de este formato constantemente en las SERP\\'s o p\u00e1ginas de resultados de b\u00fasqueda, ya que el algoritmo de Google tiene una funcionalidad que indica <em>Preguntas Relacionadas<\/em>, un listado de ellas dispuestas en lista y conectan con sitios web posicionados.<\/p>\n<p>\"}},\n{\"@type\":\"Question\",\"name\":\"\u00bfC\u00f3mo hacer un faq?\",\"acceptedAnswer\":{\"@type\":\"Answer\",\"text\":\"<\/p>\n<p>Existen dos formas de hacerlo, todo depender\u00e1 de los objetivos del SEO del sitio en cuesti\u00f3n, la primera es creando una p\u00e1gina con la URL 'preguntas frecuentes' y a\u00f1adir una estructura de headers, donde las preguntas se etiquetar\u00edan con H2. <strong>Este m\u00e9todo permite indexar la p\u00e1gina de forma tradicional como contenido<\/strong>, no como una estructura de preguntas.<\/p>\n<p>La segunda forma es utilizando un <em>c\u00f3digo schema<\/em>, consiste en transformar el contenido ya redactado y generar un c\u00f3digo HTML que indicar\u00e1 la lista de preguntas con el formato adecuado, aparte, se genera un men\u00fa de enlaces. Esta es una se\u00f1al m\u00e1s positiva para el algoritmo, aparte, se puede hacer de forma autom\u00e1tica utilizando un generador de schema. Aqu\u00ed tienes algunas recomendaciones al momento de redactar.<\/p>\n<\/p>\n<\/p>\n<ul>\n<\/p>\n<\/p>\n<li>Contesta a la pregunta de forma directa, no hagas introducciones a menos que sea para entrar en contexto.<\/li>\n<\/p>\n<\/p>\n<\/p>\n<\/p>\n<\/p>\n<li>Deben ser preguntas densas, no afirmaciones o negaciones, nunca empieces por \u00bfes cierto que...? o \u00bfes verdad que...?<\/li>\n<\/p>\n<\/p>\n<\/p>\n<\/p>\n<\/p>\n<li><strong>No insertes demasiadas preguntas, sobre todo en tiendas online.<\/strong><\/li>\n<\/p>\n<\/p>\n<\/p>\n<\/p>\n<\/p>\n<li>Las respuestas deben ser concisas y no tan largas.<\/li>\n<\/p>\n<\/p>\n<\/p>\n<\/ul>\n<\/p>\n<\/p>\n<\/p>\n<p>\"}},\n{\"@type\":\"Question\",\"name\":\"Ejemplo de faqs\",\"acceptedAnswer\":{\"@type\":\"Answer\",\"text\":\"<\/p>\n<p>Por ejemplo, un sitio web de agencia de viajes que ofrece una promoci\u00f3n para ir a Par\u00eds puede a\u00f1adir una lista de preguntas as\u00ed.<\/p>\n<\/p>\n<\/p>\n<ul>\n<\/p>\n<\/p>\n<li>\u00bfSe necesita visa para ir a Par\u00eds?<\/li>\n<\/p>\n<\/p>\n<\/p>\n<\/p>\n<\/p>\n<li>\u00bfCu\u00e1les son los m\u00e9todos de pago?<\/li>\n<\/p>\n<\/p>\n<\/p>\n<\/p>\n<\/p>\n<li>\u00bfCu\u00e1ntos d\u00edas puedo estar como turista en Francia?<\/li>\n<\/p>\n<\/p>\n<\/p>\n<\/ul>\n<\/p>\n<\/p>\n<\/p>\n<p>En esta imagen se puede ver <strong>una lista de las preguntas relacionadas en la SERP<\/strong> si se busca 'viaje a Par\u00eds' en Google.<\/p>\n<p>\"}}\n]}<\/script><\/p>\n<h2>M\u00e1s informaci\u00f3n sobre Faqs<\/h2>\n<p>Seguramente ya tienes una p\u00e1gina de preguntas y respuestas en tu sitio, pero no est\u00e1 de m\u00e1s que puedas optimizarlas \u00bfcierto? Aqu\u00ed tienes un enlace que te permitir\u00e1 conocer un poco m\u00e1s sobre el c\u00f3digo schema y <strong>cu\u00e1les son los errores m\u00e1s comunes al utilizar las faqs en Internet<\/strong>.<\/p>\n<ul>\n<li><a href=\"https:\/\/www.appyweb.es\/diccionario\/schema-markup\/\">\u00bfQu\u00e9 es el Schema Markup y para qu\u00e9 sirve?<\/a><\/li>\n<li><a href=\"https:\/\/web.archive.org\/web\/20130603170828\/http:\/www.re-orientation.com\/preguntas-frecuentes-que-no-lo-son-tanto\" rel=\"nofollow noopener\" target=\"_blank\">El mal uso de las FAQ en internet (Las preguntas frecuentes que no lo son tanto)<\/a><\/li>\n<\/ul>\n<p>&nbsp;<\/p>\n","protected":false},"excerpt":{"rendered":"<p>Son contenidos que indican preguntas frecuentes con sus respectivas respuestas, los faqs suelen disponerse en forma de lista con ayuda de un formato schema para optimizar el posicionamiento web. \u00bfQu\u00e9 son los faqs? Es una secci\u00f3n que se utiliza con frecuencia en el dise\u00f1o de sitios web, en ella se estructuran una lista de preguntas [&hellip;]<\/p>\n","protected":false},"author":1,"featured_media":13013,"parent":0,"menu_order":0,"comment_status":"closed","ping_status":"closed","template":"","meta":{"inline_featured_image":false,"footnotes":""},"class_list":["post-1597","page","type-page","status-publish","has-post-thumbnail","hentry"],"_links":{"self":[{"href":"https:\/\/www.appyweb.es\/diccionario\/wp-json\/wp\/v2\/pages\/1597","targetHints":{"allow":["GET"]}}],"collection":[{"href":"https:\/\/www.appyweb.es\/diccionario\/wp-json\/wp\/v2\/pages"}],"about":[{"href":"https:\/\/www.appyweb.es\/diccionario\/wp-json\/wp\/v2\/types\/page"}],"author":[{"embeddable":true,"href":"https:\/\/www.appyweb.es\/diccionario\/wp-json\/wp\/v2\/users\/1"}],"replies":[{"embeddable":true,"href":"https:\/\/www.appyweb.es\/diccionario\/wp-json\/wp\/v2\/comments?post=1597"}],"version-history":[{"count":7,"href":"https:\/\/www.appyweb.es\/diccionario\/wp-json\/wp\/v2\/pages\/1597\/revisions"}],"predecessor-version":[{"id":13014,"href":"https:\/\/www.appyweb.es\/diccionario\/wp-json\/wp\/v2\/pages\/1597\/revisions\/13014"}],"wp:featuredmedia":[{"embeddable":true,"href":"https:\/\/www.appyweb.es\/diccionario\/wp-json\/wp\/v2\/media\/13013"}],"wp:attachment":[{"href":"https:\/\/www.appyweb.es\/diccionario\/wp-json\/wp\/v2\/media?parent=1597"}],"curies":[{"name":"wp","href":"https:\/\/api.w.org\/{rel}","templated":true}]}}