{"id":1623,"date":"2023-06-21T09:33:19","date_gmt":"2023-06-21T09:33:19","guid":{"rendered":"https:\/\/www.appyweb.es\/diccionario\/?page_id=1623"},"modified":"2024-04-02T14:56:33","modified_gmt":"2024-04-02T14:56:33","slug":"fidelizacion","status":"publish","type":"page","link":"https:\/\/www.appyweb.es\/diccionario\/fidelizacion\/","title":{"rendered":"Fidelizaci\u00f3n"},"content":{"rendered":"<h1><img loading=\"lazy\" decoding=\"async\" class=\"alignnone  wp-image-13077\" src=\"https:\/\/www.appyweb.es\/diccionario\/wp-content\/uploads\/2024\/04\/Fidelizacion-300x180.jpg\" alt=\"Fidelizaci\u00f3n\" width=\"1148\" height=\"689\" srcset=\"https:\/\/www.appyweb.es\/diccionario\/wp-content\/uploads\/2024\/04\/Fidelizacion-300x180.jpg 300w, https:\/\/www.appyweb.es\/diccionario\/wp-content\/uploads\/2024\/04\/Fidelizacion-768x461.jpg 768w, https:\/\/www.appyweb.es\/diccionario\/wp-content\/uploads\/2024\/04\/Fidelizacion.jpg 1000w\" sizes=\"auto, (max-width: 1148px) 100vw, 1148px\" \/><\/h1>\n<p>El din\u00e1mico mundo del marketing exige creatividad, astucia y mucha acci\u00f3n para\u00a0mantener a los clientes y atraer m\u00e1s. <strong>La fidelizaci\u00f3n es una buena forma de lograrlo<\/strong>, hoy en d\u00eda incluye una serie de t\u00e9cnicas que pueden ser definitivas para hacer que un cliente se enamore de una marca.<\/p>\n<h2>\u00bfQu\u00e9 es la fidelizaci\u00f3n de clientes?<\/h2>\n<p>Se trata de un concepto que se utiliza en el marketing para <strong>definir la lealtad que se genera entre un cliente y una marca<\/strong>, es decir, el usuario suele adquirir de forma constante los productos de una empresa, por encima de su competencia. Aunque, anteriormente se cre\u00eda que esta relaci\u00f3n se generaba a partir del usuario, la verdad es que la empresa puede generar diferentes estrategias para fortalecer la fidelizaci\u00f3n por iniciativa.<\/p>\n<p>Por ejemplo, dentro del marketing digital existen <a href=\"https:\/\/www.appyweb.es\/embudo-ventas-e-commerce\/\">estrategias como el embudo de ventas<\/a> que incluye una tapa de engagement (el mismo t\u00e9rmino en ingl\u00e9s). Consiste en generar contenido despu\u00e9s de la compra <strong>para seguir generando inter\u00e9s en el cliente y as\u00ed vuelva a comprar<\/strong>.<\/p>\n<h2>\u00bfPara qu\u00e9 sirve?<\/h2>\n<p>Sirve para hacer que los clientes compren una y otra vez a una empresa. Tambi\u00e9n es <strong>un buen apalancamiento para tener m\u00e1s clientes<\/strong>, dado que al estar contentos con lo que compran, lo promover\u00e1n y eso aumentar\u00e1 las posibilidades de crecimiento. Al mismo tiempo, se implementan diferentes estrategias de marketing, que incluso pueden ser personalizadas, para que un cliente espor\u00e1dico se convierta en habitual.<\/p>\n<p>El objetivo de la fidelizaci\u00f3n es <strong>fortalecer la relaci\u00f3n entre el cliente y la empresa,<\/strong> de forma que siempre est\u00e9 por encima de la competencia. M\u00e1s que s\u00f3lo lograr que el cliente vuelva se trata de hacerlo sentir como parte de la empresa, para que se sienta identificado personalmente.<\/p>\n<h2>Estrategias de fidelizaci\u00f3n<\/h2>\n<p>Como se mencion\u00f3 anteriormente, muchas t\u00e9cnicas de marketing digital sirven para <strong>fortalecer la relaci\u00f3n con el cliente de forma online<\/strong>. De esta forma, se implementan algunas estrategias como las siguientes.<\/p>\n<ul>\n<li><strong>Mejorar la experiencia de usuario<\/strong>: Se lleva a cabo en el dise\u00f1o del sitio web para facilitar la navegaci\u00f3n del usuario dentro de la p\u00e1gina, de forma que el viaje de compras sea m\u00e1s f\u00e1cil e intuitivo.<\/li>\n<li><strong>Incluir atenci\u00f3n personalizada<\/strong>: Si se trata de un cliente que han comprado anteriormente se debe incluir la personalizaci\u00f3n, esto incluye estudios del comportamiento del usuario para apelar a su inter\u00e9s y expectativas.<\/li>\n<li><strong>Segmentar los tipos de clientes<\/strong>: Esto permitir\u00e1 a la empresa identificar a los clientes seg\u00fan la fase en la que se encuentran, de esa forma, se aplican diferentes m\u00e9todos de engagement a los usuarios habituales.<\/li>\n<li><strong>Env\u00edo de email marketing<\/strong>: Es una estrategia propia del inbound marketing y consiste en <strong>distribuir contenido que sea de inter\u00e9s para el usuario.<\/strong> Aqu\u00ed tambi\u00e9n se realiza un estudio sobre sus necesidades, para ofrecerle justo lo que estaba buscando.<\/li>\n<\/ul>\n<h2>Ejemplo<\/h2>\n<p>Starbucks es una de las empresas que mejor se destaca cuando se trata de fidelizar a trav\u00e9s de herramientas digitales. En este caso, utiliza una aplicaci\u00f3n conocida como My Starbucks Rewards. Se trata de un programa que se ha llevado a cabo en diferentes franquicias de la marca que <strong>les permite a los clientes ganar estrellas por cada compra<\/strong>.<\/p>\n<p>De esta forma, los usuarios pueden estar al tanto de cada vez que tiene una recompensa a trav\u00e9s de su m\u00f3vil, algunos de los premios pueden ser debidas gratis, cupones de descuento, ofertas especiales y otros regalos. Esta estrategia de engagement es tan exitosa que actualmente cuenta con 9 millones de miembros.<\/p>\n<p><script type=\"application\/ld+json\">{\"@context\":\"https:\/\/schema.org\",\"@type\":\"FAQPage\",\"mainEntity\":[ \n{\"@type\":\"Question\",\"name\":\"\u00bfQu\u00e9 es la fidelizaci\u00f3n de clientes?\",\"acceptedAnswer\":{\"@type\":\"Answer\",\"text\":\"<\/p>\n<p>Se trata de un concepto que se utiliza en el marketing para <strong>definir la lealtad que se genera entre un cliente y una marca<\/strong>, es decir, el usuario suele adquirir de forma constante los productos de una empresa, por encima de su competencia. Aunque, anteriormente se cre\u00eda que esta relaci\u00f3n se generaba a partir del usuario, la verdad es que la empresa puede generar diferentes estrategias para fortalecer la fidelizaci\u00f3n por iniciativa.<\/p>\n<p>Por ejemplo, dentro del marketing digital existen <a href='https:\/\/www.appyweb.es\/embudo-ventas-e-commerce\/'>estrategias como el embudo de ventas<\/a> que incluye una tapa de engagement (el mismo t\u00e9rmino en ingl\u00e9s). Consiste en generar contenido despu\u00e9s de la compra <strong>para seguir generando inter\u00e9s en el cliente y as\u00ed vuelva a comprar<\/strong>.<\/p>\n<p>\"}},\n{\"@type\":\"Question\",\"name\":\"\u00bfPara qu\u00e9 sirve?\",\"acceptedAnswer\":{\"@type\":\"Answer\",\"text\":\"<\/p>\n<p>Sirve para hacer que los clientes compren una y otra vez a una empresa. Tambi\u00e9n es <strong>un buen apalancamiento para tener m\u00e1s clientes<\/strong>, dado que al estar contentos con lo que compran, lo promover\u00e1n y eso aumentar\u00e1 las posibilidades de crecimiento. Al mismo tiempo, se implementan diferentes estrategias de marketing, que incluso pueden ser personalizadas, para que un cliente espor\u00e1dico se convierta en habitual.<\/p>\n<p>El objetivo de la fidelizaci\u00f3n es <strong>fortalecer la relaci\u00f3n entre el cliente y la empresa,<\/strong> de forma que siempre est\u00e9 por encima de la competencia. M\u00e1s que s\u00f3lo lograr que el cliente vuelva se trata de hacerlo sentir como parte de la empresa, para que se sienta identificado personalmente.<\/p>\n<p>\"}},\n{\"@type\":\"Question\",\"name\":\"Estrategias de fidelizaci\u00f3n\",\"acceptedAnswer\":{\"@type\":\"Answer\",\"text\":\"<\/p>\n<p>Como se mencion\u00f3 anteriormente, muchas t\u00e9cnicas de marketing digital sirven para <strong>fortalecer la relaci\u00f3n con el cliente de forma online<\/strong>. De esta forma, se implementan algunas estrategias como las siguientes.<\/p>\n<\/p>\n<\/p>\n<ul>\n<\/p>\n<\/p>\n<li><strong>Mejorar la experiencia de usuario<\/strong>: Se lleva a cabo en el dise\u00f1o del sitio web para facilitar la navegaci\u00f3n del usuario dentro de la p\u00e1gina, de forma que el viaje de compras sea m\u00e1s f\u00e1cil e intuitivo.<\/li>\n<\/p>\n<\/p>\n<\/p>\n<li><strong>Incluir atenci\u00f3n personalizada<\/strong>: Si se trata de un cliente que han comprado anteriormente se debe incluir la personalizaci\u00f3n, esto incluye estudios del comportamiento del usuario para apelar a su inter\u00e9s y expectativas.<\/li>\n<\/p>\n<\/p>\n<\/p>\n<li><strong>Segmentar los tipos de clientes<\/strong>: Esto permitir\u00e1 a la empresa identificar a los clientes seg\u00fan la fase en la que se encuentran, de esa forma, se aplican diferentes m\u00e9todos de engagement a los usuarios habituales.<\/li>\n<\/p>\n<\/p>\n<\/p>\n<li><strong>Env\u00edo de email marketing<\/strong>: Es una estrategia propia del inbound marketing y consiste en <strong>distribuir contenido que sea de inter\u00e9s para el usuario.<\/strong> Aqu\u00ed tambi\u00e9n se realiza un estudio sobre sus necesidades, para ofrecerle justo lo que estaba buscando.<\/li>\n<\/p>\n<\/ul>\n<\/p>\n<p>\"}},\n{\"@type\":\"Question\",\"name\":\"Ejemplo\",\"acceptedAnswer\":{\"@type\":\"Answer\",\"text\":\"<\/p>\n<p>Starbucks es una de las empresas que mejor se destaca cuando se trata de fidelizar a trav\u00e9s de herramientas digitales. En este caso, utiliza una aplicaci\u00f3n conocida como My Starbucks Rewards. Se trata de un programa que se ha llevado a cabo en diferentes franquicias de la marca que <strong>les permite a los clientes ganar estrellas por cada compra<\/strong>.<\/p>\n<p>De esta forma, los usuarios pueden estar al tanto de cada vez que tiene una recompensa a trav\u00e9s de su m\u00f3vil, algunos de los premios pueden ser debidas gratis, cupones de descuento, ofertas especiales y otros regalos. Esta estrategia de engagement es tan exitosa que actualmente cuenta con 9 millones de miembros.<\/p>\n<p>\"}}\n]}<\/script><\/p>\n<h2>M\u00e1s informaci\u00f3n sobre fidelizaci\u00f3n<\/h2>\n<p>As\u00ed que la fidelizaci\u00f3n sigue siendo <strong>igual de importante que enfocarte en tus clientes nuevos<\/strong>, es por eso que aqu\u00ed te dejamos un par de enlaces para ayudarte ampliar la informaci\u00f3n que necesitas para implementar esta estrategia, no te las pierdas.<\/p>\n<ul>\n<li><a href=\"https:\/\/www.appyweb.es\/11-estrategias-aumentar-conversion-la-fidelizacion-clientes\/\">11 estrategias para aumentar la conversi\u00f3n y fidelizaci\u00f3n<\/a><\/li>\n<li><a href=\"https:\/\/dirigentesdigital.com\/tecnologia\/fidelizacion-de-clientes-vender-emociones-para-conquistar-corazones\" rel=\"nofollow noopener\" target=\"_blank\">Fidelizaci\u00f3n de clientes: Vender emociones para conquistar corazones<\/a><\/li>\n<\/ul>\n<p>&nbsp;<\/p>\n","protected":false},"excerpt":{"rendered":"<p>El din\u00e1mico mundo del marketing exige creatividad, astucia y mucha acci\u00f3n para\u00a0mantener a los clientes y atraer m\u00e1s. La fidelizaci\u00f3n es una buena forma de lograrlo, hoy en d\u00eda incluye una serie de t\u00e9cnicas que pueden ser definitivas para hacer que un cliente se enamore de una marca. \u00bfQu\u00e9 es la fidelizaci\u00f3n de clientes? Se [&hellip;]<\/p>\n","protected":false},"author":1,"featured_media":13077,"parent":0,"menu_order":0,"comment_status":"closed","ping_status":"closed","template":"","meta":{"inline_featured_image":false,"footnotes":""},"class_list":["post-1623","page","type-page","status-publish","has-post-thumbnail","hentry"],"_links":{"self":[{"href":"https:\/\/www.appyweb.es\/diccionario\/wp-json\/wp\/v2\/pages\/1623","targetHints":{"allow":["GET"]}}],"collection":[{"href":"https:\/\/www.appyweb.es\/diccionario\/wp-json\/wp\/v2\/pages"}],"about":[{"href":"https:\/\/www.appyweb.es\/diccionario\/wp-json\/wp\/v2\/types\/page"}],"author":[{"embeddable":true,"href":"https:\/\/www.appyweb.es\/diccionario\/wp-json\/wp\/v2\/users\/1"}],"replies":[{"embeddable":true,"href":"https:\/\/www.appyweb.es\/diccionario\/wp-json\/wp\/v2\/comments?post=1623"}],"version-history":[{"count":6,"href":"https:\/\/www.appyweb.es\/diccionario\/wp-json\/wp\/v2\/pages\/1623\/revisions"}],"predecessor-version":[{"id":13078,"href":"https:\/\/www.appyweb.es\/diccionario\/wp-json\/wp\/v2\/pages\/1623\/revisions\/13078"}],"wp:featuredmedia":[{"embeddable":true,"href":"https:\/\/www.appyweb.es\/diccionario\/wp-json\/wp\/v2\/media\/13077"}],"wp:attachment":[{"href":"https:\/\/www.appyweb.es\/diccionario\/wp-json\/wp\/v2\/media?parent=1623"}],"curies":[{"name":"wp","href":"https:\/\/api.w.org\/{rel}","templated":true}]}}