{"id":164,"date":"2023-06-19T13:40:56","date_gmt":"2023-06-19T13:40:56","guid":{"rendered":"https:\/\/www.appyweb.es\/diccionario\/?page_id=164"},"modified":"2024-02-19T23:28:10","modified_gmt":"2024-02-19T23:28:10","slug":"apple","status":"publish","type":"page","link":"https:\/\/www.appyweb.es\/diccionario\/apple\/","title":{"rendered":"Apple"},"content":{"rendered":"<h1 class=\"entry-title main_title\"><img loading=\"lazy\" decoding=\"async\" class=\" wp-image-8322 aligncenter\" src=\"https:\/\/www.appyweb.es\/diccionario\/wp-content\/uploads\/2023\/08\/que-es-Apple-300x223.jpg\" alt=\"\" width=\"705\" height=\"524\" srcset=\"https:\/\/www.appyweb.es\/diccionario\/wp-content\/uploads\/2023\/08\/que-es-Apple-300x223.jpg 300w, https:\/\/www.appyweb.es\/diccionario\/wp-content\/uploads\/2023\/08\/que-es-Apple-1024x763.jpg 1024w, https:\/\/www.appyweb.es\/diccionario\/wp-content\/uploads\/2023\/08\/que-es-Apple-768x572.jpg 768w, https:\/\/www.appyweb.es\/diccionario\/wp-content\/uploads\/2023\/08\/que-es-Apple-1536x1144.jpg 1536w, https:\/\/www.appyweb.es\/diccionario\/wp-content\/uploads\/2023\/08\/que-es-Apple-2048x1525.jpg 2048w\" sizes=\"auto, (max-width: 705px) 100vw, 705px\" \/><\/h1>\n<p><strong>Apple es una de las empresas multinacionales m\u00e1s importantes de los \u00faltimos tiempos<\/strong>\u00a0en el \u00e1mbito de equipos electr\u00f3nicos, pues sus productos son de alta tecnolog\u00eda, exclusivos y novedosos, atrayendo as\u00ed a una clientela exigente de todas partes del mundo.<\/p>\n<h2>\u00bfQu\u00e9 es Apple?<\/h2>\n<p>Es una empresa multinacional de origen estadounidense fundada en 1976 por Steve Jobs. Apple se dedica principalmente a la fabricaci\u00f3n y venta de equipos electr\u00f3nicos, as\u00ed como tambi\u00e9n de los software que ellos poseen.<\/p>\n<p><strong>Es una de las empresas electr\u00f3nicas m\u00e1s populares en el mundo debido a la originalidad y calidad de todos sus productos<\/strong>, as\u00ed como <a href=\"https:\/\/www.appyweb.es\/desarrollo-app\/\">del dise\u00f1o de su tienda online<\/a>, siendo una de las m\u00e1s intuitivas e inteligentes del mercado.<\/p>\n<h2>Historia de Apple<\/h2>\n<p>Esta distinguida empresa naci\u00f3 de la idea de dos j\u00f3venes en 1971, Steve Wozniak y Steave Jobs se conocieron cuando ten\u00edan 21 y 15 a\u00f1os respectivamente. Ambos ten\u00edan un gusto especial por la electr\u00f3nica, por lo que empezaron a pasar m\u00e1s tiempo juntos tratando de crear una idea de su propia computadora. A partir de 1976 hasta 1980 se fund\u00f3 oficialmente bajo el nombre de Apple Computer, en esos a\u00f1os comercializaron al menos 200 ejemplares de su primer producto Apple I.<\/p>\n<p>A partir de 1981 pondr\u00edan a la venta su equipo m\u00e1s exitoso, el ordenador Macintosh, que fue promocionado exitosamente a trav\u00e9s de un anuncio de televisi\u00f3n durante el Super Bowl.<\/p>\n<p>M\u00e1s adelante en los a\u00f1os 90, se realiz\u00f3 una reestructuraci\u00f3n de la organizaci\u00f3n, con la esperanza de recuperarse del declive que hab\u00eda provocado la inversi\u00f3n en la producci\u00f3n del Macintosh y sus versiones posteriores, que costaban m\u00e1s del precio al que se vend\u00edan. A partir del a\u00f1o 2000 hasta el 2010 se produjo un crecimiento en la empresa gracias a la exitosa venta de dispositivos port\u00e1tiles, en el a\u00f1o 2011 se produce la muerte de su fundador Steve Jobs. Pero la empresa sigui\u00f3 expandi\u00e9ndose hasta llegar a posicionarse como la marca de referencia m\u00e1s importante en tecnolog\u00eda electr\u00f3nica e inteligente.<\/p>\n<h2>Identidad y dimensi\u00f3n de Apple<\/h2>\n<p>Desde la aparici\u00f3n de su primer producto exitoso (Macintosh) se identifica con un logo de una manzana mordida con una hoja en el tallo. Hace referencia al momento en el cu\u00e1l Isaac Newton descubre la fuerza de gravedad al ser golpeado por una manzana sobre su cabeza.<\/p>\n<p>Por otro lado, otra caracter\u00edstica de su identidad es que la mayor\u00eda de sus productos tiene la letra \u201ci\u201d al inicio de sus nombres (iPod, iPhone), que su traducci\u00f3n al espa\u00f1ol se refiere al \u201cyo\u201d. De esta forma<strong>, hacen sentir al usuario conectado con la empresa y con los dise\u00f1os sencillos y minimalistas de cada producto. <\/strong><\/p>\n<p>La empresa tiene un aproximado de 90.000 trabajadores alrededor del mundo, aparte, las cifras de sus activos son de m\u00e1s de 220 mil millones de d\u00f3lares, siendo <strong>sus ingresos de m\u00e1s de 184 mil millones de d\u00f3lares anualmente<\/strong>. Con esto, se observa el gran capital y el dominio que tiene esta empresa en el mercado tecnol\u00f3gico.<\/p>\n<h2>Principales productos Apple<\/h2>\n<p>Los productos de la empresa son realmente conocidos y muy codiciados a nivel mundial. Estos se caracterizan por tener un dise\u00f1o \u00fanico, atractivo y funcional,<strong> pero tambi\u00e9n destacan por la independencia de su software, distinto a sus competidores como Android, ya que cuenta con servicios muy completos como su <a href=\"https:\/\/www.appyweb.es\/diccionario\/app-store\/\">App Store<\/a><\/strong>. Entre los principales productos que comercializan se encuentran:<\/p>\n<h2>Equipos electr\u00f3nicos<\/h2>\n<ul>\n<li>Iphone<\/li>\n<li>Ipad<\/li>\n<li>Ipod<\/li>\n<li>MacBook<\/li>\n<li>Apple watch<\/li>\n<li>Apple TV<\/li>\n<\/ul>\n<h2>Software<\/h2>\n<ul>\n<li>iOS<\/li>\n<li>macOS<\/li>\n<li>tvOS<\/li>\n<li>iTunes<\/li>\n<li>Final Cut Pro<\/li>\n<li>Safari<\/li>\n<li>WatchOS<\/li>\n<\/ul>\n<h2><script type=\"application\/ld+json\">{\"@context\":\"https:\/\/schema.org\",\"@type\":\"FAQPage\",\"mainEntity\":[ \n{\"@type\":\"Question\",\"name\":\"\u00bfQu\u00e9 es Apple?\",\"acceptedAnswer\":{\"@type\":\"Answer\",\"text\":\"<\/p>\n<\/p>\n<p>Es una empresa multinacional de origen estadounidense fundada en 1976 por Steve Jobs. Apple se dedica principalmente a la fabricaci\u00f3n y venta de equipos electr\u00f3nicos, as\u00ed como tambi\u00e9n de los software que ellos poseen. Es una de las empresas electr\u00f3nicas m\u00e1s populares en el mundo debido a la originalidad y calidad de todos sus productos, as\u00ed como del dise\u00f1o de su tienda online, siendo una de las m\u00e1s intuitivas e inteligentes del mercado.<\/p>\n<\/p>\n<p>\"}},\n{\"@type\":\"Question\",\"name\":\"Historia de Apple\",\"acceptedAnswer\":{\"@type\":\"Answer\",\"text\":\"<\/p>\n<\/p>\n<p>Esta distinguida empresa naci\u00f3 de la idea de dos j\u00f3venes en 1971, Steve Wozniak y Steave Jobs se conocieron cuando ten\u00edan 21 y 15 a\u00f1os respectivamente. Ambos ten\u00edan un gusto especial por la electr\u00f3nica, por lo que empezaron a pasar m\u00e1s tiempo juntos tratando de crear una idea de su propia computadora. A partir de 1976 hasta 1980 se fund\u00f3 oficialmente bajo el nombre de Apple Computer, en esos a\u00f1os comercializaron al menos 200 ejemplares de su primer producto Apple I. A partir de 1981 pondr\u00edan a la venta su equipo m\u00e1s exitoso, el ordenador Macintosh, que fue promocionado exitosamente a trav\u00e9s de un anuncio de televisi\u00f3n durante el Super Bowl. M\u00e1s adelante en los a\u00f1os 90, se realiz\u00f3 una reestructuraci\u00f3n de la organizaci\u00f3n, con la esperanza de recuperarse del declive que hab\u00eda provocado la inversi\u00f3n en la producci\u00f3n del Macintosh y sus versiones posteriores, que costaban m\u00e1s del precio al que se vend\u00edan. A partir del a\u00f1o 2000 hasta el 2010 se produjo un crecimiento en la empresa gracias a la exitosa venta de dispositivos port\u00e1tiles, en el a\u00f1o 2011 se produce la muerte de su fundador Steve Jobs. Pero la empresa sigui\u00f3 expandi\u00e9ndose hasta llegar a posicionarse como la marca de referencia m\u00e1s importante en tecnolog\u00eda electr\u00f3nica e inteligente.<\/p>\n<\/p>\n<p>\"}},\n{\"@type\":\"Question\",\"name\":\"Identidad y dimensi\u00f3n de Apple\",\"acceptedAnswer\":{\"@type\":\"Answer\",\"text\":\"<\/p>\n<\/p>\n<p>Desde la aparici\u00f3n de su primer producto exitoso (Macintosh) se identifica con un logo de una manzana mordida con una hoja en el tallo. Hace referencia al momento en el cu\u00e1l Isaac Newton descubre la fuerza de gravedad al ser golpeado por una manzana sobre su cabeza. Por otro lado, otra caracter\u00edstica de su identidad es que la mayor\u00eda de sus productos tiene la letra \u201ci\u201d al inicio de sus nombres (iPod, iPhone), que su traducci\u00f3n al espa\u00f1ol se refiere al \u201cyo\u201d. De esta forma, hacen sentir al usuario conectado con la empresa y con los dise\u00f1os sencillos y minimalistas de cada producto. La empresa tiene un aproximado de 90.000 trabajadores alrededor del mundo, aparte, las cifras de sus activos son de m\u00e1s de 220 mil millones de d\u00f3lares, siendo sus ingresos de m\u00e1s de 184 mil millones de d\u00f3lares anualmente. Con esto, se observa el gran capital y el dominio que tiene esta empresa en el mercado tecnol\u00f3gico.<\/p>\n<\/p>\n<p>\"}},\n{\"@type\":\"Question\",\"name\":\"Principales productos Apple\",\"acceptedAnswer\":{\"@type\":\"Answer\",\"text\":\"<\/p>\n<\/p>\n<p>Los productos de la empresa son realmente conocidos y muy codiciados a nivel mundial. Estos se caracterizan por tener un dise\u00f1o \u00fanico, atractivo y funcional, pero tambi\u00e9n destacan por la independencia de su software, distinto a sus competidores como Android, ya que cuenta con servicios muy completos como su App Store. Entre los principales productos que comercializan se encuentran:<\/p>\n<\/p>\n<p>\"}},\n{\"@type\":\"Question\",\"name\":\"Equipos electr\u00f3nicos\",\"acceptedAnswer\":{\"@type\":\"Answer\",\"text\":\"Iphone\nIpad\nIpod\nMacBook\nApple watch\nApple TV\"}},\n{\"@type\":\"Question\",\"name\":\"Software\",\"acceptedAnswer\":{\"@type\":\"Answer\",\"text\":\"iOS\nmacOS\ntvOS\niTunes\nFinal Cut Pro\nSafari\nWatchOS\"}}\n]}<\/script><br \/>\n<span id=\"%F0%9F%93%8C_Mas_informacion_sobre_Apple\" class=\"ez-toc-section\"><\/span>M\u00e1s informaci\u00f3n sobre Apple<\/h2>\n<ul>\n<li><a href=\"http:\/\/www.eltiempo.com\/tecnosfera\/novedades-tecnologia\/datos-curiosos-de-apple\/16551831\" rel=\"nofollow noopener\" target=\"_blank\">40 datos curiosos de Apple en sus 40 a\u00f1os de historia<\/a>.<\/li>\n<\/ul>\n<p>&nbsp;<\/p>\n","protected":false},"excerpt":{"rendered":"<p>Apple es una de las empresas multinacionales m\u00e1s importantes de los \u00faltimos tiempos\u00a0en el \u00e1mbito de equipos electr\u00f3nicos, pues sus productos son de alta tecnolog\u00eda, exclusivos y novedosos, atrayendo as\u00ed a una clientela exigente de todas partes del mundo. \u00bfQu\u00e9 es Apple? Es una empresa multinacional de origen estadounidense fundada en 1976 por Steve Jobs. [&hellip;]<\/p>\n","protected":false},"author":1,"featured_media":8322,"parent":0,"menu_order":0,"comment_status":"closed","ping_status":"closed","template":"","meta":{"inline_featured_image":false,"footnotes":""},"class_list":["post-164","page","type-page","status-publish","has-post-thumbnail","hentry"],"_links":{"self":[{"href":"https:\/\/www.appyweb.es\/diccionario\/wp-json\/wp\/v2\/pages\/164","targetHints":{"allow":["GET"]}}],"collection":[{"href":"https:\/\/www.appyweb.es\/diccionario\/wp-json\/wp\/v2\/pages"}],"about":[{"href":"https:\/\/www.appyweb.es\/diccionario\/wp-json\/wp\/v2\/types\/page"}],"author":[{"embeddable":true,"href":"https:\/\/www.appyweb.es\/diccionario\/wp-json\/wp\/v2\/users\/1"}],"replies":[{"embeddable":true,"href":"https:\/\/www.appyweb.es\/diccionario\/wp-json\/wp\/v2\/comments?post=164"}],"version-history":[{"count":9,"href":"https:\/\/www.appyweb.es\/diccionario\/wp-json\/wp\/v2\/pages\/164\/revisions"}],"predecessor-version":[{"id":11262,"href":"https:\/\/www.appyweb.es\/diccionario\/wp-json\/wp\/v2\/pages\/164\/revisions\/11262"}],"wp:featuredmedia":[{"embeddable":true,"href":"https:\/\/www.appyweb.es\/diccionario\/wp-json\/wp\/v2\/media\/8322"}],"wp:attachment":[{"href":"https:\/\/www.appyweb.es\/diccionario\/wp-json\/wp\/v2\/media?parent=164"}],"curies":[{"name":"wp","href":"https:\/\/api.w.org\/{rel}","templated":true}]}}