{"id":1643,"date":"2023-06-21T09:41:22","date_gmt":"2023-06-21T09:41:22","guid":{"rendered":"https:\/\/www.appyweb.es\/diccionario\/?page_id=1643"},"modified":"2024-04-02T15:24:41","modified_gmt":"2024-04-02T15:24:41","slug":"filezilla","status":"publish","type":"page","link":"https:\/\/www.appyweb.es\/diccionario\/filezilla\/","title":{"rendered":"FileZilla"},"content":{"rendered":"<h1><img loading=\"lazy\" decoding=\"async\" class=\"alignnone  wp-image-13092\" src=\"https:\/\/www.appyweb.es\/diccionario\/wp-content\/uploads\/2024\/04\/FileZilla-300x180.jpg\" alt=\"FileZilla\" width=\"1122\" height=\"673\" srcset=\"https:\/\/www.appyweb.es\/diccionario\/wp-content\/uploads\/2024\/04\/FileZilla-300x180.jpg 300w, https:\/\/www.appyweb.es\/diccionario\/wp-content\/uploads\/2024\/04\/FileZilla-768x461.jpg 768w, https:\/\/www.appyweb.es\/diccionario\/wp-content\/uploads\/2024\/04\/FileZilla.jpg 1000w\" sizes=\"auto, (max-width: 1122px) 100vw, 1122px\" \/><\/h1>\n<p>Se trata de\u00a0 una aplicaci\u00f3n que puede generar un protocolo de transferencia de archivos de forma gratuita. <strong>FileZilla es de c\u00f3digo abierto<\/strong>, por lo tanto, muchos desarrolladores participan en la optimizaci\u00f3n del programa.<\/p>\n<h2>\u00bfQu\u00e9 es File Zilla?<\/h2>\n<p>M\u00e1s t\u00e9cnicamente, se trata de un software que permite alojar y tambi\u00e9n compartir archivos a trav\u00e9s de una red, con su arquitectura basada en cliente-servidor <strong>puede transferir archivos de forma bidireccional<\/strong>. En este sentido, es una herramienta que se conecta con el servidor para modificar archivos de forma remota<\/p>\n<p>Gracias a su funcionalidad multiplataforma, est\u00e1 disponible en Windows, en Ubuntu y en cualquier otro sistema operativo.<\/p>\n<h2>Origen<\/h2>\n<p>Originalmente, fue dise\u00f1ado para transferir archivos desde y para Windows, pero gracias a la utilizaci\u00f3n de wxWidgets en su versi\u00f3n 3 es posible <strong>descargarlo y utilizarlo en cualquier sistema operativo<\/strong>. \u00c9sta herramienta fue desarrollada principalmente como un proyecto de inform\u00e1tica por parte de su desarrollador Tim Kosse y dos compa\u00f1eros de clase.<\/p>\n<p>El proyecto se empez\u00f3 en enero de 2001 y fue publicada en versi\u00f3n alfa a finales de febrero de 2001. M\u00e1s adelante, se incorporaron todas las caracter\u00edsticas requeridas para su funcionamiento en la versi\u00f3n Beta 2.1.<\/p>\n<h2>\u00bfPara qu\u00e9 sirve FileZilla?<\/h2>\n<p>Con su capacidad para distribuir archivos a trav\u00e9s del protocolo FTP, FileZilla permiten que otras personas puedan conectarse a un dispositivo utilizando este cliente, de forma que puedan descargar transferir o modificar cualquier tipo de archivo. A parte, <strong>\u00e9ste programa est\u00e1 dise\u00f1ado para trabajar en m\u00faltiples plataformas<\/strong> como: Microsoft Windows, Gnu\/Linux, MacOs y FreeBSD. Adem\u00e1s, posee las versiones servidor y cliente. Igualmente, Es m\u00e1s eficiente que hacerlo con cualquier otro programa, aparte el proceso es m\u00e1s r\u00e1pido.<\/p>\n<p>Al momento de utilizarlo es necesario cumplir con una serie de datos, al igual que con cualquier otro protocolo de transferencia de archivos, se necesita lo siguiente.<\/p>\n<ul>\n<li><strong>Servidor<\/strong>: Es la direcci\u00f3n IP o el dominio al que se va a conectar el usuario.<\/li>\n<li><strong>Nombre de usuario<\/strong>: Se debe a\u00f1adir un nombre para identificar el dispositivo o cliente.<\/li>\n<li><strong>Contrase\u00f1a<\/strong>: Configurar una contrase\u00f1a es necesario en caso de que el servidor sea privado.<\/li>\n<li><strong>Puerto<\/strong>: Es el dispositivo que se va a utilizar para establecer una conexi\u00f3n.<\/li>\n<\/ul>\n<h2>C\u00f3mo usar FileZilla<\/h2>\n<ol>\n<li>Los primero es ingresar al <em>panel de administrador<\/em> del servicio de hosting contratado.<\/li>\n<li>Seguidamente, se hace clic en la secci\u00f3n <em>archivos<\/em> y se selecciona el men\u00fa <em>acceso FTP<\/em>.<\/li>\n<li>All\u00ed se incluyen los datos necesarios para ingresar con el protocolo, como se mencion\u00f3 anteriormente, se indica la contrase\u00f1a, el usuario, el puerto, entre otros.<\/li>\n<li>Al confirmar los datos anteriores se procede a <strong>abrir cualquier navegador para descargar el programa de FileZilla<\/strong>.<\/li>\n<li>Dentro del gestor del programa se debe seleccionar la carpeta <em>archivo<\/em> y <em>gestor de sitio<\/em>, tambi\u00e9n se puede acceder a esto haciendo ctrl + S.<\/li>\n<li>En la carpeta <em>nuevo sitio<\/em> se a\u00f1aden los datos que se generaron en la p\u00e1gina de hosting.<\/li>\n<li>Para finalizar, se hace clic en <em>aceptar<\/em> para verificar la conexi\u00f3n.<\/li>\n<\/ol>\n<p><script type=\"application\/ld+json\">{\"@context\":\"https:\/\/schema.org\",\"@type\":\"FAQPage\",\"mainEntity\":[ \n{\"@type\":\"Question\",\"name\":\"\u00bfQu\u00e9 es File Zilla?\",\"acceptedAnswer\":{\"@type\":\"Answer\",\"text\":\"<\/p>\n<p>M\u00e1s t\u00e9cnicamente, se trata de un software que permite alojar y tambi\u00e9n compartir archivos a trav\u00e9s de una red, con su arquitectura basada en cliente-servidor <strong>puede transferir archivos de forma bidireccional<\/strong>. En este sentido, es una herramienta que se conecta con el servidor para modificar archivos de forma remota<\/p>\n<p>Gracias a su funcionalidad multiplataforma, est\u00e1 disponible en Windows, en Ubuntu y en cualquier otro sistema operativo.<\/p>\n<p>\"}},\n{\"@type\":\"Question\",\"name\":\"Origen\",\"acceptedAnswer\":{\"@type\":\"Answer\",\"text\":\"<\/p>\n<p>Originalmente, fue dise\u00f1ado para transferir archivos desde y para Windows, pero gracias a la utilizaci\u00f3n de wxWidgets en su versi\u00f3n 3 es posible <strong>descargarlo y utilizarlo en cualquier sistema operativo<\/strong>. \u00c9sta herramienta fue desarrollada principalmente como un proyecto de inform\u00e1tica por parte de su desarrollador Tim Kosse y dos compa\u00f1eros de clase.<\/p>\n<p>El proyecto se empez\u00f3 en enero de 2001 y fue publicada en versi\u00f3n alfa a finales de febrero de 2001. M\u00e1s adelante, se incorporaron todas las caracter\u00edsticas requeridas para su funcionamiento en la versi\u00f3n Beta 2.1.<\/p>\n<p>\"}},\n{\"@type\":\"Question\",\"name\":\"\u00bfPara qu\u00e9 sirve FileZilla?\",\"acceptedAnswer\":{\"@type\":\"Answer\",\"text\":\"<\/p>\n<p>Con su capacidad para distribuir archivos a trav\u00e9s del protocolo FTP, FileZilla permiten que otras personas puedan conectarse a un dispositivo utilizando este cliente, de forma que puedan descargar transferir o modificar cualquier tipo de archivo. A parte, <strong>\u00e9ste programa est\u00e1 dise\u00f1ado para trabajar en m\u00faltiples plataformas<\/strong> como: Microsoft Windows, Gnu\/Linux, MacOs y FreeBSD. Adem\u00e1s, posee las versiones servidor y cliente. Igualmente, Es m\u00e1s eficiente que hacerlo con cualquier otro programa, aparte el proceso es m\u00e1s r\u00e1pido.<\/p>\n<p>Al momento de utilizarlo es necesario cumplir con una serie de datos, al igual que con cualquier otro protocolo de transferencia de archivos, se necesita lo siguiente.<\/p>\n<\/p>\n<\/p>\n<ul>\n<\/p>\n<\/p>\n<li><strong>Servidor<\/strong>: Es la direcci\u00f3n IP o el dominio al que se va a conectar el usuario.<\/li>\n<\/p>\n<\/p>\n<\/p>\n<li><strong>Nombre de usuario<\/strong>: Se debe a\u00f1adir un nombre para identificar el dispositivo o cliente.<\/li>\n<\/p>\n<\/p>\n<\/p>\n<li><strong>Contrase\u00f1a<\/strong>: Configurar una contrase\u00f1a es necesario en caso de que el servidor sea privado.<\/li>\n<\/p>\n<\/p>\n<\/p>\n<li><strong>Puerto<\/strong>: Es el dispositivo que se va a utilizar para establecer una conexi\u00f3n.<\/li>\n<\/p>\n<\/ul>\n<\/p>\n<p>\"}},\n{\"@type\":\"Question\",\"name\":\"C\u00f3mo usar FileZilla\",\"acceptedAnswer\":{\"@type\":\"Answer\",\"text\":\"<\/p>\n<\/p>\n<\/p>\n<ol>\n<\/p>\n<\/p>\n<li>Los primero es ingresar al <em>panel de administrador<\/em> del servicio de hosting contratado.<\/li>\n<\/p>\n<\/p>\n<\/p>\n<li>Seguidamente, se hace clic en la secci\u00f3n <em>archivos<\/em> y se selecciona el men\u00fa <em>acceso FTP<\/em>.<\/li>\n<\/p>\n<\/p>\n<\/p>\n<li>All\u00ed se incluyen los datos necesarios para ingresar con el protocolo, como se mencion\u00f3 anteriormente, se indica la contrase\u00f1a, el usuario, el puerto, entre otros.<\/li>\n<\/p>\n<\/p>\n<\/p>\n<li>Al confirmar los datos anteriores se procede a <strong>abrir cualquier navegador para descargar el programa de FileZilla<\/strong>.<\/li>\n<\/p>\n<\/p>\n<\/p>\n<li>Dentro del gestor del programa se debe seleccionar la carpeta <em>archivo<\/em> y <em>gestor de sitio<\/em>, tambi\u00e9n se puede acceder a esto haciendo ctrl + S.<\/li>\n<\/p>\n<\/p>\n<\/p>\n<li>En la carpeta <em>nuevo sitio<\/em> se a\u00f1aden los datos que se generaron en la p\u00e1gina de hosting.<\/li>\n<\/p>\n<\/p>\n<\/p>\n<li>Para finalizar, se hace clic en <em>aceptar<\/em> para verificar la conexi\u00f3n.<\/li>\n<\/p>\n<\/ol>\n<\/p>\n<p>\"}}\n]}<\/script><\/p>\n<h2>M\u00e1s informaci\u00f3n sobre FileZilla<\/h2>\n<p>Aqu\u00ed tienes un par de enlaces m\u00e1s para ampliar tu informaci\u00f3n con respecto a este programa y c\u00f3mo puedes aprovechar todas sus caracter\u00edsticas.<\/p>\n<ul>\n<li><a href=\"https:\/\/www.appyweb.es\/diccionario\/servidor-dedicado\/\">\u00bfQu\u00e9 es el servidor dedicado y para qu\u00e9 sirve?<\/a><\/li>\n<li><a href=\"https:\/\/es.wikipedia.org\/wiki\/FileZilla#Caracter%C3%ADsticas\" rel=\"nofollow noopener\" target=\"_blank\">Caracter\u00edsticas de FileZilla cliente<\/a><\/li>\n<\/ul>\n<p>&nbsp;<\/p>\n","protected":false},"excerpt":{"rendered":"<p>Se trata de\u00a0 una aplicaci\u00f3n que puede generar un protocolo de transferencia de archivos de forma gratuita. FileZilla es de c\u00f3digo abierto, por lo tanto, muchos desarrolladores participan en la optimizaci\u00f3n del programa. \u00bfQu\u00e9 es File Zilla? M\u00e1s t\u00e9cnicamente, se trata de un software que permite alojar y tambi\u00e9n compartir archivos a trav\u00e9s de una [&hellip;]<\/p>\n","protected":false},"author":1,"featured_media":13092,"parent":0,"menu_order":0,"comment_status":"closed","ping_status":"closed","template":"","meta":{"inline_featured_image":false,"footnotes":""},"class_list":["post-1643","page","type-page","status-publish","has-post-thumbnail","hentry"],"_links":{"self":[{"href":"https:\/\/www.appyweb.es\/diccionario\/wp-json\/wp\/v2\/pages\/1643","targetHints":{"allow":["GET"]}}],"collection":[{"href":"https:\/\/www.appyweb.es\/diccionario\/wp-json\/wp\/v2\/pages"}],"about":[{"href":"https:\/\/www.appyweb.es\/diccionario\/wp-json\/wp\/v2\/types\/page"}],"author":[{"embeddable":true,"href":"https:\/\/www.appyweb.es\/diccionario\/wp-json\/wp\/v2\/users\/1"}],"replies":[{"embeddable":true,"href":"https:\/\/www.appyweb.es\/diccionario\/wp-json\/wp\/v2\/comments?post=1643"}],"version-history":[{"count":6,"href":"https:\/\/www.appyweb.es\/diccionario\/wp-json\/wp\/v2\/pages\/1643\/revisions"}],"predecessor-version":[{"id":13096,"href":"https:\/\/www.appyweb.es\/diccionario\/wp-json\/wp\/v2\/pages\/1643\/revisions\/13096"}],"wp:featuredmedia":[{"embeddable":true,"href":"https:\/\/www.appyweb.es\/diccionario\/wp-json\/wp\/v2\/media\/13092"}],"wp:attachment":[{"href":"https:\/\/www.appyweb.es\/diccionario\/wp-json\/wp\/v2\/media?parent=1643"}],"curies":[{"name":"wp","href":"https:\/\/api.w.org\/{rel}","templated":true}]}}