{"id":1650,"date":"2023-06-21T09:44:11","date_gmt":"2023-06-21T09:44:11","guid":{"rendered":"https:\/\/www.appyweb.es\/diccionario\/?page_id=1650"},"modified":"2024-04-02T15:30:53","modified_gmt":"2024-04-02T15:30:53","slug":"filtros","status":"publish","type":"page","link":"https:\/\/www.appyweb.es\/diccionario\/filtros\/","title":{"rendered":"Filtros"},"content":{"rendered":"<h1><img loading=\"lazy\" decoding=\"async\" class=\"alignnone  wp-image-13101\" src=\"https:\/\/www.appyweb.es\/diccionario\/wp-content\/uploads\/2024\/04\/Filtros-300x180.jpg\" alt=\"Filtros\" width=\"1103\" height=\"662\" srcset=\"https:\/\/www.appyweb.es\/diccionario\/wp-content\/uploads\/2024\/04\/Filtros-300x180.jpg 300w, https:\/\/www.appyweb.es\/diccionario\/wp-content\/uploads\/2024\/04\/Filtros-768x461.jpg 768w, https:\/\/www.appyweb.es\/diccionario\/wp-content\/uploads\/2024\/04\/Filtros.jpg 1000w\" sizes=\"auto, (max-width: 1103px) 100vw, 1103px\" \/><\/h1>\n<p>Internet resguarda una gran cantidad de datos, es por eso que puede que los buscadores no lancen resultados muy espec\u00edficos durante una consulta. Pero, para eso se pueden utilizar los <strong>filtros o caracter\u00edsticas que se pueden aplicar en la b\u00fasqueda,<\/strong> para encontrar elementos muy espec\u00edficos. Sigue leyendo y mira c\u00f3mo funciona.<\/p>\n<h2>\u00bfQu\u00e9 son los filtros?<\/h2>\n<p>En Internet existen muchas herramientas que se conocen como <em>filtros<\/em>, en primer lugar y para descartar est\u00e1n los software de control de contenidos, <strong>son programas que permiten aplicar controles en el ordenador <\/strong>para evitar que los \u201cusuarios no administradores\u201d accedan a sitios web perjudiciales. Es muy utilizado para hacer control parental o en las aulas de inform\u00e1tica de clase. Utiliza un sistema de listas negras y blancas para aprobar o desaprobar el acceso a alg\u00fan sitio.<\/p>\n<p>Pero, esta vez vamos a hacer referencia a los <strong>par\u00e1metros que utilizan los buscadores para segmentar o personalizar una b\u00fasqueda<\/strong>. Por ejemplo, utilizando una localizaci\u00f3n espec\u00edfica o un idioma, es por eso que configurar esto en la <a href=\"https:\/\/www.appyweb.es\/posicionamiento-web\/\">optimizaci\u00f3n SEO es muy importante para posicionar<\/a>. Hay que hacer una diferencia entre los datos de configuraci\u00f3n de b\u00fasqueda, ya que estos se guardan permanentemente.<\/p>\n<h2>\u00bfPara qu\u00e9 sirve?<\/h2>\n<p>Sirven para hacer m\u00e1s eficientes las b\u00fasquedas en Internet. Es decir, para usar <strong>menos tiempo y esfuerzo al obtener buenos resultados<\/strong>. Son herramientas muy \u00fatiles para los usuarios, ya que mejora su experiencia de navegaci\u00f3n, tambi\u00e9n pueden ser aprovechados por los propietarios de sitios web para posicionar mejor o bien para <a href=\"https:\/\/www.appyweb.es\/campanas-google-adwords\/\">crear estrategias de Google Ads<\/a> m\u00e1s efectivas.<\/p>\n<p>Gracias a los sistemas avanzados de Google, es posible incluso aplicar filtros para buscar im\u00e1genes que contengan un color espec\u00edfico. Aunque, usualmente son necesarios para hacer b\u00fasquedas m\u00e1s recientes o por localizaci\u00f3n.<\/p>\n<h2>Tipos de filtros de b\u00fasqueda en la web<\/h2>\n<p>Estos se clasifican seg\u00fan el dispositivo utilizado, el tipo de resultado que se busca y las herramientas de b\u00fasqueda. Tambi\u00e9n existen las b\u00fasquedas por comandos, que utilizan c\u00f3digos en la barra de b\u00fasqueda para obtener resultados m\u00e1s espec\u00edficos.<\/p>\n<ul>\n<li><strong>Dispositivo<\/strong>: Los filtros disponibles para ordenador no son los mismos disponibles para dispositivos m\u00f3viles, en el primero <strong>existen botones bajo la barra de b\u00fasqueda<\/strong> y otras opciones avanzadas en el bot\u00f3n \u00abm\u00e1s\u00bb. En los m\u00f3viles podr\u00e1s a\u00f1adir \u00absugerencias\u00bb pero no opciones avanzadas.<\/li>\n<li><strong>Tipo de resultado<\/strong>: Son las opciones que ver\u00e1s debajo de la barra de b\u00fasqueda, incluyen im\u00e1genes, noticias, v\u00eddeos, mapas y el bot\u00f3n <em>m\u00e1s<\/em> que puede incluir libros, finanzas, shopping, etc.<\/li>\n<li><strong>Herramientas de b\u00fasqueda<\/strong>: Indican la fecha exacta de publicaci\u00f3n o los intervalos, as\u00ed como los idiomas disponibles para la b\u00fasqueda.<\/li>\n<\/ul>\n<h2>M\u00e1s informaci\u00f3n sobre filtros<\/h2>\n<p>A continuaci\u00f3n, ver\u00e1s un enlace de c\u00f3mo funciona Google Shopping, uno de los filtros m\u00e1s \u00fatiles para posicionar, sobre todo en tiendas online. En el segundo enlaces ver\u00e1s <strong>c\u00f3mo funcionan los operadores de b\u00fasqueda<\/strong> para tener resultados m\u00e1s espec\u00edficos.<\/p>\n<ul>\n<li><a href=\"https:\/\/www.appyweb.es\/diccionario\/google-shopping\/\">\u00bfQu\u00e9 es el Google Shopping y para qu\u00e9 sirve?<\/a><\/li>\n<li><a href=\"https:\/\/support.google.com\/websearch\/answer\/2466433\" rel=\"nofollow noopener\" target=\"_blank\">\u00bfQu\u00e9 son los operadores de b\u00fasqueda?<\/a><\/li>\n<\/ul>\n<p>&nbsp;<\/p>\n","protected":false},"excerpt":{"rendered":"<p>Internet resguarda una gran cantidad de datos, es por eso que puede que los buscadores no lancen resultados muy espec\u00edficos durante una consulta. Pero, para eso se pueden utilizar los filtros o caracter\u00edsticas que se pueden aplicar en la b\u00fasqueda, para encontrar elementos muy espec\u00edficos. Sigue leyendo y mira c\u00f3mo funciona. \u00bfQu\u00e9 son los filtros? [&hellip;]<\/p>\n","protected":false},"author":1,"featured_media":13101,"parent":0,"menu_order":0,"comment_status":"closed","ping_status":"closed","template":"","meta":{"inline_featured_image":false,"footnotes":""},"class_list":["post-1650","page","type-page","status-publish","has-post-thumbnail","hentry"],"_links":{"self":[{"href":"https:\/\/www.appyweb.es\/diccionario\/wp-json\/wp\/v2\/pages\/1650","targetHints":{"allow":["GET"]}}],"collection":[{"href":"https:\/\/www.appyweb.es\/diccionario\/wp-json\/wp\/v2\/pages"}],"about":[{"href":"https:\/\/www.appyweb.es\/diccionario\/wp-json\/wp\/v2\/types\/page"}],"author":[{"embeddable":true,"href":"https:\/\/www.appyweb.es\/diccionario\/wp-json\/wp\/v2\/users\/1"}],"replies":[{"embeddable":true,"href":"https:\/\/www.appyweb.es\/diccionario\/wp-json\/wp\/v2\/comments?post=1650"}],"version-history":[{"count":7,"href":"https:\/\/www.appyweb.es\/diccionario\/wp-json\/wp\/v2\/pages\/1650\/revisions"}],"predecessor-version":[{"id":13102,"href":"https:\/\/www.appyweb.es\/diccionario\/wp-json\/wp\/v2\/pages\/1650\/revisions\/13102"}],"wp:featuredmedia":[{"embeddable":true,"href":"https:\/\/www.appyweb.es\/diccionario\/wp-json\/wp\/v2\/media\/13101"}],"wp:attachment":[{"href":"https:\/\/www.appyweb.es\/diccionario\/wp-json\/wp\/v2\/media?parent=1650"}],"curies":[{"name":"wp","href":"https:\/\/api.w.org\/{rel}","templated":true}]}}