{"id":1673,"date":"2023-06-21T09:53:31","date_gmt":"2023-06-21T09:53:31","guid":{"rendered":"https:\/\/www.appyweb.es\/diccionario\/?page_id=1673"},"modified":"2024-04-03T07:40:57","modified_gmt":"2024-04-03T07:40:57","slug":"flash-mob","status":"publish","type":"page","link":"https:\/\/www.appyweb.es\/diccionario\/flash-mob\/","title":{"rendered":"Flash Mob"},"content":{"rendered":"<h1><img loading=\"lazy\" decoding=\"async\" class=\"alignnone  wp-image-13132\" src=\"https:\/\/www.appyweb.es\/diccionario\/wp-content\/uploads\/2024\/04\/FlashMob-300x180.jpg\" alt=\"Flash Mob\" width=\"1148\" height=\"689\" srcset=\"https:\/\/www.appyweb.es\/diccionario\/wp-content\/uploads\/2024\/04\/FlashMob-300x180.jpg 300w, https:\/\/www.appyweb.es\/diccionario\/wp-content\/uploads\/2024\/04\/FlashMob-768x461.jpg 768w, https:\/\/www.appyweb.es\/diccionario\/wp-content\/uploads\/2024\/04\/FlashMob.jpg 1000w\" sizes=\"auto, (max-width: 1148px) 100vw, 1148px\" \/><\/h1>\n<p>En muchas ocasiones las ideas para entretenimiento suelen ser una fuente muy creativa para nuevas estrategias de marketing. Una de ellas es el flashmob, una actividad que <strong>coordina a una multitud de personas para realizar una coreograf\u00eda sincronizada<\/strong>. \u00bfYa sabes c\u00f3mo se organizan? Sigue leyendo y conoce c\u00f3mo funcionan.<\/p>\n<h2>\u00bfQu\u00e9 es un flashmob?<\/h2>\n<p>Es una palabra compuesta del ingl\u00e9s, donde <em>flash<\/em> significa \u201crel\u00e1mpago\u201d y <em>mob<\/em> es \u201cmultitud\u201d, en conjunto se traducir\u00eda como <em>multitud rel\u00e1mpago<\/em>. Es una convocatoria masiva que consiste en reunir a <strong>un grupo de personas para llevar a cabo una actividad de entretenimiento<\/strong>, en muchas ocasiones se trata de coreograf\u00edas, pero tambi\u00e9n pueden ser organizados para apoyar eventos pol\u00edticos y sociales.<\/p>\n<p>Tambi\u00e9n es una forma creativa de resaltar un mensaje, durante la aparici\u00f3n de un grupo de personas en un lugar p\u00fablico y presentan una coreograf\u00eda en un corto per\u00edodo de tiempo. Es utilizado en marketing para llevar a cabo campa\u00f1as impactantes y con alta virulencia, por lo que son <a href=\"https:\/\/www.appyweb.es\/social-media-manager\/\">estrategias de social media marketing<\/a> de gran efectividad.<\/p>\n<h2>Origen<\/h2>\n<p>El t\u00e9rmino se utiliz\u00f3 por primera vez en 2002 en el libro <em>Multitudes inteligentes: La siguiente revoluci\u00f3n social<\/em>, all\u00ed el autor Howard Rheingold mencion\u00f3 que las masas utilizar\u00edan las bondades de Internet para auto-organizaci\u00f3n. De esta forma, en ocasiones las coreograf\u00edas no tienen por qu\u00e9 ser impulsadas por un l\u00edder u organizaci\u00f3n, sin embargo, a veces se requiere la ayuda de un grupo de profesionales.<\/p>\n<p>El primer flashmob de la historia se organiz\u00f3 en Manhattan en el a\u00f1o 2003 por parte de Harper\\&#8217;s Magazine, sin embargo, no fue exitoso porque la audiencia ya sab\u00eda lo que iba a pasar. Pero, en el mismo a\u00f1o se organiz\u00f3 otro intento en Nueva York en la tienda Macy\\&#8217;s, <strong>se reunieron 100 personas alrededor de una alfombra<\/strong> y cuando los consumidores se acercaban a preguntar qu\u00e9 hac\u00edan les respond\u00edan que todos viv\u00edan juntos en un almac\u00e9n y siempre hac\u00edan las compras juntos.<\/p>\n<h2>\u00bfPara qu\u00e9 sirve?<\/h2>\n<p>Sirve para captar a la gente con un mensaje creativo, colectivo, con movimiento y muy entretenido. En principio no ten\u00edan un objetivo claro, en su mayor\u00eda se realizaban por diversi\u00f3n, pero <strong>actualmente se pueden diferenciar varias finalidades<\/strong>, como las siguientes.<\/p>\n<ul>\n<li>En el marketing se utiliza para <a href=\"https:\/\/www.appyweb.es\/marketing-de-atraccion\/\">crear un efecto viral o marketing de atracci\u00f3n<\/a> y causar inter\u00e9s por una marca, se pueden utilizar como objetivos de marketing de guerrilla o promoci\u00f3n de calle.<\/li>\n<li>Muchos meetings pol\u00edticos o protestas ahora son organizados como flashmobs, de forma que se evitan situaciones peligrosas para emitir opiniones p\u00fablicas.<\/li>\n<li>Tambi\u00e9n son utilizados como formas de protesta muy creativos, con la finalidad de ganar <strong>apoyo en la opini\u00f3n p\u00fablica y cobertura por parte de medios sociales<\/strong>. Tambi\u00e9n se le conoce como <em>absurdmob<\/em>.<\/li>\n<\/ul>\n<h2>M\u00e1s informaci\u00f3n sobre flashmob<\/h2>\n<p>Muchas marcas han tenido un alcance local tremendo despu\u00e9s de una campa\u00f1a como \u00e9sta \u00bfquieres m\u00e1s informaci\u00f3n al respecto, cierto? Este par de enlaces te ayudaran en el proceso.<\/p>\n<ul>\n<li><a href=\"https:\/\/www.appyweb.es\/diccionario\/marketing-de-guerrilla\/\">\u00bfQu\u00e9 es el Marketing de Guerrilla y para qu\u00e9 sirve?<\/a><\/li>\n<li><a href=\"https:\/\/es.wikipedia.org\/wiki\/Flashmob#Organizaci%C3%B3n\" rel=\"nofollow noopener\" target=\"_blank\">\u00bfC\u00f3mo se organiza un flashmob?<\/a><\/li>\n<\/ul>\n<p>&nbsp;<\/p>\n","protected":false},"excerpt":{"rendered":"<p>En muchas ocasiones las ideas para entretenimiento suelen ser una fuente muy creativa para nuevas estrategias de marketing. Una de ellas es el flashmob, una actividad que coordina a una multitud de personas para realizar una coreograf\u00eda sincronizada. \u00bfYa sabes c\u00f3mo se organizan? Sigue leyendo y conoce c\u00f3mo funcionan. \u00bfQu\u00e9 es un flashmob? Es una [&hellip;]<\/p>\n","protected":false},"author":1,"featured_media":13132,"parent":0,"menu_order":0,"comment_status":"closed","ping_status":"closed","template":"","meta":{"inline_featured_image":false,"footnotes":""},"class_list":["post-1673","page","type-page","status-publish","has-post-thumbnail","hentry"],"_links":{"self":[{"href":"https:\/\/www.appyweb.es\/diccionario\/wp-json\/wp\/v2\/pages\/1673","targetHints":{"allow":["GET"]}}],"collection":[{"href":"https:\/\/www.appyweb.es\/diccionario\/wp-json\/wp\/v2\/pages"}],"about":[{"href":"https:\/\/www.appyweb.es\/diccionario\/wp-json\/wp\/v2\/types\/page"}],"author":[{"embeddable":true,"href":"https:\/\/www.appyweb.es\/diccionario\/wp-json\/wp\/v2\/users\/1"}],"replies":[{"embeddable":true,"href":"https:\/\/www.appyweb.es\/diccionario\/wp-json\/wp\/v2\/comments?post=1673"}],"version-history":[{"count":7,"href":"https:\/\/www.appyweb.es\/diccionario\/wp-json\/wp\/v2\/pages\/1673\/revisions"}],"predecessor-version":[{"id":13133,"href":"https:\/\/www.appyweb.es\/diccionario\/wp-json\/wp\/v2\/pages\/1673\/revisions\/13133"}],"wp:featuredmedia":[{"embeddable":true,"href":"https:\/\/www.appyweb.es\/diccionario\/wp-json\/wp\/v2\/media\/13132"}],"wp:attachment":[{"href":"https:\/\/www.appyweb.es\/diccionario\/wp-json\/wp\/v2\/media?parent=1673"}],"curies":[{"name":"wp","href":"https:\/\/api.w.org\/{rel}","templated":true}]}}