{"id":1691,"date":"2023-06-21T09:59:42","date_gmt":"2023-06-21T09:59:42","guid":{"rendered":"https:\/\/www.appyweb.es\/diccionario\/?page_id=1691"},"modified":"2024-04-03T07:49:31","modified_gmt":"2024-04-03T07:49:31","slug":"flenk","status":"publish","type":"page","link":"https:\/\/www.appyweb.es\/diccionario\/flenk\/","title":{"rendered":"Flenk"},"content":{"rendered":"<h1><img loading=\"lazy\" decoding=\"async\" class=\"alignnone  wp-image-13138\" src=\"https:\/\/www.appyweb.es\/diccionario\/wp-content\/uploads\/2024\/04\/Flenk-300x180.jpg\" alt=\"Flenk\" width=\"1140\" height=\"684\" srcset=\"https:\/\/www.appyweb.es\/diccionario\/wp-content\/uploads\/2024\/04\/Flenk-300x180.jpg 300w, https:\/\/www.appyweb.es\/diccionario\/wp-content\/uploads\/2024\/04\/Flenk-768x461.jpg 768w, https:\/\/www.appyweb.es\/diccionario\/wp-content\/uploads\/2024\/04\/Flenk.jpg 1000w\" sizes=\"auto, (max-width: 1140px) 100vw, 1140px\" \/><\/h1>\n<p>Es una herramienta para guardar los sitios digitales de preferencia y as\u00ed se puedan acceder a ellos con m\u00e1s facilidad y rapidez. <strong>Flenk cuenta con una\u00a0funci\u00f3n online que permite guardar los marcadores<\/strong> de forma online y no necesariamente en un navegador dentro de un ordenador.<\/p>\n<h2>\u00bfQu\u00e9 es el Flenk?<\/h2>\n<p>Es un servicio que permite <strong>guardar marcadores que llevan a los usuarios a sus sitios digitales<\/strong> de su preferencia, donde tambi\u00e9n se puede acceder a ellos desde cualquier otro ordenador.<\/p>\n<p>Estos marcadores tambi\u00e9n pueden ser compartidos para que otros usuarios puedan ver los sitios digitales que de igual forma sean de su preferencia, esta caracter\u00edstica es muy similar a una red social, ya que se pueden crear tendencias, etiquetas y una comunidad para encontrar contenidos compartidos de inter\u00e9s mutuo.<\/p>\n<p>Para los creadores de enlaces de valor puede ser una <a href=\"https:\/\/www.appyweb.es\/marketing-de-contenidos\/\">excelente estrategia de marketing de contenidos<\/a> y construcci\u00f3n de enlaces para promocionar un sitio web dentro de esta comunidad.<\/p>\n<p>Esta idea naci\u00f3 de la necesidad de <strong>compartir los marcadores en diferentes dispositivos a trav\u00e9s de un mismo navegador<\/strong>. Tambi\u00e9n puede utilizarse como una herramienta para encontrar informaci\u00f3n que haya sido de utilidad para usuarios con las mismas dudas e intereses. Asimismo, esta herramienta est\u00e1 disponible de forma gratuita y s\u00f3lo es necesario crear una cuenta utilizando un correo electr\u00f3nico v\u00e1lido.<\/p>\n<h2>\u00bfPara qu\u00e9 sirve el Flenk?<\/h2>\n<p>La funci\u00f3n de Flenk es ofrecer una interfaz para que se puedan <strong>a\u00f1adir enlaces y los pueda organizar en marcadores<\/strong>, estos se pueden colocar p\u00fablicos o privados. Los p\u00fablicos pueden ser vistos por otros usuarios si son de su inter\u00e9s y los privados s\u00f3lo son accesibles por el usuario por medio de una contrase\u00f1a.<\/p>\n<p>Asimismo, tambi\u00e9n incluyen un sistema de tags o etiquetas para buscar los marcadores por categor\u00edas esto permite una experiencia de navegaci\u00f3n m\u00e1s a favor de los usuarios. Sin embargo, algunos internautas han comentado que puede ser complicado utilizar las etiquetas al momento de buscar un enlace ya que se generan de forma libre.<\/p>\n<h2>\u00bfC\u00f3mo se puede usar Flenk?<\/h2>\n<p>Para usar correctamente esta plataforma solo se debe registrar el usuario utilizando su correo y puede usar las dos versiones tanto p\u00fablica como privada. Para realizarla correctamente se deben conocer todas herramientas que emplea, como el bot\u00f3n de <em>a\u00f1adir<\/em> que permite <strong>incluir una p\u00e1gina en la cuenta con s\u00f3lo hacer clic<\/strong>, as\u00ed como el <em>bot\u00f3n para tu sitio<\/em> que se puede a\u00f1adir en un sitio espec\u00edfico para que los usuarios hagan clic sobre \u00e9l y est\u00e1 disponible en su cuenta.<\/p>\n<p>Para empezar a utilizar estos botones se deben seguir los siguientes pasos.<\/p>\n<ol>\n<li>Ingresar al men\u00fa de <em>v\u00ednculos<\/em> a trav\u00e9s de la configuraci\u00f3n del navegador en <em>ver<\/em> dentro de la barra de <em>herramientas<\/em>.<\/li>\n<li>Desde la plataforma de Flenk se debe arrastrar el bot\u00f3n hacia la barra de <em>v\u00ednculos<\/em>, este se guardar\u00e1 de forma autom\u00e1tica o simplemente se presiona el bot\u00f3n derecho sobre \u00e9l y se agrega a <em>favoritos<\/em>.<\/li>\n<li>Para a\u00f1adir el bot\u00f3n dentro de un sitio, es necesario copiar el siguiente c\u00f3digo y pegarlo en el HTML para que est\u00e9 disponible para compartir.<\/li>\n<\/ol>\n<p><em>&lt;a title=\u00bbA\u00f1adir esta p\u00e1gina a mi cuenta flenk\u00bb href=\u00bb#\u00bb onclick=\u00bbjavascript:document.location.href=&#8217;http:\/\/www.flenk.com.ar\/add.php?retorno=1&amp;url=&#8217;+escape(document.location.href);\u00bb&gt;&lt;img border=\u00bb0&#8243; src=\u00bbhttp:\/\/www.flenk.com.ar\/images\/flenk80x15.gif\u00bb width=\u00bb78&#8243; height=\u00bb13&#8243;&gt;&lt;\/a&gt;<\/em><\/p>\n<h2>Ejemplos de Flenk<\/h2>\n<p>Solo es necesario visitar el sitio web de la herramienta en http:\/\/www.flenk.com.ar\/ y crear una nueva cuenta haciendo clic en el bot\u00f3n <em>reg\u00edstrate<\/em>. Desde all\u00ed tambi\u00e9n se puede visualizar un directorio los \u00faltimos enlaces o los m\u00e1s populares.<\/p>\n<h2>M\u00e1s informaci\u00f3n sobre Flenk<\/h2>\n<p>Esta herramienta puede ofrecer una excelente oportunidad para hacer construcci\u00f3n de enlaces o linkbuilding, conoce algunos ejemplos sobre <strong>c\u00f3mo hacerlo para mejorar el posicionamiento de tu web <\/strong>en el siguiente enlace. Si quieres conocer un poco m\u00e1s de las herramientas de marcador social visita el segundo enlace.<\/p>\n<ul>\n<li><a href=\"https:\/\/www.appyweb.es\/10-ejemplos-linkbuilding-posicionar-web\/\">10 ejemplos de link building para posicionar tu web<\/a><\/li>\n<li><a href=\"https:\/\/brunodamian.wordpress.com\/2010\/10\/23\/marcadores-sociales\/\" rel=\"nofollow noopener\" target=\"_blank\">\u00bfQu\u00e9 son y para qu\u00e9 sirven los marcadores sociales?<\/a><\/li>\n<\/ul>\n<p>&nbsp;<\/p>\n","protected":false},"excerpt":{"rendered":"<p>Es una herramienta para guardar los sitios digitales de preferencia y as\u00ed se puedan acceder a ellos con m\u00e1s facilidad y rapidez. Flenk cuenta con una\u00a0funci\u00f3n online que permite guardar los marcadores de forma online y no necesariamente en un navegador dentro de un ordenador. \u00bfQu\u00e9 es el Flenk? Es un servicio que permite guardar [&hellip;]<\/p>\n","protected":false},"author":1,"featured_media":13138,"parent":0,"menu_order":0,"comment_status":"closed","ping_status":"closed","template":"","meta":{"inline_featured_image":false,"footnotes":""},"class_list":["post-1691","page","type-page","status-publish","has-post-thumbnail","hentry"],"_links":{"self":[{"href":"https:\/\/www.appyweb.es\/diccionario\/wp-json\/wp\/v2\/pages\/1691","targetHints":{"allow":["GET"]}}],"collection":[{"href":"https:\/\/www.appyweb.es\/diccionario\/wp-json\/wp\/v2\/pages"}],"about":[{"href":"https:\/\/www.appyweb.es\/diccionario\/wp-json\/wp\/v2\/types\/page"}],"author":[{"embeddable":true,"href":"https:\/\/www.appyweb.es\/diccionario\/wp-json\/wp\/v2\/users\/1"}],"replies":[{"embeddable":true,"href":"https:\/\/www.appyweb.es\/diccionario\/wp-json\/wp\/v2\/comments?post=1691"}],"version-history":[{"count":7,"href":"https:\/\/www.appyweb.es\/diccionario\/wp-json\/wp\/v2\/pages\/1691\/revisions"}],"predecessor-version":[{"id":13139,"href":"https:\/\/www.appyweb.es\/diccionario\/wp-json\/wp\/v2\/pages\/1691\/revisions\/13139"}],"wp:featuredmedia":[{"embeddable":true,"href":"https:\/\/www.appyweb.es\/diccionario\/wp-json\/wp\/v2\/media\/13138"}],"wp:attachment":[{"href":"https:\/\/www.appyweb.es\/diccionario\/wp-json\/wp\/v2\/media?parent=1691"}],"curies":[{"name":"wp","href":"https:\/\/api.w.org\/{rel}","templated":true}]}}