{"id":1696,"date":"2023-06-21T10:02:41","date_gmt":"2023-06-21T10:02:41","guid":{"rendered":"https:\/\/www.appyweb.es\/diccionario\/?page_id=1696"},"modified":"2024-04-03T08:07:40","modified_gmt":"2024-04-03T08:07:40","slug":"flog","status":"publish","type":"page","link":"https:\/\/www.appyweb.es\/diccionario\/flog\/","title":{"rendered":"Flog"},"content":{"rendered":"<h1><img loading=\"lazy\" decoding=\"async\" class=\"alignnone  wp-image-13147\" src=\"https:\/\/www.appyweb.es\/diccionario\/wp-content\/uploads\/2024\/04\/Flog-300x180.jpg\" alt=\"Flog\" width=\"1158\" height=\"695\" srcset=\"https:\/\/www.appyweb.es\/diccionario\/wp-content\/uploads\/2024\/04\/Flog-300x180.jpg 300w, https:\/\/www.appyweb.es\/diccionario\/wp-content\/uploads\/2024\/04\/Flog-768x461.jpg 768w, https:\/\/www.appyweb.es\/diccionario\/wp-content\/uploads\/2024\/04\/Flog.jpg 1000w\" sizes=\"auto, (max-width: 1158px) 100vw, 1158px\" \/><\/h1>\n<p>El\u00a0<strong>flog es el nombre que se le da a los llamados blogs falsos<\/strong>, al principio se piensa que est\u00e1 gestionado por una persona o un consumidor, cuando en realidad es una empresa que se encuentra detr\u00e1s de las publicaciones. En su mayor\u00eda lo utilizan para promocionar un producto o incluso la imagen de marca.<\/p>\n<h2>\u00bfQu\u00e9 es el flog?<\/h2>\n<p>El flog es una t\u00e9cnica poco \u00e9tica que utilizan algunas empresas para hacer campa\u00f1a de un producto o su carta de servicios. En este caso, el supuesto escritor o administrador de este sitio web realiza piezas de contenido alabando a la marca, <strong>pero sin mencionar que se trata de una estrategia de marketing<\/strong>. Por lo que los lectores o los usuarios piensan que es una persona al azar o un consumidor real satisfecho.<\/p>\n<p>Con esta estrategia se busca <a href=\"https:\/\/www.appyweb.es\/posicionamiento-web\/\">conseguir un posicionamiento web favorable<\/a> para el reconocimiento de la marca, pero al mismo tiempo tambi\u00e9n se quiere generar conversiones a partir de la credulidad de algunos usuarios. Asimismo, estos recursos tambi\u00e9n pueden ser utilizados para hacer una mala publicidad en contra de la competencia.<\/p>\n<h2>\u00bfPara qu\u00e9 sirve el flog?<\/h2>\n<p>El objetivo principal de \u00e9sta t\u00e9cnica es aumentar la conversi\u00f3n de los usuarios en Internet y construir comunidades a trav\u00e9s de medios sociales. Con los <strong>contenidos publicados a trav\u00e9s de esta plataforma fraudulenta<\/strong> es posible cambiar la opini\u00f3n p\u00fablica sobre la marca e incluso llegar a popularizarla de la mano de una t\u00e9cnica de manipulaci\u00f3n.<\/p>\n<p>Es por eso que se considera que es <a href=\"https:\/\/www.appyweb.es\/marketing-de-atraccion\/\">una estrategia de marketing de atracci\u00f3n<\/a> de alto riesgo, ya que s\u00ed se ve descubierto se puede generar una crisis de imagen. Tambi\u00e9n se puede hacer una peque\u00f1a referencia a las fake news, en ocasiones, \u00e9stas se generan en <strong>plataformas digitales fraudulentas que buscan viralizar informaci\u00f3n falsa<\/strong>, obteniendo un beneficio econ\u00f3mico.<\/p>\n<h2>\u00bfC\u00f3mo un flog influye en la imagen de una marca?<\/h2>\n<p>Aunque puede ser una t\u00e9cnica perjudicial la verdad es que un flog puede ayudar de manera positiva o negativa a una marca.<\/p>\n<ul>\n<li>De forma positiva, si el blog es constructivo para la comunidad y el contenido que tiene es enriquecido constantemente.<\/li>\n<li>De manera negativa, si se hace alguna publicaci\u00f3n y no se le hace seguimiento constante, el usuario puede darse cuenta que esa publicaci\u00f3n es algo falso.<\/li>\n<\/ul>\n<p>En cualquier caso, es importante realizar un an\u00e1lisis de los resultados de tr\u00e1fico y conversiones que se han generado en esa plataforma. As\u00ed se pueden <strong>verificar los contenidos que han sido m\u00e1s populares<\/strong> y que funcionan para la promoci\u00f3n de la empresa.<\/p>\n<h2>Ejemplos de flog<\/h2>\n<p>Aunque puede ser dif\u00edcil reconocer cuando un blog ha sido creado exclusivamente para la promoci\u00f3n, han salido varios casos a la luz <strong>que se han transformado en complicadas crisis de marca<\/strong>. Como el caso de <em>Walmart Flog<\/em>, una especie de diario online llamado \u201cWalmart Across Am\u00e9rica\u201d, que era documentado por una pareja que visitaba las tiendas de la franquicia a trav\u00e9s de Estados Unidos. Despu\u00e9s se descubri\u00f3 que hab\u00edan sido contratados por la empresa para realizar esta campa\u00f1a.<\/p>\n<p>Otras grandes marcas como Sony tambi\u00e9n han participado en este tipo de fraudes, una vez crearon un blog llamado \u201cTodo lo que quiero para Xmas es un PSP de Sony\u201d, sin embargo, fue f\u00e1cil de identificar ya que la marca no cre\u00f3 un dominio diferente. Esto puede llegar a da\u00f1ar gravemente la reputaci\u00f3n de la marca tanto dentro como fuera de Internet.<\/p>\n<p><script type=\"application\/ld+json\">{\"@context\":\"https:\/\/schema.org\",\"@type\":\"FAQPage\",\"mainEntity\":[ \n{\"@type\":\"Question\",\"name\":\"\u00bfQu\u00e9 es el flog?\",\"acceptedAnswer\":{\"@type\":\"Answer\",\"text\":\"<\/p>\n<p>El flog es una t\u00e9cnica poco \u00e9tica que utilizan algunas empresas para hacer campa\u00f1a de un producto o su carta de servicios. En este caso, el supuesto escritor o administrador de este sitio web realiza piezas de contenido alabando a la marca, <strong>pero sin mencionar que se trata de una estrategia de marketing<\/strong>. Por lo que los lectores o los usuarios piensan que es una persona al azar o un consumidor real satisfecho.<\/p>\n<p>Con esta estrategia se busca <a href='https:\/\/www.appyweb.es\/posicionamiento-web\/'>conseguir un posicionamiento web favorable<\/a> para el reconocimiento de la marca, pero al mismo tiempo tambi\u00e9n se quiere generar conversiones a partir de la credulidad de algunos usuarios. Asimismo, estos recursos tambi\u00e9n pueden ser utilizados para hacer una mala publicidad en contra de la competencia.<\/p>\n<p>\"}},\n{\"@type\":\"Question\",\"name\":\"\u00bfPara qu\u00e9 sirve el flog?\",\"acceptedAnswer\":{\"@type\":\"Answer\",\"text\":\"<\/p>\n<p>El objetivo principal de \u00e9sta t\u00e9cnica es aumentar la conversi\u00f3n de los usuarios en Internet y construir comunidades a trav\u00e9s de medios sociales. Con los <strong>contenidos publicados a trav\u00e9s de esta plataforma fraudulenta<\/strong> es posible cambiar la opini\u00f3n p\u00fablica sobre la marca e incluso llegar a popularizarla de la mano de una t\u00e9cnica de manipulaci\u00f3n.<\/p>\n<p>Es por eso que se considera que es <a href='https:\/\/www.appyweb.es\/marketing-de-atraccion\/'>una estrategia de marketing de atracci\u00f3n<\/a> de alto riesgo, ya que s\u00ed se ve descubierto se puede generar una crisis de imagen. Tambi\u00e9n se puede hacer una peque\u00f1a referencia a las fake news, en ocasiones, \u00e9stas se generan en <strong>plataformas digitales fraudulentas que buscan viralizar informaci\u00f3n falsa<\/strong>, obteniendo un beneficio econ\u00f3mico.<\/p>\n<p>\"}},\n{\"@type\":\"Question\",\"name\":\"\u00bfC\u00f3mo un flog influye en la imagen de una marca?\",\"acceptedAnswer\":{\"@type\":\"Answer\",\"text\":\"<\/p>\n<p>Aunque puede ser una t\u00e9cnica perjudicial la verdad es que un flog puede ayudar de manera positiva o negativa a una marca.<\/p>\n<\/p>\n<\/p>\n<ul>\n<\/p>\n<\/p>\n<li>De forma positiva, si el blog es constructivo para la comunidad y el contenido que tiene es enriquecido constantemente.<\/li>\n<\/p>\n<\/p>\n<\/p>\n<li>De manera negativa, si se hace alguna publicaci\u00f3n y no se le hace seguimiento constante, el usuario puede darse cuenta que esa publicaci\u00f3n es algo falso.<\/li>\n<\/p>\n<\/ul>\n<\/p>\n<p>En cualquier caso, es importante realizar un an\u00e1lisis de los resultados de tr\u00e1fico y conversiones que se han generado en esa plataforma. As\u00ed se pueden <strong>verificar los contenidos que han sido m\u00e1s populares<\/strong> y que funcionan para la promoci\u00f3n de la empresa.<\/p>\n<p>\"}},\n{\"@type\":\"Question\",\"name\":\"Ejemplos de flog\",\"acceptedAnswer\":{\"@type\":\"Answer\",\"text\":\"<\/p>\n<p>Aunque puede ser dif\u00edcil reconocer cuando un blog ha sido creado exclusivamente para la promoci\u00f3n, han salido varios casos a la luz <strong>que se han transformado en complicadas crisis de marca<\/strong>. Como el caso de <em>Walmart Flog<\/em>, una especie de diario online llamado \u201cWalmart Across Am\u00e9rica\u201d, que era documentado por una pareja que visitaba las tiendas de la franquicia a trav\u00e9s de Estados Unidos. Despu\u00e9s se descubri\u00f3 que hab\u00edan sido contratados por la empresa para realizar esta campa\u00f1a.<\/p>\n<p>Otras grandes marcas como Sony tambi\u00e9n han participado en este tipo de fraudes, una vez crearon un blog llamado \u201cTodo lo que quiero para Xmas es un PSP de Sony\u201d, sin embargo, fue f\u00e1cil de identificar ya que la marca no cre\u00f3 un dominio diferente. Esto puede llegar a da\u00f1ar gravemente la reputaci\u00f3n de la marca tanto dentro como fuera de Internet.<\/p>\n<p>\"}}\n]}<\/script><\/p>\n<h2>M\u00e1s informaci\u00f3n sobre flog<\/h2>\n<p>Bien es cierto que tener un blog bien posicionado puede ser suficiente para generar una buena cantidad de dinero, sin embargo, <strong>existen estrategias m\u00e1s \u00e9ticas para generar dinero con un blog<\/strong>, aqu\u00ed tienes algunas ideas.<\/p>\n<ul>\n<li><a href=\"https:\/\/www.appyweb.es\/empieza-a-generar-dinero-con-tu-blog\/\">Empieza a generar dinero con tu blog<\/a><\/li>\n<li><a href=\"https:\/\/www.trecebits.com\/2019\/09\/02\/5-razones-por-las-cuales-implementar-una-estrategia-de-blog\/\" rel=\"nofollow noopener\" target=\"_blank\">5 razones por las cuales implementar una estrategia de blog<\/a><\/li>\n<\/ul>\n<p>&nbsp;<\/p>\n","protected":false},"excerpt":{"rendered":"<p>El\u00a0flog es el nombre que se le da a los llamados blogs falsos, al principio se piensa que est\u00e1 gestionado por una persona o un consumidor, cuando en realidad es una empresa que se encuentra detr\u00e1s de las publicaciones. En su mayor\u00eda lo utilizan para promocionar un producto o incluso la imagen de marca. \u00bfQu\u00e9 [&hellip;]<\/p>\n","protected":false},"author":1,"featured_media":13147,"parent":0,"menu_order":0,"comment_status":"closed","ping_status":"closed","template":"","meta":{"inline_featured_image":false,"footnotes":""},"class_list":["post-1696","page","type-page","status-publish","has-post-thumbnail","hentry"],"_links":{"self":[{"href":"https:\/\/www.appyweb.es\/diccionario\/wp-json\/wp\/v2\/pages\/1696","targetHints":{"allow":["GET"]}}],"collection":[{"href":"https:\/\/www.appyweb.es\/diccionario\/wp-json\/wp\/v2\/pages"}],"about":[{"href":"https:\/\/www.appyweb.es\/diccionario\/wp-json\/wp\/v2\/types\/page"}],"author":[{"embeddable":true,"href":"https:\/\/www.appyweb.es\/diccionario\/wp-json\/wp\/v2\/users\/1"}],"replies":[{"embeddable":true,"href":"https:\/\/www.appyweb.es\/diccionario\/wp-json\/wp\/v2\/comments?post=1696"}],"version-history":[{"count":6,"href":"https:\/\/www.appyweb.es\/diccionario\/wp-json\/wp\/v2\/pages\/1696\/revisions"}],"predecessor-version":[{"id":13148,"href":"https:\/\/www.appyweb.es\/diccionario\/wp-json\/wp\/v2\/pages\/1696\/revisions\/13148"}],"wp:featuredmedia":[{"embeddable":true,"href":"https:\/\/www.appyweb.es\/diccionario\/wp-json\/wp\/v2\/media\/13147"}],"wp:attachment":[{"href":"https:\/\/www.appyweb.es\/diccionario\/wp-json\/wp\/v2\/media?parent=1696"}],"curies":[{"name":"wp","href":"https:\/\/api.w.org\/{rel}","templated":true}]}}