{"id":1705,"date":"2023-06-21T10:05:37","date_gmt":"2023-06-21T10:05:37","guid":{"rendered":"https:\/\/www.appyweb.es\/diccionario\/?page_id=1705"},"modified":"2024-04-03T08:14:43","modified_gmt":"2024-04-03T08:14:43","slug":"flyer","status":"publish","type":"page","link":"https:\/\/www.appyweb.es\/diccionario\/flyer\/","title":{"rendered":"Flyer"},"content":{"rendered":"<h1><img loading=\"lazy\" decoding=\"async\" class=\"alignnone wp-image-13154\" src=\"https:\/\/www.appyweb.es\/diccionario\/wp-content\/uploads\/2024\/04\/Flyer-300x180.jpg\" alt=\"Flyer\" width=\"1123\" height=\"674\" srcset=\"https:\/\/www.appyweb.es\/diccionario\/wp-content\/uploads\/2024\/04\/Flyer-300x180.jpg 300w, https:\/\/www.appyweb.es\/diccionario\/wp-content\/uploads\/2024\/04\/Flyer-768x461.jpg 768w, https:\/\/www.appyweb.es\/diccionario\/wp-content\/uploads\/2024\/04\/Flyer.jpg 1000w\" sizes=\"auto, (max-width: 1123px) 100vw, 1123px\" \/><\/h1>\n<p>La mejor forma de hacer crecer un negocio es a trav\u00e9s de publicidad, aunque actualmente el mundo digital ofrece muchas alternativas, todav\u00eda existen <strong>promociones tradicionales muy creativas, como los flyers<\/strong>. Son una excelente forma de hacer marketing directo y de cara a cara con el cliente.<\/p>\n<h2>\u00bfQu\u00e9 significa Flyer?<\/h2>\n<p>Los flyer publicitarios, o tambi\u00e9n llamados folletos, son <strong>herramientas utilizadas para comunicar un mensaje<\/strong>, bien sea para trasmitir informaci\u00f3n, vender o promocionar. Estos <a href=\"https:\/\/www.appyweb.es\/diseno-grafico\/\">elementos del dise\u00f1o gr\u00e1fico<\/a> suelen ser un gran instrumento publicitario para peque\u00f1os negocios.<\/p>\n<p>Aunque bien puede utilizarse para cualquier tipo de finalidad para comunicar, uno de sus objetivos m\u00e1s comunes es informar acerca de eventos, o para dar a conocer nuevas promociones en una tienda, as\u00ed como para hacer propaganda. Este papel impreso tambi\u00e9n suele ser llamado <em>volante<\/em> y a veces tiene el tama\u00f1o de media cuartilla.<\/p>\n<h2>Su origen<\/h2>\n<p>Empezaron a utilizarse a partir de la Segunda Guerra Mundial, eran lanzados desde aviones para hacer llegar mensajes emotivos o informativos a los soldados y ciudadanos de la \u00e9poca, de all\u00ed su nombre, del ingl\u00e9s <em>fly<\/em>, que significa \u201cvolar\u201d. De ah\u00ed se transform\u00f3 al espa\u00f1ol como \u201cvolante\u201d.<\/p>\n<p>Otro de los objetivos en ese tiempo era hacer propaganda desfavorecedora sobre bandos pol\u00edticos durante la Guerra, pero <strong>poco a poco fueron introduci\u00e9ndose en el mundo del marketing<\/strong>, m\u00e1s espec\u00edficamente en el street marketing o marketing de calle.<\/p>\n<h2>\u00bfPara qu\u00e9 sirve el flyer?<\/h2>\n<p>Tienen el objeto de promocionar y generar inter\u00e9s en sus lectores, para la inmediata afiliaci\u00f3n con el producto y generar compras de forma m\u00e1s r\u00e1pida. Tambi\u00e9n suelen utilizarse con frecuencia <strong>para disponer informaci\u00f3n relevante acerca de una empresa o negocio<\/strong>, especialmente durante su inauguraci\u00f3n o para dar a conocer una oferta de apertura.<\/p>\n<p>De esta forma, se puede decir que se trata de <a href=\"https:\/\/www.appyweb.es\/marketing-de-atraccion\/\">un tipo de marketing de atracci\u00f3n<\/a> que tiene el objetivo de despertar el inter\u00e9s de los usuarios y convertirlos en clientes. En este sentido, con la interesante y marcada interacci\u00f3n de la tecnolog\u00eda en el marketing, los volantes han modificados sus formas y dise\u00f1os para hacer a\u00fan m\u00e1s llamativos e interesantes para entornos digitales.<\/p>\n<h2>C\u00f3mo hacer un flyer online<\/h2>\n<p>Para empezar, es necesario contar con una herramienta de dise\u00f1o digital, una de las m\u00e1s populares actualmente es Canva. Cuenta con numerosas plantillas dise\u00f1adas espec\u00edficamente para flyer, as\u00ed como <strong>diferentes tama\u00f1os para personalizar el proyecto publicitario<\/strong>. Estos son los pasos para dise\u00f1arlo desde su herramienta.<\/p>\n<ol>\n<li>Despu\u00e9s de iniciar sesi\u00f3n en Canva, es necesario seleccionar una de las plantillas del men\u00fa.<\/li>\n<li>Al seleccionarla, redirigir\u00e1 hasta el editor donde se deber\u00e1 personalizar el texto, las im\u00e1genes, los iconos y el logo.<\/li>\n<li>Es necesario utilizar los elementos dispuestos en el men\u00fa de edici\u00f3n <strong>para garantizar que el dise\u00f1o final sea \u00fanico y original<\/strong>.<\/li>\n<li>Al finalizar, se hace clic en <em>archivo<\/em> y <em>guardar<\/em>.<\/li>\n<li>Y para descargar es necesario seleccionar el bot\u00f3n <em>descargar <\/em>en el men\u00fa.<\/li>\n<li>All\u00ed se elige el formato ideal que puede ser .png, .jpg o .pdf.<\/li>\n<li>Al seleccionarlo, el documento se descargar\u00e1 y estar\u00e1 listo para ser impreso o difundido en Internet.<\/li>\n<\/ol>\n<p><script type=\"application\/ld+json\">{\"@context\":\"https:\/\/schema.org\",\"@type\":\"FAQPage\",\"mainEntity\":[ \n{\"@type\":\"Question\",\"name\":\"\u00bfQu\u00e9 significa Flyer?\",\"acceptedAnswer\":{\"@type\":\"Answer\",\"text\":\"<\/p>\n<p>Los flyer publicitarios, o tambi\u00e9n llamados folletos, son <strong>herramientas utilizadas para comunicar un mensaje<\/strong>, bien sea para trasmitir informaci\u00f3n, vender o promocionar. Estos <a href='https:\/\/www.appyweb.es\/diseno-grafico\/'>elementos del dise\u00f1o gr\u00e1fico<\/a> suelen ser un gran instrumento publicitario para peque\u00f1os negocios.<\/p>\n<p>Aunque bien puede utilizarse para cualquier tipo de finalidad para comunicar, uno de sus objetivos m\u00e1s comunes es informar acerca de eventos, o para dar a conocer nuevas promociones en una tienda, as\u00ed como para hacer propaganda. Este papel impreso tambi\u00e9n suele ser llamado <em>volante<\/em> y a veces tiene el tama\u00f1o de media cuartilla.<\/p>\n<p>\"}},\n{\"@type\":\"Question\",\"name\":\"Su origen\",\"acceptedAnswer\":{\"@type\":\"Answer\",\"text\":\"<\/p>\n<p>Empezaron a utilizarse a partir de la Segunda Guerra Mundial, eran lanzados desde aviones para hacer llegar mensajes emotivos o informativos a los soldados y ciudadanos de la \u00e9poca, de all\u00ed su nombre, del ingl\u00e9s <em>fly<\/em>, que significa \u201cvolar\u201d. De ah\u00ed se transform\u00f3 al espa\u00f1ol como \u201cvolante\u201d.<\/p>\n<p>Otro de los objetivos en ese tiempo era hacer propaganda desfavorecedora sobre bandos pol\u00edticos durante la Guerra, pero <strong>poco a poco fueron introduci\u00e9ndose en el mundo del marketing<\/strong>, m\u00e1s espec\u00edficamente en el street marketing o marketing de calle.<\/p>\n<p>\"}},\n{\"@type\":\"Question\",\"name\":\"\u00bfPara qu\u00e9 sirve el flyer?\",\"acceptedAnswer\":{\"@type\":\"Answer\",\"text\":\"<\/p>\n<p>Tienen el objeto de promocionar y generar inter\u00e9s en sus lectores, para la inmediata afiliaci\u00f3n con el producto y generar compras de forma m\u00e1s r\u00e1pida. Tambi\u00e9n suelen utilizarse con frecuencia <strong>para disponer informaci\u00f3n relevante acerca de una empresa o negocio<\/strong>, especialmente durante su inauguraci\u00f3n o para dar a conocer una oferta de apertura.<\/p>\n<p>De esta forma, se puede decir que se trata de <a href='https:\/\/www.appyweb.es\/marketing-de-atraccion\/'>un tipo de marketing de atracci\u00f3n<\/a> que tiene el objetivo de despertar el inter\u00e9s de los usuarios y convertirlos en clientes. En este sentido, con la interesante y marcada interacci\u00f3n de la tecnolog\u00eda en el marketing, los volantes han modificados sus formas y dise\u00f1os para hacer a\u00fan m\u00e1s llamativos e interesantes para entornos digitales.<\/p>\n<p>\"}},\n{\"@type\":\"Question\",\"name\":\"C\u00f3mo hacer un flyer online\",\"acceptedAnswer\":{\"@type\":\"Answer\",\"text\":\"<\/p>\n<p>Para empezar, es necesario contar con una herramienta de dise\u00f1o digital, una de las m\u00e1s populares actualmente es Canva. Cuenta con numerosas plantillas dise\u00f1adas espec\u00edficamente para flyer, as\u00ed como <strong>diferentes tama\u00f1os para personalizar el proyecto publicitario<\/strong>. Estos son los pasos para dise\u00f1arlo desde su herramienta.<\/p>\n<\/p>\n<\/p>\n<\/p>\n<\/p>\n<ol>\n<\/p>\n<\/p>\n<\/p>\n<\/p>\n<li>Despu\u00e9s de iniciar sesi\u00f3n en Canva, es necesario seleccionar una de las plantillas del men\u00fa.<\/li>\n<\/p>\n<\/p>\n<\/p>\n<\/p>\n<\/p>\n<\/p>\n<\/p>\n<li>Al seleccionarla, redirigir\u00e1 hasta el editor donde se deber\u00e1 personalizar el texto, las im\u00e1genes, los iconos y el logo.<\/li>\n<\/p>\n<\/p>\n<\/p>\n<\/p>\n<\/p>\n<\/p>\n<\/p>\n<li>Es necesario utilizar los elementos dispuestos en el men\u00fa de edici\u00f3n <strong>para garantizar que el dise\u00f1o final sea \u00fanico y original<\/strong>.<\/li>\n<\/p>\n<\/p>\n<\/p>\n<\/p>\n<\/p>\n<\/p>\n<\/p>\n<li>Al finalizar, se hace clic en <em>archivo<\/em> y <em>guardar<\/em>.<\/li>\n<\/p>\n<\/p>\n<\/p>\n<\/p>\n<\/p>\n<\/p>\n<\/p>\n<li>Y para descargar es necesario seleccionar el bot\u00f3n <em>descargar <\/em>en el men\u00fa.<\/li>\n<\/p>\n<\/p>\n<\/p>\n<\/p>\n<\/p>\n<\/p>\n<\/p>\n<li>All\u00ed se elige el formato ideal que puede ser .png, .jpg o .pdf.<\/li>\n<\/p>\n<\/p>\n<\/p>\n<\/p>\n<\/p>\n<\/p>\n<\/p>\n<li>Al seleccionarlo, el documento se descargar\u00e1 y estar\u00e1 listo para ser impreso o difundido en Internet.<\/li>\n<\/p>\n<\/p>\n<\/p>\n<\/ol>\n<\/p>\n<\/p>\n<\/p>\n<p>\"}}\n]}<\/script><\/p>\n<h2>M\u00e1s informaci\u00f3n sobre flyer<\/h2>\n<p>Una buena estrategia de marketing consiste en <strong>combinar t\u00e9cnicas tradicionales y digitales<\/strong>, por lo que no puedes considerar solo difundir folletos para tu publicidad de calle, utilizarlos en tus redes puede ser una buena idea. Aqu\u00ed te dejamos algunas razones de por qu\u00e9 hacer publicidad en Internet es indispensable para tu marca, as\u00ed como la importancia del volante dentro del marketing tradicional.<\/p>\n<ul>\n<li><a href=\"https:\/\/www.appyweb.es\/por-que-vender-por-internet-y-sus-ventajas\/\">\u00bfPor qu\u00e9 vender por internet? Y sus ventajas<\/a><\/li>\n<li><a href=\"https:\/\/www.infonews.com\/sociedad\/la-importancia-los-flyers-el-marketing-una-empresa-n279666\" rel=\"nofollow noopener\" target=\"_blank\">La importancia de los flyers en el marketing de una empresa<\/a><\/li>\n<\/ul>\n<p>&nbsp;<\/p>\n","protected":false},"excerpt":{"rendered":"<p>La mejor forma de hacer crecer un negocio es a trav\u00e9s de publicidad, aunque actualmente el mundo digital ofrece muchas alternativas, todav\u00eda existen promociones tradicionales muy creativas, como los flyers. Son una excelente forma de hacer marketing directo y de cara a cara con el cliente. \u00bfQu\u00e9 significa Flyer? Los flyer publicitarios, o tambi\u00e9n llamados [&hellip;]<\/p>\n","protected":false},"author":1,"featured_media":13154,"parent":0,"menu_order":0,"comment_status":"closed","ping_status":"closed","template":"","meta":{"inline_featured_image":false,"footnotes":""},"class_list":["post-1705","page","type-page","status-publish","has-post-thumbnail","hentry"],"_links":{"self":[{"href":"https:\/\/www.appyweb.es\/diccionario\/wp-json\/wp\/v2\/pages\/1705","targetHints":{"allow":["GET"]}}],"collection":[{"href":"https:\/\/www.appyweb.es\/diccionario\/wp-json\/wp\/v2\/pages"}],"about":[{"href":"https:\/\/www.appyweb.es\/diccionario\/wp-json\/wp\/v2\/types\/page"}],"author":[{"embeddable":true,"href":"https:\/\/www.appyweb.es\/diccionario\/wp-json\/wp\/v2\/users\/1"}],"replies":[{"embeddable":true,"href":"https:\/\/www.appyweb.es\/diccionario\/wp-json\/wp\/v2\/comments?post=1705"}],"version-history":[{"count":7,"href":"https:\/\/www.appyweb.es\/diccionario\/wp-json\/wp\/v2\/pages\/1705\/revisions"}],"predecessor-version":[{"id":13158,"href":"https:\/\/www.appyweb.es\/diccionario\/wp-json\/wp\/v2\/pages\/1705\/revisions\/13158"}],"wp:featuredmedia":[{"embeddable":true,"href":"https:\/\/www.appyweb.es\/diccionario\/wp-json\/wp\/v2\/media\/13154"}],"wp:attachment":[{"href":"https:\/\/www.appyweb.es\/diccionario\/wp-json\/wp\/v2\/media?parent=1705"}],"curies":[{"name":"wp","href":"https:\/\/api.w.org\/{rel}","templated":true}]}}