{"id":171,"date":"2023-06-19T13:43:39","date_gmt":"2023-06-19T13:43:39","guid":{"rendered":"https:\/\/www.appyweb.es\/diccionario\/?page_id=171"},"modified":"2024-02-13T11:10:59","modified_gmt":"2024-02-13T11:10:59","slug":"arbol-web","status":"publish","type":"page","link":"https:\/\/www.appyweb.es\/diccionario\/arbol-web\/","title":{"rendered":"\u00c1rbol web"},"content":{"rendered":"<h1 class=\"entry-title main_title\"><img loading=\"lazy\" decoding=\"async\" class=\" wp-image-8329 aligncenter\" src=\"https:\/\/www.appyweb.es\/diccionario\/wp-content\/uploads\/2023\/08\/que-es-arbol-web-300x300.jpg\" alt=\"\" width=\"886\" height=\"886\" srcset=\"https:\/\/www.appyweb.es\/diccionario\/wp-content\/uploads\/2023\/08\/que-es-arbol-web-300x300.jpg 300w, https:\/\/www.appyweb.es\/diccionario\/wp-content\/uploads\/2023\/08\/que-es-arbol-web-1024x1024.jpg 1024w, https:\/\/www.appyweb.es\/diccionario\/wp-content\/uploads\/2023\/08\/que-es-arbol-web-150x150.jpg 150w, https:\/\/www.appyweb.es\/diccionario\/wp-content\/uploads\/2023\/08\/que-es-arbol-web-768x768.jpg 768w, https:\/\/www.appyweb.es\/diccionario\/wp-content\/uploads\/2023\/08\/que-es-arbol-web.jpg 1080w\" sizes=\"auto, (max-width: 886px) 100vw, 886px\" \/><\/h1>\n<p>La arquitectura digital es una de las partes m\u00e1s fundamentales al crear un sitio.<br \/>\nB\u00e1sicamente, las p\u00e1ginas cuentan con diferentes secciones o \u201cramas\u201d en las cuales se encuentra de manera organizada toda la informaci\u00f3n.\u00a0<strong>Ese conjunto de apartados se le conoce como \u00e1rbol web<\/strong>.<\/p>\n<h2>\u00bfQu\u00e9 es un \u00e1rbol web?<\/h2>\n<p>Se trata de una representaci\u00f3n gr\u00e1fica de c\u00f3mo se estructura la informaci\u00f3n y el contenido de una p\u00e1gina .<br \/>\nSin dudas, el \u00e1rbol es un aspecto fundamental en las <a href=\"https:\/\/diseno20.appyweb.es\/diseno-web\/\" rel=\"nofollow noopener\" target=\"_blank\">pr\u00e1cticas de dise\u00f1o web<\/a>, ya que contiene el esquema que <strong>determinar\u00e1 la forma en c\u00f3mo los usuarios podr\u00e1n navegar dentro de la p\u00e1gina<\/strong> y c\u00f3mo se les mostrar\u00e1 la informaci\u00f3n en las diferentes secciones de la misma.<\/p>\n<h2>\u00bfPara qu\u00e9 sirve el \u00e1rbol web?<\/h2>\n<p>Tiene diferentes funciones. Las principales son determinar la manera en que la p\u00e1gina estar\u00e1 estructurada, as\u00ed como tener en claro las diferentes secciones que tendr\u00e1 <strong>para que la navegaci\u00f3n sea m\u00e1s intuitiva, f\u00e1cil y agradable para el usuario<\/strong>.<\/p>\n<p>Por otro lado, sirve tambi\u00e9n para que el desarrollador tenga una idea de c\u00f3mo jerarquizar las diferentes secciones de la p\u00e1gina.<br \/>\nAs\u00ed tendr\u00e1 un orden preciso y la informaci\u00f3n estar\u00e1 mejor organizada para su f\u00e1cil acceso.<br \/>\nAsimismo, es una especie de gu\u00eda que utilizan los <a href=\"https:\/\/www.appyweb.es\/diccionario\/crawlers\/\">crawlers<\/a> para determinar el posicionamiento de un sitio en buscadores.<\/p>\n<h2>\u00bfC\u00f3mo se hace un \u00e1rbol web?<\/h2>\n<p>Al ser un esquema gr\u00e1fico se puede realizar tanto manual como digitalmente.<br \/>\nSe debe tener en mente la <strong>idea general del sitio y desglosarlo para jerarquizar cada secci\u00f3n<\/strong>, de forma que el resultado final sea como un \u00e1rbol con sus ramas, o como un mapa de todo el proyecto.<\/p>\n<p>Este procedimiento es muy importante para el SEO, ya que mientras m\u00e1s ameno sea navegar por la p\u00e1gina, mejor ser\u00e1 la experiencia de usuario y las se\u00f1ales enviadas a Google, por lo que tendr\u00e1 m\u00e1s posibilidades de aparecer en los primeros resultados de la b\u00fasqueda.<\/p>\n<h2>Ejemplo de \u00e1rbol web<\/h2>\n<p>Un ejemplo directo es observar las secciones del men\u00fa de un sitio, o las categor\u00edas dentro de un blog, <strong>cada una de ellas se estructuran o se dividen en diferentes secciones<\/strong>.<br \/>\nB\u00e1sicamente, la p\u00e1gina de inicio ser\u00eda el tronco, donde se encuentra la informaci\u00f3n general.<br \/>\nLas ramas ser\u00edan las diferentes secciones o apartados del sitio (servicios, contactos, categor\u00edas, galer\u00eda, etc.) y las hojas representan a las subsecciones de cada una de ellas.<\/p>\n<p>Aqu\u00ed hay un ejemplo gr\u00e1fico de c\u00f3mo se ver\u00eda.<\/p>\n<p><script type=\"application\/ld+json\">{\"@context\":\"https:\/\/schema.org\",\"@type\":\"FAQPage\",\"mainEntity\":[ \n{\"@type\":\"Question\",\"name\":\"\u00bfQu\u00e9 es un \u00e1rbol web?\",\"acceptedAnswer\":{\"@type\":\"Answer\",\"text\":\"<\/p>\n<\/p>\n<\/p>\n<p>Se trata de una representaci\u00f3n gr\u00e1fica de c\u00f3mo se estructura la informaci\u00f3n y el contenido de una p\u00e1gina . <br \/>Sin dudas, el \u00e1rbol es un aspecto fundamental en las <a href='https:\/\/diseno20.appyweb.es\/diseno-web\/'>pr\u00e1cticas de dise\u00f1o web<\/a>, ya que contiene el esquema que <strong>determinar\u00e1 la forma en c\u00f3mo los usuarios podr\u00e1n navegar dentro de la p\u00e1gina<\/strong> y c\u00f3mo se les mostrar\u00e1 la informaci\u00f3n en las diferentes secciones de la misma.<\/p>\n<\/p>\n<\/p>\n<p>\"}},\n{\"@type\":\"Question\",\"name\":\"\u00bfPara qu\u00e9 sirve el \u00e1rbol web?\",\"acceptedAnswer\":{\"@type\":\"Answer\",\"text\":\"<\/p>\n<\/p>\n<\/p>\n<p>Tiene diferentes funciones. Las principales son determinar la manera en que la p\u00e1gina estar\u00e1 estructurada, as\u00ed como tener en claro las diferentes secciones que tendr\u00e1 <strong>para que la navegaci\u00f3n sea m\u00e1s intuitiva, f\u00e1cil y agradable para el usuario<\/strong>.<\/p>\n<\/p>\n<\/p>\n<\/p>\n<\/p>\n<p>Por otro lado, sirve tambi\u00e9n para que el desarrollador tenga una idea de c\u00f3mo jerarquizar las diferentes secciones de la p\u00e1gina. <br \/>As\u00ed tendr\u00e1 un orden preciso y la informaci\u00f3n estar\u00e1 mejor organizada para su f\u00e1cil acceso. <br \/>Asimismo, es una especie de gu\u00eda que utilizan los <a href='https:\/\/www.appyweb.es\/diccionario\/crawlers\/'>crawlers<\/a> para determinar el posicionamiento de un sitio en buscadores.<\/p>\n<\/p>\n<\/p>\n<p>\"}},\n{\"@type\":\"Question\",\"name\":\"\u00bfC\u00f3mo se hace un \u00e1rbol web?\",\"acceptedAnswer\":{\"@type\":\"Answer\",\"text\":\"<\/p>\n<\/p>\n<\/p>\n<p>Al ser un esquema gr\u00e1fico se puede realizar tanto manual como digitalmente. <br \/>Se debe tener en mente la <strong>idea general del sitio y desglosarlo para jerarquizar cada secci\u00f3n<\/strong>, de forma que el resultado final sea como un \u00e1rbol con sus ramas, o como un mapa de todo el proyecto.<\/p>\n<\/p>\n<\/p>\n<\/p>\n<\/p>\n<p>Este procedimiento es muy importante para el SEO, ya que mientras m\u00e1s ameno sea navegar por la p\u00e1gina, mejor ser\u00e1 la experiencia de usuario y las se\u00f1ales enviadas a Google, por lo que tendr\u00e1 m\u00e1s posibilidades de aparecer en los primeros resultados de la b\u00fasqueda.<\/p>\n<\/p>\n<\/p>\n<p>\"}},\n{\"@type\":\"Question\",\"name\":\"Ejemplo de \u00e1rbol web\",\"acceptedAnswer\":{\"@type\":\"Answer\",\"text\":\"<\/p>\n<\/p>\n<\/p>\n<p>Un ejemplo directo es observar las secciones del men\u00fa de un sitio, o las categor\u00edas dentro de un blog, <strong>cada una de ellas se estructuran o se dividen en diferentes secciones<\/strong>. <br \/>B\u00e1sicamente, la p\u00e1gina de inicio ser\u00eda el tronco, donde se encuentra la informaci\u00f3n general. <br \/>Las ramas ser\u00edan las diferentes secciones o apartados del sitio (servicios, contactos, categor\u00edas, galer\u00eda, etc.) y las hojas representan a las subsecciones de cada una de ellas.<\/p>\n<\/p>\n<\/p>\n<\/p>\n<\/p>\n<p>Aqu\u00ed hay un ejemplo gr\u00e1fico de c\u00f3mo se ver\u00eda.<\/p>\n<\/p>\n<\/p>\n<p>\"}}\n]}<\/script><\/p>\n<p><img decoding=\"async\" src=\"https:\/\/www.appyweb.es\/wp-content\/uploads\/2020\/08\/arbol-web.jpeg\" \/><\/p>\n<h2><span id=\"%F0%9F%93%8C_Mas_informacion_sobre_arbol_web\" class=\"ez-toc-section\"><\/span>M\u00e1s informaci\u00f3n sobre \u00e1rbol web<\/h2>\n<ul>\n<li><a href=\"https:\/\/www.appyweb.es\/diccionario\/crawl-budget\/\">\u00bfQu\u00e9 es el Crawl Budget y para qu\u00e9 sirve?<\/a><\/li>\n<li><a href=\"https:\/\/www.canva.com\/es_es\/graficos\/diagramas-de-arbol\/\" rel=\"nofollow noopener\" target=\"_blank\">Dise\u00f1a diagramas de \u00e1rbol gratis y online con Canva<\/a>.<\/li>\n<\/ul>\n","protected":false},"excerpt":{"rendered":"<p>La arquitectura digital es una de las partes m\u00e1s fundamentales al crear un sitio. B\u00e1sicamente, las p\u00e1ginas cuentan con diferentes secciones o \u201cramas\u201d en las cuales se encuentra de manera organizada toda la informaci\u00f3n.\u00a0Ese conjunto de apartados se le conoce como \u00e1rbol web. \u00bfQu\u00e9 es un \u00e1rbol web? Se trata de una representaci\u00f3n gr\u00e1fica de [&hellip;]<\/p>\n","protected":false},"author":1,"featured_media":8329,"parent":0,"menu_order":0,"comment_status":"closed","ping_status":"closed","template":"","meta":{"inline_featured_image":false,"footnotes":""},"class_list":["post-171","page","type-page","status-publish","has-post-thumbnail","hentry"],"_links":{"self":[{"href":"https:\/\/www.appyweb.es\/diccionario\/wp-json\/wp\/v2\/pages\/171","targetHints":{"allow":["GET"]}}],"collection":[{"href":"https:\/\/www.appyweb.es\/diccionario\/wp-json\/wp\/v2\/pages"}],"about":[{"href":"https:\/\/www.appyweb.es\/diccionario\/wp-json\/wp\/v2\/types\/page"}],"author":[{"embeddable":true,"href":"https:\/\/www.appyweb.es\/diccionario\/wp-json\/wp\/v2\/users\/1"}],"replies":[{"embeddable":true,"href":"https:\/\/www.appyweb.es\/diccionario\/wp-json\/wp\/v2\/comments?post=171"}],"version-history":[{"count":8,"href":"https:\/\/www.appyweb.es\/diccionario\/wp-json\/wp\/v2\/pages\/171\/revisions"}],"predecessor-version":[{"id":11181,"href":"https:\/\/www.appyweb.es\/diccionario\/wp-json\/wp\/v2\/pages\/171\/revisions\/11181"}],"wp:featuredmedia":[{"embeddable":true,"href":"https:\/\/www.appyweb.es\/diccionario\/wp-json\/wp\/v2\/media\/8329"}],"wp:attachment":[{"href":"https:\/\/www.appyweb.es\/diccionario\/wp-json\/wp\/v2\/media?parent=171"}],"curies":[{"name":"wp","href":"https:\/\/api.w.org\/{rel}","templated":true}]}}