{"id":1729,"date":"2023-06-21T10:15:22","date_gmt":"2023-06-21T10:15:22","guid":{"rendered":"https:\/\/www.appyweb.es\/diccionario\/?page_id=1729"},"modified":"2024-04-03T08:39:10","modified_gmt":"2024-04-03T08:39:10","slug":"folksonomias","status":"publish","type":"page","link":"https:\/\/www.appyweb.es\/diccionario\/folksonomias\/","title":{"rendered":"Folksonom\u00edas"},"content":{"rendered":"<h1><img loading=\"lazy\" decoding=\"async\" class=\"alignnone  wp-image-13184\" src=\"https:\/\/www.appyweb.es\/diccionario\/wp-content\/uploads\/2024\/04\/Folksonomias-300x180.jpg\" alt=\"Folksonom\u00edas\" width=\"1150\" height=\"690\" srcset=\"https:\/\/www.appyweb.es\/diccionario\/wp-content\/uploads\/2024\/04\/Folksonomias-300x180.jpg 300w, https:\/\/www.appyweb.es\/diccionario\/wp-content\/uploads\/2024\/04\/Folksonomias-768x461.jpg 768w, https:\/\/www.appyweb.es\/diccionario\/wp-content\/uploads\/2024\/04\/Folksonomias.jpg 1000w\" sizes=\"auto, (max-width: 1150px) 100vw, 1150px\" \/><\/h1>\n<p>Es una forma de definir la acci\u00f3n de realizar etiquetas o tags, exclusivamente por parte del p\u00fablico. La <strong>folksonom\u00eda tambi\u00e9n se caracteriza porque de car\u00e1cter colaborativo<\/strong> y suelen ser definiciones que parten de usuarios reales.<\/p>\n<h2>\u00bfQu\u00e9 son las folksonom\u00edas?<\/h2>\n<p>Consiste en la clasificaci\u00f3n de contenidos que se lleva a cabo por los mismos usuarios, a trav\u00e9s de la utilizaci\u00f3n de sistemas de etiquetas o como tambi\u00e9n se denominan <em>tags<\/em>. <strong>Las folcsonom\u00edas se utilizan con m\u00e1s frecuencia en las redes sociales<\/strong>, por ejemplo en Twitter los usuarios suelen utilizar hashtags para crear categor\u00edas de contenido, al mismo tiempo, puede que sus seguidores y amigos tambi\u00e9n lo utilicen para clasificar contenido similar.<\/p>\n<p>Tiene una gran <a href=\"https:\/\/www.appyweb.es\/posicionamiento-web\/\">relevancia en el posicionamiento web<\/a>, ya que es m\u00e1s f\u00e1cil para los encargados del SEO reconocer cu\u00e1les son las etiquetas que utilizan los usuarios con frecuencia, de forma que puedan adaptarlo en el sitio web y as\u00ed tener relevancia en los resultados de b\u00fasqueda en Internet.<\/p>\n<p>Pero, en esta pr\u00e1ctica por lo general <strong>se utilizan palabras sencillas para realizar el etiquetado<\/strong> y no cuenta con pol\u00edticas que est\u00e9n en contra de los errores ortogr\u00e1ficos. Igualmente, se debe realizar un estudio para medir el impacto de esa etiqueta en la clasificaci\u00f3n de contenidos.<\/p>\n<h2>Origen de las folksonom\u00edas<\/h2>\n<p>Esta terminolog\u00eda fue usada por primera vez por Thomas Van Der Wal<strong>,<\/strong> al unificar las palabras <em>folk<\/em> (propia de Alemania, que significa \u201cpueblo\u201d) y <em>taxonom\u00eda<\/em> (del griego <em>taxis<\/em> y <em>nomos<\/em>, que quieren decir \u201cclasificaci\u00f3n\u201d y \u201cgestionar\u201d, respectivamente).<\/p>\n<p>La combinaci\u00f3n de estas dos palabras <strong>se refiere a la clasificaci\u00f3n gestionada por el pueblo<\/strong>. A su vez, se refiere a un tipo de indexaci\u00f3n que se lleva a cabo con ayuda de los usuarios, sin la participaci\u00f3n de sistemas autom\u00e1ticos.<\/p>\n<h2>\u00bfPara qu\u00e9 sirve la Folksonom\u00eda?<\/h2>\n<p>Esta herramienta es \u00fatil para <strong>hacer clasificaciones que los usuarios consideran correspondientes<\/strong>, especialmente a los contenidos publicados en los sitios webs. Esto puede tener un doble objetivo, el primero es para <a href=\"https:\/\/www.appyweb.es\/marketing-de-contenidos\/\">responder a necesidades del marketing de contenidos<\/a>, de forma que el usuario se sienta identificado porque se est\u00e1 utilizando un lenguaje similar al que emplea com\u00fanmente.<\/p>\n<p>El otro objetivo es lograr un mejor posicionamiento en motores de b\u00fasqueda, ya que antes de usar este tipo de etiquetado se est\u00e1 empleando un lenguaje propio de la audiencia a la que se quiere llegar, respondiendo as\u00ed a b\u00fasquedas cada vez m\u00e1s exactas.<\/p>\n<h2>Tipos y ejemplos de folksonom\u00edas<\/h2>\n<p>Este modelo de etiquetado cuenta con dos tipos principales, son los siguientes.<\/p>\n<ul>\n<li><strong>Estrecho<\/strong>: En este caso, se utilizan palabras para definir un objeto, normalmente son utilizadas por los creadores del contenido o un grupo de personas muy espec\u00edfico.<\/li>\n<li><strong>Amplio<\/strong>: Es cuando el p\u00fablico define las etiquetas a cierto contenido, este tipo es muy flexible y permite que se transforme a diferentes idiomas y vocabularios.<\/li>\n<\/ul>\n<p>Uno de los mejores exponentes de las folcsonom\u00edas era <em>del.icio.us<\/em>, <strong>una red social de marcadores que permit\u00eda guardar los enlaces<\/strong> como favorito de forma online y despu\u00e9s compartirlos con otros usuarios. El sistema de etiquetado que ofrec\u00eda permite a los usuarios utilizar la palabra que quisiera. Otros casos notables han sido Flickr y 43 Things.<\/p>\n<p><script type=\"application\/ld+json\">{\"@context\":\"https:\/\/schema.org\",\"@type\":\"FAQPage\",\"mainEntity\":[ \n{\"@type\":\"Question\",\"name\":\"\u00bfQu\u00e9 son las folksonom\u00edas?\",\"acceptedAnswer\":{\"@type\":\"Answer\",\"text\":\"<\/p>\n<p>Consiste en la clasificaci\u00f3n de contenidos que se lleva a cabo por los mismos usuarios, a trav\u00e9s de la utilizaci\u00f3n de sistemas de etiquetas o como tambi\u00e9n se denominan <em>tags<\/em>. <strong>Las folcsonom\u00edas se utilizan con m\u00e1s frecuencia en las redes sociales<\/strong>, por ejemplo en Twitter los usuarios suelen utilizar hashtags para crear categor\u00edas de contenido, al mismo tiempo, puede que sus seguidores y amigos tambi\u00e9n lo utilicen para clasificar contenido similar.<\/p>\n<p>Tiene una gran <a href='https:\/\/www.appyweb.es\/posicionamiento-web\/'>relevancia en el posicionamiento web<\/a>, ya que es m\u00e1s f\u00e1cil para los encargados del SEO reconocer cu\u00e1les son las etiquetas que utilizan los usuarios con frecuencia, de forma que puedan adaptarlo en el sitio web y as\u00ed tener relevancia en los resultados de b\u00fasqueda en Internet.<\/p>\n<p>Pero, en esta pr\u00e1ctica por lo general <strong>se utilizan palabras sencillas para realizar el etiquetado<\/strong> y no cuenta con pol\u00edticas que est\u00e9n en contra de los errores ortogr\u00e1ficos. Igualmente, se debe realizar un estudio para medir el impacto de esa etiqueta en la clasificaci\u00f3n de contenidos.<\/p>\n<p>\"}},\n{\"@type\":\"Question\",\"name\":\"Origen de las folksonom\u00edas\",\"acceptedAnswer\":{\"@type\":\"Answer\",\"text\":\"<\/p>\n<p>Esta terminolog\u00eda fue usada por primera vez por Thomas Van Der Wal<strong>,<\/strong> al unificar las palabras <em>folk<\/em> (propia de Alemania, que significa \u201cpueblo\u201d) y <em>taxonom\u00eda<\/em> (del griego <em>taxis<\/em> y <em>nomos<\/em>, que quieren decir \u201cclasificaci\u00f3n\u201d y \u201cgestionar\u201d, respectivamente).<\/p>\n<p>La combinaci\u00f3n de estas dos palabras <strong>se refiere a la clasificaci\u00f3n gestionada por el pueblo<\/strong>. A su vez, se refiere a un tipo de indexaci\u00f3n que se lleva a cabo con ayuda de los usuarios, sin la participaci\u00f3n de sistemas autom\u00e1ticos.<\/p>\n<p>\"}},\n{\"@type\":\"Question\",\"name\":\"\u00bfPara qu\u00e9 sirve la Folksonom\u00eda?\",\"acceptedAnswer\":{\"@type\":\"Answer\",\"text\":\"<\/p>\n<p>Esta herramienta es \u00fatil para <strong>hacer clasificaciones que los usuarios consideran correspondientes<\/strong>, especialmente a los contenidos publicados en los sitios webs. Esto puede tener un doble objetivo, el primero es para <a href='https:\/\/www.appyweb.es\/marketing-de-contenidos\/'>responder a necesidades del marketing de contenidos<\/a>, de forma que el usuario se sienta identificado porque se est\u00e1 utilizando un lenguaje similar al que emplea com\u00fanmente.<\/p>\n<p>El otro objetivo es lograr un mejor posicionamiento en motores de b\u00fasqueda, ya que antes de usar este tipo de etiquetado se est\u00e1 empleando un lenguaje propio de la audiencia a la que se quiere llegar, respondiendo as\u00ed a b\u00fasquedas cada vez m\u00e1s exactas.<\/p>\n<p>\"}},\n{\"@type\":\"Question\",\"name\":\"Tipos y ejemplos de folksonom\u00edas\",\"acceptedAnswer\":{\"@type\":\"Answer\",\"text\":\"<\/p>\n<p>Este modelo de etiquetado cuenta con dos tipos principales, son los siguientes.<\/p>\n<\/p>\n<\/p>\n<ul>\n<\/p>\n<\/p>\n<li><strong>Estrecho<\/strong>: En este caso, se utilizan palabras para definir un objeto, normalmente son utilizadas por los creadores del contenido o un grupo de personas muy espec\u00edfico.<\/li>\n<\/p>\n<\/p>\n<\/p>\n<li><strong>Amplio<\/strong>: Es cuando el p\u00fablico define las etiquetas a cierto contenido, este tipo es muy flexible y permite que se transforme a diferentes idiomas y vocabularios.<\/li>\n<\/p>\n<\/ul>\n<\/p>\n<p>Uno de los mejores exponentes de las folcsonom\u00edas era <em>del.icio.us<\/em>, <strong>una red social de marcadores que permit\u00eda guardar los enlaces<\/strong> como favorito de forma online y despu\u00e9s compartirlos con otros usuarios. El sistema de etiquetado que ofrec\u00eda permite a los usuarios utilizar la palabra que quisiera. Otros casos notables han sido Flickr y 43 Things.<\/p>\n<p>\"}}\n]}<\/script><\/p>\n<h2>M\u00e1s informaci\u00f3n sobre folcsonom\u00edas<\/h2>\n<p>Mira los siguientes enlaces y conoce todo <strong>sobre c\u00f3mo aprovechar las folksonom\u00edas<\/strong> para potenciar el etiquetado de tu contenido.<\/p>\n<ul>\n<li><a href=\"https:\/\/www.appyweb.es\/diccionario\/nube-de-tags\/\">\u00bfQu\u00e9 es la Nube de tags y para qu\u00e9 sirve?<\/a><\/li>\n<li><a href=\"https:\/\/es.wikipedia.org\/wiki\/Folcsonom%C3%ADa#Propiedades_de_las_folcsonom%C3%ADas\" rel=\"nofollow noopener\" target=\"_blank\">Propiedades de las folcsonom\u00edas<\/a><\/li>\n<\/ul>\n<p>&nbsp;<\/p>\n","protected":false},"excerpt":{"rendered":"<p>Es una forma de definir la acci\u00f3n de realizar etiquetas o tags, exclusivamente por parte del p\u00fablico. La folksonom\u00eda tambi\u00e9n se caracteriza porque de car\u00e1cter colaborativo y suelen ser definiciones que parten de usuarios reales. \u00bfQu\u00e9 son las folksonom\u00edas? Consiste en la clasificaci\u00f3n de contenidos que se lleva a cabo por los mismos usuarios, a [&hellip;]<\/p>\n","protected":false},"author":1,"featured_media":13184,"parent":0,"menu_order":0,"comment_status":"closed","ping_status":"closed","template":"","meta":{"inline_featured_image":false,"footnotes":""},"class_list":["post-1729","page","type-page","status-publish","has-post-thumbnail","hentry"],"_links":{"self":[{"href":"https:\/\/www.appyweb.es\/diccionario\/wp-json\/wp\/v2\/pages\/1729","targetHints":{"allow":["GET"]}}],"collection":[{"href":"https:\/\/www.appyweb.es\/diccionario\/wp-json\/wp\/v2\/pages"}],"about":[{"href":"https:\/\/www.appyweb.es\/diccionario\/wp-json\/wp\/v2\/types\/page"}],"author":[{"embeddable":true,"href":"https:\/\/www.appyweb.es\/diccionario\/wp-json\/wp\/v2\/users\/1"}],"replies":[{"embeddable":true,"href":"https:\/\/www.appyweb.es\/diccionario\/wp-json\/wp\/v2\/comments?post=1729"}],"version-history":[{"count":6,"href":"https:\/\/www.appyweb.es\/diccionario\/wp-json\/wp\/v2\/pages\/1729\/revisions"}],"predecessor-version":[{"id":13185,"href":"https:\/\/www.appyweb.es\/diccionario\/wp-json\/wp\/v2\/pages\/1729\/revisions\/13185"}],"wp:featuredmedia":[{"embeddable":true,"href":"https:\/\/www.appyweb.es\/diccionario\/wp-json\/wp\/v2\/media\/13184"}],"wp:attachment":[{"href":"https:\/\/www.appyweb.es\/diccionario\/wp-json\/wp\/v2\/media?parent=1729"}],"curies":[{"name":"wp","href":"https:\/\/api.w.org\/{rel}","templated":true}]}}