{"id":174,"date":"2023-06-19T13:45:02","date_gmt":"2023-06-19T13:45:02","guid":{"rendered":"https:\/\/www.appyweb.es\/diccionario\/?page_id=174"},"modified":"2024-02-19T23:21:33","modified_gmt":"2024-02-19T23:21:33","slug":"arimetrics","status":"publish","type":"page","link":"https:\/\/www.appyweb.es\/diccionario\/arimetrics\/","title":{"rendered":"Arimetrics"},"content":{"rendered":"<h1 class=\"entry-title main_title\"><img loading=\"lazy\" decoding=\"async\" class=\" wp-image-8333 aligncenter\" style=\"font-size: 16px; font-weight: 400;\" src=\"https:\/\/www.appyweb.es\/diccionario\/wp-content\/uploads\/2023\/08\/que-es-arimetrics-1-300x169.jpg\" alt=\"\" width=\"931\" height=\"524\" srcset=\"https:\/\/www.appyweb.es\/diccionario\/wp-content\/uploads\/2023\/08\/que-es-arimetrics-1-300x169.jpg 300w, https:\/\/www.appyweb.es\/diccionario\/wp-content\/uploads\/2023\/08\/que-es-arimetrics-1-1024x576.jpg 1024w, https:\/\/www.appyweb.es\/diccionario\/wp-content\/uploads\/2023\/08\/que-es-arimetrics-1-768x432.jpg 768w, https:\/\/www.appyweb.es\/diccionario\/wp-content\/uploads\/2023\/08\/que-es-arimetrics-1.jpg 1080w\" sizes=\"auto, (max-width: 931px) 100vw, 931px\" \/><\/h1>\n<p>Cuando se trata de marketing digital, todas las estrategias que se van a llevar a cabo deben ser medidas, sin embargo, no muchos emprendimientos cuentan con la capacidad y las herramientas para llevar a cabo un an\u00e1lisis constante. Por eso existen m\u00e1s empresas de anal\u00edtica digital,\u00a0<strong>una de las m\u00e1s importantes en Espa\u00f1a es Arimetrics<\/strong>, cuenta con los servicios de anal\u00edtica m\u00e1s completos en el sector.<br \/>\nSigue leyendo y conoce m\u00e1s sobre lo que hacen.<\/p>\n<h2>\u00bfQu\u00e9 es Arimetrics?<\/h2>\n<p>Es una empresa <strong>especializada en todo lo relacionado con la anal\u00edtica digital<\/strong>.<br \/>\nArimetrics se define como un consultorio de marketing que cuenta con grandes <a href=\"https:\/\/diseno20.appyweb.es\/auditoria-seo\/\" rel=\"nofollow noopener\" target=\"_blank\">herramientas y conocimientos sobre SEO<\/a> y PPC.<br \/>\nCuenta con importantes extensiones f\u00edsicas en Madrid y en Miami.<\/p>\n<p>Igualmente, se destacan como organizaci\u00f3n debido a que tienen el reconocimiento oficial de Google Analytics y Bing Ads, han logrado generar cambios beneficiosos en grandes y medianas empresas de diferentes sectores, incluso en Latinoam\u00e9rica.<\/p>\n<p>Tienen <strong>una referencia muy positiva como organizaci\u00f3n de anal\u00edtica web en Espa\u00f1a<\/strong>, aunque tambi\u00e9n genera herramientas y buenas gestiones en muchos m\u00e1s pa\u00edses.<br \/>\nEs una empresa muy completa que ofrece departamento de marketing digital, posicionamiento org\u00e1nico, Google Ads y Facebook Ads.<\/p>\n<p>Aparte de sus servicios de an\u00e1lisis, \u00e9sta organizaci\u00f3n tambi\u00e9n se destaca a trav\u00e9s de otros procesos como consultor\u00eda y an\u00e1lisis para emprendimientos.<br \/>\nDe esta forma, gracias a sus resultados, creatividad e innovaci\u00f3n cuenta con un reconocimiento oficial de manera global.<\/p>\n<h2>Origen de Arimetrics<\/h2>\n<p>Se define a s\u00ed misma <strong>como un equipo de analistas y t\u00e9cnicos en SEO y SEM<\/strong>, especializados en marketplaces o tiendas digitales.<br \/>\nSu sede en Madrid, Espa\u00f1a fue fundada en el 2015 y cuenta con poco m\u00e1s de 10 empleados.<br \/>\nEn su historial se puede notar una gran experiencia trabajando con grandes marcas como L\\\\\u2019Or\u00e9al, Televisa, Cosmopolitan, entre otras.<\/p>\n<p>Fue registrada en la OEMP bajo el nombre de Arimentrica Digital, S.L. Y se puede acceder a su sitio oficial a trav\u00e9s de <a href=\"https:\/\/www.appyweb.es\/diccionario\/arimetrics\/\">www.arimetrics.com<\/a>.<br \/>\nAsimismo, tambi\u00e9n cuentan con una oficina en Florida, Miami, donde se puede realizar una previa cita directamente en su sitio web.<\/p>\n<h2>Servicios de Arimetrics<\/h2>\n<p>Es una gran plataforma online que tambi\u00e9n ofrece servicios de atenci\u00f3n personal en sus dos sedes principales, para ayudar a grandes, medianas y peque\u00f1as empresas en diferente \u00e1reas de la anal\u00edtica digital.<\/p>\n<p>En su gesti\u00f3n realiza una serie de propuestas y nuevas ideas que resultan a todos sus informes de an\u00e1lisis, de forma que los clientes <strong>puedan generar una proyecci\u00f3n a largo plazo de todas sus estrategias<\/strong>. Actualmente, tienen a disposici\u00f3n de los siguientes servicios.<\/p>\n<ul>\n<li>An\u00e1lisis web avanzado.<\/li>\n<li>Proyecciones de posicionamiento.<\/li>\n<li>Auditor\u00edas de web.<\/li>\n<li>Estrategias de marketing digital y publicidad en redes sociales y m\u00e1s.<\/li>\n<li>Implementaci\u00f3n de herramientas avanzadas de anal\u00edtica web.<\/li>\n<li><a href=\"https:\/\/www.appyweb.es\/diccionario\/google-adwords\/\">Publicidad con campa\u00f1as de Google Adwords<\/a>.<\/li>\n<li>Estrategia de venta de marketplace en Amazon y Aliexpress.<\/li>\n<li>Consultor\u00eda de medici\u00f3n para emprendimientos.<\/li>\n<\/ul>\n<h2>Glosario digital de Arimetrics<\/h2>\n<p>Una de las tantas cosas que hace que esta empresa sea popular en Internet es que cuenta con un glosario de t\u00e9rminos digitales.<br \/>\nActualmente, este recurso cuenta con m\u00e1s de 300 definiciones, est\u00e1n disponibles tanto para sus clientes, como para usuarios que quieran un poco m\u00e1s de informaci\u00f3n sobre el sector.<\/p>\n<p>Seg\u00fan la empresa, el objetivo de este diccionario es <strong>ofrecer toda la informaci\u00f3n disponible de los t\u00e9rminos de marketing digital<\/strong>, posicionamiento, marketing de contenidos y buscadores.<\/p>\n<p><script type=\"application\/ld+json\">{\"@context\":\"https:\/\/schema.org\",\"@type\":\"FAQPage\",\"mainEntity\":[ \n{\"@type\":\"Question\",\"name\":\"\u00bfQu\u00e9 es Arimetrics?\",\"acceptedAnswer\":{\"@type\":\"Answer\",\"text\":\"<\/p>\n<\/p>\n<\/p>\n<\/p>\n<\/p>\n<\/p>\n<\/p>\n<\/p>\n<\/p>\n<p>Es una empresa <strong>especializada en todo lo relacionado con la anal\u00edtica digital<\/strong>. <br \/>Arimetrics se define como un consultorio de marketing que cuenta con grandes <a href='https:\/\/diseno20.appyweb.es\/auditoria-seo\/'>herramientas y conocimientos sobre SEO<\/a> y PPC. <br \/>Cuenta con importantes extensiones f\u00edsicas en Madrid y en Miami.<\/p>\n<\/p>\n<\/p>\n<\/p>\n<\/p>\n<\/p>\n<\/p>\n<\/p>\n<\/p>\n<p>Igualmente, se destacan como organizaci\u00f3n debido a que tienen el reconocimiento oficial de Google Analytics y Bing Ads, han logrado generar cambios beneficiosos en grandes y medianas empresas de diferentes sectores, incluso en Latinoam\u00e9rica.<\/p>\n<\/p>\n<\/p>\n<\/p>\n<\/p>\n<\/p>\n<\/p>\n<\/p>\n<\/p>\n<p>Tienen <strong>una referencia muy positiva como organizaci\u00f3n de anal\u00edtica web en Espa\u00f1a<\/strong>, aunque tambi\u00e9n genera herramientas y buenas gestiones en muchos m\u00e1s pa\u00edses. <br \/>Es una empresa muy completa que ofrece departamento de marketing digital, posicionamiento org\u00e1nico, Google Ads y Facebook Ads.<\/p>\n<\/p>\n<\/p>\n<\/p>\n<\/p>\n<\/p>\n<\/p>\n<\/p>\n<\/p>\n<p>Aparte de sus servicios de an\u00e1lisis, \u00e9sta organizaci\u00f3n tambi\u00e9n se destaca a trav\u00e9s de otros procesos como consultor\u00eda y an\u00e1lisis para emprendimientos. <br \/>De esta forma, gracias a sus resultados, creatividad e innovaci\u00f3n cuenta con un reconocimiento oficial de manera global.<\/p>\n<\/p>\n<\/p>\n<\/p>\n<\/p>\n<\/p>\n<\/p>\n<\/p>\n<\/p>\n<p>\"}},\n{\"@type\":\"Question\",\"name\":\"Origen de Arimetrics\",\"acceptedAnswer\":{\"@type\":\"Answer\",\"text\":\"<\/p>\n<\/p>\n<\/p>\n<\/p>\n<\/p>\n<\/p>\n<\/p>\n<\/p>\n<\/p>\n<p>Se define a s\u00ed misma <strong>como un equipo de analistas y t\u00e9cnicos en SEO y SEM<\/strong>, especializados en marketplaces o tiendas digitales. <br \/>Su sede en Madrid, Espa\u00f1a fue fundada en el 2015 y cuenta con poco m\u00e1s de 10 empleados. <br \/>En su historial se puede notar una gran experiencia trabajando con grandes marcas como L\\\\\u2019Or\u00e9al, Televisa, Cosmopolitan, entre otras.<\/p>\n<\/p>\n<\/p>\n<\/p>\n<\/p>\n<\/p>\n<\/p>\n<\/p>\n<\/p>\n<p>Fue registrada en la OEMP bajo el nombre de Arimentrica Digital, S.L. Y se puede acceder a su sitio oficial a trav\u00e9s de <a href='https:\/\/www.appyweb.es\/diccionario\/arimetrics\/'>www.arimetrics.com<\/a>. <br \/>Asimismo, tambi\u00e9n cuentan con una oficina en Florida, Miami, donde se puede realizar una previa cita directamente en su sitio web.<\/p>\n<\/p>\n<\/p>\n<\/p>\n<\/p>\n<\/p>\n<\/p>\n<\/p>\n<\/p>\n<p>\"}},\n{\"@type\":\"Question\",\"name\":\"Servicios de Arimetrics\",\"acceptedAnswer\":{\"@type\":\"Answer\",\"text\":\"<\/p>\n<\/p>\n<\/p>\n<\/p>\n<\/p>\n<\/p>\n<\/p>\n<\/p>\n<\/p>\n<p>Es una gran plataforma online que tambi\u00e9n ofrece servicios de atenci\u00f3n personal en sus dos sedes principales, para ayudar a grandes, medianas y peque\u00f1as empresas en diferente \u00e1reas de la anal\u00edtica digital.<\/p>\n<\/p>\n<\/p>\n<\/p>\n<\/p>\n<\/p>\n<\/p>\n<\/p>\n<\/p>\n<p>En su gesti\u00f3n realiza una serie de propuestas y nuevas ideas que resultan a todos sus informes de an\u00e1lisis, de forma que los clientes <strong>puedan generar una proyecci\u00f3n a largo plazo de todas sus estrategias<\/strong>. Actualmente, tienen a disposici\u00f3n de los siguientes servicios.<\/p>\n<\/p>\n<\/p>\n<\/p>\n<\/p>\n<\/p>\n<\/p>\n<\/p>\n<\/p>\n<li>An\u00e1lisis web avanzado.<\/li>\n<\/p>\n<\/p>\n<\/p>\n<\/p>\n<\/p>\n<\/p>\n<\/p>\n<li>Proyecciones de posicionamiento.<\/li>\n<\/p>\n<\/p>\n<\/p>\n<\/p>\n<\/p>\n<\/p>\n<\/p>\n<li>Auditor\u00edas de web.<\/li>\n<\/p>\n<\/p>\n<\/p>\n<\/p>\n<\/p>\n<\/p>\n<\/p>\n<li>Estrategias de marketing digital y publicidad en redes sociales y m\u00e1s.<\/li>\n<\/p>\n<\/p>\n<\/p>\n<\/p>\n<\/p>\n<\/p>\n<\/p>\n<li>Implementaci\u00f3n de herramientas avanzadas de anal\u00edtica web.<\/li>\n<\/p>\n<\/p>\n<\/p>\n<\/p>\n<\/p>\n<\/p>\n<\/p>\n<li><a href='https:\/\/www.appyweb.es\/diccionario\/google-adwords\/'>Publicidad con campa\u00f1as de Google Adwords<\/a>.<\/li>\n<\/p>\n<\/p>\n<\/p>\n<p><span data-mce-type=\"bookmark\" style=\"display: inline-block; width: 0px; overflow: hidden; line-height: 0;\" class=\"mce_SELRES_start\">\ufeff<\/span><\/p>\n<\/p>\n<\/p>\n<\/p>\n<\/p>\n<li>Estrategia de venta de marketplace en Amazon y Aliexpress.<\/li>\n<\/p>\n<\/p>\n<\/p>\n<\/p>\n<\/p>\n<\/p>\n<\/p>\n<li>Consultor\u00eda de medici\u00f3n para emprendimientos.<\/li>\n<\/p>\n<\/p>\n<\/p>\n<\/p>\n<\/p>\n<\/p>\n<\/p>\n<p>\"}},\n{\"@type\":\"Question\",\"name\":\"Glosario digital de Arimetrics\",\"acceptedAnswer\":{\"@type\":\"Answer\",\"text\":\"<\/p>\n<\/p>\n<\/p>\n<\/p>\n<\/p>\n<\/p>\n<\/p>\n<\/p>\n<\/p>\n<p>Una de las tantas cosas que hace que esta empresa sea popular en Internet es que cuenta con un glosario de t\u00e9rminos digitales. <br \/>Actualmente, este recurso cuenta con m\u00e1s de 300 definiciones, est\u00e1n disponibles tanto para sus clientes, como para usuarios que quieran un poco m\u00e1s de informaci\u00f3n sobre el sector.<\/p>\n<\/p>\n<\/p>\n<\/p>\n<\/p>\n<\/p>\n<\/p>\n<\/p>\n<\/p>\n<p>Seg\u00fan la empresa, el objetivo de este diccionario es <strong>ofrecer toda la informaci\u00f3n disponible de los t\u00e9rminos de marketing digital<\/strong>, posicionamiento, marketing de contenidos y buscadores.<\/p>\n<\/p>\n<\/p>\n<\/p>\n<\/p>\n<p>]}<\/script><\/p>\n<p>&nbsp;<\/p>\n<h2><span id=\"%F0%9F%93%8C_Mas_informacion_sobre_Arimetrics\" class=\"ez-toc-section\"><\/span>M\u00e1s informaci\u00f3n sobre Arimetrics<\/h2>\n<ul>\n<li><a href=\"https:\/\/www.appyweb.es\/diccionario\/especialistas-sem\/\">\u00bfQu\u00e9 son los Especialistas SEM y para qu\u00e9 sirve?<\/a><\/li>\n<li><a href=\"https:\/\/www.elconfidencialdigital.com\/articulo\/gadgets\/evolucion-constante-marketing-digital\/20190709115922127890.html\" rel=\"nofollow noopener\" target=\"_blank\">El glosario digital de Arimetrics: actualizaci\u00f3n y actualidad<\/a>.<\/li>\n<\/ul>\n","protected":false},"excerpt":{"rendered":"<p>Cuando se trata de marketing digital, todas las estrategias que se van a llevar a cabo deben ser medidas, sin embargo, no muchos emprendimientos cuentan con la capacidad y las herramientas para llevar a cabo un an\u00e1lisis constante. Por eso existen m\u00e1s empresas de anal\u00edtica digital,\u00a0una de las m\u00e1s importantes en Espa\u00f1a es Arimetrics, cuenta [&hellip;]<\/p>\n","protected":false},"author":1,"featured_media":8333,"parent":0,"menu_order":0,"comment_status":"closed","ping_status":"closed","template":"","meta":{"inline_featured_image":false,"footnotes":""},"class_list":["post-174","page","type-page","status-publish","has-post-thumbnail","hentry"],"_links":{"self":[{"href":"https:\/\/www.appyweb.es\/diccionario\/wp-json\/wp\/v2\/pages\/174","targetHints":{"allow":["GET"]}}],"collection":[{"href":"https:\/\/www.appyweb.es\/diccionario\/wp-json\/wp\/v2\/pages"}],"about":[{"href":"https:\/\/www.appyweb.es\/diccionario\/wp-json\/wp\/v2\/types\/page"}],"author":[{"embeddable":true,"href":"https:\/\/www.appyweb.es\/diccionario\/wp-json\/wp\/v2\/users\/1"}],"replies":[{"embeddable":true,"href":"https:\/\/www.appyweb.es\/diccionario\/wp-json\/wp\/v2\/comments?post=174"}],"version-history":[{"count":12,"href":"https:\/\/www.appyweb.es\/diccionario\/wp-json\/wp\/v2\/pages\/174\/revisions"}],"predecessor-version":[{"id":11260,"href":"https:\/\/www.appyweb.es\/diccionario\/wp-json\/wp\/v2\/pages\/174\/revisions\/11260"}],"wp:featuredmedia":[{"embeddable":true,"href":"https:\/\/www.appyweb.es\/diccionario\/wp-json\/wp\/v2\/media\/8333"}],"wp:attachment":[{"href":"https:\/\/www.appyweb.es\/diccionario\/wp-json\/wp\/v2\/media?parent=174"}],"curies":[{"name":"wp","href":"https:\/\/api.w.org\/{rel}","templated":true}]}}