{"id":1751,"date":"2023-06-21T10:25:01","date_gmt":"2023-06-21T10:25:01","guid":{"rendered":"https:\/\/www.appyweb.es\/diccionario\/?page_id=1751"},"modified":"2024-04-03T09:01:08","modified_gmt":"2024-04-03T09:01:08","slug":"footprints","status":"publish","type":"page","link":"https:\/\/www.appyweb.es\/diccionario\/footprints\/","title":{"rendered":"Footprints"},"content":{"rendered":"<h1><img loading=\"lazy\" decoding=\"async\" class=\"alignnone  wp-image-13211\" src=\"https:\/\/www.appyweb.es\/diccionario\/wp-content\/uploads\/2024\/04\/Footprints-300x180.jpg\" alt=\"Footprints\" width=\"1143\" height=\"686\" srcset=\"https:\/\/www.appyweb.es\/diccionario\/wp-content\/uploads\/2024\/04\/Footprints-300x180.jpg 300w, https:\/\/www.appyweb.es\/diccionario\/wp-content\/uploads\/2024\/04\/Footprints-768x461.jpg 768w, https:\/\/www.appyweb.es\/diccionario\/wp-content\/uploads\/2024\/04\/Footprints.jpg 1000w\" sizes=\"auto, (max-width: 1143px) 100vw, 1143px\" \/><\/h1>\n<p>Es la palabra en ingl\u00e9s para \u201chuellas\u201d, un anglicismo que se utiliza para referirse a una de las estrategias que se utiliza para hacer una b\u00fasqueda m\u00e1s eficaz. Los <strong>footprints son una combinaci\u00f3n de letras y signos gramaticales<\/strong> que funcionan como c\u00f3digos para filtrar las b\u00fasquedas en los resultados de Google y as\u00ed mejorar el posicionamiento.<\/p>\n<h2>\u00bfQu\u00e9 son los footprints Google?<\/h2>\n<p>Los footprints son <strong>comandos preestablecidos que ayudan a que una b\u00fasqueda sea m\u00e1s eficiente<\/strong>. Es decir, la hace m\u00e1s r\u00e1pida y tambi\u00e9n ayuda a hacerla m\u00e1s espec\u00edfica, filtrando elementos que no necesita. Por ejemplo, si el usuario utiliza una palabra clave a trav\u00e9s comando \u00absite\u00bb y una URL en espec\u00edfico, los resultados de Google mostrar\u00e1n solo las opciones referentes a esas palabras dentro de ese sitio.<\/p>\n<p>As\u00ed como este, existe una larga lista de comandos para filtrar las b\u00fasquedas utilizando hashtags, concordancia exacta, redes sociales, entre otros. Con este recurso, los expertos en SEO pueden encontrar nuevas tendencias en su sector o incluso encontrar ejemplos de su competencia <a href=\"https:\/\/www.appyweb.es\/posicionamiento-web\/\">para mejorar el posicionamiento web<\/a>. Tambi\u00e9n es un excelente m\u00e9todo para encontrar ideas de nuevos contenidos.<\/p>\n<h2>\u00bfPara qu\u00e9 se utilizan?<\/h2>\n<p>En primer lugar, los footprints de Google tienen la finalidad de <strong>mejorar la experiencia de b\u00fasqueda de los usuarios<\/strong>, de esta forma es posible filtrar los resultados que necesita sin tener que buscar entre miles de p\u00e1ginas. Pero, al mismo tiempo es una herramienta muy \u00fatil para hacer keyword research, <a href=\"https:\/\/www.appyweb.es\/link-building\/\">buscar opciones para linkbuilding<\/a>, encontrar informaci\u00f3n espec\u00edfica sobre la competencia o incluso explorar en los resultados para el sitio web de propiedad.<\/p>\n<h2>\u00bfC\u00f3mo usar footprints?<\/h2>\n<p>Es muy f\u00e1cil, solo basta con introducir el c\u00f3digo dentro de la barra de b\u00fasqueda de Google, seguido de dos puntos (:) y la palabra clave o URL que se quiere explorar. Est\u00e1s tambi\u00e9n <strong>se pueden utilizar en combinaci\u00f3n para tener resultados a\u00fan m\u00e1s espec\u00edficos<\/strong>, por ejemplo, a\u00f1adir una palabra clave seguida del sitio web donde se quiere explorar. Si se utiliza la huella \u00absite\u00bb ser\u00eda de la siguiente forma \u00abejemplos de helados site:www.ejemplo.es\u00bb.<\/p>\n<p>De esta forma, aparecer\u00e1n s\u00f3lo resultados que contengan la palabra clave \u201cejemplo de helados\u201d en el sitio web www.ejemplo.es. Lo importante para hacer que las huellas funcionen es utilizar palabras claves en la b\u00fasqueda y a\u00f1adir dos puntos (:) despu\u00e9s del comando.<\/p>\n<h2>Footprints m\u00e1s comunes y c\u00f3mo usarlos<\/h2>\n<h3>Site<\/h3>\n<p>Muestra todas las URL que est\u00e1n indexadas por Google a una p\u00e1gina. Para usarlo s\u00f3lo es necesario escribir en el buscador el comando \u201csite\u201d, seguido de dos puntos y el nombre del dominio, como en el ejemplo anterior.<\/p>\n<h3>Comillas para palabras exactas<\/h3>\n<p>Este es uno de los m\u00e1s utilizados y sirve para decirle al buscador que debe encontrar la oraci\u00f3n completa. En SEO, se utiliza para la b\u00fasqueda de palabras claves, combinaciones espec\u00edficas de palabras claves, por ejemplo, \u201cflores azules en Italia\u201d.<\/p>\n<h3>Asterisco para autocompletar<\/h3>\n<p>Este comando se utiliza cuando la intenci\u00f3n es <strong>conseguir informaci\u00f3n complementaria sobre un tema<\/strong>, ya sea funciones, ubicaci\u00f3n, recomendaci\u00f3n. S\u00f3lo debe escribirse el tema en el motor de b\u00fasqueda acompa\u00f1ado de un asterisco (*). Por ejemplo: parques ecol\u00f3gicos*<\/p>\n<h3>Related<\/h3>\n<p>Permite encontrar sitios similares, se escribe el comando <em>related<\/em>, seguido de dos puntos y el nombre de la p\u00e1gina. Ejemplo: related:ejemplos.com.<\/p>\n<p><script type=\"application\/ld+json\">{\"@context\":\"https:\/\/schema.org\",\"@type\":\"FAQPage\",\"mainEntity\":[ \n{\"@type\":\"Question\",\"name\":\"\u00bfQu\u00e9 son los footprints Google?\",\"acceptedAnswer\":{\"@type\":\"Answer\",\"text\":\"<\/p>\n<p>Los footprints son <strong>comandos preestablecidos que ayudan a que una b\u00fasqueda sea m\u00e1s eficiente<\/strong>. Es decir, la hace m\u00e1s r\u00e1pida y tambi\u00e9n ayuda a hacerla m\u00e1s espec\u00edfica, filtrando elementos que no necesita. Por ejemplo, si el usuario utiliza una palabra clave a trav\u00e9s comando 'site' y una URL en espec\u00edfico, los resultados de Google mostrar\u00e1n solo las opciones referentes a esas palabras dentro de ese sitio.<\/p>\n<p>As\u00ed como este, existe una larga lista de comandos para filtrar las b\u00fasquedas utilizando hashtags, concordancia exacta, redes sociales, entre otros. Con este recurso, los expertos en SEO pueden encontrar nuevas tendencias en su sector o incluso encontrar ejemplos de su competencia <a href='https:\/\/www.appyweb.es\/posicionamiento-web\/'>para mejorar el posicionamiento web<\/a>. Tambi\u00e9n es un excelente m\u00e9todo para encontrar ideas de nuevos contenidos.<\/p>\n<p>\"}},\n{\"@type\":\"Question\",\"name\":\"\u00bfPara qu\u00e9 se utilizan?\",\"acceptedAnswer\":{\"@type\":\"Answer\",\"text\":\"<\/p>\n<p>En primer lugar, los footprints de Google tienen la finalidad de <strong>mejorar la experiencia de b\u00fasqueda de los usuarios<\/strong>, de esta forma es posible filtrar los resultados que necesita sin tener que buscar entre miles de p\u00e1ginas. Pero, al mismo tiempo es una herramienta muy \u00fatil para hacer keyword research, <a href='https:\/\/www.appyweb.es\/link-building\/'>buscar opciones para linkbuilding<\/a>, encontrar informaci\u00f3n espec\u00edfica sobre la competencia o incluso explorar en los resultados para el sitio web de propiedad.<\/p>\n<p>\"}},\n{\"@type\":\"Question\",\"name\":\"\u00bfC\u00f3mo usar footprints?\",\"acceptedAnswer\":{\"@type\":\"Answer\",\"text\":\"<\/p>\n<p>Es muy f\u00e1cil, solo basta con introducir el c\u00f3digo dentro de la barra de b\u00fasqueda de Google, seguido de dos puntos (:) y la palabra clave o URL que se quiere explorar. Est\u00e1s tambi\u00e9n <strong>se pueden utilizar en combinaci\u00f3n para tener resultados a\u00fan m\u00e1s espec\u00edficos<\/strong>, por ejemplo, a\u00f1adir una palabra clave seguida del sitio web donde se quiere explorar. Si se utiliza la huella 'site' ser\u00eda de la siguiente forma 'ejemplos de helados site:www.ejemplo.es'.<\/p>\n<p>De esta forma, aparecer\u00e1n s\u00f3lo resultados que contengan la palabra clave \u201cejemplo de helados\u201d en el sitio web www.ejemplo.es. Lo importante para hacer que las huellas funcionen es utilizar palabras claves en la b\u00fasqueda y a\u00f1adir dos puntos (:) despu\u00e9s del comando.<\/p>\n<p>\"}},\n{\"@type\":\"Question\",\"name\":\"Footprints m\u00e1s comunes y c\u00f3mo usarlos\",\"acceptedAnswer\":{\"@type\":\"Answer\",\"text\":\"<\/p>\n<p>Site<\/p>\n<p>Muestra todas las URL que est\u00e1n indexadas por Google a una p\u00e1gina. Para usarlo s\u00f3lo es necesario escribir en el buscador el comando \u201csite\u201d, seguido de dos puntos y el nombre del dominio, como en el ejemplo anterior.<\/p>\n<p>Comillas para palabras exactas<\/p>\n<p>Este es uno de los m\u00e1s utilizados y sirve para decirle al buscador que debe encontrar la oraci\u00f3n completa. En SEO, se utiliza para la b\u00fasqueda de palabras claves, combinaciones espec\u00edficas de palabras claves, por ejemplo, \u201cflores azules en Italia\u201d.<\/p>\n<p>Asterisco para autocompletar<\/p>\n<p>Este comando se utiliza cuando la intenci\u00f3n es <strong>conseguir informaci\u00f3n complementaria sobre un tema<\/strong>, ya sea funciones, ubicaci\u00f3n, recomendaci\u00f3n. S\u00f3lo debe escribirse el tema en el motor de b\u00fasqueda acompa\u00f1ado de un asterisco (*). Por ejemplo: parques ecol\u00f3gicos*<\/p>\n<p>Related<\/p>\n<p>Permite encontrar sitios similares, se escribe el comando <em>related<\/em>, seguido de dos puntos y el nombre de la p\u00e1gina. Ejemplo: related:ejemplos.com.<\/p>\n<p>\"}}\n]}<\/script><\/p>\n<h2>M\u00e1s informaci\u00f3n sobre footprints<\/h2>\n<p>A continuaci\u00f3n, ver\u00e1s un par de enlaces con m\u00e1s informaci\u00f3n, el primero te ayudar\u00e1 a conocer c\u00f3mo empezar a traer tr\u00e1fico desde la b\u00fasqueda por voz, utilizando diferentes <strong>comandos similares a las huellas de Google<\/strong>. En el segundo enlace encontrar\u00e1s una gu\u00eda SEO para utilizarlas a tu favor.<\/p>\n<ul>\n<li><a href=\"https:\/\/www.appyweb.es\/aumenta-trafico-web-busqueda-voz\/\">Consigue tr\u00e1fico a trav\u00e9s de la b\u00fasqueda por voz<\/a><\/li>\n<li><a href=\"https:\/\/www.joaquinvelazquez.top\/footprints-seo-guiaa-completa-de-google-y-footprints\/\" rel=\"nofollow noopener\" target=\"_blank\">Gu\u00eda completa de Footprints SEO de Google<\/a><\/li>\n<\/ul>\n<p>&nbsp;<\/p>\n","protected":false},"excerpt":{"rendered":"<p>Es la palabra en ingl\u00e9s para \u201chuellas\u201d, un anglicismo que se utiliza para referirse a una de las estrategias que se utiliza para hacer una b\u00fasqueda m\u00e1s eficaz. Los footprints son una combinaci\u00f3n de letras y signos gramaticales que funcionan como c\u00f3digos para filtrar las b\u00fasquedas en los resultados de Google y as\u00ed mejorar el [&hellip;]<\/p>\n","protected":false},"author":1,"featured_media":13211,"parent":0,"menu_order":0,"comment_status":"closed","ping_status":"closed","template":"","meta":{"inline_featured_image":false,"footnotes":""},"class_list":["post-1751","page","type-page","status-publish","has-post-thumbnail","hentry"],"_links":{"self":[{"href":"https:\/\/www.appyweb.es\/diccionario\/wp-json\/wp\/v2\/pages\/1751","targetHints":{"allow":["GET"]}}],"collection":[{"href":"https:\/\/www.appyweb.es\/diccionario\/wp-json\/wp\/v2\/pages"}],"about":[{"href":"https:\/\/www.appyweb.es\/diccionario\/wp-json\/wp\/v2\/types\/page"}],"author":[{"embeddable":true,"href":"https:\/\/www.appyweb.es\/diccionario\/wp-json\/wp\/v2\/users\/1"}],"replies":[{"embeddable":true,"href":"https:\/\/www.appyweb.es\/diccionario\/wp-json\/wp\/v2\/comments?post=1751"}],"version-history":[{"count":6,"href":"https:\/\/www.appyweb.es\/diccionario\/wp-json\/wp\/v2\/pages\/1751\/revisions"}],"predecessor-version":[{"id":13212,"href":"https:\/\/www.appyweb.es\/diccionario\/wp-json\/wp\/v2\/pages\/1751\/revisions\/13212"}],"wp:featuredmedia":[{"embeddable":true,"href":"https:\/\/www.appyweb.es\/diccionario\/wp-json\/wp\/v2\/media\/13211"}],"wp:attachment":[{"href":"https:\/\/www.appyweb.es\/diccionario\/wp-json\/wp\/v2\/media?parent=1751"}],"curies":[{"name":"wp","href":"https:\/\/api.w.org\/{rel}","templated":true}]}}