{"id":1764,"date":"2023-06-21T10:33:40","date_gmt":"2023-06-21T10:33:40","guid":{"rendered":"https:\/\/www.appyweb.es\/diccionario\/?page_id=1764"},"modified":"2024-04-03T09:49:55","modified_gmt":"2024-04-03T09:49:55","slug":"foro","status":"publish","type":"page","link":"https:\/\/www.appyweb.es\/diccionario\/foro\/","title":{"rendered":"Foro"},"content":{"rendered":"<h1><img loading=\"lazy\" decoding=\"async\" class=\"alignnone wp-image-13263 size-full\" src=\"https:\/\/www.appyweb.es\/diccionario\/wp-content\/uploads\/2024\/04\/Foro.jpg\" alt=\"Foro\" width=\"1000\" height=\"600\" srcset=\"https:\/\/www.appyweb.es\/diccionario\/wp-content\/uploads\/2024\/04\/Foro.jpg 1000w, https:\/\/www.appyweb.es\/diccionario\/wp-content\/uploads\/2024\/04\/Foro-300x180.jpg 300w, https:\/\/www.appyweb.es\/diccionario\/wp-content\/uploads\/2024\/04\/Foro-768x461.jpg 768w\" sizes=\"auto, (max-width: 1000px) 100vw, 1000px\" \/><\/h1>\n<p>Esta palabra se utiliza com\u00fanmente para hablar sobre un grupo de personas dentro de una conferencia, donde se re\u00fanen para emitir opiniones y juicios sobre un tema. Pero, <strong>tambi\u00e9n es necesario hacer referencia a los foros online<\/strong>, b\u00e1sicamente tienen la misma finalidad pero con una estructura propia de la web.<\/p>\n<h2>\u00bfQu\u00e9 es un foro?<\/h2>\n<p>Este t\u00e9rmino derivado del italiano <em>f\u00f3rum<\/em> y que se traduce como <em>foro<\/em> en lat\u00edn, es el nombre que se le daba a las plazas p\u00fablicas localizadas a las afueras de las ciudades romanas. All\u00ed <strong>se llevaban a cabo actividades comerciales de gran importancia<\/strong>, de forma que las ciudades se planificaban en torno a \u00e9ste, tambi\u00e9n era el lugar en el cual celebraban los juicios p\u00fablicos ante cualquier delito.<\/p>\n<p>Asimismo, actualmente esta palabra se utiliza para describir un escenario distinto, se trata de una t\u00e9cnica de comunicaci\u00f3n que se lleva a cabo en un lugar f\u00edsico o virtual. En \u00e9l participan un grupo de personas <strong>para intercambiar ideas y opiniones de temas en com\u00fan<\/strong>. Cuando es un escenario virtual, <a href=\"https:\/\/www.appyweb.es\/link-building\/\">se puede utilizar para hacer linkbuilding<\/a> o incluso marketing de forma discreta para llegar a una audiencia objetivo.<\/p>\n<h2>\u00bfQu\u00e9 funci\u00f3n tienen los foros?<\/h2>\n<p>Como se mencion\u00f3 arriba, es un lugar donde usuarios con algo en com\u00fan <strong>pueden reunirse para emitir opiniones al respecto<\/strong>. Las plataformas de este tipo tienen una estructura en com\u00fan, un usuario genera una opini\u00f3n nueva y luego otros usuarios pueden comentarla, creando as\u00ed una especie de historial que podr\u00e1 ser consultada por otros usuarios en Internet.<\/p>\n<p>Cuando empezaron a utilizarse en Internet \u00e9stos eran un complemento de un sitio web, porque ten\u00eda la funci\u00f3n de <strong>crear una comunidad alrededor del mismo para generar temas de discusi\u00f3n<\/strong> a partir de sus publicaciones. As\u00ed, formaba <a href=\"https:\/\/www.appyweb.es\/gestion-blog-empresas\/\">parte de una gesti\u00f3n de blog de empresas<\/a> o medios de comunicaci\u00f3n.<\/p>\n<h2>\u00bfC\u00f3mo funciona?<\/h2>\n<p>Usualmente est\u00e1s plataformas est\u00e1n creadas para comunidades de usuarios con algo en com\u00fan, sin embargo, se emplean una serie de <strong>reglas que son establecidas por los administradores del sitio<\/strong>, al igual que sucede en las reuniones f\u00edsicas. Estas pueden incluir un lenguaje distintivo, teniendo en cuenta la calidad de los textos en cuanto a redacci\u00f3n, gram\u00e1tica y ortograf\u00eda.<\/p>\n<p>Asimismo, en Internet suelen estar coordinados por <strong>un moderador que tendr\u00e1 especial acceso a distintas funciones<\/strong> dentro de la herramienta, normalmente formula la primera pregunta y estimula a los dem\u00e1s a opinar. Solo un peque\u00f1o grupo tendr\u00e1 la posibilidad de moderar o administrar, de forma que no se pierda el objetivo de la conversaci\u00f3n. Sin embargo, en muchos casos los usuarios tienen la posibilidad de extenderse a temas diversos y muy amplios.<\/p>\n<h2>C\u00f3mo utilizar un foro para hacer marketing<\/h2>\n<p>Existen muchas formas de hacer publicidad dentro de este tipo de plataformas, la primera es para <strong>crear una comunidad directamente relacionada con la empresa<\/strong>, de forma que los clientes y posibles consumidores puedan comentar acerca de los productos y plasmar sus opiniones de forma p\u00fablica.<\/p>\n<p>La otra opci\u00f3n puede ser generar contenido de calidad dentro de sitios p\u00fablicos sobre un tema espec\u00edfico, con la finalidad de dejar un enlace que formar\u00e1 parte de la estrategia de linkbuilding y que <strong>los usuarios pueden utilizar para ampliar su informaci\u00f3n al respecto<\/strong>. Sin embargo, es necesario tener cuidado con esta estrategia, ya que los foros tienen reglas muy espec\u00edficas acerca del spam, es por eso que la publicaci\u00f3n debe ser natural y contener datos de valor.<\/p>\n<p><script type=\"application\/ld+json\">{\"@context\":\"https:\/\/schema.org\",\"@type\":\"FAQPage\",\"mainEntity\":[ \n{\"@type\":\"Question\",\"name\":\"\u00bfQu\u00e9 es un foro?\",\"acceptedAnswer\":{\"@type\":\"Answer\",\"text\":\"<\/p>\n<p>Este t\u00e9rmino derivado del italiano <em>f\u00f3rum<\/em> y que se traduce como <em>foro<\/em> en lat\u00edn, es el nombre que se le daba a las plazas p\u00fablicas localizadas a las afueras de las ciudades romanas. All\u00ed <strong>se llevaban a cabo actividades comerciales de gran importancia<\/strong>, de forma que las ciudades se planificaban en torno a \u00e9ste, tambi\u00e9n era el lugar en el cual celebraban los juicios p\u00fablicos ante cualquier delito.<\/p>\n<p>Asimismo, actualmente esta palabra se utiliza para describir un escenario distinto, se trata de una t\u00e9cnica de comunicaci\u00f3n que se lleva a cabo en un lugar f\u00edsico o virtual. En \u00e9l participan un grupo de personas <strong>para intercambiar ideas y opiniones de temas en com\u00fan<\/strong>. Cuando es un escenario virtual, <a href='https:\/\/www.appyweb.es\/link-building\/'>se puede utilizar para hacer linkbuilding<\/a> o incluso marketing de forma discreta para llegar a una audiencia objetivo.<\/p>\n<p>\"}},\n{\"@type\":\"Question\",\"name\":\"\u00bfQu\u00e9 funci\u00f3n tienen los foros?\",\"acceptedAnswer\":{\"@type\":\"Answer\",\"text\":\"<\/p>\n<p>Como se mencion\u00f3 arriba, es un lugar donde usuarios con algo en com\u00fan <strong>pueden reunirse para emitir opiniones al respecto<\/strong>. Las plataformas de este tipo tienen una estructura en com\u00fan, un usuario genera una opini\u00f3n nueva y luego otros usuarios pueden comentarla, creando as\u00ed una especie de historial que podr\u00e1 ser consultada por otros usuarios en Internet.<\/p>\n<p>Cuando empezaron a utilizarse en Internet \u00e9stos eran un complemento de un sitio web, porque ten\u00eda la funci\u00f3n de <strong>crear una comunidad alrededor del mismo para generar temas de discusi\u00f3n<\/strong> a partir de sus publicaciones. As\u00ed, formaba <a href='https:\/\/www.appyweb.es\/gestion-blog-empresas\/'>parte de una gesti\u00f3n de blog de empresas<\/a> o medios de comunicaci\u00f3n.<\/p>\n<p>\"}},\n{\"@type\":\"Question\",\"name\":\"\u00bfC\u00f3mo funciona?\",\"acceptedAnswer\":{\"@type\":\"Answer\",\"text\":\"<\/p>\n<p>Usualmente est\u00e1s plataformas est\u00e1n creadas para comunidades de usuarios con algo en com\u00fan, sin embargo, se emplean una serie de <strong>reglas que son establecidas por los administradores del sitio<\/strong>, al igual que sucede en las reuniones f\u00edsicas. Estas pueden incluir un lenguaje distintivo, teniendo en cuenta la calidad de los textos en cuanto a redacci\u00f3n, gram\u00e1tica y ortograf\u00eda.<\/p>\n<p>Asimismo, en Internet suelen estar coordinados por <strong>un moderador que tendr\u00e1 especial acceso a distintas funciones<\/strong> dentro de la herramienta, normalmente formula la primera pregunta y estimula a los dem\u00e1s a opinar. Solo un peque\u00f1o grupo tendr\u00e1 la posibilidad de moderar o administrar, de forma que no se pierda el objetivo de la conversaci\u00f3n. Sin embargo, en muchos casos los usuarios tienen la posibilidad de extenderse a temas diversos y muy amplios.<\/p>\n<p>\"}},\n{\"@type\":\"Question\",\"name\":\"C\u00f3mo utilizar un foro para hacer marketing\",\"acceptedAnswer\":{\"@type\":\"Answer\",\"text\":\"<\/p>\n<p>Existen muchas formas de hacer publicidad dentro de este tipo de plataformas, la primera es para <strong>crear una comunidad directamente relacionada con la empresa<\/strong>, de forma que los clientes y posibles consumidores puedan comentar acerca de los productos y plasmar sus opiniones de forma p\u00fablica.<\/p>\n<p>La otra opci\u00f3n puede ser generar contenido de calidad dentro de sitios p\u00fablicos sobre un tema espec\u00edfico, con la finalidad de dejar un enlace que formar\u00e1 parte de la estrategia de linkbuilding y que <strong>los usuarios pueden utilizar para ampliar su informaci\u00f3n al respecto<\/strong>. Sin embargo, es necesario tener cuidado con esta estrategia, ya que los foros tienen reglas muy espec\u00edficas acerca del spam, es por eso que la publicaci\u00f3n debe ser natural y contener datos de valor.<\/p>\n<p>\"}}\n]}<\/script><\/p>\n<h2>M\u00e1s informaci\u00f3n sobre foro<\/h2>\n<p>\u00bfQuieres aprender c\u00f3mo utilizar este tipo de plataforma para hacer linkbuilding? Accede al primer enlace y consigue otras opciones para tu estrategia. Tambi\u00e9n puedes <strong>verificar cu\u00e1les son los errores m\u00e1s comunes<\/strong> en el segundo enlace para que sepas c\u00f3mo evitarlos.<\/p>\n<ul>\n<li><a href=\"https:\/\/www.appyweb.es\/10-ejemplos-linkbuilding-posicionar-web\/\">10 ejemplos de link building para posicionar tu web<\/a><\/li>\n<li><a href=\"https:\/\/es.wikipedia.org\/wiki\/Foro_(Internet)#Enemigos_del_correcto_funcionamiento_del_foro\" rel=\"nofollow noopener\" target=\"_blank\">Enemigos del correcto funcionamiento del foro<\/a><\/li>\n<\/ul>\n<p>&nbsp;<\/p>\n","protected":false},"excerpt":{"rendered":"<p>Esta palabra se utiliza com\u00fanmente para hablar sobre un grupo de personas dentro de una conferencia, donde se re\u00fanen para emitir opiniones y juicios sobre un tema. Pero, tambi\u00e9n es necesario hacer referencia a los foros online, b\u00e1sicamente tienen la misma finalidad pero con una estructura propia de la web. \u00bfQu\u00e9 es un foro? Este [&hellip;]<\/p>\n","protected":false},"author":1,"featured_media":13263,"parent":0,"menu_order":0,"comment_status":"closed","ping_status":"closed","template":"","meta":{"inline_featured_image":false,"footnotes":""},"class_list":["post-1764","page","type-page","status-publish","has-post-thumbnail","hentry"],"_links":{"self":[{"href":"https:\/\/www.appyweb.es\/diccionario\/wp-json\/wp\/v2\/pages\/1764","targetHints":{"allow":["GET"]}}],"collection":[{"href":"https:\/\/www.appyweb.es\/diccionario\/wp-json\/wp\/v2\/pages"}],"about":[{"href":"https:\/\/www.appyweb.es\/diccionario\/wp-json\/wp\/v2\/types\/page"}],"author":[{"embeddable":true,"href":"https:\/\/www.appyweb.es\/diccionario\/wp-json\/wp\/v2\/users\/1"}],"replies":[{"embeddable":true,"href":"https:\/\/www.appyweb.es\/diccionario\/wp-json\/wp\/v2\/comments?post=1764"}],"version-history":[{"count":7,"href":"https:\/\/www.appyweb.es\/diccionario\/wp-json\/wp\/v2\/pages\/1764\/revisions"}],"predecessor-version":[{"id":13264,"href":"https:\/\/www.appyweb.es\/diccionario\/wp-json\/wp\/v2\/pages\/1764\/revisions\/13264"}],"wp:featuredmedia":[{"embeddable":true,"href":"https:\/\/www.appyweb.es\/diccionario\/wp-json\/wp\/v2\/media\/13263"}],"wp:attachment":[{"href":"https:\/\/www.appyweb.es\/diccionario\/wp-json\/wp\/v2\/media?parent=1764"}],"curies":[{"name":"wp","href":"https:\/\/api.w.org\/{rel}","templated":true}]}}