{"id":1772,"date":"2023-06-21T10:37:03","date_gmt":"2023-06-21T10:37:03","guid":{"rendered":"https:\/\/www.appyweb.es\/diccionario\/?page_id=1772"},"modified":"2024-04-03T10:09:02","modified_gmt":"2024-04-03T10:09:02","slug":"foro-de-internet","status":"publish","type":"page","link":"https:\/\/www.appyweb.es\/diccionario\/foro-de-internet\/","title":{"rendered":"Foro de Internet"},"content":{"rendered":"<h1><img loading=\"lazy\" decoding=\"async\" class=\"alignnone wp-image-13266\" src=\"https:\/\/www.appyweb.es\/diccionario\/wp-content\/uploads\/2024\/04\/ForodeInternet-300x180.jpg\" alt=\"Foro de Internet\" width=\"1145\" height=\"687\" srcset=\"https:\/\/www.appyweb.es\/diccionario\/wp-content\/uploads\/2024\/04\/ForodeInternet-300x180.jpg 300w, https:\/\/www.appyweb.es\/diccionario\/wp-content\/uploads\/2024\/04\/ForodeInternet-768x461.jpg 768w, https:\/\/www.appyweb.es\/diccionario\/wp-content\/uploads\/2024\/04\/ForodeInternet.jpg 1000w\" sizes=\"auto, (max-width: 1145px) 100vw, 1145px\" \/><\/h1>\n<p>Es un espacio o plataforma online destinado a la discusi\u00f3n, los usuarios que forman parte de esa comunidad suelen publicar mensaje y comentarlos para formar un nido de conversaci\u00f3n. Los <strong>foros de Internet son recursos para encontrar informaci\u00f3n relevante<\/strong> sobre la opini\u00f3n p\u00fablica de un tema.<\/p>\n<h2>\u00bfQu\u00e9 es un foro de Internet?<\/h2>\n<p>Son plataformas online que han sido creadas para que sus usuarios puedan discutir sobre distintos temas, <strong>expresar sus ideas y opiniones mientras interact\u00faan entre s\u00ed<\/strong>. Est\u00e1s plataformas se organizan a trav\u00e9s de categor\u00edas, incluyen diferentes tipos de foros que pueden tener relaci\u00f3n entre s\u00ed, su funci\u00f3n principal es organizar las diferentes vertientes que se pueden generar sobre un tema.<\/p>\n<p>Estas herramientas pueden utilizarse como <a href=\"https:\/\/www.appyweb.es\/marketing-de-contenidos\/\">parte de una estrategia de marketing de contenidos<\/a>, especialmente para atraer personas de un nicho de usuarios en Internet que tienen algo en com\u00fan. <strong>Algunas de esas plataformas pueden ser p\u00fablicas<\/strong>, por lo que cualquier persona, incluso una empresa buscando a traer a un nuevo p\u00fablico, pueden utilizarla para su inter\u00e9s.<\/p>\n<h2>\u00bfC\u00f3mo funciona?<\/h2>\n<p>Para empezar, es necesario suscribirse dentro de la plataforma, seguidamente, se aceptar\u00e1n los t\u00e9rminos y condiciones de la misma, algunas de ellas pueden ser respetar a los dem\u00e1s miembros del grupo y <strong>utilizar un lenguaje apropiado al momento de expresarse<\/strong>. En algunos sitios web no ser\u00e1 necesario registrarse, si no tener una invitaci\u00f3n para comentar, es algo normal en los que son de tipo p\u00fablico.<\/p>\n<p>En este mismo sentido, existen diferentes tipos de usuarios, est\u00e1n los administradores que ser\u00e1n los encargados de gestionar al grupo entero, lo que es muy \u00fatil cuando se <a href=\"https:\/\/www.appyweb.es\/gestion-blog-empresas\/\">gestiona un foro para blog de empresas<\/a>. Ellos tienen funcionalidades y accesos especiales a trav\u00e9s del sitio. Tambi\u00e9n est\u00e1n los usuarios promedio, que son los que se encargan de hacer los comentarios y promover las opiniones en la plataforma.<\/p>\n<p>Tambi\u00e9n es importante mencionar que este tipo de sitio web suelen tener una jerga propia de la comunidad, por ejemplo, para referirse a un hilo utilizan la palabra inglesa <em>thread<\/em>, post para referirse a los mensajes que han sido respondido sobre un tema, <em>newbie<\/em> para referirse a un usuario nuevo, entre otros tipos de t\u00e9rmino.<\/p>\n<h2>Utilidad de los foros de Internet<\/h2>\n<p>Estos sirven para la interacci\u00f3n social de los usuarios dentro de Internet, es necesario mencionar que en el pasado <a href=\"https:\/\/www.appyweb.es\/auditoria-seo\/\">se utilizaban como estrategia SEO<\/a>, para postear enlaces adjuntos a otros sitios online. Es decir, no se comentaba para generar discusi\u00f3n, sino para hacer publicidad exclusivamente. Hasta que Google en 2011, empez\u00f3 a restringir y penalizar esta acci\u00f3n, entonces las empresas empezaron a utilizarlos con mayor naturalidad.<\/p>\n<p>En la actualidad tambi\u00e9n son usados como complementos de p\u00e1ginas, que los usan como secci\u00f3n de preguntas y respuestas. As\u00ed tienen una relaci\u00f3n m\u00e1s personal con sus usuarios y consumidores.<\/p>\n<h2>Diferencia con los blogs y chats<\/h2>\n<p>Una diferencia con los blogs, es que <strong>la discusi\u00f3n en un blog se basa en una publicaci\u00f3n espec\u00edfica<\/strong>, ya sea un art\u00edculo o cualquier otro post. Por otro lado, los foros generan <em>hilos de conversaci\u00f3n<\/em>, a trav\u00e9s de los comentarios, sin necesidad de que exista una publicaci\u00f3n de por medio. Normalmente, usuario comenta sobre alg\u00fan tema relacionado con la finalidad del grupo y empieza a la discusi\u00f3n.<\/p>\n<p>Su diferencia con las salas de chat, es que las conversaciones en los foros tienen un hilo conductor. Mientras los chat pueden tener distintas discusiones, ocurriendo simult\u00e1neamente. Asimismo, los chats tienen una interacci\u00f3n inmediata y en tiempo real, mientras que las plataformas de difusi\u00f3n pueden generar comentarios incluso a\u00f1os despu\u00e9s.<\/p>\n<p><script type=\"application\/ld+json\">{\"@context\":\"https:\/\/schema.org\",\"@type\":\"FAQPage\",\"mainEntity\":[ \n{\"@type\":\"Question\",\"name\":\"\u00bfQu\u00e9 es un foro de Internet?\",\"acceptedAnswer\":{\"@type\":\"Answer\",\"text\":\"<\/p>\n<p>Son plataformas online que han sido creadas para que sus usuarios puedan discutir sobre distintos temas, <strong>expresar sus ideas y opiniones mientras interact\u00faan entre s\u00ed<\/strong>. Est\u00e1s plataformas se organizan a trav\u00e9s de categor\u00edas, incluyen diferentes tipos de foros que pueden tener relaci\u00f3n entre s\u00ed, su funci\u00f3n principal es organizar las diferentes vertientes que se pueden generar sobre un tema.<\/p>\n<p>Estas herramientas pueden utilizarse como <a href='https:\/\/www.appyweb.es\/marketing-de-contenidos\/'>parte de una estrategia de marketing de contenidos<\/a>, especialmente para atraer personas de un nicho de usuarios en Internet que tienen algo en com\u00fan. <strong>Algunas de esas plataformas pueden ser p\u00fablicas<\/strong>, por lo que cualquier persona, incluso una empresa buscando a traer a un nuevo p\u00fablico, pueden utilizarla para su inter\u00e9s.<\/p>\n<p>\"}},\n{\"@type\":\"Question\",\"name\":\"\u00bfC\u00f3mo funciona?\",\"acceptedAnswer\":{\"@type\":\"Answer\",\"text\":\"<\/p>\n<p>Para empezar, es necesario suscribirse dentro de la plataforma, seguidamente, se aceptar\u00e1n los t\u00e9rminos y condiciones de la misma, algunas de ellas pueden ser respetar a los dem\u00e1s miembros del grupo y <strong>utilizar un lenguaje apropiado al momento de expresarse<\/strong>. En algunos sitios web no ser\u00e1 necesario registrarse, si no tener una invitaci\u00f3n para comentar, es algo normal en los que son de tipo p\u00fablico.<\/p>\n<p>En este mismo sentido, existen diferentes tipos de usuarios, est\u00e1n los administradores que ser\u00e1n los encargados de gestionar al grupo entero, lo que es muy \u00fatil cuando se <a href='https:\/\/www.appyweb.es\/gestion-blog-empresas\/'>gestiona un foro para blog de empresas<\/a>. Ellos tienen funcionalidades y accesos especiales a trav\u00e9s del sitio. Tambi\u00e9n est\u00e1n los usuarios promedio, que son los que se encargan de hacer los comentarios y promover las opiniones en la plataforma.<\/p>\n<p>Tambi\u00e9n es importante mencionar que este tipo de sitio web suelen tener una jerga propia de la comunidad, por ejemplo, para referirse a un hilo utilizan la palabra inglesa <em>thread<\/em>, post para referirse a los mensajes que han sido respondido sobre un tema, <em>newbie<\/em> para referirse a un usuario nuevo, entre otros tipos de t\u00e9rmino.<\/p>\n<p>\"}},\n{\"@type\":\"Question\",\"name\":\"Utilidad de los foros de Internet\",\"acceptedAnswer\":{\"@type\":\"Answer\",\"text\":\"<\/p>\n<p>Estos sirven para la interacci\u00f3n social de los usuarios dentro de Internet, es necesario mencionar que en el pasado <a href='https:\/\/www.appyweb.es\/auditoria-seo\/'>se utilizaban como estrategia SEO<\/a>, para postear enlaces adjuntos a otros sitios online. Es decir, no se comentaba para generar discusi\u00f3n, sino para hacer publicidad exclusivamente. Hasta que Google en 2011, empez\u00f3 a restringir y penalizar esta acci\u00f3n, entonces las empresas empezaron a utilizarlos con mayor naturalidad.<\/p>\n<p>En la actualidad tambi\u00e9n son usados como complementos de p\u00e1ginas, que los usan como secci\u00f3n de preguntas y respuestas. As\u00ed tienen una relaci\u00f3n m\u00e1s personal con sus usuarios y consumidores.<\/p>\n<p>\"}},\n{\"@type\":\"Question\",\"name\":\"Diferencia con los blogs y chats\",\"acceptedAnswer\":{\"@type\":\"Answer\",\"text\":\"<\/p>\n<p>Una diferencia con los blogs, es que <strong>la discusi\u00f3n en un blog se basa en una publicaci\u00f3n espec\u00edfica<\/strong>, ya sea un art\u00edculo o cualquier otro post. Por otro lado, los foros generan <em>hilos de conversaci\u00f3n<\/em>, a trav\u00e9s de los comentarios, sin necesidad de que exista una publicaci\u00f3n de por medio. Normalmente, usuario comenta sobre alg\u00fan tema relacionado con la finalidad del grupo y empieza a la discusi\u00f3n.<\/p>\n<p>Su diferencia con las salas de chat, es que las conversaciones en los foros tienen un hilo conductor. Mientras los chat pueden tener distintas discusiones, ocurriendo simult\u00e1neamente. Asimismo, los chats tienen una interacci\u00f3n inmediata y en tiempo real, mientras que las plataformas de difusi\u00f3n pueden generar comentarios incluso a\u00f1os despu\u00e9s.<\/p>\n<p>\"}}\n]}<\/script><\/p>\n<h2>M\u00e1s informaci\u00f3n sobre foro de internet<\/h2>\n<p>A continuaci\u00f3n, tienes un par de enlaces <strong>que te ayudar\u00e1 a conocer c\u00f3mo utilizar una de estas plataformas<\/strong>, as\u00ed como para conocer sus tipos y aprovecharlos para promocionar tu blog no te los pierdas.<\/p>\n<ul>\n<li><a href=\"https:\/\/www.appyweb.es\/7-estrategias-top-promocionar-blog\/\">7 estrategias top para promocionar tu blog<\/a><\/li>\n<li><a href=\"https:\/\/es.wikipedia.org\/wiki\/Foro_(Internet)#Tipos_de_foros\" rel=\"nofollow noopener\" target=\"_blank\">Tipos de foros y su definici\u00f3n<\/a><\/li>\n<\/ul>\n<p>&nbsp;<\/p>\n","protected":false},"excerpt":{"rendered":"<p>Es un espacio o plataforma online destinado a la discusi\u00f3n, los usuarios que forman parte de esa comunidad suelen publicar mensaje y comentarlos para formar un nido de conversaci\u00f3n. Los foros de Internet son recursos para encontrar informaci\u00f3n relevante sobre la opini\u00f3n p\u00fablica de un tema. \u00bfQu\u00e9 es un foro de Internet? Son plataformas online [&hellip;]<\/p>\n","protected":false},"author":1,"featured_media":13266,"parent":0,"menu_order":0,"comment_status":"closed","ping_status":"closed","template":"","meta":{"inline_featured_image":false,"footnotes":""},"class_list":["post-1772","page","type-page","status-publish","has-post-thumbnail","hentry"],"_links":{"self":[{"href":"https:\/\/www.appyweb.es\/diccionario\/wp-json\/wp\/v2\/pages\/1772","targetHints":{"allow":["GET"]}}],"collection":[{"href":"https:\/\/www.appyweb.es\/diccionario\/wp-json\/wp\/v2\/pages"}],"about":[{"href":"https:\/\/www.appyweb.es\/diccionario\/wp-json\/wp\/v2\/types\/page"}],"author":[{"embeddable":true,"href":"https:\/\/www.appyweb.es\/diccionario\/wp-json\/wp\/v2\/users\/1"}],"replies":[{"embeddable":true,"href":"https:\/\/www.appyweb.es\/diccionario\/wp-json\/wp\/v2\/comments?post=1772"}],"version-history":[{"count":7,"href":"https:\/\/www.appyweb.es\/diccionario\/wp-json\/wp\/v2\/pages\/1772\/revisions"}],"predecessor-version":[{"id":13269,"href":"https:\/\/www.appyweb.es\/diccionario\/wp-json\/wp\/v2\/pages\/1772\/revisions\/13269"}],"wp:featuredmedia":[{"embeddable":true,"href":"https:\/\/www.appyweb.es\/diccionario\/wp-json\/wp\/v2\/media\/13266"}],"wp:attachment":[{"href":"https:\/\/www.appyweb.es\/diccionario\/wp-json\/wp\/v2\/media?parent=1772"}],"curies":[{"name":"wp","href":"https:\/\/api.w.org\/{rel}","templated":true}]}}