{"id":178,"date":"2023-06-19T13:46:19","date_gmt":"2023-06-19T13:46:19","guid":{"rendered":"https:\/\/www.appyweb.es\/diccionario\/?page_id=178"},"modified":"2024-02-19T23:26:16","modified_gmt":"2024-02-19T23:26:16","slug":"arquitectura-la-informacion","status":"publish","type":"page","link":"https:\/\/www.appyweb.es\/diccionario\/arquitectura-la-informacion\/","title":{"rendered":"Arquitectura de la informaci\u00f3n"},"content":{"rendered":"<p><img loading=\"lazy\" decoding=\"async\" class=\"wp-image-11185 \" src=\"https:\/\/www.appyweb.es\/diccionario\/wp-content\/uploads\/2024\/02\/arquitectura-de-la-informacion-300x191.webp\" alt=\"Definici\u00f3n de Arquitectura de la Informaci\u00f3n en el Diccionario Online\" width=\"884\" height=\"563\" srcset=\"https:\/\/www.appyweb.es\/diccionario\/wp-content\/uploads\/2024\/02\/arquitectura-de-la-informacion-300x191.webp 300w, https:\/\/www.appyweb.es\/diccionario\/wp-content\/uploads\/2024\/02\/arquitectura-de-la-informacion.webp 768w\" sizes=\"auto, (max-width: 884px) 100vw, 884px\" \/><\/p>\n<p>Se trata de un t\u00e9rmino relacionado \u00edntimamente con la World Wide Web, consiste en una serie de pr\u00e1cticas y metodolog\u00edas para organizar el dise\u00f1o de sitios web en Internet.<br \/>\nEl principal objetivo de la\u00a0<strong>arquitectura de la informaci\u00f3n (AI) es maximizar la comprensi\u00f3n de diferentes procesos inform\u00e1ticos<\/strong>.<\/p>\n<h2>\u00bfQu\u00e9 es la arquitectura de la informaci\u00f3n?<\/h2>\n<p>Es una disciplina encargada de la organizaci\u00f3n, planeaci\u00f3n, ejecuci\u00f3n y control de los datos que se dispone en sitios web.<br \/>\nEs la <strong>responsable de su jerarquizaci\u00f3n y disposici\u00f3n con el objetivo de la coherencia y el dise\u00f1o estructural<\/strong> de sitios web.<\/p>\n<p>Puede considerarse una ciencia o inclusive un arte, encargado de estructurar y organizar de la forma m\u00e1s adecuada todos datos en Internet, de forma que sea m\u00e1s f\u00e1cil para los usuarios realizar la gesti\u00f3n de sus sitios web.<\/p>\n<p>Es un proceso que se hace de manera rigurosa a lo largo de todo el <a href=\"https:\/\/diseno20.appyweb.es\/diseno-web\/\" rel=\"nofollow noopener\" target=\"_blank\">dise\u00f1o web<\/a> y las fases del mismo.<br \/>\nNo trabaja con un sistema sistematizado para todo tipo de dise\u00f1o, de hecho, utiliza un conjunto de t\u00e9cnicas que permiten el desarrollo y la producci\u00f3n de sitios digitales.<\/p>\n<h2>Origen de la arquitectura de la informaci\u00f3n<\/h2>\n<p>No existe una fecha establecida en la que naci\u00f3 esta metodolog\u00eda del dise\u00f1o, pero el t\u00e9rmino en s\u00ed empez\u00f3 a utilizarse en el a\u00f1o 1959 en <strong>diferentes aspectos computacionales dentro de la empresa IBM<\/strong>.<br \/>\nEn el a\u00f1o 1962, Frederick P. Brook public\u00f3 un libro titulado <em>Planificaci\u00f3n de un sistema inform\u00e1tico: Estiramiento del proyecto<\/em>, donde se refiere al t\u00e9rmino como \u201cel arte de determinar las necesidades de los usuarios\u2026y luego dise\u00f1ar para satisfacer esas necesidades\u2026dentro de condiciones econ\u00f3micas y tecnol\u00f3gicas\u201d.<\/p>\n<p>M\u00e1s adelante, en 1998 se public\u00f3 el famoso libro <em>Arquitectura de la Informaci\u00f3n para la World Wide Web<\/em>, de la mano de Louis Rosenfeld y Peter Morville.<br \/>\nAll\u00ed se asoci\u00f3 con el dise\u00f1o de sitios web, al mismo tiempo que establecieron los principios de la <a href=\"https:\/\/diseno20.appyweb.es\/design-thinking\/\" rel=\"nofollow noopener\" target=\"_blank\">metodolog\u00eda<\/a>.<\/p>\n<h2>\u00bfPara qu\u00e9 sirve la AI?<\/h2>\n<p>Permite desarrollar una herramienta con las condiciones apropiadas para que sea procesada por los usuarios, al mismo tiempo que cuenta con los aspectos inform\u00e1ticos necesarios para desenvolverse.<br \/>\nB\u00e1sicamente, est\u00e1 dise\u00f1ada con el fin de <strong>facilitar y distribuir los datos de forma m\u00e1s adecuada<\/strong>.<br \/>\nDe esta forma, puede ser asimilada por cualquier tipo de usuario, incluso aquellos que no cuentan con conocimientos inform\u00e1ticos.<\/p>\n<h2>Ejemplo del uso de la AI<\/h2>\n<p>Un ejemplo claro de esta pr\u00e1ctica es la utilizaci\u00f3n de un <a href=\"https:\/\/www.appyweb.es\/diccionario\/arbol-web\/\">\u00e1rbol web<\/a>, es b\u00e1sicamente <strong>un mapa gr\u00e1fico que define diferentes \u00e1reas de un sitio web<\/strong>, donde se organizar\u00e1n los datos durante el dise\u00f1o.<\/p>\n<p>Asimismo, otro de los ejemplos m\u00e1s cotidianos del uso de la AI es la conocida experiencia del usuario o UX, una filosof\u00eda que indica un conjunto de factores que hacen que un sitio web sea f\u00e1cil de utilizar, cuente con elementos interactivos, sea accesible y est\u00e9ticamente aceptable en Internet.<\/p>\n<p><script type=\"application\/ld+json\">{\"@context\":\"https:\/\/schema.org\",\"@type\":\"FAQPage\",\"mainEntity\":[ \n{\"@type\":\"Question\",\"name\":\"\u00bfQu\u00e9 es la arquitectura de la informaci\u00f3n?\",\"acceptedAnswer\":{\"@type\":\"Answer\",\"text\":\"<span data-mce-type=\"bookmark\" style=\"display: inline-block; width: 0px; overflow: hidden; line-height: 0;\" class=\"mce_SELRES_start\">\ufeff<\/span>\n<\/p>\n<\/p>\n<p>Es una disciplina encargada de la organizaci\u00f3n, planeaci\u00f3n, ejecuci\u00f3n y control de los datos que se dispone en sitios web. <br \/>Es la <strong>responsable de su jerarquizaci\u00f3n y disposici\u00f3n con el objetivo de la coherencia y el dise\u00f1o estructural<\/strong> de sitios web.<\/p>\n<\/p>\n<\/p>\n<p>Puede considerarse una ciencia o inclusive un arte, encargado de estructurar y organizar de la forma m\u00e1s adecuada todos datos en Internet, de forma que sea m\u00e1s f\u00e1cil para los usuarios realizar la gesti\u00f3n de sus sitios web.<\/p>\n<\/p>\n<\/p>\n<p>Es un proceso que se hace de manera rigurosa a lo largo de todo el <a href='https:\/\/diseno20.appyweb.es\/diseno-web\/'>dise\u00f1o web<\/a> y las fases del mismo. <br \/>No trabaja con un sistema sistematizado para todo tipo de dise\u00f1o, de hecho, utiliza un conjunto de t\u00e9cnicas que permiten el desarrollo y la producci\u00f3n de sitios digitales.<\/p>\n<\/p>\n<\/p>\n<p>\"}},\n{\"@type\":\"Question\",\"name\":\"Origen de la arquitectura de la informaci\u00f3n\",\"acceptedAnswer\":{\"@type\":\"Answer\",\"text\":\"\n<\/p>\n<\/p>\n<p>No existe una fecha establecida en la que naci\u00f3 esta metodolog\u00eda del dise\u00f1o, pero el t\u00e9rmino en s\u00ed empez\u00f3 a utilizarse en el a\u00f1o 1959 en <strong>diferentes aspectos computacionales dentro de la empresa IBM<\/strong>. <br \/>En el a\u00f1o 1962, Frederick P. Brook public\u00f3 un libro titulado <em>Planificaci\u00f3n de un sistema inform\u00e1tico: Estiramiento del proyecto<\/em>, donde se refiere al t\u00e9rmino como \u201cel arte de determinar las necesidades de los usuarios\u2026y luego dise\u00f1ar para satisfacer esas necesidades\u2026dentro de condiciones econ\u00f3micas y tecnol\u00f3gicas\u201d.<\/p>\n<\/p>\n<\/p>\n<p>M\u00e1s adelante, en 1998 se public\u00f3 el famoso libro <em>Arquitectura de la Informaci\u00f3n para la World Wide Web<\/em>, de la mano de Louis Rosenfeld y Peter Morville. <br \/>All\u00ed se asoci\u00f3 con el dise\u00f1o de sitios web, al mismo tiempo que establecieron los principios de la <a href='https:\/\/diseno20.appyweb.es\/design-thinking\/'>metodolog\u00eda<\/a>.<\/p>\n<\/p>\n<\/p>\n<p>\"}},\n{\"@type\":\"Question\",\"name\":\"\u00bfPara qu\u00e9 sirve la AI?\",\"acceptedAnswer\":{\"@type\":\"Answer\",\"text\":\"<\/p>\n<\/p>\n<\/p>\n<p>Permite desarrollar una herramienta con las condiciones apropiadas para que sea procesada por los usuarios, al mismo tiempo que cuenta con los aspectos inform\u00e1ticos necesarios para desenvolverse. <br \/>B\u00e1sicamente, est\u00e1 dise\u00f1ada con el fin de <strong>facilitar y distribuir los datos de forma m\u00e1s adecuada<\/strong>. <br \/>De esta forma, puede ser asimilada por cualquier tipo de usuario, incluso aquellos que no cuentan con conocimientos inform\u00e1ticos.<\/p>\n<\/p>\n<\/p>\n<p>\"}},\n{\"@type\":\"Question\",\"name\":\"Ejemplo del uso de la AI\",\"acceptedAnswer\":{\"@type\":\"Answer\",\"text\":\"<\/p>\n<\/p>\n<\/p>\n<p>Un ejemplo claro de esta pr\u00e1ctica es la utilizaci\u00f3n de un <a href='https:\/\/www.appyweb.es\/diccionario\/arbol-web\/'>\u00e1rbol web<\/a>, es b\u00e1sicamente <strong>un mapa gr\u00e1fico que define diferentes \u00e1reas de un sitio web<\/strong>, donde se organizar\u00e1n los datos durante el dise\u00f1o.<\/p>\n<\/p>\n<\/p>\n<p>Asimismo, otro de los ejemplos m\u00e1s cotidianos del uso de la AI es la conocida experiencia del usuario o UX, una filosof\u00eda que indica un conjunto de factores que hacen que un sitio web sea f\u00e1cil de utilizar, cuente con elementos interactivos, sea accesible y est\u00e9ticamente aceptable en Internet.<\/p>\n<\/p>\n<\/p>\n<p>\"}}\n]}<\/script><\/p>\n<h2><span id=\"%F0%9F%93%8C_Mas_informacion_sobre_AI\" class=\"ez-toc-section\"><\/span>M\u00e1s informaci\u00f3n sobre AI<\/h2>\n<ul>\n<li><a href=\"https:\/\/www.appyweb.es\/diccionario\/experiencia-de-usuario\/\">\u00bfQu\u00e9 es la Experiencia de usuario y para qu\u00e9 sirve?<\/a><\/li>\n<li><a href=\"https:\/\/web.archive.org\/web\/20080331222117\/http:\/bvs.sld.cu\/revistas\/aci\/vol14_3_06\/aci08306.htm\" rel=\"nofollow noopener\" target=\"_blank\">El profesional de la informaci\u00f3n como arquitecto de los contenidos en el Web<\/a>.<\/li>\n<\/ul>\n","protected":false},"excerpt":{"rendered":"<p>Se trata de un t\u00e9rmino relacionado \u00edntimamente con la World Wide Web, consiste en una serie de pr\u00e1cticas y metodolog\u00edas para organizar el dise\u00f1o de sitios web en Internet. El principal objetivo de la\u00a0arquitectura de la informaci\u00f3n (AI) es maximizar la comprensi\u00f3n de diferentes procesos inform\u00e1ticos. \u00bfQu\u00e9 es la arquitectura de la informaci\u00f3n? Es una [&hellip;]<\/p>\n","protected":false},"author":1,"featured_media":11185,"parent":0,"menu_order":0,"comment_status":"closed","ping_status":"closed","template":"","meta":{"inline_featured_image":false,"footnotes":""},"class_list":["post-178","page","type-page","status-publish","has-post-thumbnail","hentry"],"_links":{"self":[{"href":"https:\/\/www.appyweb.es\/diccionario\/wp-json\/wp\/v2\/pages\/178","targetHints":{"allow":["GET"]}}],"collection":[{"href":"https:\/\/www.appyweb.es\/diccionario\/wp-json\/wp\/v2\/pages"}],"about":[{"href":"https:\/\/www.appyweb.es\/diccionario\/wp-json\/wp\/v2\/types\/page"}],"author":[{"embeddable":true,"href":"https:\/\/www.appyweb.es\/diccionario\/wp-json\/wp\/v2\/users\/1"}],"replies":[{"embeddable":true,"href":"https:\/\/www.appyweb.es\/diccionario\/wp-json\/wp\/v2\/comments?post=178"}],"version-history":[{"count":10,"href":"https:\/\/www.appyweb.es\/diccionario\/wp-json\/wp\/v2\/pages\/178\/revisions"}],"predecessor-version":[{"id":15233,"href":"https:\/\/www.appyweb.es\/diccionario\/wp-json\/wp\/v2\/pages\/178\/revisions\/15233"}],"wp:featuredmedia":[{"embeddable":true,"href":"https:\/\/www.appyweb.es\/diccionario\/wp-json\/wp\/v2\/media\/11185"}],"wp:attachment":[{"href":"https:\/\/www.appyweb.es\/diccionario\/wp-json\/wp\/v2\/media?parent=178"}],"curies":[{"name":"wp","href":"https:\/\/api.w.org\/{rel}","templated":true}]}}