{"id":1794,"date":"2023-06-21T10:45:19","date_gmt":"2023-06-21T10:45:19","guid":{"rendered":"https:\/\/www.appyweb.es\/diccionario\/?page_id=1794"},"modified":"2024-04-03T11:18:24","modified_gmt":"2024-04-03T11:18:24","slug":"freebies","status":"publish","type":"page","link":"https:\/\/www.appyweb.es\/diccionario\/freebies\/","title":{"rendered":"Freebies"},"content":{"rendered":"<h1><img loading=\"lazy\" decoding=\"async\" class=\"alignnone  wp-image-13326\" src=\"https:\/\/www.appyweb.es\/diccionario\/wp-content\/uploads\/2024\/04\/Freebies-300x180.jpg\" alt=\"Freebies\" width=\"1148\" height=\"689\" srcset=\"https:\/\/www.appyweb.es\/diccionario\/wp-content\/uploads\/2024\/04\/Freebies-300x180.jpg 300w, https:\/\/www.appyweb.es\/diccionario\/wp-content\/uploads\/2024\/04\/Freebies-768x461.jpg 768w, https:\/\/www.appyweb.es\/diccionario\/wp-content\/uploads\/2024\/04\/Freebies.jpg 1000w\" sizes=\"auto, (max-width: 1148px) 100vw, 1148px\" \/><\/h1>\n<p>Su traducci\u00f3n literal del ingl\u00e9s significa\u00a0 \u201cregalos\u201d. Es un anglicismo que se utiliza dentro del mundo del marketing, freebies se utiliza para describir una estrategia que <strong>consiste en ofrecer un producto de muy bajo coste o como regalo<\/strong> a los usuarios.<\/p>\n<h2>\u00bfQu\u00e9 son los freebies?<\/h2>\n<p>Son todos los art\u00edculos gratuitos, que un usuario puede obtener de una marca, ya sea visitando la tienda personalmente o v\u00eda online. \u00c9stos <strong>van de la mano con una pr\u00e1ctica denomina freebies marketing<\/strong>, en la cual las compa\u00f1\u00edas regalan muestras o complementos de un art\u00edculo a sus usuarios, aumentado la posibilidad de que se conviertan en compradores habituales de la marca.<\/p>\n<p>En Internet, esta pr\u00e1ctica es muy utilizada por blogs e influencers que suelen hacer regalos por concursos, suscripciones a newsletter, descargas gratis de software (prueba), fondos de pantalla, entre otros. Se utiliza en muchas ocasiones para <a href=\"https:\/\/www.appyweb.es\/conversion-web\/\">generar una mayor tasa de conversi\u00f3n web<\/a>, ya que las empresas tambi\u00e9n recibir\u00e1n datos \u00fatiles sobre los usuarios a cambio.<\/p>\n<h2>\u00bfPara qu\u00e9 sirven?<\/h2>\n<p>En principio, es una t\u00e9cnica que utilizan las empresas y los sitios para decirles a sus consumidores que son importantes, ayuda a motivarlos a comprar productos de la marca y a gestar su fidelidad con la misma. Tambi\u00e9n sirve para <strong>atraer leads que poco a poco se convertir\u00e1n en consumidores<\/strong> <strong>habituales<\/strong>. Tambi\u00e9n se destaca por tener una funcionalidad para generar marketing de boca a boca, ya que los usuarios recomiendan a sus amigos y familiares productos gratuitos.<\/p>\n<p>Para las compa\u00f1\u00edas de software, los freebies son un m\u00e9todo para motivar a los usuarios a comprar la aplicaci\u00f3n. Aparte, permite que estas puedan recibir una mejor valoraci\u00f3n en marketplaces de aplicaciones, incluso si a\u00fan se encuentran en modo beta.<\/p>\n<h2>\u00bfC\u00f3mo obtener freebies?<\/h2>\n<p>Para obtenerlos, el consumidor debe ingresar al sitio o ir hacia la tienda f\u00edsica de la empresa aunque depender\u00e1 de la estrategia de marketing que se emplear\u00e1. En ocasiones, <strong>algunos de los productos gratuitos son exclusivos para los usuarios online<\/strong>. La forma m\u00e1s com\u00fan es suscribirse al sitio y esto ser\u00e1 suficiente para acceder a todo el contenido gratuito que ofrecen.<\/p>\n<p>Aunque tambi\u00e9n se suelen <a href=\"https:\/\/www.appyweb.es\/marketing-de-contenidos\/\">utilizar estrategias de marketing de contenidos<\/a> para la conversi\u00f3n, por ejemplo, ofrecen contenido de alto valor de forma gratuita a cambio de datos del usuario. Por lo que \u00e9stos no son necesariamente pruebas gratuitas de los productos, sino cualquier tipo de regalo.<\/p>\n<h2>\u00bfD\u00f3nde conseguirlos?<\/h2>\n<p>Una de las mejores opciones para buscar muestras de productos gratuitas es en los sitios web ecommerce de gran reconocimiento, como Amazon o Aliexpress, Wish tambi\u00e9n es uno de los exponentes de la <strong>venta de bajos precios para probar un producto nuevo<\/strong>, en algunas ocasiones solo ser\u00e1 necesario pagar un c\u00e9ntimo por ellos.<\/p>\n<p>Asimismo, algunas tiendas digitales suelen hacer regalos a los usuarios que ya han realizado una compra anteriormente. Suele ser una sorpresa que viene incluida en el pedido.<\/p>\n<p><script type=\"application\/ld+json\">{\"@context\":\"https:\/\/schema.org\",\"@type\":\"FAQPage\",\"mainEntity\":[ \n{\"@type\":\"Question\",\"name\":\"\u00bfQu\u00e9 son los freebies?\",\"acceptedAnswer\":{\"@type\":\"Answer\",\"text\":\"<\/p>\n<p>Son todos los art\u00edculos gratuitos, que un usuario puede obtener de una marca, ya sea visitando la tienda personalmente o v\u00eda online. \u00c9stos <strong>van de la mano con una pr\u00e1ctica denomina freebies marketing<\/strong>, en la cual las compa\u00f1\u00edas regalan muestras o complementos de un art\u00edculo a sus usuarios, aumentado la posibilidad de que se conviertan en compradores habituales de la marca.<\/p>\n<p>En Internet, esta pr\u00e1ctica es muy utilizada por blogs e influencers que suelen hacer regalos por concursos, suscripciones a newsletter, descargas gratis de software (prueba), fondos de pantalla, entre otros. Se utiliza en muchas ocasiones para <a href='https:\/\/www.appyweb.es\/conversion-web\/'>generar una mayor tasa de conversi\u00f3n web<\/a>, ya que las empresas tambi\u00e9n recibir\u00e1n datos \u00fatiles sobre los usuarios a cambio.<\/p>\n<p>\"}},\n{\"@type\":\"Question\",\"name\":\"\u00bfPara qu\u00e9 sirven?\",\"acceptedAnswer\":{\"@type\":\"Answer\",\"text\":\"<\/p>\n<p>En principio, es una t\u00e9cnica que utilizan las empresas y los sitios para decirles a sus consumidores que son importantes, ayuda a motivarlos a comprar productos de la marca y a gestar su fidelidad con la misma. Tambi\u00e9n sirve para <strong>atraer leads que poco a poco se convertir\u00e1n en consumidores<\/strong> <strong>habituales<\/strong>. Tambi\u00e9n se destaca por tener una funcionalidad para generar marketing de boca a boca, ya que los usuarios recomiendan a sus amigos y familiares productos gratuitos.<\/p>\n<p>Para las compa\u00f1\u00edas de software, los freebies son un m\u00e9todo para motivar a los usuarios a comprar la aplicaci\u00f3n. Aparte, permite que estas puedan recibir una mejor valoraci\u00f3n en  marketplaces de aplicaciones, incluso si a\u00fan se encuentran en modo beta.<\/p>\n<p>\"}},\n{\"@type\":\"Question\",\"name\":\"\u00bfC\u00f3mo obtener freebies?\",\"acceptedAnswer\":{\"@type\":\"Answer\",\"text\":\"<\/p>\n<p>Para obtenerlos, el consumidor debe ingresar al sitio o ir hacia la tienda f\u00edsica de la empresa aunque depender\u00e1 de la estrategia de marketing que se emplear\u00e1. En ocasiones, <strong>algunos de los productos gratuitos son exclusivos para los usuarios online<\/strong>. La forma m\u00e1s com\u00fan es suscribirse al sitio y esto ser\u00e1 suficiente para acceder a todo el contenido gratuito que ofrecen.<\/p>\n<p>Aunque tambi\u00e9n se suelen <a href='https:\/\/www.appyweb.es\/marketing-de-contenidos\/'>utilizar estrategias de marketing de contenidos<\/a> para la conversi\u00f3n, por ejemplo, ofrecen contenido de alto valor de forma gratuita a cambio de datos del usuario. Por lo que \u00e9stos no son necesariamente pruebas gratuitas de los productos, sino cualquier tipo de regalo.<\/p>\n<p>\"}},\n{\"@type\":\"Question\",\"name\":\"\u00bfD\u00f3nde conseguirlos?\",\"acceptedAnswer\":{\"@type\":\"Answer\",\"text\":\"<\/p>\n<p>Una de las mejores opciones para buscar muestras de productos gratuitas es en los sitios web ecommerce de gran reconocimiento, como Amazon o Aliexpress, Wish tambi\u00e9n es uno de los exponentes de la <strong>venta de bajos precios para probar un producto nuevo<\/strong>, en algunas ocasiones solo ser\u00e1 necesario pagar un c\u00e9ntimo por ellos.<\/p>\n<p>Asimismo, algunas tiendas digitales suelen hacer regalos a los usuarios que ya han realizado una compra anteriormente. Suele ser una sorpresa que viene incluida en el pedido.<\/p>\n<p>\"}}\n]}<\/script><\/p>\n<h2>M\u00e1s informaci\u00f3n sobre freebies<\/h2>\n<p>Los productos gratuitos pueden ser una excelente forma de <strong>conseguir nuevos clientes de larga duraci\u00f3n<\/strong> \u00bfquieres saber c\u00f3mo utilizarlos? Aqu\u00ed tienes un enlace para saber c\u00f3mo funciona este modelo de marketing, as\u00ed como un vistazo a c\u00f3mo los utiliza Aliexpress.<\/p>\n<ul>\n<li><a href=\"https:\/\/www.appyweb.es\/diccionario\/freebie-marketing\/\">\u00bfQu\u00e9 es el Freebie Marketing y para qu\u00e9 sirve?<\/a><\/li>\n<li><a href=\"https:\/\/ecommerce-tp.com\/aliexpress\/que-son-los-freebies-de-aliexpress-y-como-conseguirlos\/\" rel=\"nofollow noopener\" target=\"_blank\">Qu\u00e9 son los Freebies de Aliexpress y como conseguirlos<\/a><\/li>\n<\/ul>\n<p>&nbsp;<\/p>\n","protected":false},"excerpt":{"rendered":"<p>Su traducci\u00f3n literal del ingl\u00e9s significa\u00a0 \u201cregalos\u201d. Es un anglicismo que se utiliza dentro del mundo del marketing, freebies se utiliza para describir una estrategia que consiste en ofrecer un producto de muy bajo coste o como regalo a los usuarios. \u00bfQu\u00e9 son los freebies? Son todos los art\u00edculos gratuitos, que un usuario puede obtener [&hellip;]<\/p>\n","protected":false},"author":1,"featured_media":13326,"parent":0,"menu_order":0,"comment_status":"closed","ping_status":"closed","template":"","meta":{"inline_featured_image":false,"footnotes":""},"class_list":["post-1794","page","type-page","status-publish","has-post-thumbnail","hentry"],"_links":{"self":[{"href":"https:\/\/www.appyweb.es\/diccionario\/wp-json\/wp\/v2\/pages\/1794","targetHints":{"allow":["GET"]}}],"collection":[{"href":"https:\/\/www.appyweb.es\/diccionario\/wp-json\/wp\/v2\/pages"}],"about":[{"href":"https:\/\/www.appyweb.es\/diccionario\/wp-json\/wp\/v2\/types\/page"}],"author":[{"embeddable":true,"href":"https:\/\/www.appyweb.es\/diccionario\/wp-json\/wp\/v2\/users\/1"}],"replies":[{"embeddable":true,"href":"https:\/\/www.appyweb.es\/diccionario\/wp-json\/wp\/v2\/comments?post=1794"}],"version-history":[{"count":8,"href":"https:\/\/www.appyweb.es\/diccionario\/wp-json\/wp\/v2\/pages\/1794\/revisions"}],"predecessor-version":[{"id":13328,"href":"https:\/\/www.appyweb.es\/diccionario\/wp-json\/wp\/v2\/pages\/1794\/revisions\/13328"}],"wp:featuredmedia":[{"embeddable":true,"href":"https:\/\/www.appyweb.es\/diccionario\/wp-json\/wp\/v2\/media\/13326"}],"wp:attachment":[{"href":"https:\/\/www.appyweb.es\/diccionario\/wp-json\/wp\/v2\/media?parent=1794"}],"curies":[{"name":"wp","href":"https:\/\/api.w.org\/{rel}","templated":true}]}}