{"id":1800,"date":"2023-06-21T10:48:00","date_gmt":"2023-06-21T10:48:00","guid":{"rendered":"https:\/\/www.appyweb.es\/diccionario\/?page_id=1800"},"modified":"2024-04-03T11:21:30","modified_gmt":"2024-04-03T11:21:30","slug":"freelance","status":"publish","type":"page","link":"https:\/\/www.appyweb.es\/diccionario\/freelance\/","title":{"rendered":"Freelance"},"content":{"rendered":"<h1><img loading=\"lazy\" decoding=\"async\" class=\"alignnone  wp-image-13329\" src=\"https:\/\/www.appyweb.es\/diccionario\/wp-content\/uploads\/2024\/04\/Freelance-300x180.jpg\" alt=\"Freelance\" width=\"1153\" height=\"692\" srcset=\"https:\/\/www.appyweb.es\/diccionario\/wp-content\/uploads\/2024\/04\/Freelance-300x180.jpg 300w, https:\/\/www.appyweb.es\/diccionario\/wp-content\/uploads\/2024\/04\/Freelance-768x461.jpg 768w, https:\/\/www.appyweb.es\/diccionario\/wp-content\/uploads\/2024\/04\/Freelance.jpg 1000w\" sizes=\"auto, (max-width: 1153px) 100vw, 1153px\" \/><\/h1>\n<p>Es un anglicismo muy popular en el \u00e1rea de marketing, es el nombre que se le da al trabajo que realizan los profesionales que trabajan de forma independiente, sin formar parte de una agencia o empresa en espec\u00edfico. A la vez, el <strong>freelance involucra proyectos para varios tipos de empresas<\/strong> de forma simult\u00e1nea.<\/p>\n<h2>\u00bfQu\u00e9 es freelance?<\/h2>\n<p>Es una modalidad de trabajo donde una persona trabaja de forma independiente, por lo que no es adjunto a ninguna empresa. Ofrece sus servicios <strong>a trav\u00e9s de contratos que contemplen par\u00e1metros espec\u00edficos sobre el trabajo<\/strong>, como el presupuesto, el tipo de proyecto y el tiempo que trabajar\u00e1. Por ejemplo, una empresa puede contratar los servicios freelance de un <a href=\"https:\/\/www.appyweb.es\/social-media-manager\/\">social media manager para que lleve a cabo estrategias en redes sociales<\/a>, pero no formar\u00e1 parte de empresa.<\/p>\n<p>Este t\u00e9rmino es muy acu\u00f1ado sobre todo a dise\u00f1adores, desarrolladores, publicistas y expertos en marketing, ya que es muy com\u00fan que estos trabajen de esta forma. En los \u00faltimos a\u00f1os, este tipo de trabajo independiente ha tenido una demanda remota y a distancia, sobre todo para resolver problemas muy espec\u00edficos donde no hace falta contratar personal adicional.<\/p>\n<p>Cualquier tipo de profesi\u00f3n puede ser ejercida de esta forma, no solo en el \u00e1rea del marketing, los educadores, administradores, ingenieros y dem\u00e1s ya comparten este modelo de trabajo en com\u00fan.<\/p>\n<h2>Ventajas<\/h2>\n<ul>\n<li>Un freelance es due\u00f1o de su tiempo y no se rige por horarios. Puede trabajar desde casa, por lo que puede <strong>invertir m\u00e1s tiempo y esfuerzo en sus proyectos personales<\/strong> si lo desea.<\/li>\n<li>Puede elegir los proyectos en lo que desea trabajar y en los que no.<\/li>\n<li>La capacidad de trabajo la decide el profesional, lo que puede hacer que sus ingresos sean mayores que en una compa\u00f1\u00eda.<\/li>\n<li>Para la empresa <strong>es m\u00e1s barato porque no necesitan hacer gastos adicionales<\/strong> por contrataci\u00f3n, como un seguro social, una pensi\u00f3n, etc.<\/li>\n<\/ul>\n<h2>Desventajas<\/h2>\n<ul>\n<li>Hay temporadas buenas y malas. Por lo que no siempre una remuneraci\u00f3n al final del mes est\u00e1 garantizada.<\/li>\n<li>No hay beneficios de seguro social o jubilaciones. Estos <strong>deben ser cubiertos por el freelance<\/strong>, as\u00ed como los impuestos.<\/li>\n<\/ul>\n<h2>\u00bfC\u00f3mo trabajar freelance?<\/h2>\n<p>Para empezar, es importante que el profesional sepa que al trabajar como frelancer <strong>no tendr\u00e1 los mismos beneficios que en una empresa<\/strong>, sin embargo, tiene otras ventajas como la capacidad de distribuir su tiempo de trabajo. Aun as\u00ed, el trabajo y la paga no estar\u00e1 garantizado todo el tiempo, por eso es importante tener habilidades de multitasking y buscar alternativas de trabajo para seguir produciendo una vez finalice el contrato de servicio con una empresa.<\/p>\n<p>Lo segundo que se debe considerar es buscar una buena plataforma de contrataci\u00f3n, como freeelancer.es o wanderlancers.com. Tambi\u00e9n es importante buscar plataformas especializadas, por ejemplo, <a href=\"https:\/\/www.appyweb.es\/gestion-blog-empresas\/\">solo en gesti\u00f3n de blogs de empresas<\/a>. Al crear un perfil de trabajador se debe redactar un curr\u00edculo con algunas estrategias de marketing, ya que la competencia en el campo tambi\u00e9n suele ser ruda. Al mismo tiempo, es recomendable idear proyectos o <strong>hacer paquetes de servicio personalizados a empresas locales<\/strong>, pueden ser buenas opciones para generar ingresos en poco tiempo.<\/p>\n<p><script type=\"application\/ld+json\">{\"@context\":\"https:\/\/schema.org\",\"@type\":\"FAQPage\",\"mainEntity\":[ \n{\"@type\":\"Question\",\"name\":\"\u00bfQu\u00e9 es freelance?\",\"acceptedAnswer\":{\"@type\":\"Answer\",\"text\":\"<\/p>\n<p>Es una modalidad de trabajo donde una persona trabaja de forma independiente, por lo que no es adjunto a ninguna empresa. Ofrece sus servicios <strong>a trav\u00e9s de contratos que contemplen par\u00e1metros espec\u00edficos sobre el trabajo<\/strong>, como el presupuesto, el tipo de proyecto y el tiempo que trabajar\u00e1. Por ejemplo, una empresa puede contratar los servicios freelance de un <a href='https:\/\/www.appyweb.es\/social-media-manager\/'>social media manager para que lleve a cabo estrategias en redes sociales<\/a>, pero no formar\u00e1 parte de empresa.<\/p>\n<p>Este t\u00e9rmino es muy acu\u00f1ado sobre todo a dise\u00f1adores, desarrolladores, publicistas y expertos en marketing, ya que es muy com\u00fan que estos trabajen de esta forma. En los \u00faltimos a\u00f1os, este tipo de trabajo independiente ha tenido una demanda remota y a distancia, sobre todo para resolver problemas muy espec\u00edficos donde no hace falta contratar personal adicional.<\/p>\n<p>Cualquier tipo de profesi\u00f3n puede ser ejercida de esta forma, no solo en el \u00e1rea del marketing, los educadores, administradores, ingenieros y dem\u00e1s ya comparten este modelo de trabajo en com\u00fan.<\/p>\n<p>\"}},\n{\"@type\":\"Question\",\"name\":\"Ventajas\",\"acceptedAnswer\":{\"@type\":\"Answer\",\"text\":\"<\/p>\n<\/p>\n<\/p>\n<\/p>\n<\/p>\n<ul>\n<\/p>\n<\/p>\n<\/p>\n<\/p>\n<li>Un freelance es due\u00f1o de su tiempo y no se rige por horarios. Puede trabajar desde casa, por lo que puede <strong>invertir m\u00e1s tiempo y esfuerzo en sus proyectos personales<\/strong> si lo desea.<\/li>\n<\/p>\n<\/p>\n<\/p>\n<\/p>\n<\/p>\n<\/p>\n<\/p>\n<li>Puede elegir los proyectos en lo que desea trabajar y en los que no.<\/li>\n<\/p>\n<\/p>\n<\/p>\n<\/p>\n<\/p>\n<\/p>\n<\/p>\n<li>La capacidad de trabajo la decide el profesional, lo que puede hacer que sus ingresos sean mayores que en una compa\u00f1\u00eda.<\/li>\n<\/p>\n<\/p>\n<\/p>\n<\/p>\n<\/p>\n<\/p>\n<\/p>\n<li>Para la empresa <strong>es m\u00e1s barato porque no necesitan hacer gastos adicionales<\/strong> por contrataci\u00f3n, como un seguro social, una pensi\u00f3n, etc.<\/li>\n<\/p>\n<\/p>\n<\/p>\n<\/ul>\n<\/p>\n<\/p>\n<\/p>\n<p>\"}},\n{\"@type\":\"Question\",\"name\":\"Desventajas\",\"acceptedAnswer\":{\"@type\":\"Answer\",\"text\":\"<\/p>\n<\/p>\n<\/p>\n<\/p>\n<\/p>\n<ul>\n<\/p>\n<\/p>\n<\/p>\n<\/p>\n<li>Hay temporadas buenas y malas. Por lo que no siempre una remuneraci\u00f3n al final del mes est\u00e1 garantizada.<\/li>\n<\/p>\n<\/p>\n<\/p>\n<\/p>\n<\/p>\n<\/p>\n<\/p>\n<li>No hay beneficios de seguro social o jubilaciones. Estos <strong>deben ser cubiertos por el freelance<\/strong>, as\u00ed como los impuestos.<\/li>\n<\/p>\n<\/p>\n<\/p>\n<\/ul>\n<\/p>\n<\/p>\n<\/p>\n<p>\"}},\n{\"@type\":\"Question\",\"name\":\"\u00bfC\u00f3mo trabajar freelance?\",\"acceptedAnswer\":{\"@type\":\"Answer\",\"text\":\"<\/p>\n<p>Para empezar, es importante que el profesional sepa que al trabajar como frelancer <strong>no tendr\u00e1 los mismos beneficios que en una empresa<\/strong>, sin embargo, tiene otras ventajas como la capacidad de distribuir su tiempo de trabajo. Aun as\u00ed, el trabajo y la paga no estar\u00e1 garantizado todo el tiempo, por eso es importante tener habilidades de multitasking y buscar alternativas de trabajo para seguir produciendo una vez finalice el contrato de servicio con una empresa.<\/p>\n<p>Lo segundo que se debe considerar es buscar una buena plataforma de contrataci\u00f3n, como freeelancer.es o  wanderlancers.com. Tambi\u00e9n es importante buscar plataformas especializadas, por ejemplo, <a href='https:\/\/www.appyweb.es\/gestion-blog-empresas\/'>solo en gesti\u00f3n de blogs de empresas<\/a>. Al crear un perfil de trabajador se debe redactar un curr\u00edculo con algunas estrategias de marketing, ya que la competencia en el campo tambi\u00e9n suele ser ruda. Al mismo tiempo, es recomendable idear proyectos o <strong>hacer paquetes de servicio personalizados a empresas locales<\/strong>, pueden ser buenas opciones para generar ingresos en poco tiempo.<\/p>\n<p>\"}}\n]}<\/script><\/p>\n<h2>M\u00e1s informaci\u00f3n sobre freelance<\/h2>\n<p>Tener un trabajo freelance puede ser una gran opci\u00f3n para profesionales que necesitan quedarse en casa, pero tambi\u00e9n una excelente opci\u00f3n para aquellos que est\u00e1n emprendiendo su propio negocio y necesitan generar ingresos constantemente. Aqu\u00ed tienes un par de enlaces que te ayudar\u00e1n a <strong>empezar a trabajar de forma independiente<\/strong> y garantizar ingresos constantes.<\/p>\n<ul>\n<li><a href=\"https:\/\/www.appyweb.es\/tips-herramientas-teletrabajar\/\">13 mejores tips y herramientas para teletrabajar<\/a><\/li>\n<li><a href=\"https:\/\/www.merca2.es\/que-es-importante-autonomo-freelance\/\" rel=\"nofollow noopener\" target=\"_blank\">\u00bfQu\u00e9 debes tener en cuenta para ser aut\u00f3nomo freelance?<\/a><\/li>\n<\/ul>\n<p>&nbsp;<\/p>\n","protected":false},"excerpt":{"rendered":"<p>Es un anglicismo muy popular en el \u00e1rea de marketing, es el nombre que se le da al trabajo que realizan los profesionales que trabajan de forma independiente, sin formar parte de una agencia o empresa en espec\u00edfico. A la vez, el freelance involucra proyectos para varios tipos de empresas de forma simult\u00e1nea. \u00bfQu\u00e9 es [&hellip;]<\/p>\n","protected":false},"author":1,"featured_media":13329,"parent":0,"menu_order":0,"comment_status":"closed","ping_status":"closed","template":"","meta":{"inline_featured_image":false,"footnotes":""},"class_list":["post-1800","page","type-page","status-publish","has-post-thumbnail","hentry"],"_links":{"self":[{"href":"https:\/\/www.appyweb.es\/diccionario\/wp-json\/wp\/v2\/pages\/1800","targetHints":{"allow":["GET"]}}],"collection":[{"href":"https:\/\/www.appyweb.es\/diccionario\/wp-json\/wp\/v2\/pages"}],"about":[{"href":"https:\/\/www.appyweb.es\/diccionario\/wp-json\/wp\/v2\/types\/page"}],"author":[{"embeddable":true,"href":"https:\/\/www.appyweb.es\/diccionario\/wp-json\/wp\/v2\/users\/1"}],"replies":[{"embeddable":true,"href":"https:\/\/www.appyweb.es\/diccionario\/wp-json\/wp\/v2\/comments?post=1800"}],"version-history":[{"count":7,"href":"https:\/\/www.appyweb.es\/diccionario\/wp-json\/wp\/v2\/pages\/1800\/revisions"}],"predecessor-version":[{"id":13333,"href":"https:\/\/www.appyweb.es\/diccionario\/wp-json\/wp\/v2\/pages\/1800\/revisions\/13333"}],"wp:featuredmedia":[{"embeddable":true,"href":"https:\/\/www.appyweb.es\/diccionario\/wp-json\/wp\/v2\/media\/13329"}],"wp:attachment":[{"href":"https:\/\/www.appyweb.es\/diccionario\/wp-json\/wp\/v2\/media?parent=1800"}],"curies":[{"name":"wp","href":"https:\/\/api.w.org\/{rel}","templated":true}]}}