{"id":1813,"date":"2023-06-21T10:52:56","date_gmt":"2023-06-21T10:52:56","guid":{"rendered":"https:\/\/www.appyweb.es\/diccionario\/?page_id=1813"},"modified":"2024-04-03T14:42:40","modified_gmt":"2024-04-03T14:42:40","slug":"freeware","status":"publish","type":"page","link":"https:\/\/www.appyweb.es\/diccionario\/freeware\/","title":{"rendered":"Freeware"},"content":{"rendered":"<h1><img loading=\"lazy\" decoding=\"async\" class=\"alignnone wp-image-13408\" src=\"https:\/\/www.appyweb.es\/diccionario\/wp-content\/uploads\/2024\/04\/Freeware-300x180.jpg\" alt=\"Freeware\" width=\"1132\" height=\"679\" srcset=\"https:\/\/www.appyweb.es\/diccionario\/wp-content\/uploads\/2024\/04\/Freeware-300x180.jpg 300w, https:\/\/www.appyweb.es\/diccionario\/wp-content\/uploads\/2024\/04\/Freeware-768x461.jpg 768w, https:\/\/www.appyweb.es\/diccionario\/wp-content\/uploads\/2024\/04\/Freeware.jpg 1000w\" sizes=\"auto, (max-width: 1132px) 100vw, 1132px\" \/><\/h1>\n<p>Puede traducirse del ingl\u00e9s como \u201cprograma de libre distribuci\u00f3n\u201d. El origen del t\u00e9rmino freeware se encuentra en los a\u00f1os 80, cuando el programador Andrew Fluegleman no quer\u00eda distribuir el software que hab\u00eda desarrollado, llamado de PC-talk, de forma convencional, <strong>sino a trav\u00e9s de un modelo de negocio gratuito<\/strong>.<\/p>\n<h2>\u00bfQu\u00e9 es freeware?<\/h2>\n<p>Es un software de distribuci\u00f3n gratuita, que no tiene l\u00edmites en sus funciones. Es decir, no es una prueba gratis, ni una versi\u00f3n beta. El programa puede <strong>descargarse e instalarse con todas sus funciones sin coste alguno<\/strong>. Usualmente, se utiliza como modelo de negocio para un <a href=\"https:\/\/www.appyweb.es\/desarrollo-app\/\">proyecto de desarrollo de app<\/a> de f\u00e1cil distribuci\u00f3n. A menudo, es confundido con los software libres, sin embargo, existen diferencias entre ambos que determinan la forma en que se utilizan.<\/p>\n<p>Puede verse como la contraparte de un shareware, ya que estos permiten utilizar la versi\u00f3n de un software de forma gratuita, con limitaciones de tiempo y funciones. Generalmente, para que el usuario pruebe su uso y desee adquirirlo. Mientras un <strong>freeware permitir\u00e1 el libre acceso sin ninguna limitaci\u00f3n<\/strong>. Un ejemplo son algunos antivirus como Avast, que se puede instalar completo sin costo alguno.<\/p>\n<h2>\u00bfPara qu\u00e9 sirve un freeware?<\/h2>\n<p>Es un modelo a favor de los dise\u00f1adores, programadores, desarrolladores freelance o independientes <strong>que no pueden costear la tarifa de un programa<\/strong>. Por lo que este tipo de software, ayuda a incentivar el trabajo a quienes no pueden costear un software comercial.<\/p>\n<p>Algunas compa\u00f1\u00edas tambi\u00e9n lo utilizan, para mostrar a sus usuarios la calidad de sus productos. Ya que ofrecen versiones anteriores de forma gratuita y <strong>especifican qu\u00e9 funciones est\u00e1n actualizadas en la nueva versi\u00f3n<\/strong>, incentiv\u00e1ndolos a comprar una versi\u00f3n m\u00e1s reciente. En cualquier caso, el objetivo final de este modelo de negocio es <a href=\"https:\/\/www.appyweb.es\/conversion-web\/\">generar m\u00e1s conversiones web<\/a>, al mismo tiempo que se aumenta la popularidad de dicho programa.<\/p>\n<p>En ocasiones, tambi\u00e9n suele ser utilizado para hacer de un lado a la competencia, por ejemplo, cuando Microsoft liber\u00f3 Internet Explorer para su instalaci\u00f3n de forma gratuita lo hizo para hacer competencia a Netscape.<\/p>\n<h2>Diferencias entre freeware, shareware y software libre<\/h2>\n<ul>\n<li>El freeware es un software de distribuci\u00f3n gratuita, que puede usarse con todas funciones y su c\u00f3digo no puede ser modificado.<\/li>\n<li>Un shareware es un software de prueba, que le <strong>permite al usuario probar el producto para despu\u00e9s adquirirlo<\/strong>.<\/li>\n<li>Un software libre tambi\u00e9n es un software de distribuci\u00f3n gratuita. A diferencia del primero, en este si se puede modificar el c\u00f3digo.<\/li>\n<\/ul>\n<h2>Ejemplos de freeware<\/h2>\n<ul>\n<li><strong>Everything<\/strong>: Es un software gratuito que permite la b\u00fasqueda en el escritorio de archivo.<\/li>\n<li><strong>Lastpass<\/strong>: Es un programa que se utiliza como administrador de contrase\u00f1as.<\/li>\n<li><strong>Dexpot<\/strong>: Este software muestra una aplicaci\u00f3n de escritorio virtual.<\/li>\n<li><strong>Imgburn<\/strong>: Se trata de un software para grabar CD o DVD.<\/li>\n<\/ul>\n<p><script type=\"application\/ld+json\">{\"@context\":\"https:\/\/schema.org\",\"@type\":\"FAQPage\",\"mainEntity\":[ \n{\"@type\":\"Question\",\"name\":\"\u00bfQu\u00e9 es freeware?\",\"acceptedAnswer\":{\"@type\":\"Answer\",\"text\":\"<\/p>\n<p>Es un software de distribuci\u00f3n gratuita, que no tiene l\u00edmites en sus funciones. Es decir, no es una prueba gratis, ni una versi\u00f3n beta. El programa puede <strong>descargarse e instalarse con todas sus funciones sin coste alguno<\/strong>. Usualmente, se utiliza como modelo de negocio para un <a href='https:\/\/www.appyweb.es\/desarrollo-app\/'>proyecto de desarrollo de app<\/a> de f\u00e1cil distribuci\u00f3n. A menudo, es confundido con los software libres, sin embargo, existen diferencias entre ambos que determinan la forma en que se utilizan.<\/p>\n<p>Puede verse como la contraparte de un shareware, ya que estos permiten utilizar la versi\u00f3n de un software de forma gratuita, con limitaciones de tiempo y funciones. Generalmente, para que el usuario pruebe su uso y desee adquirirlo. Mientras un <strong>freeware permitir\u00e1 el libre acceso sin ninguna limitaci\u00f3n<\/strong>. Un ejemplo son algunos antivirus como Avast, que se puede instalar completo sin costo alguno.<\/p>\n<p>\"}},\n{\"@type\":\"Question\",\"name\":\"\u00bfPara qu\u00e9 sirve un freeware?\",\"acceptedAnswer\":{\"@type\":\"Answer\",\"text\":\"<\/p>\n<p>Es un modelo a favor de los dise\u00f1adores, programadores, desarrolladores freelance o independientes <strong>que no pueden costear la tarifa de un programa<\/strong>. Por lo que este tipo de software, ayuda a incentivar el trabajo a quienes no pueden costear un software comercial.<\/p>\n<p>Algunas compa\u00f1\u00edas tambi\u00e9n lo utilizan, para mostrar a sus usuarios la calidad de sus productos. Ya que ofrecen versiones anteriores de forma gratuita y <strong>especifican qu\u00e9 funciones est\u00e1n actualizadas en la nueva versi\u00f3n<\/strong>, incentiv\u00e1ndolos a comprar una versi\u00f3n m\u00e1s reciente. En cualquier caso, el objetivo final de este modelo de negocio es <a href='https:\/\/www.appyweb.es\/conversion-web\/'>generar m\u00e1s conversiones web<\/a>, al mismo tiempo que se aumenta la popularidad de dicho programa.<\/p>\n<p>En ocasiones, tambi\u00e9n suele ser utilizado para hacer de un lado a la competencia, por ejemplo, cuando Microsoft liber\u00f3 Internet Explorer para su instalaci\u00f3n de forma gratuita lo hizo para hacer competencia a Netscape.<\/p>\n<p>\"}},\n{\"@type\":\"Question\",\"name\":\"Diferencias entre freeware, shareware y software libre\",\"acceptedAnswer\":{\"@type\":\"Answer\",\"text\":\"<\/p>\n<\/p>\n<\/p>\n<\/p>\n<\/p>\n<\/p>\n<\/p>\n<\/p>\n<\/p>\n<ul>\n<\/p>\n<\/p>\n<\/p>\n<\/p>\n<\/p>\n<\/p>\n<\/p>\n<\/p>\n<li>El freeware es un software de distribuci\u00f3n gratuita, que puede usarse con todas funciones y su c\u00f3digo no puede ser modificado.<\/li>\n<\/p>\n<\/p>\n<\/p>\n<\/p>\n<\/p>\n<\/p>\n<\/p>\n<\/p>\n<\/p>\n<\/p>\n<\/p>\n<\/p>\n<\/p>\n<\/p>\n<\/p>\n<li>Un shareware es un software de prueba, que le <strong>permite al usuario probar el producto para despu\u00e9s adquirirlo<\/strong>.<\/li>\n<\/p>\n<\/p>\n<\/p>\n<\/p>\n<\/p>\n<\/p>\n<\/p>\n<\/p>\n<\/p>\n<\/p>\n<\/p>\n<\/p>\n<\/p>\n<\/p>\n<\/p>\n<li>Un software libre tambi\u00e9n es un software de distribuci\u00f3n gratuita. A diferencia del primero, en este si se puede modificar el c\u00f3digo.<\/li>\n<\/p>\n<\/p>\n<\/p>\n<\/p>\n<\/p>\n<\/p>\n<\/p>\n<\/ul>\n<\/p>\n<\/p>\n<\/p>\n<\/p>\n<\/p>\n<\/p>\n<\/p>\n<p>\"}},\n{\"@type\":\"Question\",\"name\":\"Ejemplos de freeware\",\"acceptedAnswer\":{\"@type\":\"Answer\",\"text\":\"<\/p>\n<\/p>\n<\/p>\n<\/p>\n<\/p>\n<\/p>\n<\/p>\n<\/p>\n<\/p>\n<ul>\n<\/p>\n<\/p>\n<\/p>\n<\/p>\n<\/p>\n<\/p>\n<\/p>\n<\/p>\n<li><strong>Everything<\/strong>: Es un software gratuito que permite la b\u00fasqueda en el escritorio de archivo.<\/li>\n<\/p>\n<\/p>\n<\/p>\n<\/p>\n<\/p>\n<\/p>\n<\/p>\n<\/p>\n<\/p>\n<\/p>\n<\/p>\n<\/p>\n<\/p>\n<\/p>\n<\/p>\n<li><strong>Lastpass<\/strong>: Es un programa que se utiliza como administrador de contrase\u00f1as.<\/li>\n<\/p>\n<\/p>\n<\/p>\n<\/p>\n<\/p>\n<\/p>\n<\/p>\n<\/p>\n<\/p>\n<\/p>\n<\/p>\n<\/p>\n<\/p>\n<\/p>\n<\/p>\n<li><strong>Dexpot<\/strong>: Este software muestra una aplicaci\u00f3n de escritorio virtual.<\/li>\n<\/p>\n<\/p>\n<\/p>\n<\/p>\n<\/p>\n<\/p>\n<\/p>\n<\/p>\n<\/p>\n<\/p>\n<\/p>\n<\/p>\n<\/p>\n<\/p>\n<\/p>\n<li><strong>Imgburn<\/strong>: Se trata de un software para grabar CD o DVD.<\/li>\n<\/p>\n<\/p>\n<\/p>\n<\/p>\n<\/p>\n<\/p>\n<\/p>\n<\/ul>\n<\/p>\n<\/p>\n<\/p>\n<\/p>\n<\/p>\n<\/p>\n<\/p>\n<p>\"}}\n]}<\/script><\/p>\n<h2>M\u00e1s informaci\u00f3n sobre freeware<\/h2>\n<p>Este puede ser un buen m\u00e9todo de negocio si est\u00e1s <strong>emprendiendo por primera vez con una aplicaci\u00f3n<\/strong>, por lo que necesitas toda la informaci\u00f3n posible para entenderlo, aqu\u00ed tienes un par de enlaces que te ayudar\u00e1n con el proceso.<\/p>\n<ul>\n<li><a href=\"https:\/\/www.appyweb.es\/12-las-mejores-empresas-desarrollo-aplicaciones-espana\/\">12 de las mejores empresas de desarrollo de aplicaciones en Espa\u00f1a<\/a><\/li>\n<li><a href=\"https:\/\/es.wikipedia.org\/wiki\/Software_gratis#Diferencia_con_software_libre_y_con_dominio_p%C3%BAblico\" rel=\"nofollow noopener\" target=\"_blank\">Diferencia con software libre y con dominio p\u00fablico<\/a><\/li>\n<\/ul>\n<p>&nbsp;<\/p>\n","protected":false},"excerpt":{"rendered":"<p>Puede traducirse del ingl\u00e9s como \u201cprograma de libre distribuci\u00f3n\u201d. El origen del t\u00e9rmino freeware se encuentra en los a\u00f1os 80, cuando el programador Andrew Fluegleman no quer\u00eda distribuir el software que hab\u00eda desarrollado, llamado de PC-talk, de forma convencional, sino a trav\u00e9s de un modelo de negocio gratuito. \u00bfQu\u00e9 es freeware? Es un software de [&hellip;]<\/p>\n","protected":false},"author":1,"featured_media":13408,"parent":0,"menu_order":0,"comment_status":"closed","ping_status":"closed","template":"","meta":{"inline_featured_image":false,"footnotes":""},"class_list":["post-1813","page","type-page","status-publish","has-post-thumbnail","hentry"],"_links":{"self":[{"href":"https:\/\/www.appyweb.es\/diccionario\/wp-json\/wp\/v2\/pages\/1813","targetHints":{"allow":["GET"]}}],"collection":[{"href":"https:\/\/www.appyweb.es\/diccionario\/wp-json\/wp\/v2\/pages"}],"about":[{"href":"https:\/\/www.appyweb.es\/diccionario\/wp-json\/wp\/v2\/types\/page"}],"author":[{"embeddable":true,"href":"https:\/\/www.appyweb.es\/diccionario\/wp-json\/wp\/v2\/users\/1"}],"replies":[{"embeddable":true,"href":"https:\/\/www.appyweb.es\/diccionario\/wp-json\/wp\/v2\/comments?post=1813"}],"version-history":[{"count":9,"href":"https:\/\/www.appyweb.es\/diccionario\/wp-json\/wp\/v2\/pages\/1813\/revisions"}],"predecessor-version":[{"id":13411,"href":"https:\/\/www.appyweb.es\/diccionario\/wp-json\/wp\/v2\/pages\/1813\/revisions\/13411"}],"wp:featuredmedia":[{"embeddable":true,"href":"https:\/\/www.appyweb.es\/diccionario\/wp-json\/wp\/v2\/media\/13408"}],"wp:attachment":[{"href":"https:\/\/www.appyweb.es\/diccionario\/wp-json\/wp\/v2\/media?parent=1813"}],"curies":[{"name":"wp","href":"https:\/\/api.w.org\/{rel}","templated":true}]}}