{"id":1819,"date":"2023-06-21T10:55:35","date_gmt":"2023-06-21T10:55:35","guid":{"rendered":"https:\/\/www.appyweb.es\/diccionario\/?page_id=1819"},"modified":"2024-04-03T14:48:14","modified_gmt":"2024-04-03T14:48:14","slug":"front-end","status":"publish","type":"page","link":"https:\/\/www.appyweb.es\/diccionario\/front-end\/","title":{"rendered":"Front-end"},"content":{"rendered":"<h1><img loading=\"lazy\" decoding=\"async\" class=\"alignnone  wp-image-13418\" src=\"https:\/\/www.appyweb.es\/diccionario\/wp-content\/uploads\/2024\/04\/Front-end-300x180.jpg\" alt=\"Front-end\" width=\"1143\" height=\"686\" srcset=\"https:\/\/www.appyweb.es\/diccionario\/wp-content\/uploads\/2024\/04\/Front-end-300x180.jpg 300w, https:\/\/www.appyweb.es\/diccionario\/wp-content\/uploads\/2024\/04\/Front-end-768x461.jpg 768w, https:\/\/www.appyweb.es\/diccionario\/wp-content\/uploads\/2024\/04\/Front-end.jpg 1000w\" sizes=\"auto, (max-width: 1143px) 100vw, 1143px\" \/><\/h1>\n<p>Es un anglicismo que al espa\u00f1ol se traduce como \u201cinterfaz\u201d, front-end tiene origen en las palabras en ingl\u00e9s que lo componen \u201cfront\u201d (frente) y \u201cend\u201d (final). Define la <strong>presentaci\u00f3n de una aplicaci\u00f3n o web que est\u00e1 disponible para el usuario<\/strong>, en contraposici\u00f3n del back-end que se refiere al servidor o administrador que est\u00e1 disponible solo para los desarrolladores.<\/p>\n<h2>\u00bfQu\u00e9 es front end?<\/h2>\n<p>Es un t\u00e9rmino que se utiliza para definir la interfaz gr\u00e1fica de un sitio online, es todo lo que el usuario puede ver. Colores, tipograf\u00edas, tama\u00f1os, distribuci\u00f3n de elementos, contenidos. Por lo tanto suele ser <a href=\"https:\/\/www.appyweb.es\/diseno-web\/\">utilizado con frecuencia en el dise\u00f1o web<\/a>. Tambi\u00e9n es importante definirlo <strong>como una parte del software<\/strong> que es capaz de interactuar con los usuarios.<\/p>\n<p>Puede considerarse como la cara de la p\u00e1gina web, es la que atrapa al usuario y le proporciona una buena experiencia de navegaci\u00f3n. Los principales lenguajes de programaci\u00f3n que utiliza son HTML, CSS y JavaScript.<\/p>\n<h2>\u00bfPara qu\u00e9 sirve el front end?<\/h2>\n<p>En inform\u00e1tica, es importante hacer una separaci\u00f3n de sistemas de un software, en este caso, el front-end <strong>hace referencia a la parte que est\u00e1 disponible para los usuarios<\/strong>, en contraposici\u00f3n con el back-end que es la parte que est\u00e1 disponible s\u00f3lo para los desarrolladores. El objetivo principal del primero es recolectar los datos de entrada de los usuarios, de esta forma, se transforman y se ajustan seg\u00fan las especificaciones en el back-end.<\/p>\n<p>Igualmente, se genera una respuesta autom\u00e1tica que se expone ante el usuario, de una forma f\u00e1cil de procesar. En este sentido, el <a href=\"https:\/\/www.appyweb.es\/desarrollo-app\/\">desarrollador de la app o del sitio web<\/a> debe hacer que la visualizaci\u00f3n y la <strong>navegaci\u00f3n sean intuitivos para garantizar una buena experiencia al usuario<\/strong>.<\/p>\n<h2>\u00bfPor qu\u00e9 es importante el frontend?<\/h2>\n<p>Aparte de ser la cara de un sitio web, es el que permite el desarrollo de toda la interfaz con la que interact\u00faa el usuario. Da estructura al sitio y controla todos los aspectos visuales de este. El HTML a\u00f1ade la estructura al contenido, utilizando etiquetas para ordenar la informaci\u00f3n. A su vez, CSS le otorga el formato a este contenido y JavaScript b\u00e1sicamente, se encarga de hacer que los anteriores funcionen para <strong>exista interacci\u00f3n entre el usuario y la red<\/strong>.<\/p>\n<p>Tambi\u00e9n es importante porque garantiza una buena conexi\u00f3n con el servidor de forma que se evitan los problemas de conexi\u00f3n o de interpretaci\u00f3n de datos, optimizando la funcionabilidad del proyecto final.<\/p>\n<h2>M\u00e1s informaci\u00f3n sobre front-end<\/h2>\n<p>As\u00ed como es indispensable realizar una buena separaci\u00f3n de funciones en el software, tambi\u00e9n es importante conocer cu\u00e1l es la mejor forma de desarrollarlos. De esta forma, la interfaz cuenta con un profesional espec\u00edfico llamado desarrollador de front-end, en el segundo enlace <strong>podr\u00e1s visualizar cu\u00e1les son sus funciones<\/strong>, en el primer enlace puedes echarle un vistazo a lo que es la parte del servidor.<\/p>\n<ul>\n<li><a href=\"https:\/\/www.appyweb.es\/diccionario\/back-end\/\">\u00bfQu\u00e9 es Back end y para qu\u00e9 sirve?<\/a><\/li>\n<li><a href=\"https:\/\/www.iebschool.com\/blog\/funciones-front-end-developer-analitica-usabilidad\/\" rel=\"nofollow noopener\" target=\"_blank\">\u00bfQu\u00e9 es un Front-end Developer? Funciones y habilidades<\/a><\/li>\n<\/ul>\n<p>&nbsp;<\/p>\n","protected":false},"excerpt":{"rendered":"<p>Es un anglicismo que al espa\u00f1ol se traduce como \u201cinterfaz\u201d, front-end tiene origen en las palabras en ingl\u00e9s que lo componen \u201cfront\u201d (frente) y \u201cend\u201d (final). Define la presentaci\u00f3n de una aplicaci\u00f3n o web que est\u00e1 disponible para el usuario, en contraposici\u00f3n del back-end que se refiere al servidor o administrador que est\u00e1 disponible solo [&hellip;]<\/p>\n","protected":false},"author":1,"featured_media":13418,"parent":0,"menu_order":0,"comment_status":"closed","ping_status":"closed","template":"","meta":{"inline_featured_image":false,"footnotes":""},"class_list":["post-1819","page","type-page","status-publish","has-post-thumbnail","hentry"],"_links":{"self":[{"href":"https:\/\/www.appyweb.es\/diccionario\/wp-json\/wp\/v2\/pages\/1819","targetHints":{"allow":["GET"]}}],"collection":[{"href":"https:\/\/www.appyweb.es\/diccionario\/wp-json\/wp\/v2\/pages"}],"about":[{"href":"https:\/\/www.appyweb.es\/diccionario\/wp-json\/wp\/v2\/types\/page"}],"author":[{"embeddable":true,"href":"https:\/\/www.appyweb.es\/diccionario\/wp-json\/wp\/v2\/users\/1"}],"replies":[{"embeddable":true,"href":"https:\/\/www.appyweb.es\/diccionario\/wp-json\/wp\/v2\/comments?post=1819"}],"version-history":[{"count":8,"href":"https:\/\/www.appyweb.es\/diccionario\/wp-json\/wp\/v2\/pages\/1819\/revisions"}],"predecessor-version":[{"id":13421,"href":"https:\/\/www.appyweb.es\/diccionario\/wp-json\/wp\/v2\/pages\/1819\/revisions\/13421"}],"wp:featuredmedia":[{"embeddable":true,"href":"https:\/\/www.appyweb.es\/diccionario\/wp-json\/wp\/v2\/media\/13418"}],"wp:attachment":[{"href":"https:\/\/www.appyweb.es\/diccionario\/wp-json\/wp\/v2\/media?parent=1819"}],"curies":[{"name":"wp","href":"https:\/\/api.w.org\/{rel}","templated":true}]}}