{"id":183,"date":"2023-06-19T13:47:51","date_gmt":"2023-06-19T13:47:51","guid":{"rendered":"https:\/\/www.appyweb.es\/diccionario\/?page_id=183"},"modified":"2024-02-19T23:01:17","modified_gmt":"2024-02-19T23:01:17","slug":"arquitectura-web","status":"publish","type":"page","link":"https:\/\/www.appyweb.es\/diccionario\/arquitectura-web\/","title":{"rendered":"Arquitectura Web"},"content":{"rendered":"<p><img loading=\"lazy\" decoding=\"async\" class=\"wp-image-11188 \" src=\"https:\/\/www.appyweb.es\/diccionario\/wp-content\/uploads\/2024\/02\/que-es-la-arquitectura-web-300x169.png\" alt=\"Definici\u00f3n de Arquitectura Web en el Diccionario Online\" width=\"884\" height=\"498\" srcset=\"https:\/\/www.appyweb.es\/diccionario\/wp-content\/uploads\/2024\/02\/que-es-la-arquitectura-web-300x169.png 300w, https:\/\/www.appyweb.es\/diccionario\/wp-content\/uploads\/2024\/02\/que-es-la-arquitectura-web-768x432.png 768w, https:\/\/www.appyweb.es\/diccionario\/wp-content\/uploads\/2024\/02\/que-es-la-arquitectura-web.png 880w\" sizes=\"auto, (max-width: 884px) 100vw, 884px\" \/><\/p>\n<p>El concepto de arquitectura web est\u00e1 relacionado con el dise\u00f1o digital,\u00a0<strong>se trata de una pr\u00e1ctica que busca organizar y jerarquizar los elementos de un sitio<\/strong>.<br \/>\nGracias a esta pr\u00e1ctica es posible\u00a0compartir buenas ideas de desarrollo en Internet de forma f\u00e1cil, divertida y sorprendente. Aparte, una de sus metas el lograr una f\u00e1cil comprensi\u00f3n y gran utilidad del proyecto final.<\/p>\n<h2>\u00bfQu\u00e9 es la arquitectura web?<\/h2>\n<p>Es la responsable de la construcci\u00f3n y composici\u00f3n de un sitio, <strong>m\u00e1s espec\u00edficamente se trata de una pr\u00e1ctica que involucra todo el desarrollo de p\u00e1ginas,<\/strong> como la estructuraci\u00f3n del contenido, URL, enlaces, etc. Con esta disciplina se lleva a cabo el proceso de planificar, desarrollar, ejecutar y modificar la informaci\u00f3n y estructura de sitios en Internet.<\/p>\n<h2>\u00bfPara qu\u00e9 sirve?<\/h2>\n<p>Su finalidad principal es proveer criterios para crear nuevos sitio, o inclusive, <strong>modificarlos para generar m\u00e1s visitas y lograr alcanzar objetivos digitales<\/strong>, tales como un buen <a href=\"https:\/\/diseno20.appyweb.es\/consultoria-seo\/\" rel=\"nofollow noopener\" target=\"_blank\">posicionamiento web<\/a> en buscadores.<\/p>\n<p>Igualmente, permite el desarrollo de sitios de informaci\u00f3n con mayor relevancia en el sector al que se dirige, ya que un buen proyecto arquitect\u00f3nico suele facilitar la utilizaci\u00f3n de la plataforma por parte del usuario, haciendo que su experiencia sea m\u00e1s agradable.<\/p>\n<h2>\u00bfCu\u00e1les son los elementos de la arquitectura web?<\/h2>\n<p>Esta pr\u00e1ctica comprende <strong>una serie de elementos que se deben utilizar durante la jerarquizaci\u00f3n<\/strong>, de forma que el desarrollador establezca una plataforma que cumpla con una buena divisi\u00f3n, una gran experiencia de usuario y la optimizaci\u00f3n adecuada para buscadores. Esos elementos son los siguientes.<\/p>\n<ul>\n<li>Hosting o espacio donde se almacenar\u00e1 el sitio.<\/li>\n<li>Nombre y URL de dominio.<\/li>\n<li>Palabras claves posicionadas.<\/li>\n<li>Men\u00fa de acceso r\u00e1pido.<\/li>\n<li>Apariencia con elementos no invasivos.<\/li>\n<li>Im\u00e1genes.<\/li>\n<li>Formularios de contactos.<\/li>\n<\/ul>\n<p>Es necesario mencionar que estos elementos pueden ser m\u00e1s dependiendo del presupuesto y funci\u00f3n del proyecto, as\u00ed como de las tendencias en dise\u00f1o digital. Por ejemplo, actualmente la utilizaci\u00f3n de <a href=\"https:\/\/www.appyweb.es\/diccionario\/chatbot\/\">chatbots<\/a> es una implementaci\u00f3n que permite garantizar una buena navegaci\u00f3n para el usuario.<\/p>\n<h2>\u00bfC\u00f3mo dise\u00f1ar una arquitectura web?<\/h2>\n<ul>\n<li style=\"list-style-type: none;\">\n<ul>\n<li>Hacer un estudio de palabras clave o keywords, de forma que la base del sitio est\u00e9 dirigida a un sector en espec\u00edfico.<\/li>\n<li>Seleccionar las keywords obtenidas para cada secci\u00f3n del sitio, cu\u00e1les van a ir en la home, en las p\u00e1ginas se servicio, landing pages, etc.<\/li>\n<li>Dise\u00f1ar <strong>una estrategia de contenidos para posicionar esas keywords<\/strong> y p\u00e1ginas.<\/li>\n<li>Establecer una construcci\u00f3n de enlaces o link building para la promoci\u00f3n org\u00e1nica de las p\u00e1ginas.<\/li>\n<\/ul>\n<\/li>\n<\/ul>\n<p><script type=\"application\/ld+json\">{\"@context\":\"https:\/\/schema.org\",\"@type\":\"FAQPage\",\"mainEntity\":[ \n{\"@type\":\"Question\",\"name\":\"\u00bfQu\u00e9 es la arquitectura web?\",\"acceptedAnswer\":{\"@type\":\"Answer\",\"text\":\"<\/p>\n<\/p>\n<p>\n<span data-mce-type=\"bookmark\" style=\"display: inline-block; width: 0px; overflow: hidden; line-height: 0;\" class=\"mce_SELRES_start\">\ufeff<\/span>\n<\/p>\n<\/p>\n<p>Es la responsable de la construcci\u00f3n y composici\u00f3n de un sitio, <strong>m\u00e1s espec\u00edficamente se trata de una pr\u00e1ctica que involucra todo el desarrollo de p\u00e1ginas,<\/strong> como la estructuraci\u00f3n del contenido, URL, enlaces, etc. Con esta disciplina se lleva a cabo el proceso de planificar, desarrollar, ejecutar y modificar la informaci\u00f3n y estructura de sitios en Internet.<\/p>\n<\/p>\n<\/p>\n<p>\"}},\n{\"@type\":\"Question\",\"name\":\"\u00bfPara qu\u00e9 sirve?\",\"acceptedAnswer\":{\"@type\":\"Answer\",\"text\":\"<\/p>\n<p>Su finalidad principal es proveer criterios para crear nuevos sitio, o inclusive, <strong>modificarlos para generar m\u00e1s visitas y lograr alcanzar objetivos digitales<\/strong>, tales como <a href='https:\/\/diseno20.appyweb.es\/consultoria-seo\/'>un buen posicionamiento web<\/a> en buscadores.<\/p>\n<p>Igualmente, permite el desarrollo de sitios de informaci\u00f3n con mayor relevancia en el sector al que se dirige, ya que un buen proyecto arquitect\u00f3nico suele facilitar la utilizaci\u00f3n de la plataforma por parte del usuario, haciendo que su experiencia sea m\u00e1s agradable.<\/p>\n<p>\"}},\n{\"@type\":\"Question\",\"name\":\"\u00bfCu\u00e1les son los elementos de la arquitectura web?\",\"acceptedAnswer\":{\"@type\":\"Answer\",\"text\":\"<\/p>\n<p>Esta pr\u00e1ctica comprende <strong>una serie de elementos que se deben utilizar durante la jerarquizaci\u00f3n<\/strong>, de forma que el desarrollador establezca una plataforma que cumpla con una buena divisi\u00f3n, una gran experiencia de usuario y la optimizaci\u00f3n adecuada para buscadores. Esos elementos son los siguientes.<\/p>\n<li>Hosting o espacio donde se almacenar\u00e1 el sitio.<\/li>\n<li>Nombre y URL de dominio.<\/li>\n<li>Palabras claves posicionadas.<\/li>\n<li>Men\u00fa de acceso r\u00e1pido.<\/li>\n<li>Apariencia con elementos no invasivos.<\/li>\n<li>Im\u00e1genes.<\/li>\n<li>Formularios de contactos.<\/li>\n<p>Es necesario mencionar que estos elementos pueden ser m\u00e1s dependiendo del presupuesto y funci\u00f3n del proyecto, as\u00ed como de las tendencias en dise\u00f1o digital. Por ejemplo, actualmente la utilizaci\u00f3n de <a href='https:\/\/www.appyweb.es\/diccionario\/chatbot\/'>chatbots<\/a> es una implementaci\u00f3n que permite garantizar una buena navegaci\u00f3n para el usuario.<\/p>\n<p>\"}},\n{\"@type\":\"Question\",\"name\":\"\u00bfC\u00f3mo dise\u00f1ar una arquitectura web?\",\"acceptedAnswer\":{\"@type\":\"Answer\",\"text\":\"<\/p>\n<li>Hacer un estudio de palabras clave o keywords, de forma que la base del sitio est\u00e9 dirigida a un sector en espec\u00edfico.<\/li>\n<li>Seleccionar las keywords obtenidas para cada secci\u00f3n del sitio, cu\u00e1les van a ir en la home, en las p\u00e1ginas se servicio, landing pages, etc.<\/li>\n<li>Dise\u00f1ar <strong>una estrategia de contenidos para posicionar esas keywords<\/strong> y p\u00e1ginas.<\/li>\n<li>Establecer una construcci\u00f3n de enlaces o link building para la promoci\u00f3n org\u00e1nica de las p\u00e1ginas.<\/li>\n<p>\"}}\n]}<\/script><\/p>\n<h2><span id=\"%F0%9F%93%8C_Mas_informacion_sobre_arquitectura_web\" class=\"ez-toc-section\"><\/span>M\u00e1s informaci\u00f3n sobre arquitectura web<\/h2>\n<ul>\n<li><a href=\"https:\/\/www.appyweb.es\/diccionario\/arquitectura-la-informacion\/\">\u00bfQu\u00e9 es la Arquitectura de la informaci\u00f3n y para qu\u00e9 sirve?<\/a><\/li>\n<li><a href=\"https:\/\/www.youtube.com\/watch?v=5kKhEmSLHgE\" rel=\"nofollow noopener\" target=\"_blank\">\u00bfC\u00f3mo hacer una estructura web vertical?<\/a><\/li>\n<\/ul>\n","protected":false},"excerpt":{"rendered":"<p>El concepto de arquitectura web est\u00e1 relacionado con el dise\u00f1o digital,\u00a0se trata de una pr\u00e1ctica que busca organizar y jerarquizar los elementos de un sitio. Gracias a esta pr\u00e1ctica es posible\u00a0compartir buenas ideas de desarrollo en Internet de forma f\u00e1cil, divertida y sorprendente. Aparte, una de sus metas el lograr una f\u00e1cil comprensi\u00f3n y gran [&hellip;]<\/p>\n","protected":false},"author":1,"featured_media":11188,"parent":0,"menu_order":0,"comment_status":"closed","ping_status":"closed","template":"","meta":{"inline_featured_image":false,"footnotes":""},"class_list":["post-183","page","type-page","status-publish","has-post-thumbnail","hentry"],"_links":{"self":[{"href":"https:\/\/www.appyweb.es\/diccionario\/wp-json\/wp\/v2\/pages\/183","targetHints":{"allow":["GET"]}}],"collection":[{"href":"https:\/\/www.appyweb.es\/diccionario\/wp-json\/wp\/v2\/pages"}],"about":[{"href":"https:\/\/www.appyweb.es\/diccionario\/wp-json\/wp\/v2\/types\/page"}],"author":[{"embeddable":true,"href":"https:\/\/www.appyweb.es\/diccionario\/wp-json\/wp\/v2\/users\/1"}],"replies":[{"embeddable":true,"href":"https:\/\/www.appyweb.es\/diccionario\/wp-json\/wp\/v2\/comments?post=183"}],"version-history":[{"count":11,"href":"https:\/\/www.appyweb.es\/diccionario\/wp-json\/wp\/v2\/pages\/183\/revisions"}],"predecessor-version":[{"id":11256,"href":"https:\/\/www.appyweb.es\/diccionario\/wp-json\/wp\/v2\/pages\/183\/revisions\/11256"}],"wp:featuredmedia":[{"embeddable":true,"href":"https:\/\/www.appyweb.es\/diccionario\/wp-json\/wp\/v2\/media\/11188"}],"wp:attachment":[{"href":"https:\/\/www.appyweb.es\/diccionario\/wp-json\/wp\/v2\/media?parent=183"}],"curies":[{"name":"wp","href":"https:\/\/api.w.org\/{rel}","templated":true}]}}