{"id":1833,"date":"2023-06-21T11:01:45","date_gmt":"2023-06-21T11:01:45","guid":{"rendered":"https:\/\/www.appyweb.es\/diccionario\/?page_id=1833"},"modified":"2024-04-03T15:08:44","modified_gmt":"2024-04-03T15:08:44","slug":"fuentes-de-trafico","status":"publish","type":"page","link":"https:\/\/www.appyweb.es\/diccionario\/fuentes-de-trafico\/","title":{"rendered":"Fuentes de Tr\u00e1fico"},"content":{"rendered":"<h1><img loading=\"lazy\" decoding=\"async\" class=\"alignnone wp-image-13441\" src=\"https:\/\/www.appyweb.es\/diccionario\/wp-content\/uploads\/2024\/04\/FuentesdeTrafico-300x180.jpg\" alt=\"Fuentes de Tr\u00e1fico\" width=\"1143\" height=\"686\" srcset=\"https:\/\/www.appyweb.es\/diccionario\/wp-content\/uploads\/2024\/04\/FuentesdeTrafico-300x180.jpg 300w, https:\/\/www.appyweb.es\/diccionario\/wp-content\/uploads\/2024\/04\/FuentesdeTrafico-768x461.jpg 768w, https:\/\/www.appyweb.es\/diccionario\/wp-content\/uploads\/2024\/04\/FuentesdeTrafico.jpg 1000w\" sizes=\"auto, (max-width: 1143px) 100vw, 1143px\" \/><\/h1>\n<p>Trata de las v\u00edas que utilizan los usuarios en Internet para acceder a un sitio web. Las <strong>fuentes de tr\u00e1fico pueden ser a trav\u00e9s del buscador de Google<\/strong>, de forma directa al escribir la direcci\u00f3n en el navegador, a trav\u00e9s de redes sociales, entre otras posibilidades.<\/p>\n<h2>\u00bfQu\u00e9 son las fuentes de tr\u00e1fico?<\/h2>\n<p>Son las formas en que un usuario llega a un sitio, como se explic\u00f3 en la introducci\u00f3n, existen diferentes <strong>formas en las que el usuario puede acceder a un sitio web<\/strong>. Es algo que se tiene en cuenta <a href=\"https:\/\/www.appyweb.es\/auditoria-seo\/\">durante la auditor\u00eda SEO<\/a> para verificar cu\u00e1les son las campa\u00f1as que est\u00e1n atrayendo mayor tr\u00e1fico al sitio web. De esta forma, se pueden optimizar las estrategias.<\/p>\n<p>Es por eso que algunas herramientas de an\u00e1lisis como Google Analytics las clasifica en cuatros grupos: directo, social, de b\u00fasqueda y de referencia.<\/p>\n<h2>\u00bfPara qu\u00e9 sirven?<\/h2>\n<p>Las fuentes de tr\u00e1fico permiten a un sitio verificar y analizar <strong>qu\u00e9 medios est\u00e1 utilizando los usuarios para llegar hasta all\u00ed<\/strong>. Esto tambi\u00e9n ayuda a medir el impacto de las campa\u00f1as SEO que est\u00e1n siendo <a href=\"https:\/\/www.appyweb.es\/posicionamiento-web\/\">implementadas para el posicionamiento<\/a> de la p\u00e1gina.<\/p>\n<p>Al mismo tiempo, se pueden organizar mejor los recursos y las inversiones parar la tasa de conversiones. En este sentido, tambi\u00e9n pueden ser \u00fatiles para tratar de definir mejor el perfil de la audiencia.<\/p>\n<h2>Tipos de fuentes de tr\u00e1fico<\/h2>\n<h3>Directo<\/h3>\n<p>El tr\u00e1fico directo se refiere a que el usuario <strong>introduce directamente el URL del sitio en el navegador<\/strong>, sin usar los motores de b\u00fasqueda.<\/p>\n<h3>Social<\/h3>\n<p>Incluye a las redes sociales, por ejemplo, a trav\u00e9s de un post en Facebook, Twitter, Instagram, entre otras. El usuario puede hacer clic a un enlace, que lo dirige directamente a la p\u00e1gina.<\/p>\n<h3>De b\u00fasqueda<\/h3>\n<p>Se contabiliza en caso de que el usuario utilice un motor de b\u00fasqueda. Este puede dividirse en:<\/p>\n<ul>\n<li><strong>Org\u00e1nico<\/strong>: Son las visitas que llegan cuando el usuario hace clic en el sitio desde el \u00edndice de resultados del buscador y est\u00e1 vinculado al SEO.<\/li>\n<li><strong>Monetizado por clic:<\/strong> Es el que se obtiene a partir de los <strong>anuncios posicionados en los resultados de b\u00fasquedas<\/strong>.<\/li>\n<\/ul>\n<h3>De referencia<\/h3>\n<p>Es el que se obtiene a partir de enlaces que han sido posicionados en otros sitios web, se utiliza para <strong>analizar mejor las estrategias de link building o construcci\u00f3n de enlaces<\/strong>.<\/p>\n<h2>M\u00e1s\u00a0informaci\u00f3n sobre fuente de tr\u00e1fico<\/h2>\n<p>Con las m\u00e9tricas de las fuentes de tr\u00e1fico se puede obtener informaci\u00f3n relevante para optimizar tu estrategia de atracci\u00f3n, pero tambi\u00e9n debes tener en cuenta que <strong>la v\u00eda m\u00f3vil y la b\u00fasqueda por voz est\u00e1n empezando a ser parte \u00e9ste mercado<\/strong>. A continuaci\u00f3n, tienes un par de enlaces con mayor informaci\u00f3n al respecto.<\/p>\n<ul>\n<li><a href=\"https:\/\/www.appyweb.es\/aumenta-trafico-web-busqueda-voz\/\">Consigue tr\u00e1fico a trav\u00e9s de la b\u00fasqueda por voz<\/a><\/li>\n<li><a href=\"https:\/\/www.periodismo.com\/2020\/10\/30\/el-40-del-trafico-directo-de-los-medios-ya-es-movil-segun-chartbeat\/\" rel=\"nofollow noopener\" target=\"_blank\">El 40% del tr\u00e1fico directo de los medios ya es m\u00f3vil, seg\u00fan Chartbeat<\/a><\/li>\n<\/ul>\n<p>&nbsp;<\/p>\n","protected":false},"excerpt":{"rendered":"<p>Trata de las v\u00edas que utilizan los usuarios en Internet para acceder a un sitio web. Las fuentes de tr\u00e1fico pueden ser a trav\u00e9s del buscador de Google, de forma directa al escribir la direcci\u00f3n en el navegador, a trav\u00e9s de redes sociales, entre otras posibilidades. \u00bfQu\u00e9 son las fuentes de tr\u00e1fico? Son las formas [&hellip;]<\/p>\n","protected":false},"author":1,"featured_media":13441,"parent":0,"menu_order":0,"comment_status":"closed","ping_status":"closed","template":"","meta":{"inline_featured_image":false,"footnotes":""},"class_list":["post-1833","page","type-page","status-publish","has-post-thumbnail","hentry"],"_links":{"self":[{"href":"https:\/\/www.appyweb.es\/diccionario\/wp-json\/wp\/v2\/pages\/1833","targetHints":{"allow":["GET"]}}],"collection":[{"href":"https:\/\/www.appyweb.es\/diccionario\/wp-json\/wp\/v2\/pages"}],"about":[{"href":"https:\/\/www.appyweb.es\/diccionario\/wp-json\/wp\/v2\/types\/page"}],"author":[{"embeddable":true,"href":"https:\/\/www.appyweb.es\/diccionario\/wp-json\/wp\/v2\/users\/1"}],"replies":[{"embeddable":true,"href":"https:\/\/www.appyweb.es\/diccionario\/wp-json\/wp\/v2\/comments?post=1833"}],"version-history":[{"count":7,"href":"https:\/\/www.appyweb.es\/diccionario\/wp-json\/wp\/v2\/pages\/1833\/revisions"}],"predecessor-version":[{"id":13444,"href":"https:\/\/www.appyweb.es\/diccionario\/wp-json\/wp\/v2\/pages\/1833\/revisions\/13444"}],"wp:featuredmedia":[{"embeddable":true,"href":"https:\/\/www.appyweb.es\/diccionario\/wp-json\/wp\/v2\/media\/13441"}],"wp:attachment":[{"href":"https:\/\/www.appyweb.es\/diccionario\/wp-json\/wp\/v2\/media?parent=1833"}],"curies":[{"name":"wp","href":"https:\/\/api.w.org\/{rel}","templated":true}]}}