{"id":1853,"date":"2023-06-21T11:08:22","date_gmt":"2023-06-21T11:08:22","guid":{"rendered":"https:\/\/www.appyweb.es\/diccionario\/?page_id=1853"},"modified":"2024-04-04T07:33:53","modified_gmt":"2024-04-04T07:33:53","slug":"geomarketing","status":"publish","type":"page","link":"https:\/\/www.appyweb.es\/diccionario\/geomarketing\/","title":{"rendered":"Geomarketing"},"content":{"rendered":"<h1><img loading=\"lazy\" decoding=\"async\" class=\"alignnone wp-image-13507 size-full\" src=\"https:\/\/www.appyweb.es\/diccionario\/wp-content\/uploads\/2024\/04\/Geomarketing.jpg\" alt=\"Geomarketing\" width=\"1000\" height=\"600\" srcset=\"https:\/\/www.appyweb.es\/diccionario\/wp-content\/uploads\/2024\/04\/Geomarketing.jpg 1000w, https:\/\/www.appyweb.es\/diccionario\/wp-content\/uploads\/2024\/04\/Geomarketing-300x180.jpg 300w, https:\/\/www.appyweb.es\/diccionario\/wp-content\/uploads\/2024\/04\/Geomarketing-768x461.jpg 768w\" sizes=\"auto, (max-width: 1000px) 100vw, 1000px\" \/><\/h1>\n<p>Es una pr\u00e1ctica donde se analizan la oferta y la demanda de una actividad comercial dependiendo de la localizaci\u00f3n de la audiencia. El <strong>geomarketing se basa en que las personas que pertenecen a una localidad comparten comportamientos e intereses<\/strong> similares.<\/p>\n<h2>\u00bfQu\u00e9 es el Geomarketing?<\/h2>\n<p>El geomarketing estudia diferentes variables que <strong>influyen en una empresa al promocionar sus productos<\/strong>, pero solo lo que est\u00e1 relacionado con la zona, regi\u00f3n, clima o poblaci\u00f3n, que pueda interferir en la venta del producto. Actualmente, esta pr\u00e1ctica se considera como una de las m\u00e1s importantes en el an\u00e1lisis de datos o Data Science para determinar actitudes de consumo entre la poblaci\u00f3n.<\/p>\n<p>Igualmente, forma parte de la segmentaci\u00f3n de la audiencia <a href=\"https:\/\/www.appyweb.es\/embudo-ventas-e-commerce\/\">dentro del embudo de ventas<\/a>, ya que esto permite separar a los usuarios por regi\u00f3n y ofrecer promociones m\u00e1s acorde a sus intereses. Esas preferencias deben ser analizadas en esta pr\u00e1ctica para que las estrategias sean m\u00e1s asertivas.<\/p>\n<h2>\u00bfPara qu\u00e9 sirve el geomarketing?<\/h2>\n<ul>\n<li>Es una pr\u00e1ctica indispensable para estudiar las posibilidades de venta en otras regiones, por lo que se debe aplicar durante la expansi\u00f3n de una empresa.<\/li>\n<li>Es ideal para <strong>satisfacer las expectativas de la audiencia<\/strong>, al mismo tiempo que se logra mayor efectividad en las estrategias.<\/li>\n<li>Se utiliza para conocer c\u00f3mo se comporta el mercado en diferentes zonas y cu\u00e1les son las oportunidades de ventas que existen.<\/li>\n<li>Se aplican mejores t\u00e9cnicas para el posicionamiento SEO <a href=\"https:\/\/www.appyweb.es\/alta-google-maps\/\">como el alta en Google Maps<\/a>.<\/li>\n<li>Puede <strong>utilizarse para perfeccionar el perfil del cliente<\/strong>, ya que se tendr\u00e1 en cuenta su espacio o entorno.<\/li>\n<li>Es ideal para realizar estudios de fen\u00f3menos comerciales, para evitar o prevenir crisis empresariales.<\/li>\n<\/ul>\n<h2>\u00bfQui\u00e9nes utilizan el Geomarketing?<\/h2>\n<p>Esta disciplina es utilizada por empresas de gran amplitud, como por ejemplo las compa\u00f1\u00edas financieras, cadenas de distribuci\u00f3n, redes de agencias. Estas empresas buscan ampliar sus ventas no s\u00f3lo en lo regional, sino tambi\u00e9n <strong>darse a conocer de manera internacional y para eso usa el geomarketing<\/strong>, que les permite estudiar la zona para prever el impacto de dicha actividad comercial.<\/p>\n<p>Igualmente, como se mencion\u00f3 anteriormente, puede ser de utilidad para el SEO, por lo que es empleado por expertos en posicionamiento <strong>para dirigir sus esfuerzos de marketing digital local de mejor forma<\/strong>.<\/p>\n<p>Por otro lado, tambi\u00e9n es utilizado por los profesionales de ventas para evaluar el terreno de una nueva sucursal, teniendo en cuenta la localizaci\u00f3n de los consumidores, cu\u00e1nto tiempo tendr\u00edan que necesitar para llegar al lugar, cu\u00e1les son las rutas alternativas, etc.<\/p>\n<h2>\u00bfQu\u00e9 tener en cuenta al implementar el Geomarketing?<\/h2>\n<p>Como se mencion\u00f3 anteriormente, esta pr\u00e1ctica forma parte del marketing 360 donde se apuntan estudios de datos como el Data Science, en este sentido, una de las cosas m\u00e1s importantes al utilizar esta pr\u00e1ctica es hacer an\u00e1lisis de big data o base de datos. Con esta herramienta es m\u00e1s f\u00e1cil determinar patrones de ventas en zonas muy espec\u00edficas.<\/p>\n<p>Al mismo tiempo, se deben tener en cuenta los puntos de inter\u00e9s, calles, c\u00f3digo postal, poblaci\u00f3n, municipio, estado, etc. <strong>Las referencias tambi\u00e9n son importantes para obtener datos m\u00e1s espec\u00edficos<\/strong>.<\/p>\n<p>Y por \u00faltimo y m\u00e1s importante, se deben tener herramientas de visualizaci\u00f3n geogr\u00e1fica, estas permitir\u00e1n procesar y analizar toda la informaci\u00f3n necesaria para su posterior utilizaci\u00f3n.<\/p>\n<p><script type=\"application\/ld+json\">{\"@context\":\"https:\/\/schema.org\",\"@type\":\"FAQPage\",\"mainEntity\":[ \n{\"@type\":\"Question\",\"name\":\"\u00bfQu\u00e9 es el Geomarketing?\",\"acceptedAnswer\":{\"@type\":\"Answer\",\"text\":\"<\/p>\n<p>El geomarketing estudia diferentes variables que <strong>influyen en una empresa al  promocionar sus productos<\/strong>, pero solo lo que est\u00e1 relacionado con la zona, regi\u00f3n, clima o poblaci\u00f3n, que pueda interferir en la venta del producto. Actualmente, esta pr\u00e1ctica se considera como una de las m\u00e1s importantes en el an\u00e1lisis de datos o Data Science para determinar actitudes de consumo entre la poblaci\u00f3n.<\/p>\n<p>Igualmente, forma parte de la segmentaci\u00f3n de la audiencia <a href='https:\/\/www.appyweb.es\/embudo-ventas-e-commerce\/'>dentro del embudo de ventas<\/a>, ya que esto permite separar a los usuarios por regi\u00f3n y ofrecer promociones m\u00e1s acorde a sus intereses. Esas preferencias deben ser analizadas en esta pr\u00e1ctica para que las estrategias sean m\u00e1s asertivas.<\/p>\n<p>\"}},\n{\"@type\":\"Question\",\"name\":\"\u00bfPara qu\u00e9 sirve el geomarketing?\",\"acceptedAnswer\":{\"@type\":\"Answer\",\"text\":\"<\/p>\n<\/p>\n<ul>\n<\/p>\n<li>Es una pr\u00e1ctica indispensable para estudiar las posibilidades de venta en otras regiones, por lo que se debe aplicar durante la expansi\u00f3n de una empresa.<\/li>\n<\/p>\n<li>Es ideal para <strong>satisfacer las expectativas de la audiencia<\/strong>, al mismo tiempo que se logra mayor efectividad en las estrategias.<\/li>\n<\/p>\n<li>Se utiliza para conocer c\u00f3mo se comporta el mercado en diferentes zonas y cu\u00e1les son las oportunidades de ventas que existen.<\/li>\n<\/p>\n<li>Se aplican mejores t\u00e9cnicas para el posicionamiento SEO <a href='https:\/\/www.appyweb.es\/alta-google-maps\/'>como el alta en Google Maps<\/a>.<\/li>\n<\/p>\n<li>Puede <strong>utilizarse para perfeccionar el perfil del cliente<\/strong>, ya que se tendr\u00e1 en cuenta su espacio o entorno.<\/li>\n<\/p>\n<li>Es ideal para realizar estudios de fen\u00f3menos comerciales, para evitar o prevenir crisis empresariales.<\/li>\n<\/ul>\n<p>\"}},\n{\"@type\":\"Question\",\"name\":\"\u00bfQui\u00e9nes utilizan el Geomarketing?\",\"acceptedAnswer\":{\"@type\":\"Answer\",\"text\":\"<\/p>\n<p>Esta disciplina es utilizada por empresas de gran amplitud, como por ejemplo las compa\u00f1\u00edas financieras, cadenas de distribuci\u00f3n, redes de agencias. Estas empresas buscan ampliar sus ventas no s\u00f3lo en lo regional, sino tambi\u00e9n <strong>darse a conocer de manera internacional y para eso usa el geomarketing<\/strong>, que les permite estudiar la zona para prever el impacto de dicha actividad comercial.<\/p>\n<p>Igualmente, como se mencion\u00f3 anteriormente, puede ser de utilidad para el SEO, por lo que es empleado por expertos en posicionamiento <strong>para dirigir sus esfuerzos de marketing digital local de mejor forma<\/strong>.<\/p>\n<p>Por otro lado, tambi\u00e9n es utilizado por los profesionales de ventas para evaluar el terreno de una nueva sucursal, teniendo en cuenta la localizaci\u00f3n de los consumidores, cu\u00e1nto tiempo tendr\u00edan que necesitar para llegar al lugar, cu\u00e1les son las rutas alternativas, etc.<\/p>\n<p>\"}},\n{\"@type\":\"Question\",\"name\":\"\u00bfQu\u00e9 tener en cuenta al implementar el Geomarketing?\",\"acceptedAnswer\":{\"@type\":\"Answer\",\"text\":\"<\/p>\n<p>Como se mencion\u00f3 anteriormente, esta pr\u00e1ctica forma parte del marketing 360 donde se apuntan estudios de datos como el Data Science, en este sentido, una de las cosas m\u00e1s importantes al utilizar esta pr\u00e1ctica es hacer an\u00e1lisis de big data o base de datos. Con esta herramienta es m\u00e1s f\u00e1cil determinar patrones de ventas en zonas muy espec\u00edficas.<\/p>\n<p>Al mismo tiempo, se deben tener en cuenta los puntos de inter\u00e9s, calles, c\u00f3digo postal, poblaci\u00f3n, municipio, estado, etc. <strong>Las referencias tambi\u00e9n son importantes para obtener datos m\u00e1s espec\u00edficos<\/strong>.<\/p>\n<p>Y por \u00faltimo y m\u00e1s importante, se deben tener herramientas de visualizaci\u00f3n geogr\u00e1fica, estas permitir\u00e1n procesar y analizar toda la informaci\u00f3n necesaria para su posterior utilizaci\u00f3n.<\/p>\n<p>\"}}\n]}<\/script><\/p>\n<h2>M\u00e1s informaci\u00f3n sobre geomarketing<\/h2>\n<p>Esta pr\u00e1ctica es de gran importancia incluso para las peque\u00f1as empresas, ya que con estos an\u00e1lisis tambi\u00e9n pueden realizar cambios en estrategias digitales, como el SEO, ya que <strong>la localizaci\u00f3n est\u00e1 pasando a formar parte importante del posicionamiento<\/strong>. Aqu\u00ed encontrar\u00e1s un par de enlaces que te ayudar\u00e1n a conocer un poco m\u00e1s sobre el tema.<\/p>\n<ul>\n<li><a href=\"https:\/\/www.appyweb.es\/diccionario\/geolocalizacion-del-servidor\/\">\u00bfQu\u00e9 es la Geolocalizaci\u00f3n del servidor y para qu\u00e9 sirve?<\/a><\/li>\n<li><a href=\"https:\/\/www.tynmagazine.com\/geomarketing-una-nueva-estrategia-financiera\/\" rel=\"nofollow noopener\" target=\"_blank\">Geomarketing: una nueva estrategia financiera<\/a><\/li>\n<\/ul>\n<p>&nbsp;<\/p>\n","protected":false},"excerpt":{"rendered":"<p>Es una pr\u00e1ctica donde se analizan la oferta y la demanda de una actividad comercial dependiendo de la localizaci\u00f3n de la audiencia. El geomarketing se basa en que las personas que pertenecen a una localidad comparten comportamientos e intereses similares. \u00bfQu\u00e9 es el Geomarketing? El geomarketing estudia diferentes variables que influyen en una empresa al [&hellip;]<\/p>\n","protected":false},"author":1,"featured_media":13507,"parent":0,"menu_order":0,"comment_status":"closed","ping_status":"closed","template":"","meta":{"inline_featured_image":false,"footnotes":""},"class_list":["post-1853","page","type-page","status-publish","has-post-thumbnail","hentry"],"_links":{"self":[{"href":"https:\/\/www.appyweb.es\/diccionario\/wp-json\/wp\/v2\/pages\/1853","targetHints":{"allow":["GET"]}}],"collection":[{"href":"https:\/\/www.appyweb.es\/diccionario\/wp-json\/wp\/v2\/pages"}],"about":[{"href":"https:\/\/www.appyweb.es\/diccionario\/wp-json\/wp\/v2\/types\/page"}],"author":[{"embeddable":true,"href":"https:\/\/www.appyweb.es\/diccionario\/wp-json\/wp\/v2\/users\/1"}],"replies":[{"embeddable":true,"href":"https:\/\/www.appyweb.es\/diccionario\/wp-json\/wp\/v2\/comments?post=1853"}],"version-history":[{"count":5,"href":"https:\/\/www.appyweb.es\/diccionario\/wp-json\/wp\/v2\/pages\/1853\/revisions"}],"predecessor-version":[{"id":13508,"href":"https:\/\/www.appyweb.es\/diccionario\/wp-json\/wp\/v2\/pages\/1853\/revisions\/13508"}],"wp:featuredmedia":[{"embeddable":true,"href":"https:\/\/www.appyweb.es\/diccionario\/wp-json\/wp\/v2\/media\/13507"}],"wp:attachment":[{"href":"https:\/\/www.appyweb.es\/diccionario\/wp-json\/wp\/v2\/media?parent=1853"}],"curies":[{"name":"wp","href":"https:\/\/api.w.org\/{rel}","templated":true}]}}