{"id":1867,"date":"2023-06-21T11:13:28","date_gmt":"2023-06-21T11:13:28","guid":{"rendered":"https:\/\/www.appyweb.es\/diccionario\/?page_id=1867"},"modified":"2024-04-04T07:45:50","modified_gmt":"2024-04-04T07:45:50","slug":"gifs","status":"publish","type":"page","link":"https:\/\/www.appyweb.es\/diccionario\/gifs\/","title":{"rendered":"Gifs"},"content":{"rendered":"<h1><img loading=\"lazy\" decoding=\"async\" class=\"alignnone wp-image-13522 size-full\" src=\"https:\/\/www.appyweb.es\/diccionario\/wp-content\/uploads\/2024\/04\/Gifs.jpg\" alt=\"Gifs\" width=\"1000\" height=\"600\" srcset=\"https:\/\/www.appyweb.es\/diccionario\/wp-content\/uploads\/2024\/04\/Gifs.jpg 1000w, https:\/\/www.appyweb.es\/diccionario\/wp-content\/uploads\/2024\/04\/Gifs-300x180.jpg 300w, https:\/\/www.appyweb.es\/diccionario\/wp-content\/uploads\/2024\/04\/Gifs-768x461.jpg 768w\" sizes=\"auto, (max-width: 1000px) 100vw, 1000px\" \/><\/h1>\n<p>Se trata de un formato de imagen que consiste en una secuencia animada, como si fuera un extracto de un v\u00eddeo, pero a diferencia de \u00e9stos, <strong>los gifs son secuenciales y no pueden detenerse<\/strong>. Fueron utilizados con mucha frecuencia en los a\u00f1os 2000, hasta hace poco volvieron a estar de moda, especialmente en plataformas sociales como Facebook.<\/p>\n<h2>\u00bfQu\u00e9 son los gifs?<\/h2>\n<p>Se trata de una <strong>animaci\u00f3n que se obtiene a partir de una serie de im\u00e1genes secuenciales<\/strong>. Sus siglas en ingl\u00e9s <em>GIF<\/em> (Graphics Interchange Format) se traducen como \u201cformato de intercambio de gr\u00e1ficos\u201d, el cual trabaja a 256 colores b\u00e1sicos y con algoritmos de comprensi\u00f3n de datos patentados. Suelen ser <a href=\"https:\/\/www.appyweb.es\/diseno-grafico\/\">utilizados en dise\u00f1o gr\u00e1fico<\/a> para crear anuncios con movimiento o im\u00e1genes muy llamativas.<\/p>\n<p>Es un formato que nos permite la reproducci\u00f3n de im\u00e1genes secuenciales, parecida a generar pel\u00edculas (stop motion) a peque\u00f1a escala. Donde se podr\u00e1n agrupar en un s\u00f3lo archivo comprimido, para su respectiva manipulaci\u00f3n en entornos virtuales. Esto <strong>tambi\u00e9n permite que el archivo sea menos pesado<\/strong>, lo que es ideal para reemplazar formatos de v\u00eddeo instant\u00e1neos en sitios web que quieren cuidar la velocidad de carga.<\/p>\n<h2>\u00bfPara qu\u00e9 sirve?<\/h2>\n<p>Es un gr\u00e1fico netamente computarizado, representativo y digital, que se usa considerablemente en la Word Wide Web. Tanto para determinadas im\u00e1genes, <strong>como para sus respectivas animaciones de tipo consecutivo<\/strong>. Anteriormente, su objetivo principal era entretener a la audiencia, sin embargo, con el tiempo pasaron a ser herramientas muy \u00fatiles para el marketing digital.<\/p>\n<p>Por ejemplo, Samsung cuenta con formatos gifs en su p\u00e1gina de productos, permite mostrar c\u00f3mo funcionan sus tel\u00e9fonos de forma muy gr\u00e1fica, pero sin tener que utilizar formatos de v\u00eddeo. Esto tambi\u00e9n es <a href=\"https:\/\/www.appyweb.es\/diseno-web\/\">ventajoso para el dise\u00f1o web<\/a>, ya que son compatibles con m\u00faltiples dispositivos y navegadores, al mismo tiempo que genera menos peso para la carga del sitio web.<\/p>\n<h2>Caracter\u00edsticas de los GIFS<\/h2>\n<p>Estos se caracterizan por ser de baja resoluci\u00f3n, bajo nivel de compresi\u00f3n, sus dos versiones 87\u00aa y 89\u00aa son sumamente flexibles al momento de su edici\u00f3n. Aparte, es muy demandado en Internet por su <strong>portabilidad, compatibilidad y f\u00e1cil compresi\u00f3n<\/strong>. Esto permite que sean muy populares en plataformas sociales como Facebook, aunque tambi\u00e9n son muy utilizados en foros.<\/p>\n<p>Actualmente, las plataformas de comunicaci\u00f3n como WhatsApp y Telegram los han introducido en su plantilla de emoticonos, lo que permite una interacci\u00f3n m\u00e1s animada entre los usuarios.<\/p>\n<h2>Beneficios de los gifs en contenidos<\/h2>\n<ul>\n<li>Como son m\u00e1s livianos que los v\u00eddeos, permiten que se carguen con mayor facilidad en dispositivos m\u00f3viles.<\/li>\n<li>Se reproducen autom\u00e1ticamente, lo que minimiza el esfuerzo del usuario para hacer clic.<\/li>\n<li>Captan la atenci\u00f3n de forma inevitable, como se mueven constantemente es imposible desviar la mirada de ellos.<\/li>\n<li>Pueden ser <strong>utilizados para explicar contenidos dif\u00edciles de procesar<\/strong>.<\/li>\n<li>Son ideales para hacer marketing emocional, ya que generan emociones en los usuarios como alegr\u00eda o sorpresa.<\/li>\n<li>Generan un fen\u00f3meno viral, al ser f\u00e1ciles de compartir pueden volverse virales en cuesti\u00f3n de horas.<\/li>\n<\/ul>\n<h2>M\u00e1s informaci\u00f3n sobre gifs<\/h2>\n<p>Bien es cierto que <strong>este tipo de imagen<\/strong> <strong>puede ser muy beneficioso para tus estrategias online<\/strong>, pero recuerda que todo en exceso hace mal, as\u00ed que util\u00edzalos con prudencia. En los enlaces a continuaci\u00f3n puedes encontrar m\u00e1s informaci\u00f3n interesante al respecto.<\/p>\n<ul>\n<li><a href=\"https:\/\/www.appyweb.es\/10-generadores-para-crear-memes-online\/\">Los mejores 10 generadores para crear memes online<\/a><\/li>\n<li><a href=\"https:\/\/rockcontent.com\/es\/blog\/que-son-los-gifs\/\" rel=\"nofollow noopener\" target=\"_blank\">Qu\u00e9 son los gifs y lo que debes saber para usarlos<\/a><\/li>\n<\/ul>\n<p>&nbsp;<\/p>\n","protected":false},"excerpt":{"rendered":"<p>Se trata de un formato de imagen que consiste en una secuencia animada, como si fuera un extracto de un v\u00eddeo, pero a diferencia de \u00e9stos, los gifs son secuenciales y no pueden detenerse. Fueron utilizados con mucha frecuencia en los a\u00f1os 2000, hasta hace poco volvieron a estar de moda, especialmente en plataformas sociales [&hellip;]<\/p>\n","protected":false},"author":1,"featured_media":13522,"parent":0,"menu_order":0,"comment_status":"closed","ping_status":"closed","template":"","meta":{"inline_featured_image":false,"footnotes":""},"class_list":["post-1867","page","type-page","status-publish","has-post-thumbnail","hentry"],"_links":{"self":[{"href":"https:\/\/www.appyweb.es\/diccionario\/wp-json\/wp\/v2\/pages\/1867","targetHints":{"allow":["GET"]}}],"collection":[{"href":"https:\/\/www.appyweb.es\/diccionario\/wp-json\/wp\/v2\/pages"}],"about":[{"href":"https:\/\/www.appyweb.es\/diccionario\/wp-json\/wp\/v2\/types\/page"}],"author":[{"embeddable":true,"href":"https:\/\/www.appyweb.es\/diccionario\/wp-json\/wp\/v2\/users\/1"}],"replies":[{"embeddable":true,"href":"https:\/\/www.appyweb.es\/diccionario\/wp-json\/wp\/v2\/comments?post=1867"}],"version-history":[{"count":6,"href":"https:\/\/www.appyweb.es\/diccionario\/wp-json\/wp\/v2\/pages\/1867\/revisions"}],"predecessor-version":[{"id":13524,"href":"https:\/\/www.appyweb.es\/diccionario\/wp-json\/wp\/v2\/pages\/1867\/revisions\/13524"}],"wp:featuredmedia":[{"embeddable":true,"href":"https:\/\/www.appyweb.es\/diccionario\/wp-json\/wp\/v2\/media\/13522"}],"wp:attachment":[{"href":"https:\/\/www.appyweb.es\/diccionario\/wp-json\/wp\/v2\/media?parent=1867"}],"curies":[{"name":"wp","href":"https:\/\/api.w.org\/{rel}","templated":true}]}}