{"id":187,"date":"2023-06-19T13:49:12","date_gmt":"2023-06-19T13:49:12","guid":{"rendered":"https:\/\/www.appyweb.es\/diccionario\/?page_id=187"},"modified":"2024-02-19T22:42:07","modified_gmt":"2024-02-19T22:42:07","slug":"articulo-seo","status":"publish","type":"page","link":"https:\/\/www.appyweb.es\/diccionario\/articulo-seo\/","title":{"rendered":"Art\u00edculo SEO"},"content":{"rendered":"<h1 class=\"entry-title main_title\"><img loading=\"lazy\" decoding=\"async\" class=\" wp-image-8348 aligncenter\" src=\"https:\/\/www.appyweb.es\/diccionario\/wp-content\/uploads\/2023\/08\/que-es-articulo-SEO-300x300.jpg\" alt=\"\" width=\"738\" height=\"738\" srcset=\"https:\/\/www.appyweb.es\/diccionario\/wp-content\/uploads\/2023\/08\/que-es-articulo-SEO-300x300.jpg 300w, https:\/\/www.appyweb.es\/diccionario\/wp-content\/uploads\/2023\/08\/que-es-articulo-SEO-1024x1024.jpg 1024w, https:\/\/www.appyweb.es\/diccionario\/wp-content\/uploads\/2023\/08\/que-es-articulo-SEO-150x150.jpg 150w, https:\/\/www.appyweb.es\/diccionario\/wp-content\/uploads\/2023\/08\/que-es-articulo-SEO-768x768.jpg 768w, https:\/\/www.appyweb.es\/diccionario\/wp-content\/uploads\/2023\/08\/que-es-articulo-SEO.jpg 1080w\" sizes=\"auto, (max-width: 738px) 100vw, 738px\" \/><\/h1>\n<p>Se trata de un elemento que forma parte del contenido de un sitio web, por ejemplo, un post dentro del blog. Solo que esta vez, a parte de informar, tambi\u00e9n cuenta con caracter\u00edsticas resaltantes para su posicionamiento.<br \/>\nUn<strong>\u00a0art\u00edculo SEO tiene como finalidad estar entre los primeros resultados org\u00e1nicos\u00a0<\/strong>de los buscadores.<\/p>\n<h2>Origen del art\u00edculo SEO<\/h2>\n<p>Lo que conocemos hoy en d\u00eda como <em>optimizaci\u00f3n para motores de b\u00fasqueda<\/em> tiene su origen en 1997, con la aparici\u00f3n de las actualizaciones de los buscadores.<br \/>\nEn ese entonces, <a href=\"https:\/\/diseno20.appyweb.es\/redaccion-textos-seo\/\" rel=\"nofollow noopener\" target=\"_blank\">para tener un buen posicionamiento web<\/a> solo era necesario utilizar una gran cantidad de palabras clave.<br \/>\nGrandes empresas como Google se dieron cuenta que esta pr\u00e1ctica, tambi\u00e9n conocida como Keyword Stuffing, daba pie a los textos \u201ctrampa\u201d <strong>donde se mostraban art\u00edculos incomprensibles para el usuario<\/strong>, con la \u00fanica finalidad de enga\u00f1ar al algoritmo.<\/p>\n<p>Con las primeras actualizaciones, como Google Panda en 2011, esas trampas dejaron de funcionar. Por lo que fue necesario recurrir a estrategias de optimizaci\u00f3n m\u00e1s aceptables, entre ellas se encuentra el post optimizado, <strong>un contenido redactado con la correcta cantidad de palabras clave<\/strong>, enlaces internos y externos, im\u00e1genes originales, entre otros elementos que hacen del texto algo digno de posicionar.<\/p>\n<h2>Factores principales del art\u00edculo SEO<\/h2>\n<p>Para estructurar un buen post para buscadores es necesario tener en cuenta una serie de factores principales, <strong>los que deber\u00e1n ser optimizados para su correcto posicionamiento<\/strong>. Son los siguientes.<\/p>\n<h3><span id=\"Autoridad\" class=\"ez-toc-section\"><\/span>Autoridad<\/h3>\n<p>Est\u00e1 basada en la popularidad que un sitio online. Entre m\u00e1s conocido o popular sea su contenido, ser\u00e1 de mayor valor.<br \/>\nEsta autoridad puede generarse <a href=\"https:\/\/diseno20.appyweb.es\/link-building\/\" rel=\"nofollow noopener\" target=\"_blank\">gracias a las estrategias de link building<\/a> y a las redes sociales.<\/p>\n<h3><span id=\"Relevancia\" class=\"ez-toc-section\"><\/span>Relevancia<\/h3>\n<p>Es la relaci\u00f3n que tiene un sitio digital con un la b\u00fasqueda de un determinado contenido.<br \/>\nPara lograr aumentar la relevancia es importante saber utilizar las palabras clave, tambi\u00e9n es posible incrementarla <strong>con la generaci\u00f3n de back links en sitios de referencia<\/strong> en el sector donde se quiere posicionar.<\/p>\n<h2>\u00bfPara qu\u00e9 sirve un art\u00edculo SEO?<\/h2>\n<p>Es utilizado para <strong>mejorar las posiciones de un sitio web o p\u00e1gina en los motores de b\u00fasqueda.<\/strong><br \/>\nSi se alcanza este objetivo, es posible que los contenidos se encuentren en primera l\u00ednea de las SERP\\\\\u2019s, as\u00ed tendr\u00e1n m\u00e1s tr\u00e1fico y visitas web.<\/p>\n<p>Asimismo, suelen ser utilizados en las <strong>estrategias de marketing de contenido en el embudo de ventas<\/strong>, se trata de una t\u00e9cnica que busca llevar al usuario hasta la compra con elementos no invasivos.<br \/>\nEste post debe ser de gran valor informativo o educacional para llamar la atenci\u00f3n de los usuarios y as\u00ed invitarlos a convertirse, suscribirse o interactuar.<\/p>\n<h2>Herramientas para la optimizaci\u00f3n de un art\u00edculo SEO<\/h2>\n<p>Una de las mejores formas de <strong>sacarle todo el provecho a las estrategias de optimizaci\u00f3n<\/strong> es utilizar herramientas especializadas.<br \/>\nAlgunas de ellas se concentran en elementos internos y externos de la p\u00e1gina, as\u00ed como propios del texto. Las m\u00e1s populares son las siguientes.<\/p>\n<ul>\n<li><strong>SEO Yoast<\/strong>: Es un plugin para WordPress que indica si el post est\u00e1 optimizado para buscadores.<\/li>\n<li><strong>SEOquake<\/strong>: Eval\u00faa y compara los factores on pagede la p\u00e1gina y el de la competencia.<\/li>\n<li><strong>Xovi Suite<\/strong>: Permite realizar auditor\u00edase <strong>indica qu\u00e9 factores on page deben ser optimizados<\/strong>.<\/li>\n<li><strong>SeoLyze<\/strong>: Es una herramienta que permite visualizar el volumen de keywords del top 10 de los resultados de b\u00fasqueda.<\/li>\n<\/ul>\n<h2>\u00bfC\u00f3mo redactar un art\u00edculo SEO?<\/h2>\n<ul>\n<li>Empezar por el t\u00edtulo, debe incluir las palabras clave y no m\u00e1s de 30 caracteres.<\/li>\n<li>Dise\u00f1ar la meta-descripci\u00f3n, es necesario utilizar elementos enriquecidos para llamar la atenci\u00f3n de los usuarios (emoticonos, flechas, estrellas, listas\u2026)<\/li>\n<li>La URL de la p\u00e1gina debe mostrar las keywords, es importante suprimir n\u00fameros incoherentes.<\/li>\n<li>Se recomienda que la extensi\u00f3n del texto sea de m\u00e1s de 1000 palabras, con una densidad del 10% de repetici\u00f3n de las keywords.<\/li>\n<li>La estructura debe mostrar etiquetado de encabezados, un H1 y diferentes H2 y H3.<\/li>\n<li>Contar con enlaces internos y expertos, uno por cada apartado.<\/li>\n<li>Incluir im\u00e1genes acordes a la densidad del texto.<\/li>\n<\/ul>\n<p><script type=\"application\/ld+json\">{\"@context\":\"https:\/\/schema.org\",\"@type\":\"FAQPage\",\"mainEntity\":[ \n{\"@type\":\"Question\",\"name\":\"Origen del art\u00edculo SEO\",\"acceptedAnswer\":{\"@type\":\"Answer\",\"text\":\"<\/p>\n<\/p>\n<p>\n<span data-mce-type=\"bookmark\" style=\"display: inline-block; width: 0px; overflow: hidden; line-height: 0;\" class=\"mce_SELRES_start\">\ufeff<\/span>\n<\/p>\n<\/p>\n<p>Lo que conocemos hoy en d\u00eda como <em>optimizaci\u00f3n para motores de b\u00fasqueda<\/em> tiene su origen en 1997, con la aparici\u00f3n de las actualizaciones de los buscadores. <br \/>En ese entonces, <a href='https:\/\/diseno20.appyweb.es\/redaccion-textos-seo\/'>para tener un buen posicionamiento web<\/a> solo era necesario utilizar una gran cantidad de palabras clave. <br \/>Grandes empresas como Google se dieron cuenta que esta pr\u00e1ctica, tambi\u00e9n conocida como Keyword Stuffing, daba pie a los textos \u201ctrampa\u201d <strong>donde se mostraban art\u00edculos incomprensibles para el usuario<\/strong>, con la \u00fanica finalidad de enga\u00f1ar al algoritmo.<\/p>\n<\/p>\n<\/p>\n<p>Con las primeras actualizaciones, como Google Panda en 2011, esas trampas dejaron de funcionar. Por lo que fue necesario recurrir a estrategias de optimizaci\u00f3n m\u00e1s aceptables, entre ellas se encuentra el post optimizado, <strong>un contenido redactado con la correcta cantidad de palabras clave<\/strong>, enlaces internos y externos, im\u00e1genes originales, entre otros elementos que hacen del texto algo digno de posicionar.<\/p>\n<\/p>\n<\/p>\n<p>\"}},\n{\"@type\":\"Question\",\"name\":\"Factores principales del art\u00edculo SEO\",\"acceptedAnswer\":{\"@type\":\"Answer\",\"text\":\"<\/p>\n<\/p>\n<\/p>\n<p>Para estructurar un buen post para buscadores es necesario tener en cuenta una serie de factores principales, <strong>los que deber\u00e1n ser optimizados para su correcto posicionamiento<\/strong>. Son los siguientes.<\/p>\n<\/p>\n<\/p>\n<h3><span id='Autoridad' class='ez-toc-section'><\/span>Autoridad<\/h3>\n<\/p>\n<\/p>\n<p>Est\u00e1 basada en la popularidad que un sitio online. Entre m\u00e1s conocido o popular sea su contenido, ser\u00e1 de mayor valor. <br \/>Esta autoridad puede generarse <a href='https:\/\/diseno20.appyweb.es\/link-building\/'>gracias a las estrategias de link building<\/a> y a las redes sociales.<\/p>\n<\/p>\n<\/p>\n<h3><span id='Relevancia' class='ez-toc-section'><\/span>Relevancia<\/h3>\n<\/p>\n<\/p>\n<p>Es la relaci\u00f3n que tiene un sitio digital con un la b\u00fasqueda de un determinado contenido. <br \/>Para lograr aumentar la relevancia es importante saber utilizar las palabras clave, tambi\u00e9n es posible incrementarla <strong>con la generaci\u00f3n de back links en sitios de referencia<\/strong> en el sector donde se quiere posicionar.<\/p>\n<\/p>\n<\/p>\n<p>\"}},\n{\"@type\":\"Question\",\"name\":\"\u00bfPara qu\u00e9 sirve un art\u00edculo SEO?\",\"acceptedAnswer\":{\"@type\":\"Answer\",\"text\":\"<\/p>\n<\/p>\n<\/p>\n<p>Es utilizado para <strong>mejorar las posiciones de un sitio web o p\u00e1gina en los motores de b\u00fasqueda.<\/strong> <br \/>Si se alcanza este objetivo, es posible que los contenidos se encuentren en primera l\u00ednea de las SERP\\\\\u2019s, as\u00ed tendr\u00e1n m\u00e1s tr\u00e1fico y visitas web.<\/p>\n<\/p>\n<\/p>\n<p>Asimismo, suelen ser utilizados en las <strong>estrategias de marketing de contenido en el embudo de ventas<\/strong>, se trata de una t\u00e9cnica que busca llevar al usuario hasta la compra con elementos no invasivos. <br \/>Este post debe ser de gran valor informativo o educacional para llamar la atenci\u00f3n de los usuarios y as\u00ed invitarlos a convertirse, suscribirse o interactuar.<\/p>\n<\/p>\n<\/p>\n<p>\"}},\n{\"@type\":\"Question\",\"name\":\"Herramientas para la optimizaci\u00f3n de un art\u00edculo SEO\",\"acceptedAnswer\":{\"@type\":\"Answer\",\"text\":\"<\/p>\n<\/p>\n<\/p>\n<p>Una de las mejores formas de <strong>sacarle todo el provecho a las estrategias de optimizaci\u00f3n<\/strong> es utilizar herramientas especializadas. <br \/>Algunas de ellas se concentran en elementos internos y externos de la p\u00e1gina, as\u00ed como propios del texto. Las m\u00e1s populares son las siguientes.<\/p>\n<\/p>\n<\/p>\n<\/p>\n<li><strong>SEO Yoast<\/strong>: Es un plugin para WordPress que indica si el post est\u00e1 optimizado para buscadores.<\/li>\n<\/p>\n<li><strong>SEOquake<\/strong>: Eval\u00faa y compara los factores on pagede la p\u00e1gina y el de la competencia.<\/li>\n<\/p>\n<li><strong>Xovi Suite<\/strong>: Permite realizar auditor\u00edase <strong>indica qu\u00e9 factores on page deben ser optimizados<\/strong>.<\/li>\n<\/p>\n<li><strong>SeoLyze<\/strong>: Es una herramienta que permite visualizar el volumen de keywords del top 10 de los resultados de b\u00fasqueda.<\/li>\n<\/p>\n<p>\"}},\n{\"@type\":\"Question\",\"name\":\"\u00bfC\u00f3mo redactar un art\u00edculo SEO?\",\"acceptedAnswer\":{\"@type\":\"Answer\",\"text\":\"<\/p>\n<\/p>\n<\/p>\n<li>Empezar por el t\u00edtulo, debe incluir las palabras clave y no m\u00e1s de 30 caracteres.<\/li>\n<\/p>\n<li>Dise\u00f1ar la meta-descripci\u00f3n, es necesario utilizar elementos enriquecidos para llamar la atenci\u00f3n de los usuarios (emoticonos, flechas, estrellas, listas\u2026)<\/li>\n<\/p>\n<li>La URL de la p\u00e1gina debe mostrar las keywords, es importante suprimir n\u00fameros incoherentes.<\/li>\n<\/p>\n<li>Se recomienda que la extensi\u00f3n del texto sea de m\u00e1s de 1000 palabras, con una densidad del 10% de repetici\u00f3n de las keywords.<\/li>\n<\/p>\n<li>La estructura debe mostrar etiquetado de encabezados, un H1 y diferentes H2 y H3.<\/li>\n<\/p>\n<li>Contar con enlaces internos y expertos, uno por cada apartado.<\/li>\n<\/p>\n<li>Incluir im\u00e1genes acordes a la densidad del texto.<\/li>\n<\/p>\n<p>\"}}\n]}<\/script><\/p>\n<h2><span id=\"%F0%9F%93%8C_Mas_informacion_sobre_articulo_SEO\" class=\"ez-toc-section\"><\/span>M\u00e1s informaci\u00f3n sobre art\u00edculo SEO<\/h2>\n<ul>\n<li><a href=\"https:\/\/es.semrush.com\/blog\/redaccion-seo-tips-optimizar-contenidos\/?kw=&amp;cmp=LM_SRCH_DSA_Blog_SEO_ES&amp;label=dsa_blog&amp;Network=g&amp;Device=c&amp;utm_content=396020886421&amp;kwid=dsa-1028681517032&amp;cmpid=8044628370&amp;gclid=EAIaIQobChMI8eiM5Pya6wIV1ZFbCh0owgJfEAAYASAAEgImrfD_BwE\" rel=\"nofollow noopener\" target=\"_blank\">Redacci\u00f3n SEO: 30 Tips para optimizar tus contenidos<\/a>.<\/li>\n<\/ul>\n","protected":false},"excerpt":{"rendered":"<p>Se trata de un elemento que forma parte del contenido de un sitio web, por ejemplo, un post dentro del blog. Solo que esta vez, a parte de informar, tambi\u00e9n cuenta con caracter\u00edsticas resaltantes para su posicionamiento. Un\u00a0art\u00edculo SEO tiene como finalidad estar entre los primeros resultados org\u00e1nicos\u00a0de los buscadores. Origen del art\u00edculo SEO Lo [&hellip;]<\/p>\n","protected":false},"author":1,"featured_media":8348,"parent":0,"menu_order":0,"comment_status":"closed","ping_status":"closed","template":"","meta":{"inline_featured_image":false,"footnotes":""},"class_list":["post-187","page","type-page","status-publish","has-post-thumbnail","hentry"],"_links":{"self":[{"href":"https:\/\/www.appyweb.es\/diccionario\/wp-json\/wp\/v2\/pages\/187","targetHints":{"allow":["GET"]}}],"collection":[{"href":"https:\/\/www.appyweb.es\/diccionario\/wp-json\/wp\/v2\/pages"}],"about":[{"href":"https:\/\/www.appyweb.es\/diccionario\/wp-json\/wp\/v2\/types\/page"}],"author":[{"embeddable":true,"href":"https:\/\/www.appyweb.es\/diccionario\/wp-json\/wp\/v2\/users\/1"}],"replies":[{"embeddable":true,"href":"https:\/\/www.appyweb.es\/diccionario\/wp-json\/wp\/v2\/comments?post=187"}],"version-history":[{"count":8,"href":"https:\/\/www.appyweb.es\/diccionario\/wp-json\/wp\/v2\/pages\/187\/revisions"}],"predecessor-version":[{"id":11191,"href":"https:\/\/www.appyweb.es\/diccionario\/wp-json\/wp\/v2\/pages\/187\/revisions\/11191"}],"wp:featuredmedia":[{"embeddable":true,"href":"https:\/\/www.appyweb.es\/diccionario\/wp-json\/wp\/v2\/media\/8348"}],"wp:attachment":[{"href":"https:\/\/www.appyweb.es\/diccionario\/wp-json\/wp\/v2\/media?parent=187"}],"curies":[{"name":"wp","href":"https:\/\/api.w.org\/{rel}","templated":true}]}}