{"id":1889,"date":"2023-06-21T11:22:35","date_gmt":"2023-06-21T11:22:35","guid":{"rendered":"https:\/\/www.appyweb.es\/diccionario\/?page_id=1889"},"modified":"2024-04-04T08:05:34","modified_gmt":"2024-04-04T08:05:34","slug":"google-ads","status":"publish","type":"page","link":"https:\/\/www.appyweb.es\/diccionario\/google-ads\/","title":{"rendered":"Google Ads"},"content":{"rendered":"<h1><img loading=\"lazy\" decoding=\"async\" class=\"alignnone wp-image-13550 size-full\" src=\"https:\/\/www.appyweb.es\/diccionario\/wp-content\/uploads\/2024\/04\/GoogleAds.jpg\" alt=\"Google Ads\" width=\"1000\" height=\"600\" srcset=\"https:\/\/www.appyweb.es\/diccionario\/wp-content\/uploads\/2024\/04\/GoogleAds.jpg 1000w, https:\/\/www.appyweb.es\/diccionario\/wp-content\/uploads\/2024\/04\/GoogleAds-300x180.jpg 300w, https:\/\/www.appyweb.es\/diccionario\/wp-content\/uploads\/2024\/04\/GoogleAds-768x461.jpg 768w\" sizes=\"auto, (max-width: 1000px) 100vw, 1000px\" \/><\/h1>\n<p>Es un programa de la empresa Google que ofrece servicios de anuncios en el buscador, es decir que <strong>Google Ads permite desarrollar estrategias SEM o marketing para buscadores<\/strong>.<\/p>\n<h2>\u00bfQu\u00e9 es Google Ads?<\/h2>\n<p>Es una plataforma de anuncios conocida anteriormente como <a href=\"https:\/\/www.appyweb.es\/campanas-google-adwords\/\">Google Adwords<\/a>, donde se enfocan los principales ingresos del buscador. Actualmente, se le conoce como simplemente Ads pero sigue teniendo las mismas opciones de anuncios, la primera es la red de b\u00fasqueda, es decir, que <strong>se muestran en las SERP\\&#8217;s o p\u00e1gina de resultados de b\u00fasqueda<\/strong>, la segunda es la red de display, que ofrece anuncios en otros sitios web.<\/p>\n<p>A diferencia de los resultados org\u00e1nicos en las SERP\\&#8217;s, estos suelen tener una etiqueta que indica \u00abanuncio\u00bb para que los usuarios puedan distinguirlos con facilidad. En ocasiones, ocupan los primeros cuatro lugares y los \u00faltimos tres de la lista. En lo que respecta a los banners, estos pueden ser de distintos formatos, como anuncios din\u00e1micos, v\u00eddeo, im\u00e1genes, etc.<\/p>\n<h2>Origen<\/h2>\n<p>Su primera versi\u00f3n fue presentada en al a\u00f1o 2000, <strong>que contaba con un modelo de negocio de pago por clic<\/strong>, es decir, el anunciante solo pagar\u00eda por la cantidad de tr\u00e1fico que hiciera clic en su anuncio, esto aplicado en ambos escenarios, tanto en la red del buscador como de display.<\/p>\n<p>En el a\u00f1o 2018 cambi\u00f3 su nombre a Google Ads con la finalidad de <strong>englobar todos sus servicios publicitarios en una sola plataforma<\/strong>, incluyendo la red del buscador, la red de display, display para YouTube, Search de Smart Campaigns, entre otras plataformas. Igualmente, esta decisi\u00f3n se realiz\u00f3 para fortalecer la competencia contra Facebook Ads, que desde su aparici\u00f3n acapar\u00f3 el mercado de anuncios.<\/p>\n<h2>\u00bfPara qu\u00e9 sirve Google Ads?<\/h2>\n<p>Se utiliza para el despliegue detallado y selectivo de anuncios digitales, bien sea para productos o servicios. Para esto cuenta con una modalidad de campa\u00f1a que puede contener varios grupos de anuncios y palabras clave. Recuerda que el algoritmo de <a href=\"https:\/\/www.appyweb.es\/posicionamiento-web\/\">Google posiciona con palabras clave<\/a>, as\u00ed que dependiendo del nivel de tr\u00e1fico que atraiga una palabra clave ser\u00e1 seleccionada para la campa\u00f1a, teniendo en cuenta cu\u00e1nto puedes pagar por ella en la subasta.<\/p>\n<p>Un grupo de anuncios suele estar definido por estas palabras clave, localizaci\u00f3n, dispositivo y oferta. <strong>Los expertos indican que cada campa\u00f1a debe estar definida por un tema<\/strong>, incluso si cada anuncio ser\u00e1 diferente. Con la segmentaci\u00f3n propuesta se pueden alcanzar usuarios m\u00e1s interesados en comprar.<\/p>\n<h2>Caracter\u00edsticas de Google Ads<\/h2>\n<p>Anteriormente, se mencion\u00f3 que las palabras clave pueden ser adquiridas dependiendo de la puja, esto define el funcionamiento de la plataforma en su totalidad, <strong>se le conoce como ranking de anuncios<\/strong>. Algunas caracter\u00edsticas de este m\u00e9todo son las siguientes.<\/p>\n<ul>\n<li>Se trata de una multiplicaci\u00f3n entre el precio que se est\u00e1 dispuesto a pagar en la puja por el nivel de calidad de esa palabra clave.<\/li>\n<li>En el ranking tambi\u00e9n incluyen el impacto de las extensiones y el formato utilizado.<\/li>\n<li>El nivel de calidad, tambi\u00e9n conocido como Quality Score (QS), tiene valores del 1 al 10.<\/li>\n<li>En ocasiones, tener la mejor puja no ser\u00e1 suficiente <strong>para obtener la keyword para posicionar el anuncio<\/strong>, depender\u00e1 del QS y el impacto del formato.<\/li>\n<li>La puja a ofertar se mide por clics, es decir, el precio que est\u00e1s dispuesto a pagar por cada clic.<\/li>\n<li>Analiza la relaci\u00f3n que existe entre las campa\u00f1as con las palabras clave, de forma que el nivel de calidad sea justo.<\/li>\n<li>El QS se tiene en cuenta para que el usuario del buscador tenga la misma calidad que con los resultados org\u00e1nicos.<\/li>\n<\/ul>\n<h2>Conclusi\u00f3n<\/h2>\n<p>Para finalizar, Google Ads cuenta con uno de los sistemas de anuncios m\u00e1s avanzados, que no solo permite acceder a una plataforma de publicidad de bajo coste, sino que tambi\u00e9n permite la libre competencia. Gracias a su ranking, las peque\u00f1as empresas tienen<strong> la misma posibilidad de acceder a posicionamiento de palabras clave<\/strong> por pago que las grandes empresas.<\/p>\n<p>Por otro lado, tambi\u00e9n puede integrarse con Analytics, de forma que se puedan visualizar los datos m\u00e1s interesantes de cada campa\u00f1a, no solo la cantidad de clics, sino tambi\u00e9n las caracter\u00edsticas de los usuarios que visualizaron y accedieron al anuncio. Con esta modalidad se pueden perfeccionar las campa\u00f1as a futuro.<\/p>\n<p><script type=\"application\/ld+json\">{\"@context\":\"https:\/\/schema.org\",\"@type\":\"FAQPage\",\"mainEntity\":[ \n{\"@type\":\"Question\",\"name\":\"\u00bfQu\u00e9 es Google Ads?\",\"acceptedAnswer\":{\"@type\":\"Answer\",\"text\":\"<\/p>\n<p>Es una plataforma de anuncios conocida anteriormente como <a href='https:\/\/www.appyweb.es\/campanas-google-adwords\/'>Google Adwords<\/a>, donde se enfocan los principales ingresos del buscador. Actualmente, se le conoce como simplemente Ads pero sigue teniendo las mismas opciones de anuncios, la primera es la red de b\u00fasqueda, es decir, que <strong>se muestran en las SERP\\'s o p\u00e1gina de resultados de b\u00fasqueda<\/strong>, la segunda es la red de display, que ofrece anuncios en otros sitios web.<\/p>\n<p>A diferencia de los resultados org\u00e1nicos en las SERP\\'s, estos suelen tener una etiqueta que indica 'anuncio' para que los usuarios puedan distinguirlos con facilidad. En ocasiones, ocupan los primeros cuatro lugares y los \u00faltimos tres de la lista. En lo que respecta a los banners, estos pueden ser de distintos formatos, como anuncios din\u00e1micos, v\u00eddeo, im\u00e1genes, etc.<\/p>\n<p>\"}},\n{\"@type\":\"Question\",\"name\":\"Origen\",\"acceptedAnswer\":{\"@type\":\"Answer\",\"text\":\"<\/p>\n<p>Su primera versi\u00f3n fue presentada en al a\u00f1o 2000, <strong>que contaba con un modelo de negocio de pago por clic<\/strong>, es decir, el anunciante solo pagar\u00eda por la cantidad de tr\u00e1fico que hiciera clic en su anuncio, esto aplicado en ambos escenarios, tanto en la red del buscador como de display.<\/p>\n<p>En el a\u00f1o 2018 cambi\u00f3 su nombre a Google Ads con la finalidad de <strong>englobar todos sus servicios publicitarios en una sola plataforma<\/strong>, incluyendo la red del buscador, la red de display, display para YouTube, Search de Smart Campaigns, entre otras plataformas. Igualmente, esta decisi\u00f3n se realiz\u00f3 para fortalecer la competencia contra Facebook Ads, que desde su aparici\u00f3n acapar\u00f3 el mercado de anuncios.<\/p>\n<p>\"}},\n{\"@type\":\"Question\",\"name\":\"\u00bfPara qu\u00e9 sirve Google Ads?\",\"acceptedAnswer\":{\"@type\":\"Answer\",\"text\":\"<\/p>\n<p>Se utiliza para el despliegue detallado y selectivo de anuncios digitales, bien sea para productos o servicios. Para esto cuenta con una modalidad de campa\u00f1a que puede contener varios grupos de anuncios y palabras clave. Recuerda que el algoritmo de <a href='https:\/\/www.appyweb.es\/posicionamiento-web\/'>Google posiciona con palabras clave<\/a>, as\u00ed que dependiendo del nivel de tr\u00e1fico que atraiga una palabra clave ser\u00e1 seleccionada para la campa\u00f1a, teniendo en cuenta cu\u00e1nto puedes pagar por ella en la subasta.<\/p>\n<p>Un grupo de anuncios suele estar definido por estas palabras clave, localizaci\u00f3n, dispositivo y oferta. <strong>Los expertos indican que cada campa\u00f1a debe estar definida por un tema<\/strong>, incluso si cada anuncio ser\u00e1 diferente. Con la segmentaci\u00f3n propuesta se pueden alcanzar usuarios m\u00e1s interesados en comprar.<\/p>\n<p>\"}},\n{\"@type\":\"Question\",\"name\":\"Caracter\u00edsticas de Google Ads\",\"acceptedAnswer\":{\"@type\":\"Answer\",\"text\":\"<\/p>\n<p>Anteriormente, se mencion\u00f3 que las palabras clave pueden ser adquiridas dependiendo de la puja, esto define el funcionamiento de la plataforma en su totalidad, <strong>se le conoce como ranking de anuncios<\/strong>. Algunas caracter\u00edsticas de este m\u00e9todo son las siguientes.<\/p>\n<\/p>\n<\/p>\n<ul>\n<\/p>\n<\/p>\n<li>Se trata de una multiplicaci\u00f3n entre el precio que se est\u00e1 dispuesto a pagar en la puja por el nivel de calidad de esa palabra clave.<\/li>\n<\/p>\n<\/p>\n<\/p>\n<li>En el ranking tambi\u00e9n incluyen el impacto de las extensiones y el formato utilizado.<\/li>\n<\/p>\n<\/p>\n<\/p>\n<li>El nivel de calidad, tambi\u00e9n conocido como Quality Score (QS), tiene valores del 1 al 10.<\/li>\n<\/p>\n<\/p>\n<\/p>\n<li>En ocasiones, tener la mejor puja no ser\u00e1 suficiente <strong>para obtener la keyword para posicionar el anuncio<\/strong>, depender\u00e1 del QS y el impacto del formato.<\/li>\n<\/p>\n<\/p>\n<\/p>\n<li>La puja a ofertar se mide por clics, es decir, el precio que est\u00e1s dispuesto a pagar por cada clic.<\/li>\n<\/p>\n<\/p>\n<\/p>\n<li>Analiza la relaci\u00f3n que existe entre las campa\u00f1as con las palabras clave, de forma que el nivel de calidad sea justo.<\/li>\n<\/p>\n<\/p>\n<\/p>\n<li>El QS se tiene en cuenta para que el usuario del buscador tenga la misma calidad que con los resultados org\u00e1nicos.<\/li>\n<\/p>\n<\/ul>\n<\/p>\n<p>\"}},\n{\"@type\":\"Question\",\"name\":\"Conclusi\u00f3n\",\"acceptedAnswer\":{\"@type\":\"Answer\",\"text\":\"Para finalizar, Google Ads cuenta con uno de los sistemas de anuncios m\u00e1s avanzados, que no solo permite acceder a una plataforma de publicidad de bajo coste, sino que tambi\u00e9n permite la libre competencia. Gracias a su ranking, las peque\u00f1as empresas tienen la misma posibilidad de acceder a posicionamiento de palabras clave por pago que las grandes empresas.<\/p>\n<p>Por otro lado, tambi\u00e9n puede integrarse con Analytics, de forma que se puedan visualizar los datos m\u00e1s interesantes de cada campa\u00f1a, no solo la cantidad de clics, sino tambi\u00e9n las caracter\u00edsticas de los usuarios que visualizaron y accedieron al anuncio. Con esta modalidad se pueden perfeccionar las campa\u00f1as a futuro.\"}}\n]}<\/script><\/p>\n<h2>M\u00e1s informaci\u00f3n sobre Google Ads<\/h2>\n<p>Es importante <strong>apoyarse con profesionales SEM especializados en esta plataforma<\/strong>, al principio puede ser f\u00e1cil de utilizar, pero solo un experto sabr\u00e1 c\u00f3mo distribuir el presupuesto y obtener mejores resultados. Aqu\u00ed tienes un par de enlaces que te ser\u00e1n de ayuda para ampliar la informaci\u00f3n.<\/p>\n<ul>\n<li><a href=\"https:\/\/www.appyweb.es\/diccionario\/especialistas-sem\/\">\u00bfQu\u00e9 son los Especialistas SEM y para qu\u00e9 sirven?<\/a><\/li>\n<li><a href=\"https:\/\/es.wikipedia.org\/wiki\/Google_Ads#Factores_que_determinan_el_Nivel_de_Calidad_de_los_anuncios_(Quality_Score)\" rel=\"nofollow noopener\" target=\"_blank\">Factores que determinan el Nivel de Calidad de los anuncios (Quality Score)<\/a><\/li>\n<\/ul>\n<p>&nbsp;<\/p>\n","protected":false},"excerpt":{"rendered":"<p>Es un programa de la empresa Google que ofrece servicios de anuncios en el buscador, es decir que Google Ads permite desarrollar estrategias SEM o marketing para buscadores. \u00bfQu\u00e9 es Google Ads? Es una plataforma de anuncios conocida anteriormente como Google Adwords, donde se enfocan los principales ingresos del buscador. Actualmente, se le conoce como [&hellip;]<\/p>\n","protected":false},"author":1,"featured_media":13550,"parent":0,"menu_order":0,"comment_status":"closed","ping_status":"closed","template":"","meta":{"inline_featured_image":false,"footnotes":""},"class_list":["post-1889","page","type-page","status-publish","has-post-thumbnail","hentry"],"_links":{"self":[{"href":"https:\/\/www.appyweb.es\/diccionario\/wp-json\/wp\/v2\/pages\/1889","targetHints":{"allow":["GET"]}}],"collection":[{"href":"https:\/\/www.appyweb.es\/diccionario\/wp-json\/wp\/v2\/pages"}],"about":[{"href":"https:\/\/www.appyweb.es\/diccionario\/wp-json\/wp\/v2\/types\/page"}],"author":[{"embeddable":true,"href":"https:\/\/www.appyweb.es\/diccionario\/wp-json\/wp\/v2\/users\/1"}],"replies":[{"embeddable":true,"href":"https:\/\/www.appyweb.es\/diccionario\/wp-json\/wp\/v2\/comments?post=1889"}],"version-history":[{"count":6,"href":"https:\/\/www.appyweb.es\/diccionario\/wp-json\/wp\/v2\/pages\/1889\/revisions"}],"predecessor-version":[{"id":13553,"href":"https:\/\/www.appyweb.es\/diccionario\/wp-json\/wp\/v2\/pages\/1889\/revisions\/13553"}],"wp:featuredmedia":[{"embeddable":true,"href":"https:\/\/www.appyweb.es\/diccionario\/wp-json\/wp\/v2\/media\/13550"}],"wp:attachment":[{"href":"https:\/\/www.appyweb.es\/diccionario\/wp-json\/wp\/v2\/media?parent=1889"}],"curies":[{"name":"wp","href":"https:\/\/api.w.org\/{rel}","templated":true}]}}