{"id":1897,"date":"2023-06-21T11:25:12","date_gmt":"2023-06-21T11:25:12","guid":{"rendered":"https:\/\/www.appyweb.es\/diccionario\/?page_id=1897"},"modified":"2024-04-04T08:08:30","modified_gmt":"2024-04-04T08:08:30","slug":"google-adsense","status":"publish","type":"page","link":"https:\/\/www.appyweb.es\/diccionario\/google-adsense\/","title":{"rendered":"Google AdSense"},"content":{"rendered":"<p><img loading=\"lazy\" decoding=\"async\" class=\"alignnone wp-image-13555 size-full\" src=\"https:\/\/www.appyweb.es\/diccionario\/wp-content\/uploads\/2024\/04\/GoogleAdSense.jpg\" alt=\"Google AdSense\" width=\"1000\" height=\"600\" srcset=\"https:\/\/www.appyweb.es\/diccionario\/wp-content\/uploads\/2024\/04\/GoogleAdSense.jpg 1000w, https:\/\/www.appyweb.es\/diccionario\/wp-content\/uploads\/2024\/04\/GoogleAdSense-300x180.jpg 300w, https:\/\/www.appyweb.es\/diccionario\/wp-content\/uploads\/2024\/04\/GoogleAdSense-768x461.jpg 768w\" sizes=\"auto, (max-width: 1000px) 100vw, 1000px\" \/><\/p>\n<p>Es una de las l\u00edneas de Google que ayuda espec\u00edficamente a los editores a generar ganancias por medio de la colocaci\u00f3n de anuncios publicitarios en sus blogs o sitios web. <strong>Google AdSense funciona en conjunto con Ads<\/strong>, la plataforma de anuncios por subastas, m\u00e1s espec\u00edficamente en la red de display.<\/p>\n<h2>\u00bfQu\u00e9 es Google AdSense?<\/h2>\n<p>Es una plataforma de alta tecnolog\u00eda que en <a href=\"https:\/\/www.appyweb.es\/campanas-google-adwords\/\">asociaci\u00f3n con Google Ads<\/a>, muestra anuncios a los visitantes de los sitios web asociados. En estas campa\u00f1as se tienen en cuenta el contenido del sitio, la zona geogr\u00e1fica, el tipo de oferta, del dispositivo y otras caracter\u00edsticas. Los anuncios pueden tener un formato de texto, imagen, v\u00eddeo, banner, etc.<\/p>\n<p>Los editores tendr\u00e1n la oportunidad de encontrar <strong>diferentes funciones que proporciona AdSense para satisfacer sus necesidades t\u00e9cnicas<\/strong>. Por ejemplo, el tama\u00f1o del anuncio, el tipo de dominio y otros aspectos que deber\u00e1n tenerse en cuenta durante la subasta. Esta se lleva a cabo a trav\u00e9s de Ads por parte de los anunciantes de display, quienes compitan con una mayor puja y un buen nivel de calidad entonces su anuncio podr\u00e1 aparecer en esos sitios web.<\/p>\n<h2>Origen<\/h2>\n<p>Su origen tuvo lugar en 1998, cuando Gilad Elbaz y Adam Weissman fundaron una empresa privada en Los \u00c1ngeles llamada Oingo Inc. Juntos fabricaron un modelo de algoritmo de b\u00fasqueda que sirve para la b\u00fasqueda, al cual llamaron Wordnet. \u00c9ste a su vez estaba inspirado en un proyecto de la Universidad de Princeton basado en el significado de las palabras y su l\u00e9xico.<\/p>\n<p>Despu\u00e9s, <strong>en 2003 Google compr\u00f3 todas las acciones por 102 millones<\/strong> de d\u00f3lares, en junio del mismo a\u00f1o se lanz\u00f3 oficialmente al mercado como Adsense. Para el 2009 esta empresa anunci\u00f3 que incluir\u00edan m\u00e1s caracter\u00edsticas, como la capacidad de habilitar m\u00faltiples redes de display.<\/p>\n<h2>\u00bfPara qu\u00e9 sirve?<\/h2>\n<p>Es un programa espec\u00edfico para sitios, donde los editores <strong>tendr\u00e1n la oportunidad de obtener ingresos por medio de anuncios publicitarios<\/strong>, compitiendo con otros sitios en la plataforma. Se puede decir que es el lado contrario de la flecha que lanza la plataforma de Ads, donde los anunciantes realizan subastas para posicionar sus anuncios en sitios web, pero en AdSense se compite para tener la oportunidad de posicionar esos anuncios.<\/p>\n<p>Asimismo, esta plataforma puede realizar todas las <a href=\"https:\/\/www.appyweb.es\/gestion-blog-empresas\/\">gestiones entre los editores del blog<\/a> y los anunciantes, incluso sin tener ning\u00fan tipo de contacto. Este sistema permite que el proceso de negociaci\u00f3n sea m\u00e1s r\u00e1pido y efectivo, aparte, tampoco es necesario que el editor ocupe tiempo para insertar el anuncio, con solo utilizar <strong>un c\u00f3digo JavaScript ser\u00e1 suficiente para que la aparici\u00f3n sea instant\u00e1nea<\/strong>.<\/p>\n<p>Igualmente, este proceso supone una ventaja para ambas partes, ya que Google se asegura que ambas partes (sitio web y anuncio) tengan muchas cosas en com\u00fan, aumentando la posibilidad de que los visitantes se interesen y hagan clic, mientras m\u00e1s clics reciban m\u00e1s ganancias tendr\u00e1 el sitio web.<\/p>\n<h2>Google AdSense YouTube<\/h2>\n<p>Esta plataforma cuenta con muchos tipos de anuncios a los que los sitios web pueden ofertar, pero uno de los m\u00e1s utilizados <strong>es el formato v\u00eddeo para red de contenidos y YouTube<\/strong>. Es una posibilidad que los creadores de contenidos o youtubers pueden aprovechar para monetizar su canal y obtener ingresos por publicidad.<\/p>\n<p>Sin embargo, existen varias condiciones para generar estas ganancias, por ejemplo, se exige que la cuenta no est\u00e9 asociada a ning\u00fan otro servicio de publicidad, como Ads. <strong>Tambi\u00e9n es necesario formar parte de YouTube Partners o Socios<\/strong>, que solo admite usuarios con m\u00e1s de 4 mil horas de reproducci\u00f3n y m\u00e1s de 1 mil suscriptores.<\/p>\n<p><script type=\"application\/ld+json\">{\"@context\":\"https:\/\/schema.org\",\"@type\":\"FAQPage\",\"mainEntity\":[ \n{\"@type\":\"Question\",\"name\":\"\u00bfQu\u00e9 es Google AdSense?\",\"acceptedAnswer\":{\"@type\":\"Answer\",\"text\":\"<\/p>\n<p>Es una plataforma de alta tecnolog\u00eda que en <a href='https:\/\/www.appyweb.es\/campanas-google-adwords\/'>asociaci\u00f3n con Google Ads<\/a>, muestra anuncios a los visitantes de los sitios web asociados. En estas campa\u00f1as se tienen en cuenta el contenido del sitio, la zona geogr\u00e1fica, el tipo de oferta, del dispositivo y otras caracter\u00edsticas. Los anuncios pueden tener un formato de texto, imagen, v\u00eddeo, banner, etc.<\/p>\n<p>Los editores tendr\u00e1n la oportunidad de encontrar <strong>diferentes funciones que proporciona AdSense para satisfacer sus necesidades t\u00e9cnicas<\/strong>. Por ejemplo, el tama\u00f1o del anuncio, el tipo de dominio y otros aspectos que deber\u00e1n tenerse en cuenta durante la subasta. Esta se lleva a cabo a trav\u00e9s de Ads por parte de los anunciantes de display, quienes compitan con una mayor puja y un buen nivel de calidad entonces su anuncio podr\u00e1 aparecer en esos sitios web.<\/p>\n<p>\"}},\n{\"@type\":\"Question\",\"name\":\"Origen\",\"acceptedAnswer\":{\"@type\":\"Answer\",\"text\":\"<\/p>\n<p>Su origen tuvo lugar en 1998, cuando Gilad Elbaz y Adam Weissman fundaron una empresa privada en Los \u00c1ngeles llamada Oingo Inc. Juntos fabricaron un modelo de algoritmo de b\u00fasqueda que sirve para la b\u00fasqueda, al cual llamaron Wordnet. \u00c9ste a su vez estaba inspirado en un proyecto de la Universidad de Princeton basado en el significado de las palabras y su l\u00e9xico.<\/p>\n<p>Despu\u00e9s, <strong>en 2003 Google compr\u00f3 todas las acciones por 102 millones<\/strong> de d\u00f3lares, en junio del mismo a\u00f1o se lanz\u00f3 oficialmente al mercado como Adsense. Para el 2009 esta empresa anunci\u00f3 que incluir\u00edan m\u00e1s caracter\u00edsticas, como la capacidad de habilitar m\u00faltiples redes de display.<\/p>\n<p>\"}},\n{\"@type\":\"Question\",\"name\":\"\u00bfPara qu\u00e9 sirve?\",\"acceptedAnswer\":{\"@type\":\"Answer\",\"text\":\"<\/p>\n<p>Es un programa espec\u00edfico para sitios, donde los editores <strong>tendr\u00e1n la oportunidad de obtener ingresos por medio de anuncios publicitarios<\/strong>, compitiendo con otros sitios en la plataforma. Se puede decir que es el lado contrario de la flecha que lanza la plataforma de Ads, donde los anunciantes realizan subastas para posicionar sus anuncios en sitios web, pero en AdSense se compite para tener la oportunidad de posicionar esos anuncios.<\/p>\n<p>Asimismo, esta plataforma puede realizar todas las <a href='https:\/\/www.appyweb.es\/gestion-blog-empresas\/'>gestiones entre los editores del blog<\/a> y los anunciantes, incluso sin tener ning\u00fan tipo de contacto. Este sistema permite que el proceso de negociaci\u00f3n sea m\u00e1s r\u00e1pido y efectivo, aparte, tampoco es necesario que el editor ocupe tiempo para insertar el anuncio, con solo utilizar <strong>un c\u00f3digo JavaScript ser\u00e1 suficiente para que la aparici\u00f3n sea instant\u00e1nea<\/strong>.<\/p>\n<p>Igualmente, este proceso supone una ventaja para ambas partes, ya que Google se asegura que ambas partes (sitio web y anuncio) tengan muchas cosas en com\u00fan, aumentando la posibilidad de que los visitantes se interesen y hagan clic, mientras m\u00e1s clics reciban m\u00e1s ganancias tendr\u00e1 el sitio web.<\/p>\n<p>\"}},\n{\"@type\":\"Question\",\"name\":\"Google AdSense YouTube\",\"acceptedAnswer\":{\"@type\":\"Answer\",\"text\":\"<\/p>\n<p>Esta plataforma cuenta con muchos tipos de anuncios a los que los sitios web pueden ofertar, pero uno de los m\u00e1s utilizados <strong>es el formato v\u00eddeo para red de contenidos y YouTube<\/strong>. Es una posibilidad que los creadores de contenidos o youtubers pueden aprovechar para monetizar su canal y obtener ingresos por publicidad.<\/p>\n<p>Sin embargo, existen varias condiciones para generar estas ganancias, por ejemplo, se exige que la cuenta no est\u00e9 asociada a ning\u00fan otro servicio de publicidad, como Ads. <strong>Tambi\u00e9n es necesario formar parte de YouTube Partners o Socios<\/strong>, que solo admite usuarios con m\u00e1s de 4 mil horas de reproducci\u00f3n y m\u00e1s de 1 mil suscriptores.<\/p>\n<p>\"}}\n]}<\/script><\/p>\n<h2>M\u00e1s informaci\u00f3n sobre Google AdSense<\/h2>\n<p>Bien es cierto que este sistema es uno de los m\u00e1s efectivos para generar ingresos, pero no se trata solo de sentarse a ver c\u00f3mo se inflan las ganancias, sino que tambi\u00e9n <strong>requiere de un algo nivel de calidad y responsabilidad con el sitio<\/strong>, al mismo tiempo, tener una buena campa\u00f1a SEO tambi\u00e9n generar\u00e1 m\u00e1s visitas y m\u00e1s dinero. Aqu\u00ed tienes m\u00e1s informaci\u00f3n de inter\u00e9s.<\/p>\n<ul>\n<li><a href=\"https:\/\/www.appyweb.es\/empieza-a-generar-dinero-con-tu-blog\/\">Empieza a generar dinero con tu blog<\/a><\/li>\n<li><a href=\"https:\/\/es.wikipedia.org\/wiki\/Google_AdSense#Tipos_de_Anuncios\" rel=\"nofollow noopener\" target=\"_blank\">Tipos de anuncios en Google AdSense<\/a><\/li>\n<\/ul>\n<p>&nbsp;<\/p>\n","protected":false},"excerpt":{"rendered":"<p>Es una de las l\u00edneas de Google que ayuda espec\u00edficamente a los editores a generar ganancias por medio de la colocaci\u00f3n de anuncios publicitarios en sus blogs o sitios web. Google AdSense funciona en conjunto con Ads, la plataforma de anuncios por subastas, m\u00e1s espec\u00edficamente en la red de display. \u00bfQu\u00e9 es Google AdSense? Es [&hellip;]<\/p>\n","protected":false},"author":1,"featured_media":13555,"parent":0,"menu_order":0,"comment_status":"closed","ping_status":"closed","template":"","meta":{"inline_featured_image":false,"footnotes":""},"class_list":["post-1897","page","type-page","status-publish","has-post-thumbnail","hentry"],"_links":{"self":[{"href":"https:\/\/www.appyweb.es\/diccionario\/wp-json\/wp\/v2\/pages\/1897","targetHints":{"allow":["GET"]}}],"collection":[{"href":"https:\/\/www.appyweb.es\/diccionario\/wp-json\/wp\/v2\/pages"}],"about":[{"href":"https:\/\/www.appyweb.es\/diccionario\/wp-json\/wp\/v2\/types\/page"}],"author":[{"embeddable":true,"href":"https:\/\/www.appyweb.es\/diccionario\/wp-json\/wp\/v2\/users\/1"}],"replies":[{"embeddable":true,"href":"https:\/\/www.appyweb.es\/diccionario\/wp-json\/wp\/v2\/comments?post=1897"}],"version-history":[{"count":5,"href":"https:\/\/www.appyweb.es\/diccionario\/wp-json\/wp\/v2\/pages\/1897\/revisions"}],"predecessor-version":[{"id":13557,"href":"https:\/\/www.appyweb.es\/diccionario\/wp-json\/wp\/v2\/pages\/1897\/revisions\/13557"}],"wp:featuredmedia":[{"embeddable":true,"href":"https:\/\/www.appyweb.es\/diccionario\/wp-json\/wp\/v2\/media\/13555"}],"wp:attachment":[{"href":"https:\/\/www.appyweb.es\/diccionario\/wp-json\/wp\/v2\/media?parent=1897"}],"curies":[{"name":"wp","href":"https:\/\/api.w.org\/{rel}","templated":true}]}}