{"id":191,"date":"2023-06-19T13:50:12","date_gmt":"2023-06-19T13:50:12","guid":{"rendered":"https:\/\/www.appyweb.es\/diccionario\/?page_id=191"},"modified":"2024-02-19T22:31:27","modified_gmt":"2024-02-19T22:31:27","slug":"aso","status":"publish","type":"page","link":"https:\/\/www.appyweb.es\/diccionario\/aso\/","title":{"rendered":"ASO"},"content":{"rendered":"<h1 class=\"entry-title main_title\"><img loading=\"lazy\" decoding=\"async\" class=\" wp-image-8352 aligncenter\" src=\"https:\/\/www.appyweb.es\/diccionario\/wp-content\/uploads\/2023\/08\/que-es-ASO-300x300.jpg\" alt=\"\" width=\"782\" height=\"782\" srcset=\"https:\/\/www.appyweb.es\/diccionario\/wp-content\/uploads\/2023\/08\/que-es-ASO-300x300.jpg 300w, https:\/\/www.appyweb.es\/diccionario\/wp-content\/uploads\/2023\/08\/que-es-ASO-1024x1024.jpg 1024w, https:\/\/www.appyweb.es\/diccionario\/wp-content\/uploads\/2023\/08\/que-es-ASO-150x150.jpg 150w, https:\/\/www.appyweb.es\/diccionario\/wp-content\/uploads\/2023\/08\/que-es-ASO-768x768.jpg 768w, https:\/\/www.appyweb.es\/diccionario\/wp-content\/uploads\/2023\/08\/que-es-ASO.jpg 1080w\" sizes=\"auto, (max-width: 782px) 100vw, 782px\" \/><\/h1>\n<p>As\u00ed como sucede con los motores de b\u00fasqueda,\u00a0<strong>los marketplaces de aplicaciones tambi\u00e9n cuentan con sistema de optimizaci\u00f3n<\/strong>.<br \/>\nPor lo que las estrategias como ASO son indispensables al momento de dar a conocer una app en el mercado. Sigue leyendo y mira c\u00f3mo funciona.<\/p>\n<h2>\u00bfQu\u00e9 es ASO?<\/h2>\n<p>Este proceso, mejor conocido como <em>App Store Optimization<\/em>, es un conjunto de estrategias de marketing digital que se utilizan <strong>para mejorar el posicionamiento de las aplicaciones m\u00f3viles<\/strong>.<br \/>\nAl utilizarlas de forma correcta es posible que puedan aparecer en las primeras posiciones, por lo que existen m\u00e1s probabilidades de aumentar las descargas de una aplicaci\u00f3n.<\/p>\n<p>Esta pr\u00e1ctica tambi\u00e9n suele ser de mucha utilidad <a href=\"https:\/\/www.appyweb.es\/desarrollo-app\/\">durante el desarrollo de las apps<\/a>, de hecho, deber\u00eda ser un requisito indispensable al momento de dise\u00f1arlas.<\/p>\n<h2>\u00bfC\u00f3mo usar ASO para posicionar una app?<\/h2>\n<ul>\n<li><strong>T\u00edtulo de la aplicaci\u00f3n: <\/strong>Debe ser un nombre atractivo, corto y que tenga la palabra clave que se quiere posicionar.<\/li>\n<li><strong>Logo de la app: <\/strong>Entre m\u00e1s sencillo y claro es el logo de una aplicaci\u00f3n, es m\u00e1s f\u00e1cil para que el usuario lo pueda identificar con facilidad.<\/li>\n<li><strong>Previsualizaci\u00f3n de v\u00eddeo y capturas de pantallas: <\/strong>Es indispensable para ofrecer un ejemplo gr\u00e1fico y visual de c\u00f3mo se ve el producto.<\/li>\n<li><strong>Dise\u00f1o y estructura: <\/strong>Las aplicaciones deben tener un <a href=\"https:\/\/www.appyweb.es\/diseno-web\/\">dise\u00f1o<\/a> simple para que sean m\u00e1s atrayentes.<\/li>\n<li><strong>Descripci\u00f3n: <\/strong>En 3 o 4 l\u00edneas de manera sencilla, se debe explicar en qu\u00e9 se basa la app, debido a que muchos usuarios solo ven el perfil y no abren la descripci\u00f3n completa.<\/li>\n<\/ul>\n<h2>\u00bfPara qu\u00e9 sirve el ASO?<\/h2>\n<p>Este proceso ha sido dise\u00f1ado para <strong>posicionar las aplicaciones en las plataformas<\/strong> y es muy semejante al modo de funcionamiento de SEO. Pero, este en especial se basa en las aplicaciones m\u00f3viles en las <a href=\"https:\/\/diseno20.appyweb.es\/desarrollo-de-marketplaces\/\" rel=\"nofollow noopener\" target=\"_blank\">tiendas o marketplaces<\/a>, utilizadas para la descarga de las aplicaciones. Entre estas se destacan las siguientes:<\/p>\n<ul>\n<li>Google Play Store.<\/li>\n<li>Android.<\/li>\n<li>Windows Phone.<\/li>\n<li>IPad.<\/li>\n<\/ul>\n<p>El cumplir con estas estrategias y contar con un buen posicionamiento en marketplaces es m\u00e1s probable aumentar las visitas y las descargas del producto.<\/p>\n<h2><span id=\"%F0%9F%93%8C_Mas_informacion_sobre_ASO\" class=\"ez-toc-section\"><\/span>M\u00e1s informaci\u00f3n sobre ASO<\/h2>\n<ul>\n<li><a href=\"https:\/\/www.appyweb.es\/diccionario\/marketplace\/\">Qu\u00e9 es un Marketplace<\/a>.<\/li>\n<li><a href=\"https:\/\/support.google.com\/webmasters\/answer\/7451184?hl=es\" rel=\"nofollow noopener\" target=\"_blank\">Optimizar un sitio web para m\u00f3viles<\/a>.<\/li>\n<\/ul>\n<p>&nbsp;<\/p>\n","protected":false},"excerpt":{"rendered":"<p>As\u00ed como sucede con los motores de b\u00fasqueda,\u00a0los marketplaces de aplicaciones tambi\u00e9n cuentan con sistema de optimizaci\u00f3n. Por lo que las estrategias como ASO son indispensables al momento de dar a conocer una app en el mercado. Sigue leyendo y mira c\u00f3mo funciona. \u00bfQu\u00e9 es ASO? Este proceso, mejor conocido como App Store Optimization, es [&hellip;]<\/p>\n","protected":false},"author":1,"featured_media":8352,"parent":0,"menu_order":0,"comment_status":"closed","ping_status":"closed","template":"","meta":{"inline_featured_image":false,"footnotes":""},"class_list":["post-191","page","type-page","status-publish","has-post-thumbnail","hentry"],"_links":{"self":[{"href":"https:\/\/www.appyweb.es\/diccionario\/wp-json\/wp\/v2\/pages\/191","targetHints":{"allow":["GET"]}}],"collection":[{"href":"https:\/\/www.appyweb.es\/diccionario\/wp-json\/wp\/v2\/pages"}],"about":[{"href":"https:\/\/www.appyweb.es\/diccionario\/wp-json\/wp\/v2\/types\/page"}],"author":[{"embeddable":true,"href":"https:\/\/www.appyweb.es\/diccionario\/wp-json\/wp\/v2\/users\/1"}],"replies":[{"embeddable":true,"href":"https:\/\/www.appyweb.es\/diccionario\/wp-json\/wp\/v2\/comments?post=191"}],"version-history":[{"count":7,"href":"https:\/\/www.appyweb.es\/diccionario\/wp-json\/wp\/v2\/pages\/191\/revisions"}],"predecessor-version":[{"id":11253,"href":"https:\/\/www.appyweb.es\/diccionario\/wp-json\/wp\/v2\/pages\/191\/revisions\/11253"}],"wp:featuredmedia":[{"embeddable":true,"href":"https:\/\/www.appyweb.es\/diccionario\/wp-json\/wp\/v2\/media\/8352"}],"wp:attachment":[{"href":"https:\/\/www.appyweb.es\/diccionario\/wp-json\/wp\/v2\/media?parent=191"}],"curies":[{"name":"wp","href":"https:\/\/api.w.org\/{rel}","templated":true}]}}