{"id":1913,"date":"2023-06-21T11:30:37","date_gmt":"2023-06-21T11:30:37","guid":{"rendered":"https:\/\/www.appyweb.es\/diccionario\/?page_id=1913"},"modified":"2024-04-04T10:09:03","modified_gmt":"2024-04-04T10:09:03","slug":"google-dashboard","status":"publish","type":"page","link":"https:\/\/www.appyweb.es\/diccionario\/google-dashboard\/","title":{"rendered":"Google Dashboard"},"content":{"rendered":"<h1><img loading=\"lazy\" decoding=\"async\" class=\"alignnone wp-image-13654 size-full\" src=\"https:\/\/www.appyweb.es\/diccionario\/wp-content\/uploads\/2024\/04\/GoogleDashboard.jpg\" alt=\"Google Dashboard\" width=\"1000\" height=\"600\" srcset=\"https:\/\/www.appyweb.es\/diccionario\/wp-content\/uploads\/2024\/04\/GoogleDashboard.jpg 1000w, https:\/\/www.appyweb.es\/diccionario\/wp-content\/uploads\/2024\/04\/GoogleDashboard-300x180.jpg 300w, https:\/\/www.appyweb.es\/diccionario\/wp-content\/uploads\/2024\/04\/GoogleDashboard-768x461.jpg 768w\" sizes=\"auto, (max-width: 1000px) 100vw, 1000px\" \/><\/h1>\n<p>Es un panel de control que permite visualizar todos los servicios de Google en un solo lugar, a trav\u00e9s de <strong>Google Dashboard el usuario puede organizar su email<\/strong>, calendario, YouTube, Play Store y Analytics de forma personalizada.<\/p>\n<h2>\u00bfQu\u00e9 es Google Dashboard?<\/h2>\n<p>Aparte de ofrecer una lista de todos los servicios en un solo lugar, tambi\u00e9n <strong>existen otras funcionalidades en Google Dashboard<\/strong>, como la posibilidad de detallar la lista de contactos de Gmail y otras actividades dentro de la plataforma. Se trata de una de las herramientas m\u00e1s utilizadas por los webmaster para tener una visualizaci\u00f3n global de <a href=\"https:\/\/www.appyweb.es\/marketing-de-atraccion\/\">todas las estrategias de marketing digital<\/a>.<\/p>\n<p>A trav\u00e9s de ella tambi\u00e9n se puede visualizar la informaci\u00f3n de todo lo que usuario realiza en su cuenta, al mismo tiempo, se pueden realizar cambios en la configuraci\u00f3n de cada servicio para tener un mayor control y transparencia. Igualmente el usuario puede visualizar su informaci\u00f3n personal e incluso personalizar art\u00edculos relacionado en el centro de ayuda de la empresa.<\/p>\n<h2>Origen<\/h2>\n<p>Fue lanzado por primera vez en el 2009, entonces ofrec\u00eda informaci\u00f3n sobre Google+, el historial de localizaci\u00f3n, de las aplicaciones, informaci\u00f3n sobre YouTube, as\u00ed como otros productos populares de la empresa.<\/p>\n<p>En este sentido, fue dise\u00f1ado para que los usuarios pudieran tener un lugar <strong>d\u00f3nde gestionar todos los servicios que utilizan,<\/strong> incluso pueden clasificar esta informaci\u00f3n como p\u00fablica o privada, a\u00f1adir verificaci\u00f3n de 2 pasos y otras preferencias de seguridad.<\/p>\n<h2>\u00bfPara qu\u00e9 sirve?<\/h2>\n<p>Es esencial para gestionar los servicios o programas con los que cuenta esta empresa, sea desde el ordenador o el m\u00f3vil inteligente. Para utilizar este programa, <strong>solo se necesita iniciar sesi\u00f3n en una cuenta de Google<\/strong> y proporcionar tanto un nombre como una contrase\u00f1a. Se puede acceder directamente desde My Account, aunque tambi\u00e9n hay atajos desde las aplicaciones G Suite o Workspace.<\/p>\n<p>Una de las principales razones de por qu\u00e9 esta herramienta fue dise\u00f1ada es para garantizar la privacidad, como se mencion\u00f3 anteriormente el usuario puede indicar una contrase\u00f1a diferente para cada aplicaci\u00f3n, de forma que proteger\u00e1 sus datos de forma m\u00e1s efectiva. Aunque tambi\u00e9n <strong>tiene una funcionalidad destacada cuando se trata de marketing digital<\/strong>, ya que desde all\u00ed los webmaster tienen la opci\u00f3n de <a href=\"https:\/\/www.appyweb.es\/embudo-ventas-e-commerce\/\">visualizar sus resultados de conversi\u00f3n web<\/a> y el rendimiento de sus estrategias en general.<\/p>\n<h2>\u00bfPuedes controlar la informaci\u00f3n que se guarda en tu cuenta?<\/h2>\n<p>Dentro del panel de control puedes indicar cu\u00e1les son las actividades o los datos que se guardar\u00e1n de lo que haces dentro de tu cuenta, o bien cu\u00e1les quieres que no se almacenen, entre ellos se encuentran los siguientes.<\/p>\n<ul>\n<li>La actividad dentro de la web y en aplicaciones.<\/li>\n<li>Las grabaciones de <strong>audio que se generan a partir del asistente de b\u00fasqueda<\/strong>.<\/li>\n<li>Historial de localizaciones que has realizado a trav\u00e9s de los mapas del buscador.<\/li>\n<li>Historial de YouTube para agilizar b\u00fasquedas futuras y recomendaciones.<\/li>\n<\/ul>\n<p>Estos cambios pueden ser realizados a trav\u00e9s de la secci\u00f3n <em>datos y personalizaci\u00f3n<\/em> dentro de <em>controles de la actividad de tu cuenta<\/em>, all\u00ed se puede desactivar o activar las opciones plasmadas.<\/p>\n<p><script type=\"application\/ld+json\">{\"@context\":\"https:\/\/schema.org\",\"@type\":\"FAQPage\",\"mainEntity\":[ \n{\"@type\":\"Question\",\"name\":\"\u00bfQu\u00e9 es Google Dashboard?\",\"acceptedAnswer\":{\"@type\":\"Answer\",\"text\":\"<\/p>\n<p>Aparte de ofrecer una lista de todos los servicios en un solo lugar, tambi\u00e9n <strong>existen otras funcionalidades en Google Dashboard<\/strong>, como la posibilidad de detallar la lista de contactos de Gmail y otras actividades dentro de la plataforma. Se trata de una de las herramientas m\u00e1s utilizadas por los webmaster para tener una visualizaci\u00f3n global de <a href='https:\/\/www.appyweb.es\/marketing-de-atraccion\/'>todas las estrategias de marketing digital<\/a>.<\/p>\n<p>A trav\u00e9s de ella tambi\u00e9n se puede visualizar la informaci\u00f3n de todo lo que usuario realiza en su cuenta, al mismo tiempo, se pueden realizar cambios en la configuraci\u00f3n de cada servicio para tener un mayor control y transparencia. Igualmente el usuario puede visualizar su informaci\u00f3n personal e incluso personalizar art\u00edculos relacionado en el centro de ayuda de la empresa.<\/p>\n<p>\"}},\n{\"@type\":\"Question\",\"name\":\"Origen\",\"acceptedAnswer\":{\"@type\":\"Answer\",\"text\":\"<\/p>\n<p>Fue lanzado por primera vez en el 2009, entonces ofrec\u00eda informaci\u00f3n sobre Google+, el historial de localizaci\u00f3n, de las aplicaciones, informaci\u00f3n sobre YouTube, as\u00ed como otros productos populares de la empresa.<\/p>\n<p>En este sentido, fue dise\u00f1ado para que los usuarios pudieran tener un lugar <strong>d\u00f3nde gestionar todos los servicios que utilizan,<\/strong> incluso pueden clasificar esta informaci\u00f3n como p\u00fablica o privada, a\u00f1adir verificaci\u00f3n de 2 pasos y otras preferencias de seguridad.<\/p>\n<p>\"}},\n{\"@type\":\"Question\",\"name\":\"\u00bfPara qu\u00e9 sirve?\",\"acceptedAnswer\":{\"@type\":\"Answer\",\"text\":\"<\/p>\n<p>Es esencial para gestionar los servicios o programas con los que cuenta esta empresa, sea desde el ordenador o el m\u00f3vil inteligente. Para utilizar este programa, <strong>solo se necesita iniciar sesi\u00f3n en una cuenta de Google<\/strong> y proporcionar tanto un nombre como una contrase\u00f1a. Se puede acceder directamente desde My Account, aunque tambi\u00e9n hay atajos desde las aplicaciones G Suite o Workspace.<\/p>\n<p>Una de las principales razones de por qu\u00e9 esta herramienta fue dise\u00f1ada es para garantizar la privacidad, como se mencion\u00f3 anteriormente el usuario puede indicar una contrase\u00f1a diferente para cada aplicaci\u00f3n, de forma que proteger\u00e1 sus datos de forma m\u00e1s efectiva. Aunque tambi\u00e9n <strong>tiene una funcionalidad destacada cuando se trata de marketing digital<\/strong>, ya que desde all\u00ed los webmaster tienen la opci\u00f3n de <a href='https:\/\/www.appyweb.es\/embudo-ventas-e-commerce\/'>visualizar sus resultados de conversi\u00f3n web<\/a> y el rendimiento de sus estrategias en general.<\/p>\n<p>\"}},\n{\"@type\":\"Question\",\"name\":\"\u00bfPuedes controlar la informaci\u00f3n que se guarda en tu cuenta?\",\"acceptedAnswer\":{\"@type\":\"Answer\",\"text\":\"<\/p>\n<p>Dentro del panel de control puedes indicar cu\u00e1les son las actividades o los datos que se guardar\u00e1n de lo que haces dentro de tu cuenta, o bien cu\u00e1les quieres que no se almacenen, entre ellos se encuentran los siguientes.<\/p>\n<\/p>\n<\/p>\n<ul>\n<\/p>\n<\/p>\n<li>La actividad dentro de la web y en aplicaciones.<\/li>\n<\/p>\n<\/p>\n<\/p>\n<li>Las grabaciones de <strong>audio que se generan a partir del asistente de b\u00fasqueda<\/strong>.<\/li>\n<\/p>\n<\/p>\n<\/p>\n<li>Historial de localizaciones que has realizado a trav\u00e9s de los mapas del buscador.<\/li>\n<\/p>\n<\/p>\n<\/p>\n<li>Historial de YouTube para agilizar b\u00fasquedas futuras y recomendaciones.<\/li>\n<\/p>\n<\/ul>\n<\/p>\n<p>Estos cambios pueden ser realizados a trav\u00e9s de la secci\u00f3n <em>datos y personalizaci\u00f3n<\/em> dentro de <em>controles de la actividad de tu cuenta<\/em>, all\u00ed se puede desactivar o activar las opciones plasmadas.<\/p>\n<p>\"}}\n]}<\/script><\/p>\n<h2>M\u00e1s informaci\u00f3n sobre Google Dashboard<\/h2>\n<p>En este sentido, es indispensable hacer una diferencia con los paneles que se utilizan en otros servicios de esta empresa tecnol\u00f3gica, por ejemplo, Analytics tiene un panel de control propio desde donde se pueden visualizar estad\u00edsticas personalizadas por el usuario. Otro producto como Data Studio tambi\u00e9n cuenta con un panel de control que se puede personalizar. Aqu\u00ed puedes encontrar m\u00e1s informaci\u00f3n al respecto.<\/p>\n<ul>\n<li><a href=\"https:\/\/www.appyweb.es\/diccionario\/google\/\">\u00bfQu\u00e9 es Google y para qu\u00e9 sirve?<\/a><\/li>\n<li><a href=\"https:\/\/support.google.com\/accounts\/answer\/7660719?hl=es&amp;ref_topic=7188674\" rel=\"nofollow noopener\" target=\"_blank\">Ver, controlar y eliminar la informaci\u00f3n de tu cuenta de Google<\/a><\/li>\n<\/ul>\n<p>&nbsp;<\/p>\n","protected":false},"excerpt":{"rendered":"<p>Es un panel de control que permite visualizar todos los servicios de Google en un solo lugar, a trav\u00e9s de Google Dashboard el usuario puede organizar su email, calendario, YouTube, Play Store y Analytics de forma personalizada. \u00bfQu\u00e9 es Google Dashboard? Aparte de ofrecer una lista de todos los servicios en un solo lugar, tambi\u00e9n [&hellip;]<\/p>\n","protected":false},"author":1,"featured_media":13654,"parent":0,"menu_order":0,"comment_status":"closed","ping_status":"closed","template":"","meta":{"inline_featured_image":false,"footnotes":""},"class_list":["post-1913","page","type-page","status-publish","has-post-thumbnail","hentry"],"_links":{"self":[{"href":"https:\/\/www.appyweb.es\/diccionario\/wp-json\/wp\/v2\/pages\/1913","targetHints":{"allow":["GET"]}}],"collection":[{"href":"https:\/\/www.appyweb.es\/diccionario\/wp-json\/wp\/v2\/pages"}],"about":[{"href":"https:\/\/www.appyweb.es\/diccionario\/wp-json\/wp\/v2\/types\/page"}],"author":[{"embeddable":true,"href":"https:\/\/www.appyweb.es\/diccionario\/wp-json\/wp\/v2\/users\/1"}],"replies":[{"embeddable":true,"href":"https:\/\/www.appyweb.es\/diccionario\/wp-json\/wp\/v2\/comments?post=1913"}],"version-history":[{"count":6,"href":"https:\/\/www.appyweb.es\/diccionario\/wp-json\/wp\/v2\/pages\/1913\/revisions"}],"predecessor-version":[{"id":13656,"href":"https:\/\/www.appyweb.es\/diccionario\/wp-json\/wp\/v2\/pages\/1913\/revisions\/13656"}],"wp:featuredmedia":[{"embeddable":true,"href":"https:\/\/www.appyweb.es\/diccionario\/wp-json\/wp\/v2\/media\/13654"}],"wp:attachment":[{"href":"https:\/\/www.appyweb.es\/diccionario\/wp-json\/wp\/v2\/media?parent=1913"}],"curies":[{"name":"wp","href":"https:\/\/api.w.org\/{rel}","templated":true}]}}