{"id":1922,"date":"2023-06-21T11:33:25","date_gmt":"2023-06-21T11:33:25","guid":{"rendered":"https:\/\/www.appyweb.es\/diccionario\/?page_id=1922"},"modified":"2024-04-08T10:54:34","modified_gmt":"2024-04-08T10:54:34","slug":"google-grants","status":"publish","type":"page","link":"https:\/\/www.appyweb.es\/diccionario\/google-grants\/","title":{"rendered":"Google Grants"},"content":{"rendered":"<figure id=\"attachment_13891\" aria-describedby=\"caption-attachment-13891\" style=\"width: 1000px\" class=\"wp-caption alignnone\"><img loading=\"lazy\" decoding=\"async\" class=\"size-full wp-image-13891\" src=\"https:\/\/www.appyweb.es\/diccionario\/wp-content\/uploads\/2024\/04\/GoogleGrants.jpg\" alt=\"Google Grants\" width=\"1000\" height=\"600\" srcset=\"https:\/\/www.appyweb.es\/diccionario\/wp-content\/uploads\/2024\/04\/GoogleGrants.jpg 1000w, https:\/\/www.appyweb.es\/diccionario\/wp-content\/uploads\/2024\/04\/GoogleGrants-300x180.jpg 300w, https:\/\/www.appyweb.es\/diccionario\/wp-content\/uploads\/2024\/04\/GoogleGrants-768x461.jpg 768w\" sizes=\"auto, (max-width: 1000px) 100vw, 1000px\" \/><figcaption id=\"caption-attachment-13891\" class=\"wp-caption-text\">Personas mirando un grafico y con dinero.<\/figcaption><\/figure>\n<p>Es un servicio para empresas, sociedades, casas de beneficencia u otras organizaciones que laboren sin fines de lucro, para la recaudaci\u00f3n de donaciones. La forma en <strong>c\u00f3mo funciona Google Grants es posicionando anuncios<\/strong> de recaudaci\u00f3n en el buscador, sin cobrar dicho servicio, aunque algunas condiciones se aplican.<\/p>\n<h2>\u00bfQu\u00e9 es Google Grants?<\/h2>\n<p>Es un programa que permite <strong>anunciar campa\u00f1as de ayuda en el buscador de Google<\/strong>, al mismo tiempo, gestiona y agiliza las campa\u00f1as con ayuda de expertos para lograr que los anuncios sean mostrados a los usuarios m\u00e1s propensos a colaborar. Es un <a href=\"https:\/\/www.appyweb.es\/posicionamiento-web\/\">servicio de anuncio y posicionamiento web<\/a> que no es org\u00e1nico pero tampoco tiene fines de lucro.<\/p>\n<p>Como se mencion\u00f3 anteriormente, <strong>es necesario tener en cuenta los t\u00e9rminos y condiciones<\/strong>, por ejemplo, no est\u00e1 permitido ning\u00fan tipo de discriminaci\u00f3n o campa\u00f1as de odio, ni emitir ning\u00fan tipo de opini\u00f3n acerca de creencias o movimientos ajenos al objetivo principal de la campa\u00f1a.<\/p>\n<p>Dentro de esta plataforma, todas las organizaciones participantes debe expresar claramente si ofrece alg\u00fan servicio o venta de productos, tambi\u00e9n la forma en que los recursos van a ser utilizados posteriormente. Este \u00faltimo es un requisito relevante para el programa y debe ser constatado por medio de un informe anual de fondos.<\/p>\n<h2>\u00bfPara qu\u00e9 sirve?<\/h2>\n<p>Tiene como objetivo ayudar a las organizaciones ben\u00e9ficas a <strong>difundir sus proyectos por publicidad masiva en buscadores<\/strong>, es muy similar a <a href=\"https:\/\/www.appyweb.es\/campanas-google-adwords\/\">c\u00f3mo funciona la plataforma de Ads<\/a>, pero en este caso, Google no registra ingresos. De esta forma, promete ayudar a estas empresas a aumentar el n\u00famero de voluntarios para sus proyectos, as\u00ed como de financiamiento y la posibilidad de compartir una historia con audiencias de todas partes del mundo.<\/p>\n<p>Pero, para alcanzar esos objetivos es necesario que la empresa cumpla con todos los requisitos y condiciones nombrados anteriormente, incluyendo otros objetivos como un m\u00ednimo de 50 clics mensuales en anuncios, si este par\u00e1metro no se cumple por dos meses seguidos, entonces la cuenta ser\u00e1 desactivada. En caso contrario, los participantes <strong>tendr\u00e1n un estimado de 10.000 $ en publicidad dentro de la plataforma<\/strong>.<\/p>\n<h2>\u00bfC\u00f3mo registrarse en Google Grants?<\/h2>\n<p>El proceso de registro en esta plataforma consta de 5 pasos, dentro del <a href=\"https:\/\/www.google.com\/nonprofits\/account\/signup\/es?hl=es\" rel=\"nofollow noopener\" target=\"_blank\">enlace de registro a Google Ad Grants<\/a> se explican cada uno de ellos, pero tambi\u00e9n se puede acceder al centro de ayuda de la plataforma para obtener m\u00e1s informaci\u00f3n. El procedimiento es el siguiente.<\/p>\n<ol>\n<li>Ver si eres apto: Consiste en una especie de test donde la plataforma <strong>indica las caracter\u00edsticas que debe tener la organizaci\u00f3n para participar<\/strong> en el programa.<\/li>\n<li>Solicitar servicios para organizaciones sin \u00e1nimo de lucro: Es un documento que incluye el resultado del paso anterior, m\u00e1s otros requisitos como la historia, el objetivo final de la campa\u00f1a, etc.<\/li>\n<li>Inscripci\u00f3n en el programa: Una vez que la plataforma verifique todos los datos anteriores y d\u00e9 el visto bueno es momento de inscribirse.<\/li>\n<li>Creaci\u00f3n de la cuenta: Desde all\u00ed se <strong>dise\u00f1ar\u00e1n y gestionar\u00e1n los anuncios para la difusi\u00f3n del proyecto<\/strong>.<\/li>\n<li>Enviar a revisi\u00f3n: Finalmente, se env\u00eda la cuenta para la verificaci\u00f3n del proyecto y su aprobaci\u00f3n.<\/li>\n<\/ol>\n<h2>Casos de \u00e9xito<\/h2>\n<ul>\n<li><strong>American Cancer Society<\/strong>: Un caso de financiaci\u00f3n para llevar a cabo estudios e investigaciones avanzadas sobre el c\u00e1ncer.<\/li>\n<li><strong>H\u00e1bitat For Humanity<\/strong>: Se colabor\u00f3 con la financiaci\u00f3n para la construcci\u00f3n de casas, as\u00ed como la atracci\u00f3n de voluntarios y recursos destinados para personas en necesidad.<\/li>\n<li><strong>Samaritans<\/strong>: Difusi\u00f3n de servicios de asistencias las 24 horas para reducir el estr\u00e9s emocional y pensamientos suicidas.<\/li>\n<\/ul>\n<p>Estas y muchas otras m\u00e1s organizaciones han acudido a Google Grants, para impulsar su objetivo y tener mayores \u00e9xitos.<\/p>\n<p><script type=\"application\/ld+json\">{\"@context\":\"https:\/\/schema.org\",\"@type\":\"FAQPage\",\"mainEntity\":[ \n{\"@type\":\"Question\",\"name\":\"\u00bfQu\u00e9 es Google Grants?\",\"acceptedAnswer\":{\"@type\":\"Answer\",\"text\":\"<\/p>\n<p>Es un programa que permite <strong>anunciar campa\u00f1as de ayuda en el buscador de Google<\/strong>, al mismo tiempo, gestiona y agiliza las campa\u00f1as con ayuda de expertos para lograr que los anuncios sean mostrados a los usuarios m\u00e1s propensos a colaborar. Es un <a href='https:\/\/www.appyweb.es\/posicionamiento-web\/'>servicio de anuncio y posicionamiento web<\/a> que no es org\u00e1nico pero tampoco tiene fines de lucro.<\/p>\n<p>Como se mencion\u00f3 anteriormente, <strong>es necesario tener en cuenta los t\u00e9rminos y condiciones<\/strong>, por ejemplo, no est\u00e1 permitido ning\u00fan tipo de discriminaci\u00f3n o campa\u00f1as de odio, ni emitir ning\u00fan tipo de opini\u00f3n acerca de creencias o movimientos ajenos al objetivo principal de la campa\u00f1a.<\/p>\n<p>Dentro de esta plataforma, todas las organizaciones participantes debe expresar claramente si ofrece alg\u00fan servicio o venta de productos, tambi\u00e9n la forma en que los recursos van a ser utilizados posteriormente. Este \u00faltimo es un requisito relevante para el programa y debe ser constatado por medio de un informe anual de fondos.<\/p>\n<p>\"}},\n{\"@type\":\"Question\",\"name\":\"\u00bfPara qu\u00e9 sirve?\",\"acceptedAnswer\":{\"@type\":\"Answer\",\"text\":\"<\/p>\n<p>Tiene como objetivo ayudar a las organizaciones ben\u00e9ficas a <strong>difundir sus proyectos por publicidad masiva en buscadores<\/strong>, es muy similar a <a href='https:\/\/www.appyweb.es\/campanas-google-adwords\/'>c\u00f3mo funciona la plataforma de Ads<\/a>, pero en este caso, Google no registra ingresos. De esta forma, promete ayudar a estas empresas a aumentar el n\u00famero de voluntarios para sus proyectos, as\u00ed como de financiamiento y la posibilidad de compartir una historia con audiencias de todas partes del mundo.<\/p>\n<p>Pero, para alcanzar esos objetivos es necesario que la empresa cumpla con todos los requisitos y condiciones nombrados anteriormente, incluyendo otros objetivos como un m\u00ednimo de 50 clics mensuales en anuncios, si este par\u00e1metro no se cumple por dos meses seguidos, entonces la cuenta ser\u00e1 desactivada. En caso contrario, los participantes <strong>tendr\u00e1n un estimado de 10.000 $ en publicidad dentro de la plataforma<\/strong>.<\/p>\n<p>\"}},\n{\"@type\":\"Question\",\"name\":\"\u00bfC\u00f3mo registrarse en Google Grants?\",\"acceptedAnswer\":{\"@type\":\"Answer\",\"text\":\"<\/p>\n<p>El proceso de registro en esta plataforma consta de 5 pasos, dentro del <a href='https:\/\/www.google.com\/nonprofits\/account\/signup\/es?hl=es'>enlace de registro a Google Ad Grants<\/a> se explican cada uno de ellos, pero tambi\u00e9n se puede acceder al centro de ayuda de la plataforma para obtener m\u00e1s informaci\u00f3n. El procedimiento es el siguiente.<\/p>\n<\/p>\n<ol>\n<\/p>\n<li>Ver si eres apto: Consiste en una especie de test donde la plataforma <strong>indica las caracter\u00edsticas que debe tener la organizaci\u00f3n para participar<\/strong> en el programa.<\/li>\n<\/p>\n<li>Solicitar servicios para organizaciones sin \u00e1nimo de lucro: Es un documento que incluye el resultado del paso anterior, m\u00e1s otros requisitos como la historia, el objetivo final de la campa\u00f1a, etc.<\/li>\n<\/p>\n<li>Inscripci\u00f3n en el programa: Una vez que la plataforma verifique todos los datos anteriores y d\u00e9 el visto bueno es momento de inscribirse.<\/li>\n<\/p>\n<li>Creaci\u00f3n de la cuenta: Desde all\u00ed se <strong>dise\u00f1ar\u00e1n y gestionar\u00e1n los anuncios para la difusi\u00f3n del proyecto<\/strong>.<\/li>\n<\/p>\n<li>Enviar a revisi\u00f3n: Finalmente, se env\u00eda la cuenta para la verificaci\u00f3n del proyecto y su aprobaci\u00f3n.<\/li>\n<\/ol>\n<p>\"}},\n{\"@type\":\"Question\",\"name\":\"Casos de \u00e9xito\",\"acceptedAnswer\":{\"@type\":\"Answer\",\"text\":\"<\/p>\n<\/p>\n<ul>\n<\/p>\n<li><strong>American Cancer Society<\/strong>: Un caso de financiaci\u00f3n para llevar a cabo estudios e investigaciones avanzadas sobre el c\u00e1ncer.<\/li>\n<\/p>\n<li><strong>H\u00e1bitat For Humanity<\/strong>: Se colabor\u00f3 con la financiaci\u00f3n para la construcci\u00f3n de casas, as\u00ed como la atracci\u00f3n de voluntarios y recursos destinados para personas en necesidad.<\/li>\n<\/p>\n<li><strong>Samaritans<\/strong>: Difusi\u00f3n de servicios de asistencias las 24 horas para reducir el estr\u00e9s emocional y pensamientos suicidas.<\/li>\n<\/ul>\n<p>Estas y muchas otras m\u00e1s organizaciones han acudido a Google Grants, para impulsar su objetivo y tener mayores \u00e9xitos.<\/p>\n<p>\"}}\n]}<\/script><\/p>\n<h2>M\u00e1s informaci\u00f3n sobre Google Grants<\/h2>\n<p>Actualmente, es uno de los programas de beneficencia m\u00e1s importantes en el mundo, las organizaciones pueden utilizarlo para dar a conocer sus proyectos m\u00e1s all\u00e1 de sus fronteras, <strong>conseguir financiaci\u00f3n y otros recursos para alcanzar sus objetivos<\/strong>. Si es tu caso, entonces tienes que ver estos enlaces con m\u00e1s informaci\u00f3n al respecto.<\/p>\n<ul>\n<li><a href=\"https:\/\/www.appyweb.es\/diccionario\/google-ads\/\">\u00bfQu\u00e9 es Google Ads y para qu\u00e9 sirve?<\/a><\/li>\n<li><a href=\"https:\/\/www.google.es\/intl\/es\/grants\/eligibility\/\" rel=\"nofollow noopener\" target=\"_blank\">Comprueba si cumples los requisitos de participaci\u00f3n en Google Grants<\/a><\/li>\n<\/ul>\n<p>&nbsp;<\/p>\n","protected":false},"excerpt":{"rendered":"<p>Es un servicio para empresas, sociedades, casas de beneficencia u otras organizaciones que laboren sin fines de lucro, para la recaudaci\u00f3n de donaciones. La forma en c\u00f3mo funciona Google Grants es posicionando anuncios de recaudaci\u00f3n en el buscador, sin cobrar dicho servicio, aunque algunas condiciones se aplican. \u00bfQu\u00e9 es Google Grants? Es un programa que [&hellip;]<\/p>\n","protected":false},"author":1,"featured_media":13891,"parent":0,"menu_order":0,"comment_status":"closed","ping_status":"closed","template":"","meta":{"inline_featured_image":false,"footnotes":""},"class_list":["post-1922","page","type-page","status-publish","has-post-thumbnail","hentry"],"_links":{"self":[{"href":"https:\/\/www.appyweb.es\/diccionario\/wp-json\/wp\/v2\/pages\/1922","targetHints":{"allow":["GET"]}}],"collection":[{"href":"https:\/\/www.appyweb.es\/diccionario\/wp-json\/wp\/v2\/pages"}],"about":[{"href":"https:\/\/www.appyweb.es\/diccionario\/wp-json\/wp\/v2\/types\/page"}],"author":[{"embeddable":true,"href":"https:\/\/www.appyweb.es\/diccionario\/wp-json\/wp\/v2\/users\/1"}],"replies":[{"embeddable":true,"href":"https:\/\/www.appyweb.es\/diccionario\/wp-json\/wp\/v2\/comments?post=1922"}],"version-history":[{"count":5,"href":"https:\/\/www.appyweb.es\/diccionario\/wp-json\/wp\/v2\/pages\/1922\/revisions"}],"predecessor-version":[{"id":13896,"href":"https:\/\/www.appyweb.es\/diccionario\/wp-json\/wp\/v2\/pages\/1922\/revisions\/13896"}],"wp:featuredmedia":[{"embeddable":true,"href":"https:\/\/www.appyweb.es\/diccionario\/wp-json\/wp\/v2\/media\/13891"}],"wp:attachment":[{"href":"https:\/\/www.appyweb.es\/diccionario\/wp-json\/wp\/v2\/media?parent=1922"}],"curies":[{"name":"wp","href":"https:\/\/api.w.org\/{rel}","templated":true}]}}