{"id":1928,"date":"2023-06-21T11:36:31","date_gmt":"2023-06-21T11:36:31","guid":{"rendered":"https:\/\/www.appyweb.es\/diccionario\/?page_id=1928"},"modified":"2024-04-08T11:57:30","modified_gmt":"2024-04-08T11:57:30","slug":"google-maps","status":"publish","type":"page","link":"https:\/\/www.appyweb.es\/diccionario\/google-maps\/","title":{"rendered":"Google Maps"},"content":{"rendered":"<figure id=\"attachment_13935\" aria-describedby=\"caption-attachment-13935\" style=\"width: 1000px\" class=\"wp-caption alignnone\"><img loading=\"lazy\" decoding=\"async\" class=\"size-full wp-image-13935\" src=\"https:\/\/www.appyweb.es\/diccionario\/wp-content\/uploads\/2024\/04\/GoogleMaps.jpg\" alt=\"Google Maps\" width=\"1000\" height=\"600\" srcset=\"https:\/\/www.appyweb.es\/diccionario\/wp-content\/uploads\/2024\/04\/GoogleMaps.jpg 1000w, https:\/\/www.appyweb.es\/diccionario\/wp-content\/uploads\/2024\/04\/GoogleMaps-300x180.jpg 300w, https:\/\/www.appyweb.es\/diccionario\/wp-content\/uploads\/2024\/04\/GoogleMaps-768x461.jpg 768w\" sizes=\"auto, (max-width: 1000px) 100vw, 1000px\" \/><figcaption id=\"caption-attachment-13935\" class=\"wp-caption-text\">Movil con un mapa y como llegar a un direccion seleccionado.<\/figcaption><\/figure>\n<p>Es una aplicaci\u00f3n que ofrece im\u00e1genes de mapas que se pueden deslizar en la pantalla, <strong>Google Maps obtiene esas im\u00e1genes desde sat\u00e9lites al rededor del mundo<\/strong>. Asimismo, tambi\u00e9n se apoya en una herramienta integrada conocida como Street View para generar im\u00e1genes de calle.<\/p>\n<h2>\u00bfQu\u00e9 es Google Maps?<\/h2>\n<p>Es una herramienta que alberga una gran cantidad de mapas, puede obtener <strong>una vista casi global desde el espacio<\/strong>, as\u00ed como de calles muy espec\u00edficas. Pero, tambi\u00e9n se puede utilizar para encontrar otra clase de informaci\u00f3n de inter\u00e9s, como lugares recomendados, hoteles baratos, sitios de inter\u00e9s, restaurantes, comercios y direcciones.<\/p>\n<p>Tambi\u00e9n se utiliza con frecuencia en marketing digital, al <a href=\"https:\/\/www.appyweb.es\/alta-google-maps\/\">dar de alta un sitio web en Google Maps<\/a>, que consiste en posicionar un local en el mapa utilizando un perfil de My Business, permite que tenga mayor visibilidad tanto en los mapas como en el buscador.<\/p>\n<h2>Origen<\/h2>\n<p>Se origin\u00f3 a partir de Where 2 Technologies, una empresa que se encargaba de mapear la ciudad de S\u00eddney en Australia. Google compr\u00f3 su sistema de mapeo en 2004 para basar su nueva aplicaci\u00f3n. De esta forma, fue anunciada en su Blog el 8 de febrero del 2005. Desde entonces, las pol\u00edticas del programa han sido acertadas para los usuarios, permiti\u00e9ndoles interactuar y al mismo tiempo ampliar sus horizontes en el mapa.<\/p>\n<p>Al principio, <strong>solo pod\u00eda ser utilizado por usuarios de Internet Explorer y Mozilla Firefox<\/strong>, pero unos d\u00edas despu\u00e9s, el 25 de febrero, pudo empezar a trabajar en Opera y Safari.<\/p>\n<h2>\u00bfPara qu\u00e9 sirve?<\/h2>\n<p>En primer lugar, permite que los usuarios tracen rutas de viaje siguiendo un mapa real o cartogr\u00e1fico de forma online. En estos casos, los usuarios <strong>pueden visualizar los kil\u00f3metros recorridos<\/strong>, al mismo tiempo que se incluye el tiempo del viaje, rutas alternativas y el tipo de transporte a utilizar. Pero, tambi\u00e9n tiene otras funcionalidades como la facilidad de compartir una localizaci\u00f3n exacta.<\/p>\n<p>Tambi\u00e9n cuenta con otras funciones en dispositivos m\u00f3viles, como el GPS que indica los pasos recorridos por el usuario y si coinciden o no con la ruta trazada. Entre otras ventajas incluye la funci\u00f3n de recordar d\u00f3nde se estaciono el autom\u00f3vil, comprobar el tr\u00e1fico, busca lugares cercanos, visualizar opiniones y rese\u00f1as.<\/p>\n<p>En el caso de las empresas de turismo, es muy \u00fatil para posicionar la empresa en el mapa, de forma que se pueda tener <a href=\"https:\/\/www.appyweb.es\/posicionamiento-web\/\">mayor relevancia en el posicionamiento web<\/a>, a la vez que los usuarios pueden comparar opiniones y valoraciones.<\/p>\n<h2>Google Maps c\u00f3mo llegar<\/h2>\n<p>\u00abC\u00f3mo llegar\u00bb es una funcionalidad de la aplicaci\u00f3n que permite <strong>crear rutas para llegar a un lugar en espec\u00edfico<\/strong>, el algoritmo de la herramienta tiene en cuenta diferentes aspectos, como la ruta con menor tiempo de llegada, el nivel de tr\u00e1fico y el tipo de transporte.<\/p>\n<p>Asimismo, aqu\u00ed se puede activar la navegaci\u00f3n GPS que indica el camino que va siguiendo el usuario (o el dispositivo) para verificar que se trata de la ruta correcta. Sin embargo, es importante verificar las direcciones o la \u00faltima actualizaci\u00f3n de la misma para evitar recorridos err\u00f3neos.<\/p>\n<h2>\u00bfGoogle Earth es lo mismo?<\/h2>\n<p>No, aunque son muy similares y de hecho, Earth fue creada como apoyo para la apps de mapas. \u00c9sta variante fue dise\u00f1ada especialmente como una aplicaci\u00f3n de escritorio, por lo que incluso no es necesario tener conexi\u00f3n a Internet para visualizar algunos datos, aunque s\u00ed requiere de conexi\u00f3n para realizar actualizaciones de Street View y otras funciones.<\/p>\n<p>En este sentido, esta app tambi\u00e9n est\u00e1 m\u00e1s preparada para ofrecer resultados en 3D, de esta forma, se pueden ver gr\u00e1ficos m\u00e1s reales de las calles, as\u00ed como de cualquier lugar en la tierra incluyendo vegetaci\u00f3n y caminos alternativos. Sin embargo, los mapas cuentan con preferencia para navegaci\u00f3n en tiempo real.<\/p>\n<p>Extraoficialmente, durante el esc\u00e1ndalo de filtraci\u00f3n de documentos de Edward Snowden se conoci\u00f3 que estas aplicaciones de geolocalizaci\u00f3n estaban formando parte de un sistema de vigilancia mundial, donde estar\u00edan participando potencias mundiales como EEUU, China, Rusia e Inglaterra, incluyendo empresas de tecnolog\u00eda privadas.<\/p>\n<p><script type=\"application\/ld+json\">{\"@context\":\"https:\/\/schema.org\",\"@type\":\"FAQPage\",\"mainEntity\":[ \n{\"@type\":\"Question\",\"name\":\"\u00bfQu\u00e9 es Google Maps?\",\"acceptedAnswer\":{\"@type\":\"Answer\",\"text\":\"<\/p>\n<p>Es una herramienta que alberga una gran cantidad de mapas, puede obtener <strong>una vista casi global desde el espacio<\/strong>, as\u00ed como de calles muy espec\u00edficas. Pero, tambi\u00e9n se puede utilizar para encontrar otra clase de informaci\u00f3n de inter\u00e9s, como lugares recomendados, hoteles baratos, sitios de inter\u00e9s, restaurantes, comercios y direcciones.<\/p>\n<p>Tambi\u00e9n se utiliza con frecuencia en marketing digital, al <a href='https:\/\/www.appyweb.es\/alta-google-maps\/'>dar de alta un sitio web en Google Maps<\/a>, que consiste en posicionar un local en el mapa utilizando un perfil de My Business, permite que tenga mayor visibilidad tanto en los mapas como en el buscador.<\/p>\n<p>\"}},\n{\"@type\":\"Question\",\"name\":\"Origen\",\"acceptedAnswer\":{\"@type\":\"Answer\",\"text\":\"<\/p>\n<p>Se origin\u00f3 a partir de Where 2 Technologies, una empresa que se encargaba de mapear la ciudad de S\u00eddney en Australia. Google compr\u00f3 su sistema de mapeo en 2004 para basar su nueva aplicaci\u00f3n. De esta forma, fue anunciada en su Blog el 8 de febrero del 2005. Desde entonces, las pol\u00edticas del programa han sido acertadas para los usuarios, permiti\u00e9ndoles interactuar y al mismo tiempo ampliar sus horizontes en el mapa.<\/p>\n<p>Al principio, <strong>solo pod\u00eda ser utilizado por usuarios de Internet Explorer y Mozilla Firefox<\/strong>, pero unos d\u00edas despu\u00e9s, el 25 de febrero, pudo empezar a trabajar en Opera y Safari.<\/p>\n<p>\"}},\n{\"@type\":\"Question\",\"name\":\"\u00bfPara qu\u00e9 sirve?\",\"acceptedAnswer\":{\"@type\":\"Answer\",\"text\":\"<\/p>\n<p>En primer lugar, permite que los usuarios tracen rutas de viaje siguiendo un mapa real o cartogr\u00e1fico de forma online. En estos casos, los usuarios <strong>pueden visualizar los kil\u00f3metros recorridos<\/strong>, al mismo tiempo que se incluye el tiempo del viaje, rutas alternativas y el tipo de transporte a utilizar. Pero, tambi\u00e9n tiene otras funcionalidades como la facilidad de compartir una localizaci\u00f3n exacta.<\/p>\n<p>Tambi\u00e9n cuenta con otras funciones en dispositivos m\u00f3viles, como el GPS que indica los pasos recorridos por el usuario y si coinciden o no con la ruta trazada. Entre otras ventajas incluye la funci\u00f3n de recordar d\u00f3nde se estaciono el autom\u00f3vil, comprobar el tr\u00e1fico, busca lugares cercanos, visualizar opiniones y rese\u00f1as.<\/p>\n<p>En el caso de las empresas de turismo, es muy \u00fatil para posicionar la empresa en el mapa, de forma que se pueda tener <a href='https:\/\/www.appyweb.es\/posicionamiento-web\/'>mayor relevancia en el posicionamiento web<\/a>, a la vez que los usuarios pueden comparar opiniones y valoraciones.<\/p>\n<p>\"}},\n{\"@type\":\"Question\",\"name\":\"Google Maps c\u00f3mo llegar\",\"acceptedAnswer\":{\"@type\":\"Answer\",\"text\":\"<\/p>\n<p>'C\u00f3mo llegar' es una funcionalidad de la aplicaci\u00f3n que permite <strong>crear rutas para llegar a un lugar en espec\u00edfico<\/strong>, el algoritmo de la herramienta tiene en cuenta diferentes aspectos, como la ruta con menor tiempo de llegada, el nivel de tr\u00e1fico y el tipo de transporte.<\/p>\n<p>Asimismo, aqu\u00ed se puede activar la navegaci\u00f3n GPS que indica el camino que va siguiendo el usuario (o el dispositivo) para verificar que se trata de la ruta correcta. Sin embargo, es importante verificar las direcciones o la \u00faltima actualizaci\u00f3n de la misma para evitar recorridos err\u00f3neos.<\/p>\n<p>\"}},\n{\"@type\":\"Question\",\"name\":\"\u00bfGoogle Earth es lo mismo?\",\"acceptedAnswer\":{\"@type\":\"Answer\",\"text\":\"No, aunque son muy similares y de hecho, Earth fue creada como apoyo para la apps de mapas. \u00c9sta variante fue dise\u00f1ada especialmente como una aplicaci\u00f3n de escritorio, por lo que incluso no es necesario tener conexi\u00f3n a Internet para visualizar algunos datos, aunque s\u00ed requiere de conexi\u00f3n para realizar actualizaciones de Street View y otras funciones.<\/p>\n<p>En este sentido, esta app tambi\u00e9n est\u00e1 m\u00e1s preparada para ofrecer resultados en 3D, de esta forma, se pueden ver gr\u00e1ficos m\u00e1s reales de las calles, as\u00ed como de cualquier lugar en la tierra incluyendo vegetaci\u00f3n y caminos alternativos. Sin embargo, los mapas cuentan con preferencia para navegaci\u00f3n en tiempo real.<\/p>\n<p>Extraoficialmente, durante el esc\u00e1ndalo de filtraci\u00f3n de documentos de Edward Snowden se conoci\u00f3 que estas aplicaciones de geolocalizaci\u00f3n estaban formando parte de un sistema de vigilancia mundial, donde estar\u00edan participando potencias mundiales como EEUU, China, Rusia e Inglaterra, incluyendo empresas de tecnolog\u00eda privadas. \"}}\n]}<\/script><\/p>\n<h2>M\u00e1s informaci\u00f3n sobre Google Maps<\/h2>\n<p>Actualmente, esta herramienta <strong>sigue teniendo una gran relevancia para el posicionamiento local<\/strong>, si quieres m\u00e1s informaci\u00f3n sobre ella no puedes dejar pasar los siguientes enlaces.<\/p>\n<ul>\n<li><a href=\"https:\/\/www.appyweb.es\/seo-local-manera-efectiva-potenciar-seo\/\">SEO Local, una manera efectiva de potenciar el SEO<\/a><\/li>\n<li><a href=\"https:\/\/es.wikipedia.org\/wiki\/Google_Maps#Caracter%C3%ADsticas\" rel=\"nofollow noopener\" target=\"_blank\">Caracter\u00edsticas de programa de Google Maps<\/a><\/li>\n<\/ul>\n<p>&nbsp;<\/p>\n","protected":false},"excerpt":{"rendered":"<p>Es una aplicaci\u00f3n que ofrece im\u00e1genes de mapas que se pueden deslizar en la pantalla, Google Maps obtiene esas im\u00e1genes desde sat\u00e9lites al rededor del mundo. Asimismo, tambi\u00e9n se apoya en una herramienta integrada conocida como Street View para generar im\u00e1genes de calle. \u00bfQu\u00e9 es Google Maps? Es una herramienta que alberga una gran cantidad [&hellip;]<\/p>\n","protected":false},"author":1,"featured_media":13935,"parent":0,"menu_order":0,"comment_status":"closed","ping_status":"closed","template":"","meta":{"inline_featured_image":false,"footnotes":""},"class_list":["post-1928","page","type-page","status-publish","has-post-thumbnail","hentry"],"_links":{"self":[{"href":"https:\/\/www.appyweb.es\/diccionario\/wp-json\/wp\/v2\/pages\/1928","targetHints":{"allow":["GET"]}}],"collection":[{"href":"https:\/\/www.appyweb.es\/diccionario\/wp-json\/wp\/v2\/pages"}],"about":[{"href":"https:\/\/www.appyweb.es\/diccionario\/wp-json\/wp\/v2\/types\/page"}],"author":[{"embeddable":true,"href":"https:\/\/www.appyweb.es\/diccionario\/wp-json\/wp\/v2\/users\/1"}],"replies":[{"embeddable":true,"href":"https:\/\/www.appyweb.es\/diccionario\/wp-json\/wp\/v2\/comments?post=1928"}],"version-history":[{"count":5,"href":"https:\/\/www.appyweb.es\/diccionario\/wp-json\/wp\/v2\/pages\/1928\/revisions"}],"predecessor-version":[{"id":13937,"href":"https:\/\/www.appyweb.es\/diccionario\/wp-json\/wp\/v2\/pages\/1928\/revisions\/13937"}],"wp:featuredmedia":[{"embeddable":true,"href":"https:\/\/www.appyweb.es\/diccionario\/wp-json\/wp\/v2\/media\/13935"}],"wp:attachment":[{"href":"https:\/\/www.appyweb.es\/diccionario\/wp-json\/wp\/v2\/media?parent=1928"}],"curies":[{"name":"wp","href":"https:\/\/api.w.org\/{rel}","templated":true}]}}