{"id":1951,"date":"2023-06-21T11:45:13","date_gmt":"2023-06-21T11:45:13","guid":{"rendered":"https:\/\/www.appyweb.es\/diccionario\/?page_id=1951"},"modified":"2024-04-08T14:34:29","modified_gmt":"2024-04-08T14:34:29","slug":"google-partners","status":"publish","type":"page","link":"https:\/\/www.appyweb.es\/diccionario\/google-partners\/","title":{"rendered":"Google Partners"},"content":{"rendered":"<figure id=\"attachment_13977\" aria-describedby=\"caption-attachment-13977\" style=\"width: 1000px\" class=\"wp-caption alignnone\"><img loading=\"lazy\" decoding=\"async\" class=\"size-full wp-image-13977\" src=\"https:\/\/www.appyweb.es\/diccionario\/wp-content\/uploads\/2024\/04\/GooglePartners.jpg\" alt=\"Google Partners\" width=\"1000\" height=\"600\" srcset=\"https:\/\/www.appyweb.es\/diccionario\/wp-content\/uploads\/2024\/04\/GooglePartners.jpg 1000w, https:\/\/www.appyweb.es\/diccionario\/wp-content\/uploads\/2024\/04\/GooglePartners-300x180.jpg 300w, https:\/\/www.appyweb.es\/diccionario\/wp-content\/uploads\/2024\/04\/GooglePartners-768x461.jpg 768w\" sizes=\"auto, (max-width: 1000px) 100vw, 1000px\" \/><figcaption id=\"caption-attachment-13977\" class=\"wp-caption-text\">Dos personas haciendo un trato por telefono.<\/figcaption><\/figure>\n<p>Es una herramienta que permite a agencias de publicidad gestionar varias cuentas de la plataforma Ads, al mismo tiempo, emite certificados que constatan el nivel de conocimiento de dichos expertos dentro de esa plataforma. <strong>Google Partners tambi\u00e9n permite conectar agencias y marcas<\/strong> para llevar a cabo estrategias de marketing.<\/p>\n<h2>\u00bfQu\u00e9 es Google Partners?<\/h2>\n<p>Es un servicio que otorga la insignia que verifica que una agencia o empresa de publicidad es competente y est\u00e1 en pleno <a href=\"https:\/\/www.appyweb.es\/campanas-google-adwords\/\">conocimiento de los servicios de Google Ads<\/a>. Pero, Google Partners tambi\u00e9n ofrece <strong>cursos sobre dichos productos publicitarios de forma gratuita<\/strong>, permitiendo que cualquier profesional de marketing pueda acceder a las certificaciones.<\/p>\n<p>Para ingresar a este servicio es indispensable haber realizado campa\u00f1as SEM en las herramientas de publicidad nombradas anteriormente, al mismo tiempo, se verificar\u00e1 la inversi\u00f3n total realizada as\u00ed como el rendimiento de los anuncios. Al mismo tiempo, al obtener la certificaci\u00f3n tambi\u00e9n se demuestra que se logr\u00f3 aumentar la base de datos de clientes en dichas campa\u00f1as.<\/p>\n<h2>\u00bfPara qu\u00e9 sirve?<\/h2>\n<p>Permite certificar a una empresa o un profesional en publicidad, tener este reconocimiento por parte de una empresa de marketing digital tan importante como Google, puede abrir puertas hacia muy buenas oportunidades de trabajo. En este sentido, ser uno de sus socios <strong>permite demostrar experiencia en maniobras para el presupuesto de Ads<\/strong> e ir un poco m\u00e1s all\u00e1 con las estrategias.<\/p>\n<p>Al mismo tiempo, es de mucha utilidad para las agencias de publicidad, ya que les permite ampliar horizontes y ganar m\u00e1s clientes, sin dudas, puede formar parte de una estrategia de reconocimiento para <a href=\"https:\/\/www.appyweb.es\/conversion-web\/\">obtener m\u00e1s conversiones web<\/a>, muchas empresas embeben sus insignias en el sitio web para mejorar su imagen.<\/p>\n<h2>\u00bfC\u00f3mo unirse a Google Partners?<\/h2>\n<ol>\n<li>Lo primero es acceder a la plataforma Ads.<\/li>\n<li>Despu\u00e9s, abrir el <a href=\"https:\/\/www.google.com\/partners\/\" rel=\"nofollow noopener\" target=\"_blank\">sitio web de Partners<\/a> y hacer clic en <em>unirse ahora<\/em>.<\/li>\n<li>A continuaci\u00f3n, aparecer\u00e1 un bloque con las condiciones de uso y responsabilidad, hacer clic en <em>aceptar<\/em>.<\/li>\n<li>Seguidamente, se selecciona la cuenta Ads de la empresa que se muestra en pantalla.<\/li>\n<li>Finalmente, <strong>se llena un formulario con nombre de la empresa, sitio web y localizaci\u00f3n<\/strong>.<\/li>\n<li>Hacer clic en <em>guardar<\/em> y listo, ya se tendr\u00e1 acceso a todas las bondades del programa de socios.<\/li>\n<li>En la misma cuenta aparecer\u00e1n los requisitos y dem\u00e1s para obtener las certificaciones.<\/li>\n<\/ol>\n<h2>Ventajas de ser socio de Google<\/h2>\n<ul>\n<li>Se tiene prioridad entre los clientes de Ads, sobre todo con las debidas insignias.<\/li>\n<li>Se pueden <strong>obtener especializaciones y cursos gratis para incrementar el valor de las certificaciones<\/strong>.<\/li>\n<li>Es posible certificarse solo en productos publicitarios muy espec\u00edficos.<\/li>\n<li>Las insignias tambi\u00e9n dan un toque de distinci\u00f3n a las agencias y las separa de la competencia.<\/li>\n<li>Los socios tienen m\u00e1s posibilidades de acceder a eventos especiales de Google y tratos preferenciales.<\/li>\n<li>Se dan a conocer ofertas y promociones exclusivas para los clientes actuales.<\/li>\n<\/ul>\n<p><script type=\"application\/ld+json\">{\"@context\":\"https:\/\/schema.org\",\"@type\":\"FAQPage\",\"mainEntity\":[ \n{\"@type\":\"Question\",\"name\":\"\u00bfQu\u00e9 es Google Partners?\",\"acceptedAnswer\":{\"@type\":\"Answer\",\"text\":\"<\/p>\n<p>Es un servicio que otorga la insignia que verifica que una agencia o empresa de publicidad es competente y est\u00e1 en pleno <a href='https:\/\/www.appyweb.es\/campanas-google-adwords\/'>conocimiento de los servicios de Google Ads<\/a>. Pero, Google Partners tambi\u00e9n ofrece <strong>cursos sobre dichos productos publicitarios de forma gratuita<\/strong>, permitiendo que cualquier profesional de marketing pueda acceder a las certificaciones.<\/p>\n<p>Para ingresar a este servicio es indispensable haber realizado campa\u00f1as SEM en las herramientas de publicidad nombradas anteriormente, al mismo tiempo, se verificar\u00e1 la inversi\u00f3n total realizada as\u00ed como el rendimiento de los anuncios. Al mismo tiempo, al obtener la certificaci\u00f3n tambi\u00e9n se demuestra que se logr\u00f3 aumentar la base de datos de clientes en dichas campa\u00f1as.<\/p>\n<p>\"}},\n{\"@type\":\"Question\",\"name\":\"\u00bfPara qu\u00e9 sirve?\",\"acceptedAnswer\":{\"@type\":\"Answer\",\"text\":\"<\/p>\n<p>Permite certificar a una empresa o un profesional en publicidad, tener este reconocimiento por parte de una empresa de marketing digital tan importante como Google, puede abrir puertas hacia muy buenas oportunidades de trabajo. En este sentido, ser uno de sus socios <strong>permite demostrar experiencia en maniobras para el presupuesto de Ads<\/strong> e ir un poco m\u00e1s all\u00e1 con las estrategias.<\/p>\n<p>Al mismo tiempo, es de mucha utilidad para las agencias de publicidad, ya que les permite ampliar horizontes y ganar m\u00e1s clientes, sin dudas, puede formar parte de una estrategia de reconocimiento para <a href='https:\/\/www.appyweb.es\/conversion-web\/'>obtener m\u00e1s conversiones web<\/a>, muchas empresas embeben sus insignias en el sitio web para mejorar su imagen. <\/p>\n<p>\"}},\n{\"@type\":\"Question\",\"name\":\"\u00bfC\u00f3mo unirse a Google Partners?\",\"acceptedAnswer\":{\"@type\":\"Answer\",\"text\":\"<\/p>\n<\/p>\n<\/p>\n<ol>\n<\/p>\n<\/p>\n<li>Lo primero es acceder a la plataforma Ads.<\/li>\n<\/p>\n<\/p>\n<\/p>\n<li>Despu\u00e9s, abrir el <a href='https:\/\/www.google.com\/partners\/'>sitio web de Partners<\/a> y hacer clic en <em>unirse ahora<\/em>.<\/li>\n<\/p>\n<\/p>\n<\/p>\n<li>A continuaci\u00f3n, aparecer\u00e1 un bloque con las condiciones de uso y responsabilidad, hacer clic en <em>aceptar<\/em>.<\/li>\n<\/p>\n<\/p>\n<\/p>\n<li>Seguidamente, se selecciona la cuenta Ads de la empresa que se muestra en pantalla.<\/li>\n<\/p>\n<\/p>\n<\/p>\n<li>Finalmente, <strong>se llena un formulario con nombre de la empresa, sitio web y localizaci\u00f3n<\/strong>.<\/li>\n<\/p>\n<\/p>\n<\/p>\n<li>Hacer clic en <em>guardar<\/em> y listo, ya se tendr\u00e1 acceso a todas las bondades del programa de socios.<\/li>\n<\/p>\n<\/p>\n<\/p>\n<li>En la misma cuenta aparecer\u00e1n los requisitos y dem\u00e1s para obtener las certificaciones.<\/li>\n<\/p>\n<\/ol>\n<\/p>\n<p>\"}},\n{\"@type\":\"Question\",\"name\":\"Ventajas de ser socio de Google\",\"acceptedAnswer\":{\"@type\":\"Answer\",\"text\":\"<\/p>\n<\/p>\n<\/p>\n<ul>\n<\/p>\n<\/p>\n<li>Se tiene prioridad entre los clientes de Ads, sobre todo con las debidas insignias.<\/li>\n<\/p>\n<\/p>\n<\/p>\n<li>Se pueden <strong>obtener especializaciones y cursos gratis para incrementar el valor de las certificaciones<\/strong>.<\/li>\n<\/p>\n<\/p>\n<\/p>\n<li>Es posible certificarse solo en productos publicitarios muy espec\u00edficos.<\/li>\n<\/p>\n<\/p>\n<\/p>\n<li>Las insignias tambi\u00e9n dan un toque de distinci\u00f3n a las agencias y las separa de la competencia.<\/li>\n<\/p>\n<\/p>\n<\/p>\n<li>Los socios tienen m\u00e1s posibilidades de acceder a eventos especiales de Google y tratos preferenciales.<\/li>\n<\/p>\n<\/p>\n<\/p>\n<li>Se dan a conocer ofertas y promociones exclusivas para los clientes actuales.<\/li>\n<\/p>\n<\/ul>\n<\/p>\n<p>\"}}\n]}<\/script><\/p>\n<h2>M\u00e1s informaci\u00f3n sobre Google Partners<\/h2>\n<p>\u00bfTienes una agencia de SEM? Entonces <strong>ser socio de esta gigante tecnol\u00f3gico puede abrirte a grandes escenarios profesionales<\/strong>, aqu\u00ed tienes m\u00e1s informaci\u00f3n para animarte a conseguir la certificaci\u00f3n de Ads.<\/p>\n<ul>\n<li><a href=\"https:\/\/www.appyweb.es\/diccionario\/especialistas-sem\/\">\u00bfQu\u00e9 son los Especialistas SEM y para qu\u00e9 sirven?<\/a><\/li>\n<li><a href=\"https:\/\/support.google.com\/google-ads\/topic\/9028737\" rel=\"nofollow noopener\" target=\"_blank\">C\u00f3mo obtener la certificaci\u00f3n de Google Ads<\/a><\/li>\n<\/ul>\n<p>&nbsp;<\/p>\n","protected":false},"excerpt":{"rendered":"<p>Es una herramienta que permite a agencias de publicidad gestionar varias cuentas de la plataforma Ads, al mismo tiempo, emite certificados que constatan el nivel de conocimiento de dichos expertos dentro de esa plataforma. Google Partners tambi\u00e9n permite conectar agencias y marcas para llevar a cabo estrategias de marketing. \u00bfQu\u00e9 es Google Partners? Es un [&hellip;]<\/p>\n","protected":false},"author":1,"featured_media":13977,"parent":0,"menu_order":0,"comment_status":"closed","ping_status":"closed","template":"","meta":{"inline_featured_image":false,"footnotes":""},"class_list":["post-1951","page","type-page","status-publish","has-post-thumbnail","hentry"],"_links":{"self":[{"href":"https:\/\/www.appyweb.es\/diccionario\/wp-json\/wp\/v2\/pages\/1951","targetHints":{"allow":["GET"]}}],"collection":[{"href":"https:\/\/www.appyweb.es\/diccionario\/wp-json\/wp\/v2\/pages"}],"about":[{"href":"https:\/\/www.appyweb.es\/diccionario\/wp-json\/wp\/v2\/types\/page"}],"author":[{"embeddable":true,"href":"https:\/\/www.appyweb.es\/diccionario\/wp-json\/wp\/v2\/users\/1"}],"replies":[{"embeddable":true,"href":"https:\/\/www.appyweb.es\/diccionario\/wp-json\/wp\/v2\/comments?post=1951"}],"version-history":[{"count":6,"href":"https:\/\/www.appyweb.es\/diccionario\/wp-json\/wp\/v2\/pages\/1951\/revisions"}],"predecessor-version":[{"id":13980,"href":"https:\/\/www.appyweb.es\/diccionario\/wp-json\/wp\/v2\/pages\/1951\/revisions\/13980"}],"wp:featuredmedia":[{"embeddable":true,"href":"https:\/\/www.appyweb.es\/diccionario\/wp-json\/wp\/v2\/media\/13977"}],"wp:attachment":[{"href":"https:\/\/www.appyweb.es\/diccionario\/wp-json\/wp\/v2\/media?parent=1951"}],"curies":[{"name":"wp","href":"https:\/\/api.w.org\/{rel}","templated":true}]}}