{"id":1971,"date":"2023-06-21T11:53:40","date_gmt":"2023-06-21T11:53:40","guid":{"rendered":"https:\/\/www.appyweb.es\/diccionario\/?page_id=1971"},"modified":"2024-04-09T07:28:18","modified_gmt":"2024-04-09T07:28:18","slug":"google-play-store","status":"publish","type":"page","link":"https:\/\/www.appyweb.es\/diccionario\/google-play-store\/","title":{"rendered":"Google Play Store"},"content":{"rendered":"<figure id=\"attachment_14000\" aria-describedby=\"caption-attachment-14000\" style=\"width: 1000px\" class=\"wp-caption alignnone\"><img loading=\"lazy\" decoding=\"async\" class=\"size-full wp-image-14000\" src=\"https:\/\/www.appyweb.es\/diccionario\/wp-content\/uploads\/2024\/04\/GooglePlayStore.jpg\" alt=\"Google Play Store\" width=\"1000\" height=\"600\" srcset=\"https:\/\/www.appyweb.es\/diccionario\/wp-content\/uploads\/2024\/04\/GooglePlayStore.jpg 1000w, https:\/\/www.appyweb.es\/diccionario\/wp-content\/uploads\/2024\/04\/GooglePlayStore-300x180.jpg 300w, https:\/\/www.appyweb.es\/diccionario\/wp-content\/uploads\/2024\/04\/GooglePlayStore-768x461.jpg 768w\" sizes=\"auto, (max-width: 1000px) 100vw, 1000px\" \/><figcaption id=\"caption-attachment-14000\" class=\"wp-caption-text\">Logo de Google Play Store<\/figcaption><\/figure>\n<p>Al momento de adquirir aplicaciones en un dispositivo inteligente es necesario utilizar una herramienta que permita obtenerlas de forma f\u00e1cil y segura. Este es el objetivo de Google Play Store, un <strong>servicio de marketplace para usuarios de dispositivos con un sistema operativo Android<\/strong>.<\/p>\n<h2>\u00bfQu\u00e9 es Google Play Store?<\/h2>\n<p>Es una tienda online de apps para dispositivos con sistema Android. Con ella se pueden descargar juegos, m\u00fasica, aplicaciones, pel\u00edculas, libros, etc. De esta forma, se garantiza que todo el contenido descargado sea seguro y verificado, as\u00ed <strong>se evitan da\u00f1os por virus filtrados en el dispositivo<\/strong>.<\/p>\n<p>Pero, \u00e9sta tambi\u00e9n tiene funcionalidades en el mundo del marketing digital, especialmente para <a href=\"https:\/\/www.appyweb.es\/desarrollo-app\/\">promocionar proyectos de desarrollo de apps<\/a>. Al igual que el buscador de Google, \u00e9sta herramienta tambi\u00e9n cuenta con diferentes par\u00e1metros que definen el posicionamiento de una aplicaci\u00f3n, por lo que mientras m\u00e1s optimizada est\u00e9, m\u00e1s r\u00e1pido llegar\u00e1 a las primeras posiciones de los resultados de b\u00fasquedas.<\/p>\n<p>Originalmente ten\u00eda el nombre de <em>Android Market. <\/em>Sin embargo, al fusionarse con el gigante de la tecnolog\u00eda, pas\u00f3 a llamarse <em>Google Play Store<\/em>. Con respecto a los n\u00fameros y estad\u00edsticas, esta tienda opera alrededor de m\u00e1s 50 mil millones de descargas y cuenta con millones de aplicaciones registradas.<\/p>\n<h2>\u00bfPara qu\u00e9 sirve?<\/h2>\n<p>Sirve principalmente para descargar gran variedad de aplicaciones (tanto pagas como gratuitas) de forma segura y confiable. Es <strong>compatible con cualquier dispositivo que tenga sistema operativo Android<\/strong>, por lo que puede ser utilizada en tablet, tel\u00e9fonos, ordenadores, relojes inteligentes, etc.<\/p>\n<p>Por otro lado, como se mencion\u00f3 anteriormente, es una herramienta que <a href=\"https:\/\/www.appyweb.es\/posicionamiento-web\/\">permite un tipo de posicionamiento web<\/a>, para esto se emplean factores de SEO como la utilizaci\u00f3n de palabras clave, etiquetas, categor\u00edas, una buena descripci\u00f3n, entre otros aspectos.<\/p>\n<h2>\u00bfC\u00f3mo descargar una aplicaci\u00f3n?<\/h2>\n<p><strong>Descargar cualquier aplicaci\u00f3n en Google Play Store es muy f\u00e1cil<\/strong>, si se quiere adquirir una aplicaci\u00f3n de pago, solo se deben proporcionar los datos del m\u00e9todo de cobro y continuar con el mismo proceso.<\/p>\n<ol>\n<li>Acceder al market place y buscar el nombre de la aplicaci\u00f3n.<\/li>\n<li>Hacer clic en la aplicaci\u00f3n, leer los requerimientos, aceptar permisos y finalmente, hacer clic en <em>descargar<\/em>.<\/li>\n<li>Esperar el tiempo requerido hasta que se descargue (la velocidad de la descarga depender\u00e1 del tama\u00f1o de la aplicaci\u00f3n y la velocidad de la conexi\u00f3n).<\/li>\n<li>Una vez instalada, empieza a disfrutar de la aplicaci\u00f3n.<\/li>\n<\/ol>\n<h2>\u00bfC\u00f3mo actualizar las apps de Google Play Store?<\/h2>\n<p>El sistema Android solicitar\u00e1 actualizaciones de forma constante, de forma que las apps sigan funcionando sin problemas. Pero, a parte de la actualizaci\u00f3n del sistema, se deben realizar las descargas de las nuevas versiones de las apps desde la tienda online, el procedimiento es el siguiente.<\/p>\n<ol>\n<li>Hacer clic en el men\u00fa dentro de la herramienta de Play Store.<\/li>\n<li>Dentro de las etiqueta <em>Mis apps y juegos<\/em> se ver\u00e1 una lista de todas las apps instaladas.<\/li>\n<li>Todas las aplicaciones con nuevas versiones tendr\u00e1n un bot\u00f3n que indica \u00abactualizar\u00bb.<\/li>\n<li>Se puede seleccionar una por una o hacer clic en el bot\u00f3n \u00abactualizar todas\u00bb en el men\u00fa principal.<\/li>\n<li>Y listo, <strong>todas empezar\u00e1n a descargarse y estar\u00e1n listas para utilizar<\/strong>.<\/li>\n<\/ol>\n<p><script type=\"application\/ld+json\">{\"@context\":\"https:\/\/schema.org\",\"@type\":\"FAQPage\",\"mainEntity\":[ \n{\"@type\":\"Question\",\"name\":\"\u00bfQu\u00e9 es Google Play Store?\",\"acceptedAnswer\":{\"@type\":\"Answer\",\"text\":\"<\/p>\n<p>Es una tienda online de apps para dispositivos con sistema Android. Con ella se pueden descargar juegos, m\u00fasica, aplicaciones, pel\u00edculas, libros, etc. De esta forma, se garantiza que todo el contenido descargado sea seguro y verificado, as\u00ed <strong>se evitan da\u00f1os por virus filtrados en el dispositivo<\/strong>.<\/p>\n<p>Pero, \u00e9sta tambi\u00e9n tiene funcionalidades en el mundo del marketing digital, especialmente para <a href='https:\/\/www.appyweb.es\/desarrollo-app\/'>promocionar proyectos de desarrollo de apps<\/a>. Al igual que el buscador de Google, \u00e9sta herramienta tambi\u00e9n cuenta con diferentes par\u00e1metros que definen el posicionamiento de una aplicaci\u00f3n, por lo que mientras m\u00e1s optimizada est\u00e9, m\u00e1s r\u00e1pido llegar\u00e1 a las primeras posiciones de los resultados de b\u00fasquedas.<\/p>\n<p>Originalmente ten\u00eda el nombre de <em>Android Market. <\/em>Sin embargo, al fusionarse con el gigante de la tecnolog\u00eda, pas\u00f3 a llamarse <em>Google Play Store<\/em>. Con respecto a los n\u00fameros y estad\u00edsticas, esta tienda opera alrededor de m\u00e1s 50 mil millones de descargas y cuenta con millones de aplicaciones registradas.<\/p>\n<p>\"}},\n{\"@type\":\"Question\",\"name\":\"\u00bfPara qu\u00e9 sirve?\",\"acceptedAnswer\":{\"@type\":\"Answer\",\"text\":\"<\/p>\n<p>Sirve principalmente para descargar gran variedad de aplicaciones (tanto pagas como gratuitas) de forma segura y confiable. Es <strong>compatible con cualquier dispositivo que tenga sistema operativo Android<\/strong>, por lo que puede ser utilizada en tablet, tel\u00e9fonos, ordenadores, relojes inteligentes, etc.<\/p>\n<p>Por otro lado, como se mencion\u00f3 anteriormente, es una herramienta que <a href='https:\/\/www.appyweb.es\/posicionamiento-web\/'>permite un tipo de posicionamiento web<\/a>, para esto se emplean factores de SEO como la utilizaci\u00f3n de palabras clave, etiquetas, categor\u00edas, una buena descripci\u00f3n, entre otros aspectos.<\/p>\n<p>\"}},\n{\"@type\":\"Question\",\"name\":\"\u00bfC\u00f3mo descargar una aplicaci\u00f3n?\",\"acceptedAnswer\":{\"@type\":\"Answer\",\"text\":\"<\/p>\n<p><strong>Descargar cualquier aplicaci\u00f3n en Google Play Store es muy f\u00e1cil<\/strong>, si se quiere adquirir una aplicaci\u00f3n de pago, solo se deben proporcionar los datos del m\u00e9todo de cobro y continuar con el mismo proceso.<\/p>\n<\/p>\n<\/p>\n<ol>\n<\/p>\n<\/p>\n<li>Acceder al market place y buscar el nombre de la aplicaci\u00f3n.<\/li>\n<\/p>\n<\/p>\n<\/p>\n<li>Hacer clic en la aplicaci\u00f3n, leer los requerimientos, aceptar permisos y finalmente, hacer clic en <em>descargar<\/em>.<\/li>\n<\/p>\n<\/p>\n<\/p>\n<li>Esperar el tiempo requerido hasta que se descargue (la velocidad de la descarga depender\u00e1 del tama\u00f1o de la aplicaci\u00f3n y la velocidad de la conexi\u00f3n).<\/li>\n<\/p>\n<\/p>\n<\/p>\n<li>Una vez instalada, empieza a disfrutar de la aplicaci\u00f3n.<\/li>\n<\/p>\n<\/ol>\n<\/p>\n<p>\"}},\n{\"@type\":\"Question\",\"name\":\"\u00bfC\u00f3mo actualizar las apps de Google Play Store?\",\"acceptedAnswer\":{\"@type\":\"Answer\",\"text\":\"<\/p>\n<p>El sistema Android solicitar\u00e1 actualizaciones de forma constante, de forma que las apps sigan funcionando sin problemas. Pero, a parte de la actualizaci\u00f3n del sistema, se deben realizar las descargas de las nuevas versiones de las apps desde la tienda online, el procedimiento es el siguiente.<\/p>\n<\/p>\n<\/p>\n<ol>\n<\/p>\n<\/p>\n<li>Hacer clic en el men\u00fa dentro de la herramienta de Play Store.<\/li>\n<\/p>\n<\/p>\n<\/p>\n<li>Dentro de las etiqueta <em>Mis apps y juegos<\/em> se ver\u00e1 una lista de todas las apps instaladas.<\/li>\n<\/p>\n<\/p>\n<\/p>\n<li>Todas las aplicaciones con nuevas versiones tendr\u00e1n un bot\u00f3n que indica 'actualizar'.<\/li>\n<\/p>\n<\/p>\n<\/p>\n<li>Se puede seleccionar una por una o hacer clic en el bot\u00f3n 'actualizar todas' en el men\u00fa principal.<\/li>\n<\/p>\n<\/p>\n<\/p>\n<li>Y listo, <strong>todas empezar\u00e1n a descargarse y estar\u00e1n listas para utilizar<\/strong>.<\/li>\n<\/p>\n<\/ol>\n<\/p>\n<p>\"}}\n]}<\/script><\/p>\n<h2>M\u00e1s informaci\u00f3n sobre Google Play Store<\/h2>\n<p>\u00bfQuieres saber m\u00e1s sobre posicionamiento para tu aplicaci\u00f3n? Aqu\u00ed tienes un par de enlaces que te pueden ayudar.<\/p>\n<ul>\n<li><a href=\"https:\/\/www.appyweb.es\/monetizacion-de-tu-proyecto-web-o-app\/\">Monetizar tu proyecto Web o App<\/a><\/li>\n<li><a href=\"https:\/\/es.wikipedia.org\/wiki\/Google_Play#Clasificaci%C3%B3n_de_aplicaciones\" rel=\"nofollow noopener\" target=\"_blank\">Clasificaci\u00f3n de aplicaciones en Play Store<\/a><\/li>\n<\/ul>\n<p>&nbsp;<\/p>\n","protected":false},"excerpt":{"rendered":"<p>Al momento de adquirir aplicaciones en un dispositivo inteligente es necesario utilizar una herramienta que permita obtenerlas de forma f\u00e1cil y segura. Este es el objetivo de Google Play Store, un servicio de marketplace para usuarios de dispositivos con un sistema operativo Android. \u00bfQu\u00e9 es Google Play Store? Es una tienda online de apps para [&hellip;]<\/p>\n","protected":false},"author":1,"featured_media":14000,"parent":0,"menu_order":0,"comment_status":"closed","ping_status":"closed","template":"","meta":{"inline_featured_image":false,"footnotes":""},"class_list":["post-1971","page","type-page","status-publish","has-post-thumbnail","hentry"],"_links":{"self":[{"href":"https:\/\/www.appyweb.es\/diccionario\/wp-json\/wp\/v2\/pages\/1971","targetHints":{"allow":["GET"]}}],"collection":[{"href":"https:\/\/www.appyweb.es\/diccionario\/wp-json\/wp\/v2\/pages"}],"about":[{"href":"https:\/\/www.appyweb.es\/diccionario\/wp-json\/wp\/v2\/types\/page"}],"author":[{"embeddable":true,"href":"https:\/\/www.appyweb.es\/diccionario\/wp-json\/wp\/v2\/users\/1"}],"replies":[{"embeddable":true,"href":"https:\/\/www.appyweb.es\/diccionario\/wp-json\/wp\/v2\/comments?post=1971"}],"version-history":[{"count":7,"href":"https:\/\/www.appyweb.es\/diccionario\/wp-json\/wp\/v2\/pages\/1971\/revisions"}],"predecessor-version":[{"id":14006,"href":"https:\/\/www.appyweb.es\/diccionario\/wp-json\/wp\/v2\/pages\/1971\/revisions\/14006"}],"wp:featuredmedia":[{"embeddable":true,"href":"https:\/\/www.appyweb.es\/diccionario\/wp-json\/wp\/v2\/media\/14000"}],"wp:attachment":[{"href":"https:\/\/www.appyweb.es\/diccionario\/wp-json\/wp\/v2\/media?parent=1971"}],"curies":[{"name":"wp","href":"https:\/\/api.w.org\/{rel}","templated":true}]}}