{"id":198,"date":"2023-06-19T13:52:00","date_gmt":"2023-06-19T13:52:00","guid":{"rendered":"https:\/\/www.appyweb.es\/diccionario\/?page_id=198"},"modified":"2024-02-20T00:24:06","modified_gmt":"2024-02-20T00:24:06","slug":"auditor-seo","status":"publish","type":"page","link":"https:\/\/www.appyweb.es\/diccionario\/auditor-seo\/","title":{"rendered":"Auditor SEO"},"content":{"rendered":"<p><img loading=\"lazy\" decoding=\"async\" class=\"wp-image-11200 \" src=\"https:\/\/www.appyweb.es\/diccionario\/wp-content\/uploads\/2024\/02\/images.png\" alt=\"Definici\u00f3n de Auditor SEO en el Diccionario Online\" width=\"884\" height=\"884\" srcset=\"https:\/\/www.appyweb.es\/diccionario\/wp-content\/uploads\/2024\/02\/images.png 225w, https:\/\/www.appyweb.es\/diccionario\/wp-content\/uploads\/2024\/02\/images-150x150.png 150w\" sizes=\"auto, (max-width: 884px) 100vw, 884px\" \/><\/p>\n<p>Es el profesional encargado de realizar las auditor\u00edas de la optimizaci\u00f3n para motores de b\u00fasqueda, forma parte del equipo de marketing digital y se encarga de\u00a0<strong>evaluar todas las estrategias empleadas para el posicionamiento<\/strong>.<\/p>\n<h3>\u00bfRazones para hacer una auditor\u00eda SEO?<\/h3>\n<p>Las causas m\u00e1s conocidas del <a href=\"https:\/\/www.appyweb.es\/auditoria-seo\/\">por qu\u00e9 se llevan a cabo las auditor\u00edas SEO<\/a>, son las siguientes:<\/p>\n<ul>\n<li>Disminuci\u00f3n de las visitas a los sitios digitales.<\/li>\n<li>Cambio del dise\u00f1o de la p\u00e1gina.<\/li>\n<li>Para una mayor optimizaci\u00f3n del sitio online.<\/li>\n<li>Evaluar fallos en los aspectos t\u00e9cnicos.<\/li>\n<li>Para verificar si las palabras claves son las adecuadas, para el posicionamiento de la web.<\/li>\n<\/ul>\n<h3>\u00bfPara qu\u00e9 sirve el auditor SEO?<\/h3>\n<p>Su trabajo es <strong>encontrar los fallos que atentan contra el posicionamiento de un sitio web<\/strong>, para hacer esto debe utilizar un conjunto de diferentes <a href=\"https:\/\/www.appyweb.es\/diccionario\/google-analytics\/\">herramientas de an\u00e1lisis como Google Analytics<\/a>.<br \/>\nDesde all\u00ed, puede hacer comparaciones con las estrategias del pasado y determinar cu\u00e1les pueden ser las mejores soluciones para aumentar el tr\u00e1fico en el futuro.<\/p>\n<p>M\u00e1s espec\u00edficamente, este profesional tiene la tarea de conocer por qu\u00e9 las p\u00e1ginas no tienen las visitas que esperan y el por qu\u00e9 no se genera el tr\u00e1fico correspondiente.<br \/>\nAsimismo, es importante que \u00e9ste haga un chequeo completo a la p\u00e1gina, para observar si existe alg\u00fan inconveniente con indexaci\u00f3n, visibilidad, relevancia y la autoridad, que <strong>son algunos de los factores importantes en los sitios para su posicionamiento<\/strong>.<\/p>\n<p>Una vez realizada la evaluaci\u00f3n pertinente, puede formar un equipo con otros profesionales como el dise\u00f1ador web, para ejecutar un plan que permita la optimizaci\u00f3n de la respectiva p\u00e1gina.<\/p>\n<h3>Ejemplo del auditor SEO<\/h3>\n<p>Aqu\u00ed en Appyweb contamos con este servicio, nuestros profesionales se encargan de realizar lo que llamamos el <em>mapa para solucionar problemas<\/em>.<br \/>\nConsiste en localizar cu\u00e1les son esas p\u00e1ginas que no est\u00e1n optimizadas en Google y entender cu\u00e1les son los aspectos que est\u00e1n fallando.<br \/>\nPosteriormente, <strong>este experto puede indicar diferentes niveles para solucionarlo<\/strong>, de forma que se pueden determinar las mejores estrategias en compa\u00f1\u00eda del cliente.<\/p>\n<p><script type=\"application\/ld+json\">{\"@context\":\"https:\/\/schema.org\",\"@type\":\"FAQPage\",\"mainEntity\":[ \n{\"@type\":\"Question\",\"name\":\"\u00bfRazones para hacer una auditor\u00eda SEO?\",\"acceptedAnswer\":{\"@type\":\"Answer\",\"text\":\"<\/p>\n<\/p>\n<\/p>\n<p>Las causas m\u00e1s conocidas del <a href='https:\/\/diseno20.appyweb.es\/auditoria-seo\/'>por qu\u00e9 se llevan a cabo las auditor\u00edas SEO<\/a>, son las siguientes:<\/p>\n<p>\n<span data-mce-type=\"bookmark\" style=\"display: inline-block; width: 0px; overflow: hidden; line-height: 0;\" class=\"mce_SELRES_start\">\ufeff<\/span>\n<\/p>\n<li>Disminuci\u00f3n de las visitas a los sitios digitales.<\/li>\n<li>Cambio del dise\u00f1o de la p\u00e1gina.<\/li>\n<li>Para una mayor optimizaci\u00f3n del sitio online.<\/li>\n<li>Evaluar fallos en los aspectos t\u00e9cnicos.<\/li>\n<li>Para verificar si las palabras claves son las adecuadas, para el posicionamiento de la web.<\/li>\n<p>\"}},\n{\"@type\":\"Question\",\"name\":\"\u00bfPara qu\u00e9 sirve el auditor SEO?\",\"acceptedAnswer\":{\"@type\":\"Answer\",\"text\":\"<\/p>\n<\/p>\n<p>Su trabajo es <strong>encontrar los fallos que atentan contra el posicionamiento de un sitio web<\/strong>, para hacer esto debe utilizar un conjunto de diferentes <a href='https:\/\/www.appyweb.es\/diccionario\/google-analytics\/'>herramientas de an\u00e1lisis como Google Analytics<\/a>. Desde all\u00ed, puede hacer comparaciones con las estrategias del pasado y determinar cu\u00e1les pueden ser las mejores soluciones para aumentar el tr\u00e1fico en el futuro.\n<\/p>\n<p>M\u00e1s espec\u00edficamente, este profesional tiene la tarea de conocer por qu\u00e9 las p\u00e1ginas no tienen las visitas que esperan y el por qu\u00e9 no se genera el tr\u00e1fico correspondiente. Asimismo, es importante que \u00e9ste haga un chequeo completo a la p\u00e1gina, para observar si existe alg\u00fan inconveniente con indexaci\u00f3n, visibilidad, relevancia y la autoridad, que <strong>son algunos de los factores importantes en los sitios para su posicionamiento<\/strong>.<\/p>\n<\/p>\n<p>Una vez realizada la evaluaci\u00f3n pertinente, puede formar un equipo con otros profesionales como el dise\u00f1ador web, para ejecutar un plan que permita la optimizaci\u00f3n de la respectiva p\u00e1gina.<\/p>\n<\/p>\n<p>\"}},\n{\"@type\":\"Question\",\"name\":\"Ejemplo del auditor SEO\",\"acceptedAnswer\":{\"@type\":\"Answer\",\"text\":\"<\/p>\n<\/p>\n<\/p>\n<p>Aqu\u00ed en Appyweb contamos con este servicio, nuestros profesionales se encargan de realizar lo que llamamos el <em>mapa para solucionar problemas<\/em>. Consiste en localizar cu\u00e1les son esas p\u00e1ginas que no est\u00e1n optimizadas en Google y entender cu\u00e1les son los aspectos que est\u00e1n fallando. Posteriormente, <strong>este experto puede indicar diferentes niveles para solucionarlo<\/strong>, de forma que se pueden determinar las mejores estrategias en compa\u00f1\u00eda del cliente.<\/p>\n<\/p>\n<\/p>\n<p>\"}}\n]}<\/script><\/p>\n<h2><span id=\"%F0%9F%93%8C_Mas_informacion_sobre_auditor_SEO\" class=\"ez-toc-section\"><\/span>M\u00e1s informaci\u00f3n sobre auditor SEO<\/h2>\n<ul>\n<li><a href=\"https:\/\/diseno20.appyweb.es\/seo-empresas\/\" rel=\"nofollow noopener\" target=\"_blank\">SEO fundamental para posicionar tu web<\/a>.<\/li>\n<li><a href=\"https:\/\/tecno.americaeconomia.com\/resenas\/con-estas-herramientas-de-analisis-seo-mejoraras-tu-posicion-en-buscadores\" rel=\"nofollow noopener\" target=\"_blank\">Con estas herramientas de an\u00e1lisis SEO mejorar\u00e1s tu posici\u00f3n en buscadores<\/a>.<\/li>\n<\/ul>\n","protected":false},"excerpt":{"rendered":"<p>Es el profesional encargado de realizar las auditor\u00edas de la optimizaci\u00f3n para motores de b\u00fasqueda, forma parte del equipo de marketing digital y se encarga de\u00a0evaluar todas las estrategias empleadas para el posicionamiento. \u00bfRazones para hacer una auditor\u00eda SEO? Las causas m\u00e1s conocidas del por qu\u00e9 se llevan a cabo las auditor\u00edas SEO, son las [&hellip;]<\/p>\n","protected":false},"author":1,"featured_media":11200,"parent":0,"menu_order":0,"comment_status":"closed","ping_status":"closed","template":"","meta":{"inline_featured_image":false,"footnotes":""},"class_list":["post-198","page","type-page","status-publish","has-post-thumbnail","hentry"],"_links":{"self":[{"href":"https:\/\/www.appyweb.es\/diccionario\/wp-json\/wp\/v2\/pages\/198","targetHints":{"allow":["GET"]}}],"collection":[{"href":"https:\/\/www.appyweb.es\/diccionario\/wp-json\/wp\/v2\/pages"}],"about":[{"href":"https:\/\/www.appyweb.es\/diccionario\/wp-json\/wp\/v2\/types\/page"}],"author":[{"embeddable":true,"href":"https:\/\/www.appyweb.es\/diccionario\/wp-json\/wp\/v2\/users\/1"}],"replies":[{"embeddable":true,"href":"https:\/\/www.appyweb.es\/diccionario\/wp-json\/wp\/v2\/comments?post=198"}],"version-history":[{"count":8,"href":"https:\/\/www.appyweb.es\/diccionario\/wp-json\/wp\/v2\/pages\/198\/revisions"}],"predecessor-version":[{"id":11267,"href":"https:\/\/www.appyweb.es\/diccionario\/wp-json\/wp\/v2\/pages\/198\/revisions\/11267"}],"wp:featuredmedia":[{"embeddable":true,"href":"https:\/\/www.appyweb.es\/diccionario\/wp-json\/wp\/v2\/media\/11200"}],"wp:attachment":[{"href":"https:\/\/www.appyweb.es\/diccionario\/wp-json\/wp\/v2\/media?parent=198"}],"curies":[{"name":"wp","href":"https:\/\/api.w.org\/{rel}","templated":true}]}}