{"id":2015,"date":"2023-06-21T13:23:04","date_gmt":"2023-06-21T13:23:04","guid":{"rendered":"https:\/\/www.appyweb.es\/diccionario\/?page_id=2015"},"modified":"2024-04-10T07:06:22","modified_gmt":"2024-04-10T07:06:22","slug":"grupos-de-anuncios","status":"publish","type":"page","link":"https:\/\/www.appyweb.es\/diccionario\/grupos-de-anuncios\/","title":{"rendered":"Grupos de Anuncios"},"content":{"rendered":"<figure id=\"attachment_14158\" aria-describedby=\"caption-attachment-14158\" style=\"width: 1000px\" class=\"wp-caption alignnone\"><img loading=\"lazy\" decoding=\"async\" class=\"size-full wp-image-14158\" src=\"https:\/\/www.appyweb.es\/diccionario\/wp-content\/uploads\/2024\/04\/GruposdeAnuncios.jpg\" alt=\"Grupos de Anuncios\" width=\"1000\" height=\"600\" srcset=\"https:\/\/www.appyweb.es\/diccionario\/wp-content\/uploads\/2024\/04\/GruposdeAnuncios.jpg 1000w, https:\/\/www.appyweb.es\/diccionario\/wp-content\/uploads\/2024\/04\/GruposdeAnuncios-300x180.jpg 300w, https:\/\/www.appyweb.es\/diccionario\/wp-content\/uploads\/2024\/04\/GruposdeAnuncios-768x461.jpg 768w\" sizes=\"auto, (max-width: 1000px) 100vw, 1000px\" \/><figcaption id=\"caption-attachment-14158\" class=\"wp-caption-text\">Muchas personas con un megafono y un portatil.<\/figcaption><\/figure>\n<p>Se trata de una caracter\u00edstica propia de las plataformas de publicidad en Internet, <strong>los grupos de anuncios suelen contener diferentes opciones<\/strong> para cada una de las campa\u00f1as emitidas por el anunciante. \u00c9ste t\u00e9rmino se populariz\u00f3 debido a la plataforma de Google Ads.<\/p>\n<h2>\u00bfQu\u00e9 son grupos de anuncios?<\/h2>\n<p>Se trata de una funcionalidad que permite separar los Ads por segmentos, diferenci\u00e1ndolos seg\u00fan el tema. Por ejemplo, se pueden agrupar seg\u00fan los tipos de productos o servicios, el rango de precios, las palabras clave, entre otros. Tiene su origen <a href=\"https:\/\/www.appyweb.es\/campanas-google-adwords\/\">en la plataforma de Google Adwords<\/a>, <strong>cuya funci\u00f3n es optimizar la organizaci\u00f3n de las campa\u00f1as de los anunciantes<\/strong>.<\/p>\n<p>Sin embargo, los grupos de anuncios tambi\u00e9n est\u00e1n disponibles en diferentes plataformas de publicidad, tanto para buscadores, como en redes sociales. Estos tienen el objetivo de organizar diferentes categor\u00edas, dependiendo de la variedad de productos o palabra clave que se vayan a utilizar en la publicidad. Por ejemplo, una tienda online que venda postres puede tener diferentes compilados separados por pasteles, bocadillos y galletas.<\/p>\n<h2>\u00bfPara qu\u00e9 sirve los grupos de anuncios?<\/h2>\n<p>Como se mencion\u00f3 anteriormente, sirven p<strong>ara categorizar diferentes tipos de publicidades dentro de una campa\u00f1a<\/strong>. La plataforma de Ads tiene una configuraci\u00f3n espec\u00edfica para esto, pero tambi\u00e9n se puede conseguir en <a href=\"https:\/\/www.appyweb.es\/campanas-facebook-ads\/\">otras plataformas como Facebook Ads<\/a> y cualquier plataforma de distribuci\u00f3n publicitaria en Internet.<\/p>\n<p>Al mismo tiempo, una de sus funciones principales es mantener un alto nivel de organizaci\u00f3n de las campa\u00f1as. Gracias a esta configuraci\u00f3n, es posible realizar los cambios oportunos a una serie de Ads de forma simult\u00e1nea, mientras que se obtienen m\u00e9tricas m\u00e1s detalladas sobre los resultados.<\/p>\n<h2>\u00bfC\u00f3mo funcionan los grupos de anuncios?<\/h2>\n<p>Para hacer publicaciones en los grupos de anuncios, la empresa debe pagar una cuota asignada por Ads, seg\u00fan el importe que est\u00e1 dispuesto a pagar en la subasta. Tambi\u00e9n se debe <strong>indicar el tiempo que se quiera tener el ad en los buscadores<\/strong> y otras plataformas de display.<\/p>\n<p>Este m\u00e9todo es efectivo para aquellas empresas, que necesitan aumentar las ventas y tambi\u00e9n para dar a conocer un producto nuevo. Pero sobre todo, permite ajustar las ofertas seg\u00fan el tipo de usuario al que se dirige, de esta forma, cada publicidad ser\u00e1 distribuida seg\u00fan las palabras claves y otras caracter\u00edsticas configuradas por el anunciante.<\/p>\n<p>La distribuci\u00f3n ser\u00e1 acorde a los intereses de los usuarios, sin necesidad de dirigirse a un nicho de mercado espec\u00edfico, sino a varios a la vez y pertenecientes al mismo mercado.<\/p>\n<h2>\u00bfC\u00f3mo crear un grupo de anuncios en Ads?<\/h2>\n<ol>\n<li>En primer lugar es necesario acceder a la plataforma de la herramienta.<\/li>\n<li>En el men\u00fa desplegado en el lateral izquierdo de la pantalla se selecciona la opci\u00f3n <em>grupo de anuncios<\/em>.<\/li>\n<li>Seguidamente, se hace clic en el signo de <em>m\u00e1s<\/em> (+) para a\u00f1adir una nueva selecci\u00f3n dentro de una campa\u00f1a.<\/li>\n<li>Para editar, solo hace falta hacer clic en el icono de l\u00e1piz junto a la configuraci\u00f3n.<\/li>\n<\/ol>\n<p><script type=\"application\/ld+json\">{\"@context\":\"https:\/\/schema.org\",\"@type\":\"FAQPage\",\"mainEntity\":[ \n{\"@type\":\"Question\",\"name\":\"\u00bfQu\u00e9 son grupos de anuncios?\",\"acceptedAnswer\":{\"@type\":\"Answer\",\"text\":\"<\/p>\n<p>Se trata de una funcionalidad que permite separar los Ads por segmentos, diferenci\u00e1ndolos seg\u00fan el tema. Por ejemplo, se pueden agrupar seg\u00fan los tipos de productos o servicios, el rango de precios, las palabras clave, entre otros. Tiene su origen <a href='https:\/\/www.appyweb.es\/campanas-google-adwords\/'>en la plataforma de Google Adwords<\/a>, <strong>cuya funci\u00f3n es optimizar la organizaci\u00f3n de las campa\u00f1as de los anunciantes<\/strong>.<\/p>\n<p>Sin embargo, los grupos de anuncios tambi\u00e9n est\u00e1n disponibles en diferentes plataformas de publicidad, tanto para buscadores, como en redes sociales. Estos tienen el objetivo de organizar diferentes categor\u00edas, dependiendo de la variedad de productos o palabra clave que se vayan a utilizar en la publicidad. Por ejemplo, una tienda online que venda postres puede tener diferentes compilados separados por pasteles, bocadillos y galletas.<\/p>\n<p>\"}},\n{\"@type\":\"Question\",\"name\":\"\u00bfPara qu\u00e9 sirve los grupos de anuncios?\",\"acceptedAnswer\":{\"@type\":\"Answer\",\"text\":\"<\/p>\n<p>Como se mencion\u00f3 anteriormente, sirven p<strong>ara categorizar diferentes tipos de publicidades dentro de una campa\u00f1a<\/strong>. La plataforma de Ads tiene una configuraci\u00f3n espec\u00edfica para esto, pero tambi\u00e9n se puede conseguir en <a href='https:\/\/www.appyweb.es\/campanas-facebook-ads\/'>otras plataformas como Facebook Ads<\/a> y cualquier plataforma de distribuci\u00f3n publicitaria en Internet.<\/p>\n<p>Al mismo tiempo, una de sus funciones principales es mantener un alto nivel de organizaci\u00f3n de las campa\u00f1as. Gracias a esta configuraci\u00f3n, es posible realizar los cambios oportunos a una serie de Ads de forma simult\u00e1nea, mientras que se obtienen m\u00e9tricas m\u00e1s detalladas sobre los resultados.<\/p>\n<p>\"}},\n{\"@type\":\"Question\",\"name\":\"\u00bfC\u00f3mo funcionan los grupos de anuncios?\",\"acceptedAnswer\":{\"@type\":\"Answer\",\"text\":\"<\/p>\n<p>Para hacer publicaciones en los grupos de anuncios, la empresa debe pagar una cuota asignada por Ads, seg\u00fan el importe que est\u00e1 dispuesto a pagar en la subasta. Tambi\u00e9n se debe <strong>indicar el tiempo que se quiera tener el ad en los buscadores<\/strong> y otras plataformas de display.<\/p>\n<p>Este m\u00e9todo es efectivo para aquellas empresas, que necesitan aumentar las ventas y tambi\u00e9n para dar a conocer un producto nuevo. Pero sobre todo, permite ajustar las ofertas seg\u00fan el tipo de usuario al que se dirige, de esta forma, cada publicidad ser\u00e1 distribuida seg\u00fan las palabras claves y otras caracter\u00edsticas configuradas por el anunciante.<\/p>\n<p>La distribuci\u00f3n ser\u00e1 acorde a los intereses de los usuarios, sin necesidad de dirigirse a un nicho de mercado espec\u00edfico, sino a varios a la vez y pertenecientes al mismo mercado.<\/p>\n<p>\"}},\n{\"@type\":\"Question\",\"name\":\"\u00bfC\u00f3mo crear un grupo de anuncios en Ads?\",\"acceptedAnswer\":{\"@type\":\"Answer\",\"text\":\"<\/p>\n<\/p>\n<ol>\n<\/p>\n<li>En primer lugar es necesario acceder a la plataforma de la herramienta.<\/li>\n<\/p>\n<li>En el men\u00fa desplegado en el lateral izquierdo de la pantalla se selecciona la opci\u00f3n <em>grupo de anuncios<\/em>.<\/li>\n<\/p>\n<li>Seguidamente, se hace clic en el signo de <em>m\u00e1s<\/em> (+) para a\u00f1adir una nueva selecci\u00f3n dentro de una campa\u00f1a.<\/li>\n<\/p>\n<li>Para editar, solo hace falta hacer clic en el icono de l\u00e1piz junto a la configuraci\u00f3n.<\/li>\n<\/ol>\n<p>\"}}\n]}<\/script><\/p>\n<h2>M\u00e1s informaci\u00f3n sobre grupo de anuncios<\/h2>\n<p>Recuerda que la plataforma de ads de Google trabaja con un sistema de pago CPC o pago por clic, mira c\u00f3mo puedes determinar esta oferta seg\u00fan tu configuraci\u00f3n, haz clic en los siguientes enlaces.<\/p>\n<ul>\n<li><a href=\"https:\/\/www.appyweb.es\/los-mejores-consejos-tus-campanas-google-adwords\/\">Los mejores consejos para tus campa\u00f1as en Google Adwords<\/a><\/li>\n<li><a href=\"https:\/\/support.google.com\/google-ads\/answer\/2375408\" rel=\"nofollow noopener\" target=\"_blank\">C\u00f3mo establecer la oferta predeterminada de su grupo de anuncios<\/a><\/li>\n<\/ul>\n<p>&nbsp;<\/p>\n","protected":false},"excerpt":{"rendered":"<p>Se trata de una caracter\u00edstica propia de las plataformas de publicidad en Internet, los grupos de anuncios suelen contener diferentes opciones para cada una de las campa\u00f1as emitidas por el anunciante. \u00c9ste t\u00e9rmino se populariz\u00f3 debido a la plataforma de Google Ads. \u00bfQu\u00e9 son grupos de anuncios? Se trata de una funcionalidad que permite separar [&hellip;]<\/p>\n","protected":false},"author":1,"featured_media":14158,"parent":0,"menu_order":0,"comment_status":"closed","ping_status":"closed","template":"","meta":{"inline_featured_image":false,"footnotes":""},"class_list":["post-2015","page","type-page","status-publish","has-post-thumbnail","hentry"],"_links":{"self":[{"href":"https:\/\/www.appyweb.es\/diccionario\/wp-json\/wp\/v2\/pages\/2015","targetHints":{"allow":["GET"]}}],"collection":[{"href":"https:\/\/www.appyweb.es\/diccionario\/wp-json\/wp\/v2\/pages"}],"about":[{"href":"https:\/\/www.appyweb.es\/diccionario\/wp-json\/wp\/v2\/types\/page"}],"author":[{"embeddable":true,"href":"https:\/\/www.appyweb.es\/diccionario\/wp-json\/wp\/v2\/users\/1"}],"replies":[{"embeddable":true,"href":"https:\/\/www.appyweb.es\/diccionario\/wp-json\/wp\/v2\/comments?post=2015"}],"version-history":[{"count":5,"href":"https:\/\/www.appyweb.es\/diccionario\/wp-json\/wp\/v2\/pages\/2015\/revisions"}],"predecessor-version":[{"id":14162,"href":"https:\/\/www.appyweb.es\/diccionario\/wp-json\/wp\/v2\/pages\/2015\/revisions\/14162"}],"wp:featuredmedia":[{"embeddable":true,"href":"https:\/\/www.appyweb.es\/diccionario\/wp-json\/wp\/v2\/media\/14158"}],"wp:attachment":[{"href":"https:\/\/www.appyweb.es\/diccionario\/wp-json\/wp\/v2\/media?parent=2015"}],"curies":[{"name":"wp","href":"https:\/\/api.w.org\/{rel}","templated":true}]}}