{"id":2028,"date":"2023-06-21T13:30:11","date_gmt":"2023-06-21T13:30:11","guid":{"rendered":"https:\/\/www.appyweb.es\/diccionario\/?page_id=2028"},"modified":"2024-03-28T16:18:44","modified_gmt":"2024-03-28T16:18:44","slug":"etiqueta-h1","status":"publish","type":"page","link":"https:\/\/www.appyweb.es\/diccionario\/etiqueta-h1\/","title":{"rendered":"Etiqueta H1"},"content":{"rendered":"<h1><img loading=\"lazy\" decoding=\"async\" class=\"alignnone  wp-image-12790\" src=\"https:\/\/www.appyweb.es\/diccionario\/wp-content\/uploads\/2024\/03\/H1-300x180.jpg\" alt=\"H1\" width=\"998\" height=\"599\" srcset=\"https:\/\/www.appyweb.es\/diccionario\/wp-content\/uploads\/2024\/03\/H1-300x180.jpg 300w, https:\/\/www.appyweb.es\/diccionario\/wp-content\/uploads\/2024\/03\/H1-768x461.jpg 768w, https:\/\/www.appyweb.es\/diccionario\/wp-content\/uploads\/2024\/03\/H1.jpg 1000w\" sizes=\"auto, (max-width: 998px) 100vw, 998px\" \/><\/h1>\n<p>Esta etiqueta es utilizada en el encabezado de la p\u00e1gina, se utiliza con frecuencia para identificar el primer t\u00edtulo. <strong>El H1 es un elemento del HTML y permite resaltar el t\u00edtulo<\/strong> con un tama\u00f1o m\u00e1s grande que las otras opciones de titulaci\u00f3n, como H2, H3 y H4.<\/p>\n<h2>\u00bfQu\u00e9 es la etiqueta H1?<\/h2>\n<p>La etiqueta H1 se usa por lo general en el dise\u00f1o de p\u00e1ginas web, para especificar el primer t\u00edtulo, pero tambi\u00e9n <strong>para identificar lo que est\u00e1 escrito en la cabecera<\/strong>, que puede ser el nombre de la marca. Es el elemento m\u00e1s importante de la titulaci\u00f3n, ya que tiene un papel fundamental <a href=\"https:\/\/www.appyweb.es\/posicionamiento-web\/\">al momento del posicionamiento web<\/a>, los buscadores lo tienen en cuenta para posicionar el enlace en la p\u00e1gina de resultados.<\/p>\n<p>Pero tambi\u00e9n es de gran importancia para atraer usuarios, un buen t\u00edtulo principal suele ser suficiente para atraer m\u00e1s tr\u00e1fico web o aumentar la tasa de clics (CTR), es por eso que su optimizaci\u00f3n deber\u00e1 ser relevante, tanto para los buscadores como para los visitantes.<\/p>\n<h2>\u00bfPara qu\u00e9 sirve la etiqueta H1?<\/h2>\n<p>Sirve para <strong>diferenciar el primer t\u00edtulo del contenido restante<\/strong>, por lo que es de diferente tama\u00f1o y dise\u00f1o de letra. Permiten estructurar mejor el texto y el contenido, de esta forma, el usuario navegar\u00e1 por el mismo de forma natural, por lo que el H1 es un elemento indispensable en las <a href=\"https:\/\/www.appyweb.es\/marketing-de-contenidos\/\">estrategias de marketing de contenidos<\/a>.<\/p>\n<p>Esto tambi\u00e9n tiene repercusi\u00f3n en la optimizaci\u00f3n para buscadores, ya que si se tiene una buena estructura se obtendr\u00e1 una <strong>mejor calificaci\u00f3n en la experiencia de navegaci\u00f3n del usuario<\/strong>. Al mismo tiempo, es importante recordar que el algoritmo de Google funciona de forma similar a un usuario, por lo que si se le facilita la lectura, es m\u00e1s probable tener una alta calificaci\u00f3n para las SERP\\&#8217;s.<\/p>\n<h2>\u00bfC\u00f3mo saber cu\u00e1l es el t\u00edtulo de una p\u00e1gina?<\/h2>\n<p>Como se mencion\u00f3 anteriormente, se trata de un elemento en el c\u00f3digo HTML, por lo tanto, es necesario visualizarlo para identificar el t\u00edtulo. Aqu\u00ed es importante realizar una peque\u00f1a diferencia, en ocasiones <strong>el H1 ser\u00e1 el t\u00edtulo principal y se utilizar\u00e1 dicho t\u00e9rmino dentro del c\u00f3digo<\/strong>, pero otras veces la etiqueta <em>title<\/em> ser\u00e1 el m\u00e1s importante para el SEO.<\/p>\n<p>Entonces, al revisar el c\u00f3digo la estructura ser\u00eda la siguiente.<\/p>\n<p><em>&lt;html&gt;<\/em><\/p>\n<p><em>&lt;head&gt;<\/em><\/p>\n<p><em>&lt;title&gt;Nombre de la p\u00e1gina&lt;\/title&gt;<\/em><\/p>\n<p><em>&lt;\/head&gt;<\/em><\/p>\n<h2>Ejemplos de t\u00edtulos SEO<\/h2>\n<p>Los mejores <strong>H1 para posicionar normalmente describen una lista<\/strong>, por ejemplo, \u00ablos 10 mejores t\u00edtulos de todos los tiempos\u00bb. Pero, tambi\u00e9n existen varias alternativas interesantes como \u00ab\u00bfsab\u00edas que&#8230;?, el nombre de la marca m\u00e1s una localizaci\u00f3n, una noticia, etc. Aqu\u00ed puedes ver algunos ejemplos.<\/p>\n<ul>\n<li>5 herramientas recomendadas por Google.<\/li>\n<li>Nike tiene una nueva oferta para sus clientes en Madrid.<\/li>\n<li>\u00bfSab\u00edas que la NASA identific\u00f3 restos de agua en la luna?<\/li>\n<\/ul>\n<p><script type=\"application\/ld+json\">{\"@context\":\"https:\/\/schema.org\",\"@type\":\"FAQPage\",\"mainEntity\":[ \n{\"@type\":\"Question\",\"name\":\"\u00bfQu\u00e9 es la etiqueta H1?\",\"acceptedAnswer\":{\"@type\":\"Answer\",\"text\":\"<\/p>\n<p>La etiqueta H1 se usa por lo general en el dise\u00f1o de p\u00e1ginas web, para especificar el primer t\u00edtulo, pero tambi\u00e9n <strong>para identificar lo que est\u00e1 escrito en la cabecera<\/strong>, que puede ser el nombre de la marca. Es el elemento m\u00e1s importante de la titulaci\u00f3n, ya que tiene un papel fundamental <a href='https:\/\/www.appyweb.es\/posicionamiento-web\/'>al momento del posicionamiento web<\/a>, los buscadores lo tienen en cuenta para posicionar el enlace en la p\u00e1gina de resultados.<\/p>\n<p>Pero tambi\u00e9n es de gran importancia para atraer usuarios, un buen t\u00edtulo principal suele ser suficiente para atraer m\u00e1s tr\u00e1fico web o aumentar la tasa de clics (CTR), es por eso que su optimizaci\u00f3n deber\u00e1 ser relevante, tanto para los buscadores como para los visitantes.<\/p>\n<p>\"}},\n{\"@type\":\"Question\",\"name\":\"\u00bfPara qu\u00e9 sirve la etiqueta H1?\",\"acceptedAnswer\":{\"@type\":\"Answer\",\"text\":\"<\/p>\n<p>Sirve para <strong>diferenciar el primer t\u00edtulo del contenido restante<\/strong>, por lo que es de diferente tama\u00f1o y dise\u00f1o de letra. Permiten estructurar mejor el texto y el contenido, de esta forma, el usuario navegar\u00e1 por el mismo de forma natural, por lo que el H1 es un elemento indispensable en las <a href='https:\/\/www.appyweb.es\/marketing-de-contenidos\/'>estrategias de marketing de contenidos<\/a>.<\/p>\n<p>Esto tambi\u00e9n tiene repercusi\u00f3n en la optimizaci\u00f3n para buscadores, ya que si se tiene una buena estructura se obtendr\u00e1 una <strong>mejor calificaci\u00f3n en la experiencia de navegaci\u00f3n del usuario<\/strong>. Al mismo tiempo, es importante recordar que el algoritmo de Google funciona de forma similar a un usuario, por lo que si se le facilita la lectura, es m\u00e1s probable tener una alta calificaci\u00f3n para las SERP\\'s.<\/p>\n<p>\"}},\n{\"@type\":\"Question\",\"name\":\"\u00bfC\u00f3mo saber cu\u00e1l es el t\u00edtulo de una p\u00e1gina?\",\"acceptedAnswer\":{\"@type\":\"Answer\",\"text\":\"<\/p>\n<p>Como se mencion\u00f3 anteriormente, se trata de un elemento en el c\u00f3digo HTML, por lo tanto, es necesario visualizarlo para identificar el t\u00edtulo. Aqu\u00ed es importante realizar una peque\u00f1a diferencia, en ocasiones <strong>el H1 ser\u00e1 el t\u00edtulo principal y se utilizar\u00e1 dicho t\u00e9rmino dentro del c\u00f3digo<\/strong>, pero otras veces la etiqueta <em>title<\/em> ser\u00e1 el m\u00e1s importante para el SEO.<\/p>\n<p>Entonces, al revisar el c\u00f3digo la estructura ser\u00eda la siguiente.<\/p>\n<p><em><html><\/em><\/p>\n<p><em><head><\/em><\/p>\n<p><em><title>Nombre de la p\u00e1gina<\/title><\/em><\/p>\n<p><em><\/head><\/em><\/p>\n<p>\"}},\n{\"@type\":\"Question\",\"name\":\"Ejemplos de t\u00edtulos SEO\",\"acceptedAnswer\":{\"@type\":\"Answer\",\"text\":\"<\/p>\n<p>Los mejores <strong>H1 para posicionar normalmente describen una lista<\/strong>, por ejemplo, 'los 10 mejores t\u00edtulos de todos los tiempos'. Pero, tambi\u00e9n existen varias alternativas interesantes como '\u00bfsab\u00edas que...?, el nombre de la marca m\u00e1s una localizaci\u00f3n, una noticia, etc. Aqu\u00ed puedes ver algunos ejemplos.<\/p>\n<\/p>\n<\/p>\n<ul>\n<\/p>\n<\/p>\n<li>5 herramientas recomendadas por Google.<\/li>\n<\/p>\n<\/p>\n<\/p>\n<li>Nike tiene una nueva oferta para sus clientes en Madrid.<\/li>\n<\/p>\n<\/p>\n<\/p>\n<li>\u00bfSab\u00edas que la NASA identific\u00f3 restos de agua en la luna?<\/li>\n<\/p>\n<\/ul>\n<\/p>\n<p>\"}}\n]}<\/script><\/p>\n<h2>M\u00e1s informaci\u00f3n sobre H1<\/h2>\n<p>Titular para SEO puede parecer un poco intimidante, pero lo \u00fanico que <strong>no debes olvidar es incluir tus palabras clave<\/strong>. Aqu\u00ed tienes un par de enlaces que te ayudar\u00e1n con tus etiquetas de H1 y titulaci\u00f3n.<\/p>\n<ul>\n<li><a href=\"https:\/\/www.appyweb.es\/diccionario\/marcas-jerarquia-hn\/\">\u00bfQu\u00e9 son las Marcas de jerarqu\u00eda Hn y para qu\u00e9 sirven?<\/a><\/li>\n<li><a href=\"https:\/\/www.trecebits.com\/2020\/11\/18\/diez-trucos-seo-para-principiantes\/\" rel=\"nofollow noopener\" target=\"_blank\">Diez trucos SEO para principiantes<\/a><\/li>\n<\/ul>\n<p>&nbsp;<\/p>\n","protected":false},"excerpt":{"rendered":"<p>Esta etiqueta es utilizada en el encabezado de la p\u00e1gina, se utiliza con frecuencia para identificar el primer t\u00edtulo. El H1 es un elemento del HTML y permite resaltar el t\u00edtulo con un tama\u00f1o m\u00e1s grande que las otras opciones de titulaci\u00f3n, como H2, H3 y H4. \u00bfQu\u00e9 es la etiqueta H1? La etiqueta H1 [&hellip;]<\/p>\n","protected":false},"author":1,"featured_media":12790,"parent":0,"menu_order":0,"comment_status":"closed","ping_status":"closed","template":"","meta":{"inline_featured_image":false,"footnotes":""},"class_list":["post-2028","page","type-page","status-publish","has-post-thumbnail","hentry"],"_links":{"self":[{"href":"https:\/\/www.appyweb.es\/diccionario\/wp-json\/wp\/v2\/pages\/2028","targetHints":{"allow":["GET"]}}],"collection":[{"href":"https:\/\/www.appyweb.es\/diccionario\/wp-json\/wp\/v2\/pages"}],"about":[{"href":"https:\/\/www.appyweb.es\/diccionario\/wp-json\/wp\/v2\/types\/page"}],"author":[{"embeddable":true,"href":"https:\/\/www.appyweb.es\/diccionario\/wp-json\/wp\/v2\/users\/1"}],"replies":[{"embeddable":true,"href":"https:\/\/www.appyweb.es\/diccionario\/wp-json\/wp\/v2\/comments?post=2028"}],"version-history":[{"count":6,"href":"https:\/\/www.appyweb.es\/diccionario\/wp-json\/wp\/v2\/pages\/2028\/revisions"}],"predecessor-version":[{"id":12791,"href":"https:\/\/www.appyweb.es\/diccionario\/wp-json\/wp\/v2\/pages\/2028\/revisions\/12791"}],"wp:featuredmedia":[{"embeddable":true,"href":"https:\/\/www.appyweb.es\/diccionario\/wp-json\/wp\/v2\/media\/12790"}],"wp:attachment":[{"href":"https:\/\/www.appyweb.es\/diccionario\/wp-json\/wp\/v2\/media?parent=2028"}],"curies":[{"name":"wp","href":"https:\/\/api.w.org\/{rel}","templated":true}]}}