{"id":2037,"date":"2023-06-21T13:34:58","date_gmt":"2023-06-21T13:34:58","guid":{"rendered":"https:\/\/www.appyweb.es\/diccionario\/?page_id=2037"},"modified":"2024-04-10T07:56:57","modified_gmt":"2024-04-10T07:56:57","slug":"hardware","status":"publish","type":"page","link":"https:\/\/www.appyweb.es\/diccionario\/hardware\/","title":{"rendered":"Hardware"},"content":{"rendered":"<figure id=\"attachment_14200\" aria-describedby=\"caption-attachment-14200\" style=\"width: 1000px\" class=\"wp-caption alignnone\"><img loading=\"lazy\" decoding=\"async\" class=\"size-full wp-image-14200\" src=\"https:\/\/www.appyweb.es\/diccionario\/wp-content\/uploads\/2024\/04\/Hardware.jpg\" alt=\"Hardware\" width=\"1000\" height=\"600\" srcset=\"https:\/\/www.appyweb.es\/diccionario\/wp-content\/uploads\/2024\/04\/Hardware.jpg 1000w, https:\/\/www.appyweb.es\/diccionario\/wp-content\/uploads\/2024\/04\/Hardware-300x180.jpg 300w, https:\/\/www.appyweb.es\/diccionario\/wp-content\/uploads\/2024\/04\/Hardware-768x461.jpg 768w\" sizes=\"auto, (max-width: 1000px) 100vw, 1000px\" \/><figcaption id=\"caption-attachment-14200\" class=\"wp-caption-text\">Personas montando un ordenador de sobremesa.<\/figcaption><\/figure>\n<p>En inform\u00e1tica, se utiliza el t\u00e9rmino <strong>Hardware para hacer referencia a la parte f\u00edsica de un sistema<\/strong>, todo lo que puede ser tocado o ensamblado como los cables, gabinetes y cualquier otro elemento f\u00edsico es reconocido bajo este t\u00e9rmino.<\/p>\n<h2>\u00bfQu\u00e9 es Hardware?<\/h2>\n<p>Como se dijo anteriormente, el Hardware es la parte f\u00edsica y material de un ordenador, el cual est\u00e1 compuesto por elementos el\u00e9ctricos y mec\u00e1nicos tales como: memorias, discos duros y otras herramientas. En conjunto con el Software, <strong>trabajan juntos para que dicho equipo electr\u00f3nico pueda mantener su funci\u00f3n<\/strong>.<\/p>\n<p>La diferencia con \u00e9ste \u00faltimo es que el primero identifica a los compuestos f\u00edsicos y materiales de la PC que pueden reemplazarse. Mientras que el otro <strong>reconoce el sistema virtual que contiene la PC<\/strong>. Es una parte indispensable cuando se trata del desarrollo de nuevos <a href=\"https:\/\/www.appyweb.es\/desarrollo-app\/\">productos tecnol\u00f3gicos o aplicaciones exclusivas<\/a> para ellos.<\/p>\n<h2>Origen del Hardware<\/h2>\n<p>La primera generaci\u00f3n de estos sistemas tuvo su origen en 1945 \u2013 1956, se trat\u00f3 de una tecnolog\u00eda basada en tubos de vac\u00edo. A principio de los a\u00f1os 60 ya exist\u00eda una segunda generaci\u00f3n, basada en transistores que redujeron significativamente el tama\u00f1o de las computadoras. <strong>La tercera generaci\u00f3n se empez\u00f3 a comercializar en 1964<\/strong> y se ha estado utilizando hasta la actualidad, consiste en circuitos integrados, cuentan con mayor capacidad.<\/p>\n<p>Para el futuro se espera una tecnolog\u00eda avanzada que se origine a partir de circuitos de silicio.<\/p>\n<h2>\u00bfPara qu\u00e9 sirve?<\/h2>\n<p>Como se sabe el hardware no puede trabajar solo, por lo que viene acompa\u00f1ado del software. Pero, la funci\u00f3n principal del primero es garantizar el control al usuario, maximizando su experiencia de uso. Un sistema b\u00e1sico suele estar compuesto por pantalla, rat\u00f3n o mouse, teclado y la torre.<\/p>\n<p>Sin embargo, <strong>actualmente existen muchos tipos que se diferencian por unidades y dispositivos<\/strong>, como m\u00f3viles, tecnolog\u00eda de las cosas, etc.<\/p>\n<h2>Caracter\u00edsticas del Hardware<\/h2>\n<p>Para identificar las caracter\u00edsticas de este sistema <strong>es importante conocer el funcionamiento b\u00e1sico de una computadora<\/strong>, \u00e9stas llevan a cabo operaciones que se almacenan y se procesan para despu\u00e9s producir una salida de informaci\u00f3n. Estas etapas est\u00e1n ligadas al sistema f\u00edsico de la siguiente forma.<\/p>\n<ul>\n<li><strong>Unidad central<\/strong>: Se encarga del procesamiento de datos.<\/li>\n<li><strong>Memoria<\/strong>: Almacena dichos datos.<\/li>\n<li><strong>Disco duro<\/strong>: Es el perif\u00e9rico de entrada y salida de datos.<\/li>\n<\/ul>\n<p><script type=\"application\/ld+json\">{\"@context\":\"https:\/\/schema.org\",\"@type\":\"FAQPage\",\"mainEntity\":[ \n{\"@type\":\"Question\",\"name\":\"\u00bfQu\u00e9 es Hardware?\",\"acceptedAnswer\":{\"@type\":\"Answer\",\"text\":\"<\/p>\n<p>Como se dijo anteriormente, el Hardware es la parte f\u00edsica y material de un ordenador, el cual est\u00e1 compuesto por elementos el\u00e9ctricos y mec\u00e1nicos tales como: memorias, discos duros y otras herramientas. En conjunto con el Software, <strong>trabajan juntos para que dicho equipo electr\u00f3nico pueda mantener su funci\u00f3n<\/strong>.<\/p>\n<p>La diferencia con \u00e9ste \u00faltimo es que el primero identifica a los compuestos f\u00edsicos y materiales de la PC que pueden reemplazarse. Mientras que el otro <strong>reconoce el sistema virtual que contiene la PC<\/strong>. Es una parte indispensable cuando se trata del desarrollo de nuevos <a href='https:\/\/www.appyweb.es\/desarrollo-app\/'>productos tecnol\u00f3gicos o aplicaciones exclusivas<\/a> para ellos.<\/p>\n<p>\"}},\n{\"@type\":\"Question\",\"name\":\"Origen del Hardware\",\"acceptedAnswer\":{\"@type\":\"Answer\",\"text\":\"<\/p>\n<p>La primera generaci\u00f3n de estos sistemas tuvo su origen en 1945 \u2013 1956, se trat\u00f3 de una tecnolog\u00eda basada en tubos de vac\u00edo. A principio de los a\u00f1os 60 ya exist\u00eda una segunda generaci\u00f3n, basada en transistores que redujeron significativamente el tama\u00f1o de las computadoras. <strong>La tercera generaci\u00f3n se empez\u00f3 a comercializar en 1964<\/strong> y se ha estado utilizando hasta la actualidad, consiste en circuitos integrados, cuentan con mayor capacidad.<\/p>\n<p>Para el futuro se espera una tecnolog\u00eda avanzada que se origine a partir de circuitos de silicio.<\/p>\n<p>\"}},\n{\"@type\":\"Question\",\"name\":\"\u00bfPara qu\u00e9 sirve?\",\"acceptedAnswer\":{\"@type\":\"Answer\",\"text\":\"<\/p>\n<p>Como se sabe el hardware no puede trabajar solo, por lo que viene acompa\u00f1ado del software. Pero, la funci\u00f3n principal del primero es garantizar el control al usuario, maximizando su experiencia de uso. Un sistema b\u00e1sico suele estar compuesto por pantalla, rat\u00f3n o mouse, teclado y la torre.<\/p>\n<p>Sin embargo, <strong>actualmente existen muchos tipos que se diferencian por unidades y dispositivos<\/strong>, como m\u00f3viles, tecnolog\u00eda de las cosas, etc.<\/p>\n<p>\"}},\n{\"@type\":\"Question\",\"name\":\"Caracter\u00edsticas del Hardware\",\"acceptedAnswer\":{\"@type\":\"Answer\",\"text\":\"<\/p>\n<p>Para identificar las caracter\u00edsticas de este sistema <strong>es importante conocer el funcionamiento b\u00e1sico de una computadora<\/strong>, \u00e9stas llevan a cabo operaciones que se almacenan y se procesan para despu\u00e9s producir una salida de informaci\u00f3n. Estas etapas est\u00e1n ligadas al sistema f\u00edsico de la siguiente forma.<\/p>\n<\/p>\n<\/p>\n<ul>\n<\/p>\n<\/p>\n<li><strong>Unidad central<\/strong>: Se encarga del procesamiento de datos.<\/li>\n<\/p>\n<\/p>\n<\/p>\n<li><strong>Memoria<\/strong>: Almacena dichos datos.<\/li>\n<\/p>\n<\/p>\n<\/p>\n<li><strong>Disco duro<\/strong>: Es el perif\u00e9rico de entrada y salida de datos.<\/li>\n<\/p>\n<\/ul>\n<\/p>\n<p>\"}}\n]}<\/script><\/p>\n<h2>M\u00e1s informaci\u00f3n sobre Hardware<\/h2>\n<p>Al principio puede parecer dif\u00edcil identificar todas las funcionalidades del hardware, pero es necesario para saber c\u00f3mo funcionan las nuevas tecnolog\u00edas. Aqu\u00ed tienes m\u00e1s informaci\u00f3n para complementar.<\/p>\n<ul>\n<li><a href=\"https:\/\/www.appyweb.es\/apple-sigue-revolucionando-industria-tecnologica\/\">Apple sigue revolucionando la industria tecnol\u00f3gica<\/a><\/li>\n<li><a href=\"https:\/\/hardzone.es\/tutoriales\/componentes\/hardware-pc-errores-burradas\/\" rel=\"nofollow noopener\" target=\"_blank\">Todo lo que NO debes hacer con tu hardware<\/a><\/li>\n<\/ul>\n<p>&nbsp;<\/p>\n","protected":false},"excerpt":{"rendered":"<p>En inform\u00e1tica, se utiliza el t\u00e9rmino Hardware para hacer referencia a la parte f\u00edsica de un sistema, todo lo que puede ser tocado o ensamblado como los cables, gabinetes y cualquier otro elemento f\u00edsico es reconocido bajo este t\u00e9rmino. \u00bfQu\u00e9 es Hardware? Como se dijo anteriormente, el Hardware es la parte f\u00edsica y material de [&hellip;]<\/p>\n","protected":false},"author":1,"featured_media":14200,"parent":0,"menu_order":0,"comment_status":"closed","ping_status":"closed","template":"","meta":{"inline_featured_image":false,"footnotes":""},"class_list":["post-2037","page","type-page","status-publish","has-post-thumbnail","hentry"],"_links":{"self":[{"href":"https:\/\/www.appyweb.es\/diccionario\/wp-json\/wp\/v2\/pages\/2037","targetHints":{"allow":["GET"]}}],"collection":[{"href":"https:\/\/www.appyweb.es\/diccionario\/wp-json\/wp\/v2\/pages"}],"about":[{"href":"https:\/\/www.appyweb.es\/diccionario\/wp-json\/wp\/v2\/types\/page"}],"author":[{"embeddable":true,"href":"https:\/\/www.appyweb.es\/diccionario\/wp-json\/wp\/v2\/users\/1"}],"replies":[{"embeddable":true,"href":"https:\/\/www.appyweb.es\/diccionario\/wp-json\/wp\/v2\/comments?post=2037"}],"version-history":[{"count":6,"href":"https:\/\/www.appyweb.es\/diccionario\/wp-json\/wp\/v2\/pages\/2037\/revisions"}],"predecessor-version":[{"id":14203,"href":"https:\/\/www.appyweb.es\/diccionario\/wp-json\/wp\/v2\/pages\/2037\/revisions\/14203"}],"wp:featuredmedia":[{"embeddable":true,"href":"https:\/\/www.appyweb.es\/diccionario\/wp-json\/wp\/v2\/media\/14200"}],"wp:attachment":[{"href":"https:\/\/www.appyweb.es\/diccionario\/wp-json\/wp\/v2\/media?parent=2037"}],"curies":[{"name":"wp","href":"https:\/\/api.w.org\/{rel}","templated":true}]}}