{"id":207,"date":"2023-06-19T13:54:29","date_gmt":"2023-06-19T13:54:29","guid":{"rendered":"https:\/\/www.appyweb.es\/diccionario\/?page_id=207"},"modified":"2024-02-20T00:17:25","modified_gmt":"2024-02-20T00:17:25","slug":"auditoria-seo","status":"publish","type":"page","link":"https:\/\/www.appyweb.es\/diccionario\/auditoria-seo\/","title":{"rendered":"Auditor\u00eda SEO"},"content":{"rendered":"<p><img loading=\"lazy\" decoding=\"async\" class=\" wp-image-8367 aligncenter\" src=\"https:\/\/www.appyweb.es\/diccionario\/wp-content\/uploads\/2023\/08\/auditoria-SEO-significado-300x200.jpg\" alt=\"\" width=\"895\" height=\"596\" srcset=\"https:\/\/www.appyweb.es\/diccionario\/wp-content\/uploads\/2023\/08\/auditoria-SEO-significado-300x200.jpg 300w, https:\/\/www.appyweb.es\/diccionario\/wp-content\/uploads\/2023\/08\/auditoria-SEO-significado-1024x683.jpg 1024w, https:\/\/www.appyweb.es\/diccionario\/wp-content\/uploads\/2023\/08\/auditoria-SEO-significado-768x512.jpg 768w, https:\/\/www.appyweb.es\/diccionario\/wp-content\/uploads\/2023\/08\/auditoria-SEO-significado.jpg 1080w\" sizes=\"auto, (max-width: 895px) 100vw, 895px\" \/><\/p>\n<h1 class=\"entry-title main_title\">Auditor\u00eda SEO<\/h1>\n<p>Se trata de una pr\u00e1ctica donde se analizan todas las t\u00e9cnicas y estrategias de optimizaci\u00f3n para buscadores.<br \/>\nLa finalidad de la\u00a0<strong>auditor\u00eda SEO es encontrar los posibles fallos que evitan el correcto posicionamiento de un sitio web<\/strong>, para posteriormente plantear mejores estrategias y as\u00ed aumentar el nivel de tr\u00e1fico.<\/p>\n<h2>\u00bfQu\u00e9 es la auditor\u00eda SEO?<\/h2>\n<p>Este t\u00e9rmino se refiere al estudio que se realiza para analizar todas las <a href=\"https:\/\/www.appyweb.es\/posicionamiento-web\/\">estrategias que tengan que ver con el posicionamiento web<\/a> de un sitio en buscadores.<br \/>\nEste an\u00e1lisis se realiza de forma detallada a trav\u00e9s de diferentes informes, de forma que se pueda <strong>determinar m\u00e1s concretamente cu\u00e1les son los aspectos que influyen en la optimizaci\u00f3n.<\/strong><\/p>\n<p>Algunas de las caracter\u00edsticas que se estudian durante esta pr\u00e1ctica es la selecci\u00f3n de palabras clave o keywords, la estrategia de link building, la optimizaci\u00f3n dentro y fuera de la p\u00e1gina, la autoridad en Internet y otras caracter\u00edsticas relevantes.<\/p>\n<h2>\u00bfC\u00f3mo se usa?<\/h2>\n<p>Existen algunos lineamientos importantes a <a href=\"https:\/\/www.appyweb.es\/auditoria-seo\/\">tener en cuenta durante una auditor\u00eda SEO<\/a>, Los profesionales involucrados durante este proceso y las herramientas que utilizan.<br \/>\nEl encargado de llevar a cabo esta actividad debe ser el auditor SEO, es un profesional que est\u00e1 al tanto de todas las estrategias que se llevan a cabo en el sitio web y cu\u00e1les son los objetivos que se buscan.<\/p>\n<p>En cuanto a las herramientas, algunas de las m\u00e1s utilizadas son Google Analytics, Google Search Console, Ahrefs, entre otras.<br \/>\nEstas suelen emitir informes acerca de la velocidad de carga, las p\u00e1ginas m\u00e1s visitadas, las caracter\u00edsticas de la audiencia, las conversiones realizadas, entre otros aspectos relevantes.<\/p>\n<h2>\u00bfPara qu\u00e9 sirve la auditor\u00eda SEO?<\/h2>\n<p>Principalmente se orienta en buscar los puntos d\u00e9biles de una p\u00e1gina web, en lo que respecta a la optimizaci\u00f3n para buscadores.<br \/>\nTambi\u00e9n es importante que se detecten<strong> aspectos t\u00e9cnicos para garantizar el correcto desenvolvimiento de la plataforma. Algunos de estos son:<\/strong><\/p>\n<p>* B\u00fasqueda de errores 3XX,4XX o 5XX. Estos evitan que Google comprenda la estructura de la p\u00e1gina, ocasionando p\u00e9rdidas en las b\u00fasquedas.<br \/>\n* Es necesario verificar que la indexaci\u00f3n se lleve a cabo correctamente, para esto se emplean mapas de sitio y otros elementos.<br \/>\n* El an\u00e1lisis de las im\u00e1genes es importante, todas deben tener t\u00edtulo, un texto alternativo y nombre. Esto es lo que permite que sean relevantes para Google.<\/p>\n<h2>Ejemplos de su uso<\/h2>\n<p>Es complicado ofrecer un ejemplo de esta pr\u00e1ctica, porque realmente se trata de un informe que contiene gr\u00e1ficas y an\u00e1lisis acerca de las caracter\u00edsticas nombradas anteriormente.<br \/>\nEl profesional encargado de este proceso debe encargarse de dise\u00f1ar todo con esquema, <strong>para explicar los datos obtenidos con mayor facilidad.<\/strong><br \/>\nEste informe debe tener un \u00edndice y una lista de los objetivos que se buscan con cada estrategia analizada.<\/p>\n<p>Para tener un ejemplo m\u00e1s gr\u00e1fico, aqu\u00ed se puede ver una imagen de lo que ser\u00eda una auditor\u00eda b\u00e1sica realizada al sitio web de Google a trav\u00e9s de la herramienta de SEMRush.<\/p>\n<p><script type=\"application\/ld+json\">{\"@context\":\"https:\/\/schema.org\",\"@type\":\"FAQPage\",\"mainEntity\":[ \n{\"@type\":\"Question\",\"name\":\"\u00bfQu\u00e9 es la auditor\u00eda SEO?\",\"acceptedAnswer\":{\"@type\":\"Answer\",\"text\":\"Este t\u00e9rmino se refiere al estudio que se realiza para analizar todas las estrategias que tengan que ver con el posicionamiento web de un sitio en buscadores.\nEste an\u00e1lisis se realiza de forma detallada a trav\u00e9s de diferentes informes, de forma que se pueda determinar m\u00e1s concretamente cu\u00e1les son los aspectos que influyen en la optimizaci\u00f3n.<\/p>\n<p>Algunas de las caracter\u00edsticas que se estudian durante esta pr\u00e1ctica es la selecci\u00f3n de palabras clave o keywords, la estrategia de link building, la optimizaci\u00f3n dentro y fuera de la p\u00e1gina, la autoridad en Internet y otras caracter\u00edsticas relevantes.\"}},\n{\"@type\":\"Question\",\"name\":\"\u00bfC\u00f3mo se usa?\",\"acceptedAnswer\":{\"@type\":\"Answer\",\"text\":\"Existen algunos lineamientos importantes a tener en cuenta durante una auditor\u00eda SEO, Los profesionales involucrados durante este proceso y las herramientas que utilizan.\nEl encargado de llevar a cabo esta actividad debe ser el auditor SEO, es un profesional que est\u00e1 al tanto de todas las estrategias que se llevan a cabo en el sitio web y cu\u00e1les son los objetivos que se buscan.<\/p>\n<p>En cuanto a las herramientas, algunas de las m\u00e1s utilizadas son Google Analytics, Google Search Console, Ahrefs, entre otras.\nEstas suelen emitir informes acerca de la velocidad de carga, las p\u00e1ginas m\u00e1s visitadas, las caracter\u00edsticas de la audiencia, las conversiones realizadas, entre otros aspectos relevantes.\"}},\n{\"@type\":\"Question\",\"name\":\"\u00bfPara qu\u00e9 sirve la auditor\u00eda SEO?\",\"acceptedAnswer\":{\"@type\":\"Answer\",\"text\":\"Principalmente se orienta en buscar los puntos d\u00e9biles de una p\u00e1gina web, en lo que respecta a la optimizaci\u00f3n para buscadores.\nTambi\u00e9n es importante que se detecten aspectos t\u00e9cnicos para garantizar el correcto desenvolvimiento de la plataforma. Algunos de estos son:<\/p>\n<p>B\u00fasqueda de errores 3XX,4XX o 5XX. Estos evitan que Google comprenda la estructura de la p\u00e1gina, ocasionando p\u00e9rdidas en las b\u00fasquedas.\nEs necesario verificar que la indexaci\u00f3n se lleve a cabo correctamente, para esto se emplean mapas de sitio y otros elementos.\nEl an\u00e1lisis de las im\u00e1genes es importante, todas deben tener t\u00edtulo, un texto alternativo y nombre. Esto es lo que permite que sean relevantes para Google.\"}},\n{\"@type\":\"Question\",\"name\":\"Ejemplos de su uso\",\"acceptedAnswer\":{\"@type\":\"Answer\",\"text\":\"Es complicado ofrecer un ejemplo de esta pr\u00e1ctica, porque realmente se trata de un informe que contiene gr\u00e1ficas y an\u00e1lisis acerca de las caracter\u00edsticas nombradas anteriormente.\nEl profesional encargado de este proceso debe encargarse de dise\u00f1ar todo con esquema, para explicar los datos obtenidos con mayor facilidad.\nEste informe debe tener un \u00edndice y una lista de los objetivos que se buscan con cada estrategia analizada.<\/p>\n<p>Para tener un ejemplo m\u00e1s gr\u00e1fico, aqu\u00ed se puede ver una imagen de lo que ser\u00eda una auditor\u00eda b\u00e1sica realizada al sitio web de Google a trav\u00e9s de la herramienta de SEMRush.\n\"}}\n]}<\/script><br \/>\n<img decoding=\"async\" src=\"https:\/\/www.appyweb.es\/wp-content\/uploads\/2020\/08\/auditoria-seo.jpg\" alt=\"auditoria-seo\" \/><\/p>\n<h2><span id=\"%F0%9F%93%8C_Mas_informacion_sobre_auditoria_SEO\" class=\"ez-toc-section\"><\/span>M\u00e1s informaci\u00f3n sobre auditor\u00eda SEO<\/h2>\n<ul>\n<li><a href=\"https:\/\/www.appyweb.es\/diccionario\/auditor-seo-youtube\/\">\u00bfQu\u00e9 es un auditor SEO y para qu\u00e9 sirve?<\/a><\/li>\n<li><a href=\"https:\/\/www.trecebits.com\/2020\/07\/21\/5-trucos-ocultos-de-google-search-console\/\" rel=\"nofollow noopener\" target=\"_blank\">5 trucos ocultos de Google Search Console<\/a>.<\/li>\n<\/ul>\n","protected":false},"excerpt":{"rendered":"<p>Auditor\u00eda SEO Se trata de una pr\u00e1ctica donde se analizan todas las t\u00e9cnicas y estrategias de optimizaci\u00f3n para buscadores. La finalidad de la\u00a0auditor\u00eda SEO es encontrar los posibles fallos que evitan el correcto posicionamiento de un sitio web, para posteriormente plantear mejores estrategias y as\u00ed aumentar el nivel de tr\u00e1fico. \u00bfQu\u00e9 es la auditor\u00eda SEO? [&hellip;]<\/p>\n","protected":false},"author":1,"featured_media":8367,"parent":0,"menu_order":0,"comment_status":"closed","ping_status":"closed","template":"","meta":{"inline_featured_image":false,"footnotes":""},"class_list":["post-207","page","type-page","status-publish","has-post-thumbnail","hentry"],"_links":{"self":[{"href":"https:\/\/www.appyweb.es\/diccionario\/wp-json\/wp\/v2\/pages\/207","targetHints":{"allow":["GET"]}}],"collection":[{"href":"https:\/\/www.appyweb.es\/diccionario\/wp-json\/wp\/v2\/pages"}],"about":[{"href":"https:\/\/www.appyweb.es\/diccionario\/wp-json\/wp\/v2\/types\/page"}],"author":[{"embeddable":true,"href":"https:\/\/www.appyweb.es\/diccionario\/wp-json\/wp\/v2\/users\/1"}],"replies":[{"embeddable":true,"href":"https:\/\/www.appyweb.es\/diccionario\/wp-json\/wp\/v2\/comments?post=207"}],"version-history":[{"count":12,"href":"https:\/\/www.appyweb.es\/diccionario\/wp-json\/wp\/v2\/pages\/207\/revisions"}],"predecessor-version":[{"id":11266,"href":"https:\/\/www.appyweb.es\/diccionario\/wp-json\/wp\/v2\/pages\/207\/revisions\/11266"}],"wp:featuredmedia":[{"embeddable":true,"href":"https:\/\/www.appyweb.es\/diccionario\/wp-json\/wp\/v2\/media\/8367"}],"wp:attachment":[{"href":"https:\/\/www.appyweb.es\/diccionario\/wp-json\/wp\/v2\/media?parent=207"}],"curies":[{"name":"wp","href":"https:\/\/api.w.org\/{rel}","templated":true}]}}