{"id":2075,"date":"2023-06-21T13:53:59","date_gmt":"2023-06-21T13:53:59","guid":{"rendered":"https:\/\/www.appyweb.es\/diccionario\/?page_id=2075"},"modified":"2024-04-10T10:31:37","modified_gmt":"2024-04-10T10:31:37","slug":"hoja-de-estilo","status":"publish","type":"page","link":"https:\/\/www.appyweb.es\/diccionario\/hoja-de-estilo\/","title":{"rendered":"Hoja de estilo"},"content":{"rendered":"<figure id=\"attachment_14312\" aria-describedby=\"caption-attachment-14312\" style=\"width: 1000px\" class=\"wp-caption alignnone\"><img loading=\"lazy\" decoding=\"async\" class=\"size-full wp-image-14312\" src=\"https:\/\/www.appyweb.es\/diccionario\/wp-content\/uploads\/2024\/04\/Hojadeestilo.jpg\" alt=\"Hoja de estilo\" width=\"1000\" height=\"600\" srcset=\"https:\/\/www.appyweb.es\/diccionario\/wp-content\/uploads\/2024\/04\/Hojadeestilo.jpg 1000w, https:\/\/www.appyweb.es\/diccionario\/wp-content\/uploads\/2024\/04\/Hojadeestilo-300x180.jpg 300w, https:\/\/www.appyweb.es\/diccionario\/wp-content\/uploads\/2024\/04\/Hojadeestilo-768x461.jpg 768w\" sizes=\"auto, (max-width: 1000px) 100vw, 1000px\" \/><figcaption id=\"caption-attachment-14312\" class=\"wp-caption-text\">Hoja de estilo de ejemplo de formato para una pagina web.<\/figcaption><\/figure>\n<p>B\u00e1sicamente, es un conjunto de instrucciones que indica el formato y el aspecto de la presentaci\u00f3n de contenido de Internet, es decir, el tama\u00f1o de las letras, el color del fondo, entre otros. Pero <strong>una hoja de estilo tambi\u00e9n se puede definir como un archivo de extensi\u00f3n<\/strong>, puede ser utilizado en una programaci\u00f3n digital, editar y perfeccionar una p\u00e1gina web.<\/p>\n<h2>\u00bfQu\u00e9 es una hoja de estilo?<\/h2>\n<p>Es un archivador en el que podemos explicar la fisonom\u00eda del sitio, donde <strong>se emplean una serie de etiquetas creadas por los usuarios<\/strong>. Antiguamente, el formato y el c\u00f3digo del HTML se encontraban unidos, pero gracias a las hojas de estilo (style sheets) ahora se pueden separar ambos aspectos para editarlos de forma independiente. De esta forma, <a href=\"https:\/\/www.appyweb.es\/diseno-web\/\">es indispensable para el dise\u00f1o web<\/a>, Desde all\u00ed se editaran las definiciones del formato, seg\u00fan la imagen que quiera reflejar el propietario.<\/p>\n<p>En este sentido, estos archivos de extensi\u00f3n tambi\u00e9n tienen la ventaja de <strong>garantizar que todas las p\u00e1ginas de un sitio web tengan el mismo aspecto y formato<\/strong>, todas las p\u00e1ginas pueden vincularse a una misma style sheet. De forma, cuando sea necesario editar algo, el cambio se ver\u00e1 efectuado instant\u00e1neamente en todos los recursos vinculados.<\/p>\n<h2>Origen<\/h2>\n<p>Su origen inicia con la creaci\u00f3n del archivo de extensi\u00f3n de lenguaje de programaci\u00f3n CSS, a trav\u00e9s de \u00e9ste tambi\u00e9n <strong>se crea un sistema de estructuraci\u00f3n por etiquetas<\/strong>. Esto permiti\u00f3 facilitar la separaci\u00f3n del c\u00f3digo y del formato, al mismo tiempo que los programadores podr\u00edan aumentar la efectividad de su trabajo, ordenando los sitios a trav\u00e9s de las hojas de estilo.<\/p>\n<p>En este sentido, se empezaron a utilizar las style sheets en cascada en el cuerpo del formato, all\u00ed se indican en encabezado, el t\u00edtulo, el tama\u00f1o del texto, la fuente utilizada, el color de la fuente, el color del fondo, los p\u00e1rrafos, entre otros.<\/p>\n<h2>\u00bfPara qu\u00e9 sirve?<\/h2>\n<p>Su funci\u00f3n principal es <strong>organizar las etiquetas utilizadas dentro del sitio<\/strong>, sobre todo las que tienen que ver con el aspecto visual. De esta forma, es m\u00e1s sencillo hacer las ediciones necesarias sin necesidad de recurrir al c\u00f3digo principal. Al mismo tiempo, su funcionalidad de editar todas las p\u00e1ginas de forma simult\u00e1nea permite que <a href=\"https:\/\/www.appyweb.es\/diseno-tienda-online\/\">el dise\u00f1o de la tienda online o e-commerce<\/a> sea m\u00e1s productivo.<\/p>\n<p>Asimismo, este elemento permite realizar un tratamiento de contenido eficaz, sin necesidad de tener conocimientos de programaci\u00f3n. De hecho, es una herramienta muy utilizada por programas de tratamiento de texto como Microsoft Word.<\/p>\n<h2>M\u00e1s informaci\u00f3n sobre hojas de estilo<\/h2>\n<p>\u00bfSab\u00edas que hay una gran cantidad de tipos de hojas de estilo? No solo de tipo cascada, existen otras opciones que puedes utilizar en CSS para editar tus p\u00e1ginas web, aqu\u00ed tienes m\u00e1s informaci\u00f3n al respecto.<\/p>\n<ul>\n<li><a href=\"https:\/\/www.appyweb.es\/diccionario\/etiqueta-h1\/\">\u00bfQu\u00e9 es el Etiqueta H1 y para qu\u00e9 sirve?<\/a><\/li>\n<li><a href=\"https:\/\/www.adrformacion.com\/knowledge\/programacion\/tipos_de_hojas_de_estilo_css_en_paginas_web.html\" rel=\"nofollow noopener\" target=\"_blank\">Tipos de hojas de estilo CSS en p\u00e1ginas web<\/a><\/li>\n<\/ul>\n<p>&nbsp;<\/p>\n","protected":false},"excerpt":{"rendered":"<p>B\u00e1sicamente, es un conjunto de instrucciones que indica el formato y el aspecto de la presentaci\u00f3n de contenido de Internet, es decir, el tama\u00f1o de las letras, el color del fondo, entre otros. Pero una hoja de estilo tambi\u00e9n se puede definir como un archivo de extensi\u00f3n, puede ser utilizado en una programaci\u00f3n digital, editar [&hellip;]<\/p>\n","protected":false},"author":1,"featured_media":14312,"parent":0,"menu_order":0,"comment_status":"closed","ping_status":"closed","template":"","meta":{"inline_featured_image":false,"footnotes":""},"class_list":["post-2075","page","type-page","status-publish","has-post-thumbnail","hentry"],"_links":{"self":[{"href":"https:\/\/www.appyweb.es\/diccionario\/wp-json\/wp\/v2\/pages\/2075","targetHints":{"allow":["GET"]}}],"collection":[{"href":"https:\/\/www.appyweb.es\/diccionario\/wp-json\/wp\/v2\/pages"}],"about":[{"href":"https:\/\/www.appyweb.es\/diccionario\/wp-json\/wp\/v2\/types\/page"}],"author":[{"embeddable":true,"href":"https:\/\/www.appyweb.es\/diccionario\/wp-json\/wp\/v2\/users\/1"}],"replies":[{"embeddable":true,"href":"https:\/\/www.appyweb.es\/diccionario\/wp-json\/wp\/v2\/comments?post=2075"}],"version-history":[{"count":6,"href":"https:\/\/www.appyweb.es\/diccionario\/wp-json\/wp\/v2\/pages\/2075\/revisions"}],"predecessor-version":[{"id":14314,"href":"https:\/\/www.appyweb.es\/diccionario\/wp-json\/wp\/v2\/pages\/2075\/revisions\/14314"}],"wp:featuredmedia":[{"embeddable":true,"href":"https:\/\/www.appyweb.es\/diccionario\/wp-json\/wp\/v2\/media\/14312"}],"wp:attachment":[{"href":"https:\/\/www.appyweb.es\/diccionario\/wp-json\/wp\/v2\/media?parent=2075"}],"curies":[{"name":"wp","href":"https:\/\/api.w.org\/{rel}","templated":true}]}}