{"id":2082,"date":"2023-06-21T13:57:27","date_gmt":"2023-06-21T13:57:27","guid":{"rendered":"https:\/\/www.appyweb.es\/diccionario\/?page_id=2082"},"modified":"2024-04-10T10:43:22","modified_gmt":"2024-04-10T10:43:22","slug":"homepage","status":"publish","type":"page","link":"https:\/\/www.appyweb.es\/diccionario\/homepage\/","title":{"rendered":"Homepage"},"content":{"rendered":"<figure id=\"attachment_14318\" aria-describedby=\"caption-attachment-14318\" style=\"width: 1000px\" class=\"wp-caption alignnone\"><img loading=\"lazy\" decoding=\"async\" class=\"size-full wp-image-14318\" src=\"https:\/\/www.appyweb.es\/diccionario\/wp-content\/uploads\/2024\/04\/Homepage.jpg\" alt=\"Homepage\" width=\"1000\" height=\"600\" srcset=\"https:\/\/www.appyweb.es\/diccionario\/wp-content\/uploads\/2024\/04\/Homepage.jpg 1000w, https:\/\/www.appyweb.es\/diccionario\/wp-content\/uploads\/2024\/04\/Homepage-300x180.jpg 300w, https:\/\/www.appyweb.es\/diccionario\/wp-content\/uploads\/2024\/04\/Homepage-768x461.jpg 768w\" sizes=\"auto, (max-width: 1000px) 100vw, 1000px\" \/><figcaption id=\"caption-attachment-14318\" class=\"wp-caption-text\">Pagina principal sobre una pagina web sobre entrenamiento.<\/figcaption><\/figure>\n<p>Tradicionalmente, es el nombre que se le da a la p\u00e1gina principal de los sitios web, sin embargo, anteriormente <strong>homepage era el t\u00e9rmino que se utilizaba para hacer referencia a la p\u00e1gina<\/strong> que cargaba la p\u00e1gina inicial de un navegador web.<\/p>\n<h2>\u00bfQu\u00e9 es homepage?<\/h2>\n<p>Es p\u00e1gina de inicio de un sitio web, donde se desprenden los v\u00ednculos hacia otras p\u00e1ginas dentro del mismo. La <strong>homepage tambi\u00e9n se utiliza para visualizar la informaci\u00f3n principal sobre el sitio.<\/strong> Por ejemplo, si se trata de una empresa usualmente indican los productos o servicios principales. <a href=\"https:\/\/www.appyweb.es\/diseno-web\/\">En el dise\u00f1o web es uno de los elementos m\u00e1s importantes<\/a>, ya que desde all\u00ed se puede acceder al men\u00fa principal.<\/p>\n<p>Ya que se trata de la p\u00e1gina de presentaci\u00f3n, los dise\u00f1adores se concentran en crear un aspecto interesante y original que permita llamar la atenci\u00f3n del usuario. Tradicionalmente, es considerado un elemento de gran relevancia para hacer publicidad y aplicar estrategias de marketing de atracci\u00f3n.<\/p>\n<h2>Origen<\/h2>\n<p>En 1990, cuando empezaron a crearse los primeros sitios web en la Word Wide Web, las p\u00e1ginas de inicio ten\u00edan la forma similar a la portada de un libro. Con el tiempo pas\u00f3 a llamarse homepage, una palabra compuesta por hogar (home) y p\u00e1gina (page), de esta forma, se traducir\u00eda literalmente como en \u201cp\u00e1gina del hogar\u201d. Pero, principalmente se utilizaba <strong>para definir la primera visualizaci\u00f3n del navegador web<\/strong>, que incluye enlaces a otros sitios web y otros widgets, como redes sociales y recopilaci\u00f3n de v\u00ednculos.<\/p>\n<p>En algunos pa\u00edses como Alemania, Jap\u00f3n y Corea el t\u00e9rmino se utiliza para hacer referencia a un sitio web completo y no necesariamente a una p\u00e1gina web principal.<\/p>\n<h2>\u00bfPara qu\u00e9 sirve?<\/h2>\n<p>Este elemento cuenta con varios objetivos, el principal es ofrecer una buena primera impresi\u00f3n, de esta forma, se busca <strong>que el usuario extienda su tiempo de navegaci\u00f3n dentro del sitio<\/strong>. Dentro de estas tambi\u00e9n se incluyen descripciones, valores de las empresas, servicios, ofertas, promociones, un mapa de localizaci\u00f3n, entre otros elementos <a href=\"https:\/\/www.appyweb.es\/diseno-tienda-online\/\">\u00fatiles para el dise\u00f1o de una tienda online<\/a>, especialmente para desarrollar estrategias de branding.<\/p>\n<p>A trav\u00e9s de esta tambi\u00e9n se pueden <strong>aplicar estrategias de an\u00e1lisis para entender el comportamiento del usuario<\/strong> dentro de la p\u00e1gina principal, con esto es posible identificar cu\u00e1les son las secciones m\u00e1s utilizadas por los mismos y as\u00ed utilizar esta informaci\u00f3n para mejorar la experiencia de navegaci\u00f3n.<\/p>\n<h2>\u00bfQu\u00e9 tener en cuenta al momento de hacer una homepage?<\/h2>\n<p>Usualmente las plantillas para el dise\u00f1o de sitios web en gestores de contenidos como WordPress <strong>incluyen una p\u00e1gina principal que se diferencia de las dem\u00e1s<\/strong>. Pero tambi\u00e9n es necesario realizar algunas modificaciones para lograr que esta sea efectiva frente a la competencia y a favor de las expectativas de los usuarios, algunos de los puntos a tener en cuenta son los siguientes.<\/p>\n<ul>\n<li>La navegaci\u00f3n debe ser intuitiva, aparte de original, tambi\u00e9n debe ser f\u00e1cil de interpretar por los usuarios.<\/li>\n<li>Tambi\u00e9n es importante crear un punto focal, es decir, una secci\u00f3n que sea m\u00e1s importante que las dem\u00e1s.<\/li>\n<li>Los contenidos <strong>tambi\u00e9n debe ser redactados de forma estrat\u00e9gica<\/strong>, es decir, deben tener un prop\u00f3sito, bien sea para la conversi\u00f3n o cualquier otro objetivo.<\/li>\n<li>Es importante minimizar las distracciones, los anuncios y pop ups pueden insertarse al final de la p\u00e1gina.<\/li>\n<\/ul>\n<p><script type=\"application\/ld+json\">{\"@context\":\"https:\/\/schema.org\",\"@type\":\"FAQPage\",\"mainEntity\":[ \n{\"@type\":\"Question\",\"name\":\"\u00bfQu\u00e9 es homepage?\",\"acceptedAnswer\":{\"@type\":\"Answer\",\"text\":\"<\/p>\n<p>Es p\u00e1gina de inicio de un sitio web, donde se desprenden los v\u00ednculos hacia otras p\u00e1ginas dentro del mismo. La <strong>homepage tambi\u00e9n se utiliza para visualizar la informaci\u00f3n principal sobre el sitio.<\/strong> Por ejemplo, si se trata de una empresa usualmente indican los productos o servicios principales. <a href='https:\/\/www.appyweb.es\/diseno-web\/'>En el dise\u00f1o web es uno de los elementos m\u00e1s importantes<\/a>, ya que desde all\u00ed se puede acceder al men\u00fa principal.<\/p>\n<p>Ya que se trata de la p\u00e1gina de presentaci\u00f3n, los dise\u00f1adores se concentran en crear un aspecto interesante y original que permita llamar la atenci\u00f3n del usuario. Tradicionalmente, es considerado un elemento de gran relevancia para hacer publicidad y aplicar estrategias de marketing de atracci\u00f3n.<\/p>\n<p>\"}},\n{\"@type\":\"Question\",\"name\":\"Origen\",\"acceptedAnswer\":{\"@type\":\"Answer\",\"text\":\"<\/p>\n<p>En 1990, cuando empezaron a crearse los primeros sitios web en la Word Wide Web, las p\u00e1ginas de inicio ten\u00edan la forma similar a la portada de un libro. Con el tiempo pas\u00f3 a llamarse homepage, una palabra compuesta por hogar (home) y p\u00e1gina (page), de esta forma, se traducir\u00eda literalmente como en \u201cp\u00e1gina del hogar\u201d. Pero, principalmente se utilizaba <strong>para definir la primera visualizaci\u00f3n del navegador web<\/strong>, que incluye enlaces a otros sitios web y otros widgets, como redes sociales y recopilaci\u00f3n de v\u00ednculos.<\/p>\n<p>En algunos pa\u00edses como Alemania, Jap\u00f3n y Corea el t\u00e9rmino se utiliza para hacer referencia a un sitio web completo y no necesariamente a una p\u00e1gina web principal.<\/p>\n<p>\"}},\n{\"@type\":\"Question\",\"name\":\"\u00bfPara qu\u00e9 sirve?\",\"acceptedAnswer\":{\"@type\":\"Answer\",\"text\":\"<\/p>\n<p>Este elemento cuenta con varios objetivos, el principal es ofrecer una buena primera impresi\u00f3n, de esta forma, se busca <strong>que el usuario extienda su tiempo de navegaci\u00f3n dentro del sitio<\/strong>. Dentro de estas tambi\u00e9n se incluyen descripciones, valores de las empresas, servicios, ofertas, promociones, un mapa de localizaci\u00f3n, entre otros elementos <a href='https:\/\/www.appyweb.es\/diseno-tienda-online\/'>\u00fatiles para el dise\u00f1o de una tienda online<\/a>, especialmente para desarrollar estrategias de branding.<\/p>\n<p>A trav\u00e9s de esta tambi\u00e9n se pueden <strong>aplicar estrategias de an\u00e1lisis para entender el comportamiento del usuario<\/strong> dentro de la p\u00e1gina principal, con esto es posible identificar cu\u00e1les son las secciones m\u00e1s utilizadas por los mismos y as\u00ed utilizar esta informaci\u00f3n para mejorar la experiencia de navegaci\u00f3n.<\/p>\n<p>\"}},\n{\"@type\":\"Question\",\"name\":\"\u00bfQu\u00e9 tener en cuenta al momento de hacer una homepage?\",\"acceptedAnswer\":{\"@type\":\"Answer\",\"text\":\"<\/p>\n<p>Usualmente las plantillas para el dise\u00f1o de sitios web en gestores de contenidos como WordPress <strong>incluyen una p\u00e1gina principal que se diferencia de las dem\u00e1s<\/strong>. Pero tambi\u00e9n es necesario realizar algunas modificaciones para lograr que esta sea efectiva frente a la competencia y a favor de las expectativas de los usuarios, algunos de los puntos a tener en cuenta son los siguientes.<\/p>\n<\/p>\n<ul>\n<\/p>\n<li>La navegaci\u00f3n debe ser intuitiva, aparte de original, tambi\u00e9n debe ser f\u00e1cil de interpretar por los usuarios.<\/li>\n<\/p>\n<li>Tambi\u00e9n es importante crear un punto focal, es decir, una secci\u00f3n que sea m\u00e1s importante que las dem\u00e1s.<\/li>\n<\/p>\n<li>Los contenidos <strong>tambi\u00e9n debe ser redactados de forma estrat\u00e9gica<\/strong>, es decir, deben tener un prop\u00f3sito, bien sea para la conversi\u00f3n o cualquier otro objetivo.<\/li>\n<\/p>\n<li>Es importante minimizar las distracciones, los anuncios y pop ups pueden insertarse al final de la p\u00e1gina.<\/li>\n<\/ul>\n<p>\"}}\n]}<\/script><\/p>\n<h2>M\u00e1s informaci\u00f3n sobre homepage<\/h2>\n<p>Al principio puede ser un poco dif\u00edcil <strong>determinar cu\u00e1l debe ser el dise\u00f1o de una p\u00e1gina de inicio<\/strong>, por eso es importante tener en cuenta las tendencias dentro del sector y visualizar algunos ejemplos, mira estos enlaces para tener m\u00e1s informaci\u00f3n al respecto.<\/p>\n<ul>\n<li><a href=\"https:\/\/www.appyweb.es\/7-ventajas-wordpress-pagina-web\/\">7 ventajas que ofrece WordPress para tu p\u00e1gina web<\/a><\/li>\n<li><a href=\"https:\/\/uxbound.com\/blog\/ejemplos-de-homepage-que-te-serviran-de-inspiracion\/\" rel=\"nofollow noopener\" target=\"_blank\">Tres ejemplos de homepage que te servir\u00e1n de inspiraci\u00f3n<\/a><\/li>\n<\/ul>\n<p>&nbsp;<\/p>\n","protected":false},"excerpt":{"rendered":"<p>Tradicionalmente, es el nombre que se le da a la p\u00e1gina principal de los sitios web, sin embargo, anteriormente homepage era el t\u00e9rmino que se utilizaba para hacer referencia a la p\u00e1gina que cargaba la p\u00e1gina inicial de un navegador web. \u00bfQu\u00e9 es homepage? Es p\u00e1gina de inicio de un sitio web, donde se desprenden [&hellip;]<\/p>\n","protected":false},"author":1,"featured_media":14318,"parent":0,"menu_order":0,"comment_status":"closed","ping_status":"closed","template":"","meta":{"inline_featured_image":false,"footnotes":""},"class_list":["post-2082","page","type-page","status-publish","has-post-thumbnail","hentry"],"_links":{"self":[{"href":"https:\/\/www.appyweb.es\/diccionario\/wp-json\/wp\/v2\/pages\/2082","targetHints":{"allow":["GET"]}}],"collection":[{"href":"https:\/\/www.appyweb.es\/diccionario\/wp-json\/wp\/v2\/pages"}],"about":[{"href":"https:\/\/www.appyweb.es\/diccionario\/wp-json\/wp\/v2\/types\/page"}],"author":[{"embeddable":true,"href":"https:\/\/www.appyweb.es\/diccionario\/wp-json\/wp\/v2\/users\/1"}],"replies":[{"embeddable":true,"href":"https:\/\/www.appyweb.es\/diccionario\/wp-json\/wp\/v2\/comments?post=2082"}],"version-history":[{"count":5,"href":"https:\/\/www.appyweb.es\/diccionario\/wp-json\/wp\/v2\/pages\/2082\/revisions"}],"predecessor-version":[{"id":14321,"href":"https:\/\/www.appyweb.es\/diccionario\/wp-json\/wp\/v2\/pages\/2082\/revisions\/14321"}],"wp:featuredmedia":[{"embeddable":true,"href":"https:\/\/www.appyweb.es\/diccionario\/wp-json\/wp\/v2\/media\/14318"}],"wp:attachment":[{"href":"https:\/\/www.appyweb.es\/diccionario\/wp-json\/wp\/v2\/media?parent=2082"}],"curies":[{"name":"wp","href":"https:\/\/api.w.org\/{rel}","templated":true}]}}