{"id":2099,"date":"2023-06-21T14:09:02","date_gmt":"2023-06-21T14:09:02","guid":{"rendered":"https:\/\/www.appyweb.es\/diccionario\/?page_id=2099"},"modified":"2024-04-11T08:15:25","modified_gmt":"2024-04-11T08:15:25","slug":"housing","status":"publish","type":"page","link":"https:\/\/www.appyweb.es\/diccionario\/housing\/","title":{"rendered":"Housing"},"content":{"rendered":"<figure id=\"attachment_14494\" aria-describedby=\"caption-attachment-14494\" style=\"width: 1000px\" class=\"wp-caption alignnone\"><img loading=\"lazy\" decoding=\"async\" class=\"size-full wp-image-14494\" src=\"https:\/\/www.appyweb.es\/diccionario\/wp-content\/uploads\/2024\/04\/Housing.jpg\" alt=\"Housing\" width=\"1000\" height=\"600\" srcset=\"https:\/\/www.appyweb.es\/diccionario\/wp-content\/uploads\/2024\/04\/Housing.jpg 1000w, https:\/\/www.appyweb.es\/diccionario\/wp-content\/uploads\/2024\/04\/Housing-300x180.jpg 300w, https:\/\/www.appyweb.es\/diccionario\/wp-content\/uploads\/2024\/04\/Housing-768x461.jpg 768w\" sizes=\"auto, (max-width: 1000px) 100vw, 1000px\" \/><figcaption id=\"caption-attachment-14494\" class=\"wp-caption-text\">Base de datos con fondo degradado.<\/figcaption><\/figure>\n<p>Se trata de una variaci\u00f3n del hosting que consiste en ofrecer un espacio para alojar servidores de un cliente, en un equipo inform\u00e1tico ya acondicionado para ello. <strong>Housing permite que los usuarios puedan acceder a excelentes condiciones de alojamiento<\/strong>, sin tener que hacer gastos adicionales.<\/p>\n<h2>\u00bfQu\u00e9 es housing?<\/h2>\n<p>Consiste en una actividad para alojar servidores de un cliente dentro de un centro de datos, <strong>a esta pr\u00e1ctica tambi\u00e9n se le conoce como co-location<\/strong>. Con esta metodolog\u00eda de contrataci\u00f3n, es posible que los clientes puedan beneficiarse de condiciones de seguridad, protecci\u00f3n, climatizaci\u00f3n y conectividad, sin tener que asumir gastos de forma individual.<\/p>\n<p>Es una buena opci\u00f3n cuando se trata de alojar el <a href=\"https:\/\/www.appyweb.es\/desarrollo-app\/\">desarrollo de una aplicaci\u00f3n o sitio web<\/a>, ya que los servidores ser\u00e1n propiedad de cada cliente, incluyendo al software y su configuraci\u00f3n. Tambi\u00e9n se le conoce como sala de servidores.<\/p>\n<h2>\u00bfPara qu\u00e9 sirve?<\/h2>\n<p>A diferencia de un hosting tradicional, es necesario pagar un contrato en el que se involucran servicios como mantenimiento, costo de licencias, entre otros detalles t\u00e9cnicos. Sin embargo, si se realiza una colaboraci\u00f3n de housing, significa <strong>que la empresa ya cuenta con el personal que se encargar\u00e1 de todos estos servicios<\/strong>, incluyendo los equipos necesarios para el servidor.<\/p>\n<p>En este sentido, cumple la funci\u00f3n de un almac\u00e9n mejorado para lograr mantener esos equipos en estado \u00f3ptimo.<\/p>\n<h2>Caracter\u00edsticas a tener en cuenta al contratar Housing<\/h2>\n<ul>\n<li>Es importante tener en cuenta el ancho de banda, <strong>la conexi\u00f3n internet debe soportar las conexiones que se realizan al servidor<\/strong>.<\/li>\n<li>Asimismo, la conectividad debe ser constante, de forma que el servidor siga conectado a la red, incluso si el ancho de banda presenta problemas.<\/li>\n<li>La seguridad de suministro el\u00e9ctrico debe garantizarse, debe ser sin fluctuaciones y que sea capaz de prevenir cort\u00e9s el\u00e9ctricos.<\/li>\n<li>La seguridad f\u00edsica tambi\u00e9n cuenta con un papel importante, las instalaciones deben estar protegidas en contra de robos y contener un sistema de vigilancia.<\/li>\n<li>Los almacenes <strong>tambi\u00e9n deben contar con un sistema contra fuegos<\/strong> para evitar posibles incendios.<\/li>\n<li>La climatizaci\u00f3n en este caso tambi\u00e9n es fundamental, se debe mantener un control de la temperatura y un nivel de humedad bajo para que el servidor funcione correctamente.<\/li>\n<\/ul>\n<h2>Housing vs hosting<\/h2>\n<p>Este tipo de almac\u00e9n cuenta con muchas ventajas por encima del hosting, en este caso, el cliente tiene la <strong>posibilidad de elegir el servidor que utilizar\u00e1<\/strong> y por eso tendr\u00e1 un precio muy reducido por el servicio, aparte, cuenta con mayor seguridad y mejor conectividad.<\/p>\n<p>Sin embargo, tambi\u00e9n es importante tener en cuenta algunas desventajas, por ejemplo, la localizaci\u00f3n del servidor se encontrar\u00e1 fuera de la empresa, por lo que es necesario desplazarse hasta el centro de datos para atender cualquier inconveniente.<\/p>\n<p><script type=\"application\/ld+json\">{\"@context\":\"https:\/\/schema.org\",\"@type\":\"FAQPage\",\"mainEntity\":[ \n{\"@type\":\"Question\",\"name\":\"\u00bfQu\u00e9 es housing?\",\"acceptedAnswer\":{\"@type\":\"Answer\",\"text\":\"<\/p>\n<p>Consiste en una actividad para alojar servidores de un cliente dentro de un centro de datos, <strong>a esta pr\u00e1ctica tambi\u00e9n se le conoce como co-location<\/strong>. Con esta metodolog\u00eda de contrataci\u00f3n, es posible que los clientes puedan beneficiarse de condiciones de seguridad, protecci\u00f3n, climatizaci\u00f3n y conectividad, sin tener que asumir gastos de forma individual.<\/p>\n<p>Es una buena opci\u00f3n cuando se trata de alojar el <a href='https:\/\/www.appyweb.es\/desarrollo-app\/'>desarrollo de una aplicaci\u00f3n o sitio web<\/a>, ya que los servidores ser\u00e1n propiedad de cada cliente, incluyendo al software y su configuraci\u00f3n. Tambi\u00e9n se le conoce como sala de servidores.<\/p>\n<p>\"}},\n{\"@type\":\"Question\",\"name\":\"\u00bfPara qu\u00e9 sirve?\",\"acceptedAnswer\":{\"@type\":\"Answer\",\"text\":\"<\/p>\n<p>A diferencia de un hosting tradicional, es necesario pagar un contrato en el que se involucran servicios como mantenimiento, costo de licencias, entre otros detalles t\u00e9cnicos. Sin embargo, si se realiza una colaboraci\u00f3n de housing, significa <strong>que la empresa ya cuenta con el personal que se encargar\u00e1 de todos estos servicios<\/strong>, incluyendo los equipos necesarios para el servidor.<\/p>\n<p>En este sentido, cumple la funci\u00f3n de un almac\u00e9n mejorado para lograr mantener esos equipos en estado \u00f3ptimo.<\/p>\n<p>\"}},\n{\"@type\":\"Question\",\"name\":\"Caracter\u00edsticas a tener en cuenta al contratar Housing\",\"acceptedAnswer\":{\"@type\":\"Answer\",\"text\":\"<\/p>\n<\/p>\n<\/p>\n<ul>\n<\/p>\n<\/p>\n<li>Es importante tener en cuenta el ancho de banda, <strong>la conexi\u00f3n internet debe soportar las conexiones que se realizan al servidor<\/strong>.<\/li>\n<\/p>\n<\/p>\n<\/p>\n<li>Asimismo, la conectividad debe ser constante, de forma que el servidor siga conectado a la red, incluso si el ancho de banda presenta problemas.<\/li>\n<\/p>\n<\/p>\n<\/p>\n<li>La seguridad de suministro el\u00e9ctrico debe garantizarse, debe ser sin fluctuaciones y que sea capaz de prevenir cort\u00e9s el\u00e9ctricos.<\/li>\n<\/p>\n<\/p>\n<\/p>\n<li>La seguridad f\u00edsica tambi\u00e9n cuenta con un papel importante, las instalaciones deben estar protegidas en contra de robos y contener un sistema de vigilancia.<\/li>\n<\/p>\n<\/p>\n<\/p>\n<li>Los almacenes <strong>tambi\u00e9n deben contar con un sistema contra fuegos<\/strong> para evitar posibles incendios.<\/li>\n<\/p>\n<\/p>\n<\/p>\n<li>La climatizaci\u00f3n en este caso tambi\u00e9n es fundamental, se debe mantener un control de la temperatura y un nivel de humedad bajo para que el servidor funcione correctamente.<\/li>\n<\/p>\n<\/ul>\n<\/p>\n<p>\"}},\n{\"@type\":\"Question\",\"name\":\"Housing vs hosting\",\"acceptedAnswer\":{\"@type\":\"Answer\",\"text\":\"<\/p>\n<p>Este tipo de almac\u00e9n cuenta con muchas ventajas por encima del hosting, en este caso, el cliente tiene la <strong>posibilidad de elegir el servidor que utilizar\u00e1<\/strong> y por eso tendr\u00e1 un precio muy reducido por el servicio, aparte, cuenta con mayor seguridad y mejor conectividad.<\/p>\n<p>Sin embargo, tambi\u00e9n es importante tener en cuenta algunas desventajas, por ejemplo, la localizaci\u00f3n del servidor se encontrar\u00e1 fuera de la empresa, por lo que es necesario desplazarse hasta el centro de datos para atender cualquier inconveniente.<\/p>\n<p>\"}}\n]}<\/script><\/p>\n<h2>M\u00e1s informaci\u00f3n sobre Housing<\/h2>\n<p>Ten en cuenta que con esta actividad tambi\u00e9n es necesario que el cliente asuma gastos adicionales, por ejemplo, la sustituci\u00f3n de alguna pieza da\u00f1ada. Por esto es importante que conozcas un poco m\u00e1s sobre este t\u00e9rmino, a continuaci\u00f3n amplia tu informaci\u00f3n con estos enlaces.<\/p>\n<ul>\n<li><a href=\"https:\/\/www.appyweb.es\/elegir-mejor-alojamiento-web\/\">Las 3 claves para elegir el mejor alojamiento web<\/a><\/li>\n<li><a href=\"https:\/\/es.wikipedia.org\/wiki\/Housing\" rel=\"nofollow noopener\" target=\"_blank\">Ubicaci\u00f3n y seguridad en housing<\/a><\/li>\n<\/ul>\n<p>&nbsp;<\/p>\n","protected":false},"excerpt":{"rendered":"<p>Se trata de una variaci\u00f3n del hosting que consiste en ofrecer un espacio para alojar servidores de un cliente, en un equipo inform\u00e1tico ya acondicionado para ello. Housing permite que los usuarios puedan acceder a excelentes condiciones de alojamiento, sin tener que hacer gastos adicionales. \u00bfQu\u00e9 es housing? Consiste en una actividad para alojar servidores [&hellip;]<\/p>\n","protected":false},"author":1,"featured_media":14494,"parent":0,"menu_order":0,"comment_status":"closed","ping_status":"closed","template":"","meta":{"inline_featured_image":false,"footnotes":""},"class_list":["post-2099","page","type-page","status-publish","has-post-thumbnail","hentry"],"_links":{"self":[{"href":"https:\/\/www.appyweb.es\/diccionario\/wp-json\/wp\/v2\/pages\/2099","targetHints":{"allow":["GET"]}}],"collection":[{"href":"https:\/\/www.appyweb.es\/diccionario\/wp-json\/wp\/v2\/pages"}],"about":[{"href":"https:\/\/www.appyweb.es\/diccionario\/wp-json\/wp\/v2\/types\/page"}],"author":[{"embeddable":true,"href":"https:\/\/www.appyweb.es\/diccionario\/wp-json\/wp\/v2\/users\/1"}],"replies":[{"embeddable":true,"href":"https:\/\/www.appyweb.es\/diccionario\/wp-json\/wp\/v2\/comments?post=2099"}],"version-history":[{"count":6,"href":"https:\/\/www.appyweb.es\/diccionario\/wp-json\/wp\/v2\/pages\/2099\/revisions"}],"predecessor-version":[{"id":14490,"href":"https:\/\/www.appyweb.es\/diccionario\/wp-json\/wp\/v2\/pages\/2099\/revisions\/14490"}],"wp:featuredmedia":[{"embeddable":true,"href":"https:\/\/www.appyweb.es\/diccionario\/wp-json\/wp\/v2\/media\/14494"}],"wp:attachment":[{"href":"https:\/\/www.appyweb.es\/diccionario\/wp-json\/wp\/v2\/media?parent=2099"}],"curies":[{"name":"wp","href":"https:\/\/api.w.org\/{rel}","templated":true}]}}