{"id":2104,"date":"2023-06-21T14:11:47","date_gmt":"2023-06-21T14:11:47","guid":{"rendered":"https:\/\/www.appyweb.es\/diccionario\/?page_id=2104"},"modified":"2024-04-11T08:54:59","modified_gmt":"2024-04-11T08:54:59","slug":"hreflang","status":"publish","type":"page","link":"https:\/\/www.appyweb.es\/diccionario\/hreflang\/","title":{"rendered":"Hreflang"},"content":{"rendered":"<figure id=\"attachment_14515\" aria-describedby=\"caption-attachment-14515\" style=\"width: 1000px\" class=\"wp-caption alignnone\"><img loading=\"lazy\" decoding=\"async\" class=\"size-full wp-image-14515\" src=\"https:\/\/www.appyweb.es\/diccionario\/wp-content\/uploads\/2024\/04\/Hreflang.jpg\" alt=\"Hreflang\" width=\"1000\" height=\"600\" srcset=\"https:\/\/www.appyweb.es\/diccionario\/wp-content\/uploads\/2024\/04\/Hreflang.jpg 1000w, https:\/\/www.appyweb.es\/diccionario\/wp-content\/uploads\/2024\/04\/Hreflang-300x180.jpg 300w, https:\/\/www.appyweb.es\/diccionario\/wp-content\/uploads\/2024\/04\/Hreflang-768x461.jpg 768w\" sizes=\"auto, (max-width: 1000px) 100vw, 1000px\" \/><figcaption id=\"caption-attachment-14515\" class=\"wp-caption-text\">Icono de codigo con una letra y su traduccion.<\/figcaption><\/figure>\n<p>Es una etiqueta del HTML que se utiliza para indicar que una p\u00e1gina web puede <strong>ser exhibida a los usuarios de un pa\u00eds o idioma espec\u00edfico<\/strong>. El comando Hreflang se analiza a trav\u00e9s de los algoritmos de los buscadores, que despu\u00e9s posicionan los resultados seg\u00fan una orientaci\u00f3n ling\u00fc\u00edstica y geogr\u00e1fica espec\u00edfica.<\/p>\n<h2>\u00bfQu\u00e9 es Hreflang?<\/h2>\n<p>En ocasiones, los sitios pueden estar dirigidos a diferentes audiencias, <strong>en distintos pa\u00edses y con diferentes idiomas<\/strong>. Para evitar que los motores de b\u00fasqueda interpreten el contenido de un sitio web como duplicado se utiliza una etiqueta <em>hreflang<\/em>. De esta forma, se pueden <a href=\"https:\/\/www.appyweb.es\/posicionamiento-web\/\">generar resultados de posicionamiento web<\/a> m\u00e1s ajustados a las audiencias y a los objetivos del sitio.<\/p>\n<p>Asimismo, tambi\u00e9n se tiene en cuenta en las estrategias de marketing digital para una audiencia local. De esta forma, los resultados estar\u00e1n dirigidos solo a las personas que se encuentran alrededor, optimiza el posicionamiento del sitio y tambi\u00e9n su relevancia en dicha localizaci\u00f3n geogr\u00e1fica.<\/p>\n<h2>Origen<\/h2>\n<p>Con el incremento del mercado internacional, Google se vio obligado a tener que crear la modalidad Hreflang en 2007. Esta permit\u00eda al creador del sitio, poder <strong>cambiar el idioma y aumentar las visitas de forma internacional<\/strong>, el mismo tiempo que tambi\u00e9n podr\u00eda segmentarlas para una regi\u00f3n espec\u00edfica.<\/p>\n<p>Est\u00e1 etiqueta se puede implementar de tres formas diferentes, a trav\u00e9s del elemento de enlace en el encabezado (head) del HTML, en el encabezado del HTTP y en la mapa de sitios XML.<\/p>\n<h2>\u00bfPara qu\u00e9 sirve?<\/h2>\n<p>Tiene mucho que ver a la hora de expandir los servicios de un sitio web de forma internacional, no solo con pa\u00edses de distintos idiomas, sino tambi\u00e9n con pa\u00edses del mismo idioma. Esto permite que m\u00e1s usuarios de Google, puedan visitar el contenido y <a href=\"https:\/\/www.appyweb.es\/marketing-de-contenidos\/\">crear tendencias de contenido<\/a> en varios pa\u00edses.<\/p>\n<p>En este sentido, <strong>la etiqueta hreflang puede ser utilizada en diferentes escenarios<\/strong>, por ejemplo, en el mismo pa\u00eds pero para diferentes idiomas, as\u00ed como en diferentes pa\u00edses y en diferentes idiomas o en diferentes pa\u00edses con el mismo idioma.<\/p>\n<p>Para la optimizaci\u00f3n SEO, \u00e9sta etiqueta es una de las m\u00e1s importantes, ya que permite demostrar frente al algoritmo que existe contenido con variantes en diferentes idiomas, de esa forma, evita sancionar el sitio como contenido duplicado.<\/p>\n<h2>Tipos de etiquetas hreflang<\/h2>\n<p>Al utilizar esta etiqueta se puede acceder a varios <strong>valores que permiten la combinaci\u00f3n de un idioma y una regi\u00f3n<\/strong>. Google tambi\u00e9n indica que no puede ser utilizada para segmentar un pa\u00eds en concreto, sino ambos aspectos a la vez. En este sentido, algunos de los valores predeterminados para indicar idiomas son los siguientes.<\/p>\n<ul>\n<li>en (ingl\u00e9s)<\/li>\n<li>fr (franc\u00e9s)<\/li>\n<li>es (espa\u00f1ol)<\/li>\n<\/ul>\n<p>Y para los pa\u00edses se pueden diferenciar algunos de estos.<\/p>\n<ul>\n<li>en-US (ingl\u00e9s-Estados Unidos)<\/li>\n<li>en-CA (ingl\u00e9s-Canad\u00e1)<\/li>\n<li>zh-Hant (Chino tradicional)<\/li>\n<li>zh-Hants (Chino simplificado)<\/li>\n<\/ul>\n<p><script type=\"application\/ld+json\">{\"@context\":\"https:\/\/schema.org\",\"@type\":\"FAQPage\",\"mainEntity\":[ \n{\"@type\":\"Question\",\"name\":\"\u00bfQu\u00e9 es Hreflang?\",\"acceptedAnswer\":{\"@type\":\"Answer\",\"text\":\"<\/p>\n<p>En ocasiones, los sitios pueden estar dirigidos a diferentes audiencias, <strong>en distintos pa\u00edses y con diferentes idiomas<\/strong>. Para evitar que los motores de b\u00fasqueda interpreten el contenido de un sitio web como duplicado se utiliza una etiqueta <em>hreflang<\/em>. De esta forma, se pueden <a href='https:\/\/www.appyweb.es\/posicionamiento-web\/'>generar resultados de posicionamiento web<\/a> m\u00e1s ajustados a las audiencias y a los objetivos del sitio.<\/p>\n<p>Asimismo, tambi\u00e9n se tiene en cuenta en las estrategias de marketing digital para una audiencia local. De esta forma, los resultados estar\u00e1n dirigidos solo a las personas que se encuentran alrededor, optimiza el posicionamiento del sitio y tambi\u00e9n su relevancia en dicha localizaci\u00f3n geogr\u00e1fica.<\/p>\n<p>\"}},\n{\"@type\":\"Question\",\"name\":\"Origen\",\"acceptedAnswer\":{\"@type\":\"Answer\",\"text\":\"<\/p>\n<p>Con el incremento del mercado internacional, Google se vio obligado a tener que crear la modalidad Hreflang en 2007. Esta permit\u00eda al creador del sitio, poder <strong>cambiar el idioma y aumentar las visitas de forma internacional<\/strong>, el mismo tiempo que tambi\u00e9n podr\u00eda segmentarlas para una regi\u00f3n espec\u00edfica.<\/p>\n<p>Est\u00e1 etiqueta se puede implementar de tres formas diferentes, a trav\u00e9s del elemento de enlace en el encabezado (head) del HTML, en el encabezado del HTTP y en la mapa de sitios XML.<\/p>\n<p>\"}},\n{\"@type\":\"Question\",\"name\":\"\u00bfPara qu\u00e9 sirve?\",\"acceptedAnswer\":{\"@type\":\"Answer\",\"text\":\"<\/p>\n<p>Tiene mucho que ver a la hora de expandir los servicios de un sitio web de forma internacional, no solo con pa\u00edses de distintos idiomas, sino tambi\u00e9n con pa\u00edses del mismo idioma. Esto permite que m\u00e1s usuarios de Google, puedan visitar el contenido y <a href='https:\/\/www.appyweb.es\/marketing-de-contenidos\/'>crear tendencias de contenido<\/a> en varios pa\u00edses. <\/p>\n<p>En este sentido, <strong>la etiqueta hreflang puede ser utilizada en diferentes escenarios<\/strong>, por ejemplo, en el mismo pa\u00eds pero para diferentes idiomas, as\u00ed como en diferentes pa\u00edses y en diferentes idiomas o en diferentes pa\u00edses con el mismo idioma.<\/p>\n<p>Para la optimizaci\u00f3n SEO, \u00e9sta etiqueta es una de las m\u00e1s importantes, ya que permite demostrar frente al algoritmo que existe contenido con variantes en diferentes idiomas, de esa forma, evita sancionar el sitio como contenido duplicado.<\/p>\n<p>\"}},\n{\"@type\":\"Question\",\"name\":\"Tipos de etiquetas hreflang\",\"acceptedAnswer\":{\"@type\":\"Answer\",\"text\":\"<\/p>\n<p>Al utilizar esta etiqueta se puede acceder a varios <strong>valores que permiten la combinaci\u00f3n de un idioma y una regi\u00f3n<\/strong>. Google tambi\u00e9n indica que no puede ser utilizada para segmentar un pa\u00eds en concreto, sino ambos aspectos a la vez. En este sentido, algunos de los valores predeterminados para indicar idiomas son los siguientes.<\/p>\n<\/p>\n<\/p>\n<ul>\n<\/p>\n<\/p>\n<li>en (ingl\u00e9s)<\/li>\n<\/p>\n<\/p>\n<\/p>\n<li>fr (franc\u00e9s)<\/li>\n<\/p>\n<\/p>\n<\/p>\n<li>es (espa\u00f1ol)<\/li>\n<\/p>\n<\/ul>\n<\/p>\n<p>Y para los pa\u00edses se pueden diferenciar algunos de estos.<\/p>\n<\/p>\n<\/p>\n<ul>\n<\/p>\n<\/p>\n<li>en-US (ingl\u00e9s-Estados Unidos)<\/li>\n<\/p>\n<\/p>\n<\/p>\n<li>en-CA (ingl\u00e9s-Canad\u00e1)<\/li>\n<\/p>\n<\/p>\n<\/p>\n<li>zh-Hant (Chino tradicional)<\/li>\n<\/p>\n<\/p>\n<\/p>\n<li>zh-Hants (Chino simplificado)<\/li>\n<\/p>\n<\/ul>\n<\/p>\n<p>\"}}\n]}<\/script><\/p>\n<h2>M\u00e1s informaci\u00f3n sobre Hreflang<\/h2>\n<p>\u00bfTodav\u00eda no sabes c\u00f3mo tramitar esta etiqueta en tu c\u00f3digo HTML? Aqu\u00ed tienes un par de enlaces que pueden ayudarte hacer que tu sitio web sea multi-idioma e internacional.<\/p>\n<ul>\n<li><a href=\"https:\/\/www.appyweb.es\/diccionario\/geolocalizacion-del-servidor\/\">\u00bfQu\u00e9 es la Geolocalizaci\u00f3n del servidor y para qu\u00e9 sirve?<\/a><\/li>\n<li><a href=\"https:\/\/desarrolloweb.com\/articulos\/seo-web-multi-idioma\" rel=\"nofollow noopener\" target=\"_blank\">SEO para una web multi idioma<\/a><\/li>\n<\/ul>\n<p>&nbsp;<\/p>\n","protected":false},"excerpt":{"rendered":"<p>Es una etiqueta del HTML que se utiliza para indicar que una p\u00e1gina web puede ser exhibida a los usuarios de un pa\u00eds o idioma espec\u00edfico. El comando Hreflang se analiza a trav\u00e9s de los algoritmos de los buscadores, que despu\u00e9s posicionan los resultados seg\u00fan una orientaci\u00f3n ling\u00fc\u00edstica y geogr\u00e1fica espec\u00edfica. \u00bfQu\u00e9 es Hreflang? En [&hellip;]<\/p>\n","protected":false},"author":1,"featured_media":14515,"parent":0,"menu_order":0,"comment_status":"closed","ping_status":"closed","template":"","meta":{"inline_featured_image":false,"footnotes":""},"class_list":["post-2104","page","type-page","status-publish","has-post-thumbnail","hentry"],"_links":{"self":[{"href":"https:\/\/www.appyweb.es\/diccionario\/wp-json\/wp\/v2\/pages\/2104","targetHints":{"allow":["GET"]}}],"collection":[{"href":"https:\/\/www.appyweb.es\/diccionario\/wp-json\/wp\/v2\/pages"}],"about":[{"href":"https:\/\/www.appyweb.es\/diccionario\/wp-json\/wp\/v2\/types\/page"}],"author":[{"embeddable":true,"href":"https:\/\/www.appyweb.es\/diccionario\/wp-json\/wp\/v2\/users\/1"}],"replies":[{"embeddable":true,"href":"https:\/\/www.appyweb.es\/diccionario\/wp-json\/wp\/v2\/comments?post=2104"}],"version-history":[{"count":6,"href":"https:\/\/www.appyweb.es\/diccionario\/wp-json\/wp\/v2\/pages\/2104\/revisions"}],"predecessor-version":[{"id":14519,"href":"https:\/\/www.appyweb.es\/diccionario\/wp-json\/wp\/v2\/pages\/2104\/revisions\/14519"}],"wp:featuredmedia":[{"embeddable":true,"href":"https:\/\/www.appyweb.es\/diccionario\/wp-json\/wp\/v2\/media\/14515"}],"wp:attachment":[{"href":"https:\/\/www.appyweb.es\/diccionario\/wp-json\/wp\/v2\/media?parent=2104"}],"curies":[{"name":"wp","href":"https:\/\/api.w.org\/{rel}","templated":true}]}}